{"id":1444,"date":"2025-10-24T03:00:16","date_gmt":"2025-10-24T03:00:16","guid":{"rendered":"https:\/\/www.youmushiguang.com\/?post_type=product&#038;p=1444"},"modified":"2025-10-24T07:44:19","modified_gmt":"2025-10-24T07:44:19","slug":"wholesale-banquet-hall-furniture-2","status":"publish","type":"product","link":"https:\/\/www.youmushiguang.com\/de\/product\/wholesale-banquet-hall-furniture-2\/","title":{"rendered":"Gro\u00dfhandel Bankettsaalm\u00f6bel, hochwertige Esstische und St\u00fchle f\u00fcr Hotels und Hochzeitslocations"},"content":{"rendered":"<div class=\"wp-block-columns is-layout-flex wp-container-core-columns-is-layout-9d6595d7 wp-block-columns-is-layout-flex\">\n<div class=\"wp-block-column is-layout-flow wp-block-column-is-layout-flow\" style=\"flex-basis:25%\"><\/div>\n\n\n\n<div class=\"wp-block-column is-layout-flow wp-block-column-is-layout-flow\" style=\"flex-basis:50%\">\n<figure class=\"wp-block-image size-full\"><img decoding=\"async\" width=\"750\" height=\"2454\" src=\"https:\/\/www.youmushiguang.com\/wp-content\/uploads\/2025\/10\/details-of-banquet-hall-furniture-1.png\" alt=\"Details der Bankettsaalm\u00f6bel (1)\" class=\"wp-image-1450\" srcset=\"https:\/\/www.youmushiguang.com\/wp-content\/uploads\/2025\/10\/details-of-banquet-hall-furniture-1.png 750w, https:\/\/www.youmushiguang.com\/wp-content\/uploads\/2025\/10\/details-of-banquet-hall-furniture-1-92x300.png 92w, https:\/\/www.youmushiguang.com\/wp-content\/uploads\/2025\/10\/details-of-banquet-hall-furniture-1-4x12.png 4w, https:\/\/www.youmushiguang.com\/wp-content\/uploads\/2025\/10\/details-of-banquet-hall-furniture-1-600x1963.png 600w\" sizes=\"(max-width: 750px) 100vw, 750px\" \/><\/figure>\n\n\n\n<figure class=\"wp-block-image size-full\"><img decoding=\"async\" width=\"750\" height=\"1604\" src=\"https:\/\/www.youmushiguang.com\/wp-content\/uploads\/2025\/10\/details-of-banquet-hall-furniture-2.png\" alt=\"Details der Bankettsaaleinrichtung (2)\" class=\"wp-image-1451\" srcset=\"https:\/\/www.youmushiguang.com\/wp-content\/uploads\/2025\/10\/details-of-banquet-hall-furniture-2.png 750w, https:\/\/www.youmushiguang.com\/wp-content\/uploads\/2025\/10\/details-of-banquet-hall-furniture-2-140x300.png 140w, https:\/\/www.youmushiguang.com\/wp-content\/uploads\/2025\/10\/details-of-banquet-hall-furniture-2-6x12.png 6w, https:\/\/www.youmushiguang.com\/wp-content\/uploads\/2025\/10\/details-of-banquet-hall-furniture-2-600x1283.png 600w\" sizes=\"(max-width: 750px) 100vw, 750px\" \/><\/figure>\n\n\n\n<figure class=\"wp-block-image size-full\"><img decoding=\"async\" width=\"750\" height=\"2753\" src=\"https:\/\/www.youmushiguang.com\/wp-content\/uploads\/2025\/10\/details-of-banquet-hall-furniture-3.png\" alt=\"Details der Bankettsaaleinrichtung (3)\" class=\"wp-image-1452\" srcset=\"https:\/\/www.youmushiguang.com\/wp-content\/uploads\/2025\/10\/details-of-banquet-hall-furniture-3.png 750w, https:\/\/www.youmushiguang.com\/wp-content\/uploads\/2025\/10\/details-of-banquet-hall-furniture-3-82x300.png 82w, https:\/\/www.youmushiguang.com\/wp-content\/uploads\/2025\/10\/details-of-banquet-hall-furniture-3-3x12.png 3w, https:\/\/www.youmushiguang.com\/wp-content\/uploads\/2025\/10\/details-of-banquet-hall-furniture-3-600x2202.png 600w\" sizes=\"(max-width: 750px) 100vw, 750px\" \/><\/figure>\n\n\n\n<figure class=\"wp-block-image size-full\"><img decoding=\"async\" width=\"750\" height=\"1216\" src=\"https:\/\/www.youmushiguang.com\/wp-content\/uploads\/2025\/10\/details-of-banquet-hall-furniture-4.png\" alt=\"Details der Bankettsaaleinrichtung (4)\" class=\"wp-image-1453\" srcset=\"https:\/\/www.youmushiguang.com\/wp-content\/uploads\/2025\/10\/details-of-banquet-hall-furniture-4.png 750w, https:\/\/www.youmushiguang.com\/wp-content\/uploads\/2025\/10\/details-of-banquet-hall-furniture-4-185x300.png 185w, https:\/\/www.youmushiguang.com\/wp-content\/uploads\/2025\/10\/details-of-banquet-hall-furniture-4-7x12.png 7w, https:\/\/www.youmushiguang.com\/wp-content\/uploads\/2025\/10\/details-of-banquet-hall-furniture-4-600x973.png 600w\" sizes=\"(max-width: 750px) 100vw, 750px\" \/><\/figure>\n\n\n\n<figure class=\"wp-block-image size-full\"><img decoding=\"async\" width=\"750\" height=\"2932\" src=\"https:\/\/www.youmushiguang.com\/wp-content\/uploads\/2025\/10\/details-of-banquet-hall-furniture-5.png\" alt=\"Details der Bankettsaaleinrichtung (5)\" class=\"wp-image-1454\" srcset=\"https:\/\/www.youmushiguang.com\/wp-content\/uploads\/2025\/10\/details-of-banquet-hall-furniture-5.png 750w, https:\/\/www.youmushiguang.com\/wp-content\/uploads\/2025\/10\/details-of-banquet-hall-furniture-5-77x300.png 77w, https:\/\/www.youmushiguang.com\/wp-content\/uploads\/2025\/10\/details-of-banquet-hall-furniture-5-3x12.png 3w, https:\/\/www.youmushiguang.com\/wp-content\/uploads\/2025\/10\/details-of-banquet-hall-furniture-5-600x2346.png 600w\" sizes=\"(max-width: 750px) 100vw, 750px\" \/><\/figure>\n\n\n\n<figure class=\"wp-block-image size-full\"><img decoding=\"async\" width=\"750\" height=\"1651\" src=\"https:\/\/www.youmushiguang.com\/wp-content\/uploads\/2025\/10\/details-of-banquet-hall-furniture-6.png\" alt=\"Details der Bankettsaaleinrichtung (6)\" class=\"wp-image-1455\" srcset=\"https:\/\/www.youmushiguang.com\/wp-content\/uploads\/2025\/10\/details-of-banquet-hall-furniture-6.png 750w, https:\/\/www.youmushiguang.com\/wp-content\/uploads\/2025\/10\/details-of-banquet-hall-furniture-6-136x300.png 136w, https:\/\/www.youmushiguang.com\/wp-content\/uploads\/2025\/10\/details-of-banquet-hall-furniture-6-5x12.png 5w, https:\/\/www.youmushiguang.com\/wp-content\/uploads\/2025\/10\/details-of-banquet-hall-furniture-6-600x1321.png 600w\" sizes=\"(max-width: 750px) 100vw, 750px\" \/><\/figure>\n\n\n\n<figure class=\"wp-block-image size-full\"><img decoding=\"async\" width=\"750\" height=\"2402\" src=\"https:\/\/www.youmushiguang.com\/wp-content\/uploads\/2025\/10\/details-of-banquet-hall-furniture-7.png\" alt=\"Details der Bankettsaaleinrichtung (7)\" class=\"wp-image-1456\" srcset=\"https:\/\/www.youmushiguang.com\/wp-content\/uploads\/2025\/10\/details-of-banquet-hall-furniture-7.png 750w, https:\/\/www.youmushiguang.com\/wp-content\/uploads\/2025\/10\/details-of-banquet-hall-furniture-7-94x300.png 94w, https:\/\/www.youmushiguang.com\/wp-content\/uploads\/2025\/10\/details-of-banquet-hall-furniture-7-4x12.png 4w, https:\/\/www.youmushiguang.com\/wp-content\/uploads\/2025\/10\/details-of-banquet-hall-furniture-7-600x1922.png 600w\" sizes=\"(max-width: 750px) 100vw, 750px\" \/><\/figure>\n<\/div>\n\n\n\n<div class=\"wp-block-column is-layout-flow wp-block-column-is-layout-flow\" style=\"flex-basis:25%\"><\/div>\n<\/div>","protected":false},"excerpt":{"rendered":"<p>Unsere Gro\u00dfhandelskollektion f\u00fcr Bankettsaalm\u00f6bel hilft Ihnen, Ihren Bankettsaal, Ihre Hochzeitslocation oder Ihren Hotelrestaurantbereich aufzuwerten. Wir bieten runde Hoteltische in sieben Gr\u00f6\u00dfen an: 180 cm, 200 cm, 220 cm, 240 cm, 260 cm, 280 cm und 300 cm, damit Sie f\u00fcr jede Veranstaltung oder Sitzordnung die perfekte L\u00f6sung finden.<\/p>\n<h2>Spezifikationen f\u00fcr Bankettsaalm\u00f6bel<\/h2>\n<table style=\"border-collapse: collapse; width: 501.02pt;\" border=\"0\" width=\"668\" cellspacing=\"0\" cellpadding=\"0\">\n<tbody>\n<tr style=\"height: 13.50pt;\">\n<td class=\"et2\" style=\"height: 13.50pt; width: 107.25pt;\" width=\"143\" height=\"18\">Modell<\/td>\n<td class=\"et3\" style=\"width: 393.75pt;\" width=\"525\">1371<\/td>\n<\/tr>\n<tr style=\"height: 13.50pt;\">\n<td class=\"et2\" style=\"height: 13.50pt; width: 107.25pt;\" width=\"143\" height=\"18\">Kategorie<\/td>\n<td class=\"et3\" style=\"width: 393.75pt;\" width=\"525\">Hotel elektrischer runder Tisch<\/td>\n<\/tr>\n<tr style=\"height: 13.50pt;\">\n<td class=\"et2\" style=\"height: 13.50pt; width: 107.25pt;\" width=\"143\" height=\"18\">Produktname<\/td>\n<td class=\"et3\" style=\"width: 393.75pt;\" width=\"525\">Gro\u00dfer runder Tisch aus Massivholz mit Steinplatten<\/td>\n<\/tr>\n<tr style=\"height: 27.00pt;\">\n<td class=\"et2\" style=\"height: 27.00pt; width: 107.25pt;\" width=\"143\" height=\"36\">Anpassungsoptionen<\/td>\n<td class=\"et3\" style=\"width: 393.75pt;\" width=\"525\">Stil\/Farbe\/Gr\u00f6\u00dfe\/Material<\/td>\n<\/tr>\n<tr style=\"height: 27.00pt;\">\n<td class=\"et2\" style=\"height: 27.00pt; width: 107.25pt;\" width=\"143\" height=\"36\">Stuhl<\/td>\n<td class=\"et3\" style=\"width: 393.75pt;\" width=\"525\">Hochwertiger Eisenrahmen + umweltfreundlicher Nappaleder\u00fcberzug + hochdichter R\u00fcckprallschwamm<\/td>\n<\/tr>\n<tr style=\"height: 27.00pt;\">\n<td class=\"et2\" style=\"height: 27.00pt; width: 107.25pt;\" width=\"143\" height=\"36\">Tabelle<\/td>\n<td class=\"et3\" style=\"width: 393.75pt;\" width=\"525\">Mehrschichtige Massivholzplatte mit Furnier + mehrschichtiger Massivholzrahmen + hochharter Steinplattenteller<\/td>\n<\/tr>\n<tr style=\"height: 27.00pt;\">\n<td class=\"et2\" style=\"height: 27.00pt; width: 107.25pt;\" width=\"143\" height=\"36\">Anwendung Szene<\/td>\n<td class=\"et3\" style=\"width: 393.75pt;\" width=\"525\">Hotels\/Clubs\/gehobene Villen<\/td>\n<\/tr>\n<tr style=\"height: 13.50pt;\">\n<td class=\"et2\" style=\"height: 13.50pt; width: 107.25pt;\" width=\"143\" height=\"18\">Farbe<\/td>\n<td class=\"et3\" style=\"width: 393.75pt;\" width=\"525\">Braun\/Weinrot (anpassbar)<\/td>\n<\/tr>\n<tr style=\"height: 13.50pt;\">\n<td class=\"et2\" style=\"height: 13.50pt; width: 107.25pt;\" width=\"143\" height=\"18\">Material<\/td>\n<td class=\"et3\" style=\"width: 393.75pt;\" width=\"525\">Sperrholz\/Steinplatte\/Metall\/Leder\/Schwamm<\/td>\n<\/tr>\n<tr style=\"height: 13.50pt;\">\n<td class=\"et2\" style=\"height: 13.50pt; width: 107.25pt;\" width=\"143\" height=\"18\">Stil<\/td>\n<td class=\"et3\" style=\"width: 393.75pt;\" width=\"525\">Neuer chinesischer Stil<\/td>\n<\/tr>\n<\/tbody>\n<\/table>\n<p><script src=\"chrome-extension:\/\/fpelahbljekknahkcaegamhcndkfpfnc\/iFrame.js\" type=\"text\/javascript\"><\/script><\/p>\n<p>\n<script src=\"chrome-extension:\/\/fpelahbljekknahkcaegamhcndkfpfnc\/iFrame.js\" type=\"text\/javascript\"><\/script><\/p>","protected":false},"featured_media":1445,"comment_status":"closed","ping_status":"closed","template":"","meta":{"_acf_changed":false},"product_brand":[],"product_cat":[22],"product_tag":[],"class_list":{"0":"post-1444","1":"product","2":"type-product","3":"status-publish","4":"has-post-thumbnail","6":"product_cat-hotel-round-table-set","8":"first","9":"instock","10":"shipping-taxable","11":"product-type-simple"},"acf":[],"_links":{"self":[{"href":"https:\/\/www.youmushiguang.com\/de\/wp-json\/wp\/v2\/product\/1444","targetHints":{"allow":["GET"]}}],"collection":[{"href":"https:\/\/www.youmushiguang.com\/de\/wp-json\/wp\/v2\/product"}],"about":[{"href":"https:\/\/www.youmushiguang.com\/de\/wp-json\/wp\/v2\/types\/product"}],"replies":[{"embeddable":true,"href":"https:\/\/www.youmushiguang.com\/de\/wp-json\/wp\/v2\/comments?post=1444"}],"wp:featuredmedia":[{"embeddable":true,"href":"https:\/\/www.youmushiguang.com\/de\/wp-json\/wp\/v2\/media\/1445"}],"wp:attachment":[{"href":"https:\/\/www.youmushiguang.com\/de\/wp-json\/wp\/v2\/media?parent=1444"}],"wp:term":[{"taxonomy":"product_brand","embeddable":true,"href":"https:\/\/www.youmushiguang.com\/de\/wp-json\/wp\/v2\/product_brand?post=1444"},{"taxonomy":"product_cat","embeddable":true,"href":"https:\/\/www.youmushiguang.com\/de\/wp-json\/wp\/v2\/product_cat?post=1444"},{"taxonomy":"product_tag","embeddable":true,"href":"https:\/\/www.youmushiguang.com\/de\/wp-json\/wp\/v2\/product_tag?post=1444"}],"curies":[{"name":"wp","href":"https:\/\/api.w.org\/{rel}","templated":true}]}}