{"id":1857,"date":"2025-10-27T14:34:09","date_gmt":"2025-10-27T14:34:09","guid":{"rendered":"https:\/\/www.youmushiguang.com\/?post_type=product&#038;p=1857"},"modified":"2026-01-23T06:18:29","modified_gmt":"2026-01-23T06:18:29","slug":"wholesale-restaurant-furniture-set","status":"publish","type":"product","link":"https:\/\/www.youmushiguang.com\/de\/product\/wholesale-restaurant-furniture-set\/","title":{"rendered":"Gro\u00dfhandel Moderne Restaurant M\u00f6bel Set - einschlie\u00dflich Booth Sofa, Tisch und St\u00fchle"},"content":{"rendered":"<div class=\"wp-block-columns is-layout-flex wp-container-core-columns-is-layout-9d6595d7 wp-block-columns-is-layout-flex\">\n<div class=\"wp-block-column is-layout-flow wp-block-column-is-layout-flow\" style=\"flex-basis:25%\"><\/div>\n\n\n\n<div class=\"wp-block-column is-layout-flow wp-block-column-is-layout-flow\" style=\"flex-basis:50%\">\n<figure class=\"wp-block-image size-full\"><img decoding=\"async\" width=\"750\" height=\"2561\" src=\"https:\/\/www.youmushiguang.com\/wp-content\/uploads\/2025\/10\/details-of-restaurant-furniture-set-1.webp\" alt=\"Details zum Restaurantm\u00f6belset (1)\" class=\"wp-image-1880\" srcset=\"https:\/\/www.youmushiguang.com\/wp-content\/uploads\/2025\/10\/details-of-restaurant-furniture-set-1.webp 750w, https:\/\/www.youmushiguang.com\/wp-content\/uploads\/2025\/10\/details-of-restaurant-furniture-set-1-88x300.webp 88w, https:\/\/www.youmushiguang.com\/wp-content\/uploads\/2025\/10\/details-of-restaurant-furniture-set-1-600x2049.webp 600w\" sizes=\"(max-width: 750px) 100vw, 750px\" \/><\/figure>\n\n\n\n<figure class=\"wp-block-image size-full\"><img decoding=\"async\" width=\"750\" height=\"2434\" src=\"https:\/\/www.youmushiguang.com\/wp-content\/uploads\/2025\/10\/details-of-restaurant-furniture-set-2.webp\" alt=\"Details zum Restaurantm\u00f6belset (2)\" class=\"wp-image-1881\" srcset=\"https:\/\/www.youmushiguang.com\/wp-content\/uploads\/2025\/10\/details-of-restaurant-furniture-set-2.webp 750w, https:\/\/www.youmushiguang.com\/wp-content\/uploads\/2025\/10\/details-of-restaurant-furniture-set-2-92x300.webp 92w, https:\/\/www.youmushiguang.com\/wp-content\/uploads\/2025\/10\/details-of-restaurant-furniture-set-2-4x12.webp 4w, https:\/\/www.youmushiguang.com\/wp-content\/uploads\/2025\/10\/details-of-restaurant-furniture-set-2-600x1947.webp 600w\" sizes=\"(max-width: 750px) 100vw, 750px\" \/><\/figure>\n\n\n\n<figure class=\"wp-block-image size-full\"><img decoding=\"async\" width=\"750\" height=\"2652\" src=\"https:\/\/www.youmushiguang.com\/wp-content\/uploads\/2025\/10\/details-of-restaurant-furniture-set-3.webp\" alt=\"Details zum Restaurantm\u00f6belset (3)\" class=\"wp-image-1882\" srcset=\"https:\/\/www.youmushiguang.com\/wp-content\/uploads\/2025\/10\/details-of-restaurant-furniture-set-3.webp 750w, https:\/\/www.youmushiguang.com\/wp-content\/uploads\/2025\/10\/details-of-restaurant-furniture-set-3-85x300.webp 85w, https:\/\/www.youmushiguang.com\/wp-content\/uploads\/2025\/10\/details-of-restaurant-furniture-set-3-3x12.webp 3w, https:\/\/www.youmushiguang.com\/wp-content\/uploads\/2025\/10\/details-of-restaurant-furniture-set-3-600x2122.webp 600w\" sizes=\"(max-width: 750px) 100vw, 750px\" \/><\/figure>\n\n\n\n<figure class=\"wp-block-image size-full\"><img decoding=\"async\" width=\"750\" height=\"2773\" src=\"https:\/\/www.youmushiguang.com\/wp-content\/uploads\/2025\/10\/details-of-restaurant-furniture-set-4.webp\" alt=\"Details zum Restaurantm\u00f6belset (4)\" class=\"wp-image-1883\" srcset=\"https:\/\/www.youmushiguang.com\/wp-content\/uploads\/2025\/10\/details-of-restaurant-furniture-set-4.webp 750w, https:\/\/www.youmushiguang.com\/wp-content\/uploads\/2025\/10\/details-of-restaurant-furniture-set-4-81x300.webp 81w, https:\/\/www.youmushiguang.com\/wp-content\/uploads\/2025\/10\/details-of-restaurant-furniture-set-4-3x12.webp 3w, https:\/\/www.youmushiguang.com\/wp-content\/uploads\/2025\/10\/details-of-restaurant-furniture-set-4-600x2218.webp 600w\" sizes=\"(max-width: 750px) 100vw, 750px\" \/><\/figure>\n\n\n\n<figure class=\"wp-block-image size-full\"><img decoding=\"async\" width=\"750\" height=\"1370\" src=\"https:\/\/www.youmushiguang.com\/wp-content\/uploads\/2025\/10\/details-of-restaurant-furniture-set-5.webp\" alt=\"Details zum Restaurantm\u00f6belset (5)\" class=\"wp-image-1884\" srcset=\"https:\/\/www.youmushiguang.com\/wp-content\/uploads\/2025\/10\/details-of-restaurant-furniture-set-5.webp 750w, https:\/\/www.youmushiguang.com\/wp-content\/uploads\/2025\/10\/details-of-restaurant-furniture-set-5-164x300.webp 164w, https:\/\/www.youmushiguang.com\/wp-content\/uploads\/2025\/10\/details-of-restaurant-furniture-set-5-7x12.webp 7w, https:\/\/www.youmushiguang.com\/wp-content\/uploads\/2025\/10\/details-of-restaurant-furniture-set-5-600x1096.webp 600w\" sizes=\"(max-width: 750px) 100vw, 750px\" \/><\/figure>\n<\/div>\n\n\n\n<div class=\"wp-block-column is-layout-flow wp-block-column-is-layout-flow\" style=\"flex-basis:25%\"><\/div>\n<\/div>\n\n\n\n<p><\/p>","protected":false},"excerpt":{"rendered":"<p>Willkommen in unserem Gro\u00dfhandel Restaurant M\u00f6bel zu kaufen. Dieses Set besteht aus einer gebogenen Kabine, einem runden Holztisch und St\u00fchlen und bietet ein komfortables und stilvolles Erlebnis bei maximaler Raumausnutzung. Die halbrunde Kabine ist ideal f\u00fcr Teeh\u00e4user, Bistros und Fine-Dining-Einrichtungen, die einen komfortablen, halbprivaten Essbereich bieten und das G\u00e4steerlebnis verbessern.<\/p>\n<p>Als Hersteller von Restaurantm\u00f6beln unterst\u00fctzen wir sowohl OEM- als auch ODM-Dienste. Gro\u00dfeink\u00e4ufe und kundenspezifische Auftr\u00e4ge sind willkommen.<\/p>\n<h2>Spezifikationen des modernen Restaurantm\u00f6bel-Sets<\/h2>\n<table style=\"border-collapse: collapse; width: 501.02pt;\" border=\"0\" width=\"668\" cellspacing=\"0\" cellpadding=\"0\">\n<tbody>\n<tr style=\"height: 13.50pt;\">\n<td class=\"et2\" style=\"height: 13.50pt; width: 107.25pt;\" width=\"143\" height=\"18\">Modell<\/td>\n<td class=\"et3\" style=\"width: 393.75pt;\" width=\"525\">1379<\/td>\n<\/tr>\n<tr style=\"height: 13.50pt;\">\n<td class=\"et2\" style=\"height: 13.50pt; width: 107.25pt;\" width=\"143\" height=\"18\">Kategorie<\/td>\n<td class=\"et3\" style=\"width: 393.75pt;\" width=\"525\">Restaurant-M\u00f6bel<\/td>\n<\/tr>\n<tr style=\"height: 13.50pt;\">\n<td class=\"et2\" style=\"height: 13.50pt; width: 107.25pt;\" width=\"143\" height=\"18\">Produktname<\/td>\n<td class=\"et3\" style=\"width: 393.75pt;\" width=\"525\">Nudelladen Tische und St\u00fchle<\/td>\n<\/tr>\n<tr style=\"height: 27.00pt;\">\n<td class=\"et2\" style=\"height: 27.00pt; width: 107.25pt;\" width=\"143\" height=\"36\">Anpassungsoptionen<\/td>\n<td class=\"et3\" style=\"width: 393.75pt;\" width=\"525\">Stil\/Farbe\/Gr\u00f6\u00dfe\/Material<\/td>\n<\/tr>\n<tr style=\"height: 27.00pt;\">\n<td class=\"et2\" style=\"height: 27.00pt; width: 107.25pt;\" width=\"143\" height=\"36\">Stuhl<\/td>\n<td class=\"et3\" style=\"width: 393.75pt;\" width=\"525\">Massivholzrahmen + hautfreundliches Nappaleder + hochdichter R\u00fcckprallschwamm<\/td>\n<\/tr>\n<tr style=\"height: 13.50pt;\">\n<td class=\"et2\" style=\"height: 13.50pt; width: 107.25pt;\" width=\"143\" height=\"18\">Tabelle<\/td>\n<td class=\"et3\" style=\"width: 393.75pt;\" width=\"525\">Mehrschichtiges Massivholz + hochwertiger, verst\u00e4rkter Metallrahmen<\/td>\n<\/tr>\n<tr style=\"height: 27.00pt;\">\n<td class=\"et2\" style=\"height: 27.00pt; width: 107.25pt;\" width=\"143\" height=\"36\">Stand<\/td>\n<td class=\"et3\" style=\"width: 393.75pt;\" width=\"525\">Gestell: Massivholz-Mehrschichtrahmen + umweltfreundliche Nappalederh\u00fclle + hochdichter R\u00fcckprallschwamm<\/td>\n<\/tr>\n<tr style=\"height: 27.00pt;\">\n<td class=\"et2\" style=\"height: 27.00pt; width: 107.25pt;\" width=\"143\" height=\"36\">Anwendung Szene<\/td>\n<td class=\"et3\" style=\"width: 393.75pt;\" width=\"525\">Nudelladen\/Fast Food Restaurant\/Restaurant f\u00fcr einfache Mahlzeiten\/Tee-Restaurant<\/td>\n<\/tr>\n<tr style=\"height: 13.50pt;\">\n<td class=\"et2\" style=\"height: 13.50pt; width: 107.25pt;\" width=\"143\" height=\"18\">Farbe<\/td>\n<td class=\"et3\" style=\"width: 393.75pt;\" width=\"525\">Grau\/Holzfarbe (anpassbar)<\/td>\n<\/tr>\n<tr style=\"height: 13.50pt;\">\n<td class=\"et2\" style=\"height: 13.50pt; width: 107.25pt;\" width=\"143\" height=\"18\">Material<\/td>\n<td class=\"et3\" style=\"width: 393.75pt;\" width=\"525\">Sperrholz\/Metall\/Leder\/Schaumstoff<\/td>\n<\/tr>\n<tr style=\"height: 13.50pt;\">\n<td class=\"et2\" style=\"height: 13.50pt; width: 107.25pt;\" width=\"143\" height=\"18\">Stil<\/td>\n<td class=\"et3\" style=\"width: 393.75pt;\" width=\"525\">Modern und einfach<\/td>\n<\/tr>\n<\/tbody>\n<\/table>\n<p>\n<script src=\"chrome-extension:\/\/fpelahbljekknahkcaegamhcndkfpfnc\/iFrame.js\" type=\"text\/javascript\"><\/script><\/p>","protected":false},"featured_media":1869,"comment_status":"closed","ping_status":"closed","template":"","meta":{"_acf_changed":true},"product_brand":[],"product_cat":[24,46],"product_tag":[],"class_list":{"0":"post-1857","1":"product","2":"type-product","3":"status-publish","4":"has-post-thumbnail","6":"product_cat-wholesale-restaurant-furniture","7":"product_cat-modern-restaurant-furniture","9":"first","10":"instock","11":"shipping-taxable","12":"product-type-simple"},"acf":[],"_links":{"self":[{"href":"https:\/\/www.youmushiguang.com\/de\/wp-json\/wp\/v2\/product\/1857","targetHints":{"allow":["GET"]}}],"collection":[{"href":"https:\/\/www.youmushiguang.com\/de\/wp-json\/wp\/v2\/product"}],"about":[{"href":"https:\/\/www.youmushiguang.com\/de\/wp-json\/wp\/v2\/types\/product"}],"replies":[{"embeddable":true,"href":"https:\/\/www.youmushiguang.com\/de\/wp-json\/wp\/v2\/comments?post=1857"}],"wp:featuredmedia":[{"embeddable":true,"href":"https:\/\/www.youmushiguang.com\/de\/wp-json\/wp\/v2\/media\/1869"}],"wp:attachment":[{"href":"https:\/\/www.youmushiguang.com\/de\/wp-json\/wp\/v2\/media?parent=1857"}],"wp:term":[{"taxonomy":"product_brand","embeddable":true,"href":"https:\/\/www.youmushiguang.com\/de\/wp-json\/wp\/v2\/product_brand?post=1857"},{"taxonomy":"product_cat","embeddable":true,"href":"https:\/\/www.youmushiguang.com\/de\/wp-json\/wp\/v2\/product_cat?post=1857"},{"taxonomy":"product_tag","embeddable":true,"href":"https:\/\/www.youmushiguang.com\/de\/wp-json\/wp\/v2\/product_tag?post=1857"}],"curies":[{"name":"wp","href":"https:\/\/api.w.org\/{rel}","templated":true}]}}