{"id":1991,"date":"2025-10-31T09:41:25","date_gmt":"2025-10-31T09:41:25","guid":{"rendered":"https:\/\/www.youmushiguang.com\/?post_type=product&#038;p=1991"},"modified":"2026-01-23T06:15:11","modified_gmt":"2026-01-23T06:15:11","slug":"wholesale-restaurant-tables-and-chairs","status":"publish","type":"product","link":"https:\/\/www.youmushiguang.com\/de\/product\/wholesale-restaurant-tables-and-chairs\/","title":{"rendered":"Gro\u00dfhandel mit Restauranttischen und -st\u00fchlen mit R\u00fcckenlehnen aus Naturholz und Rattan"},"content":{"rendered":"<div class=\"wp-block-columns is-layout-flex wp-container-core-columns-is-layout-9d6595d7 wp-block-columns-is-layout-flex\">\n<div class=\"wp-block-column is-layout-flow wp-block-column-is-layout-flow\" style=\"flex-basis:25%\"><\/div>\n\n\n\n<div class=\"wp-block-column is-layout-flow wp-block-column-is-layout-flow\" style=\"flex-basis:50%\">\n<figure class=\"wp-block-image size-full\"><img decoding=\"async\" width=\"750\" height=\"2570\" src=\"https:\/\/www.youmushiguang.com\/wp-content\/uploads\/2025\/10\/restaurant-table-and-chair-set-details-1-1.webp\" alt=\"Details zum Restaurant-Tisch- und Stuhlset (1)\" class=\"wp-image-2017\" srcset=\"https:\/\/www.youmushiguang.com\/wp-content\/uploads\/2025\/10\/restaurant-table-and-chair-set-details-1-1.webp 750w, https:\/\/www.youmushiguang.com\/wp-content\/uploads\/2025\/10\/restaurant-table-and-chair-set-details-1-1-600x2056.webp 600w\" sizes=\"(max-width: 750px) 100vw, 750px\" \/><\/figure>\n\n\n\n<figure class=\"wp-block-image size-full\"><img decoding=\"async\" width=\"750\" height=\"2429\" src=\"https:\/\/www.youmushiguang.com\/wp-content\/uploads\/2025\/10\/restaurant-table-and-chair-set-details-2-1.webp\" alt=\"Details zum Restaurant-Tisch- und Stuhlset (2)\" class=\"wp-image-2018\" srcset=\"https:\/\/www.youmushiguang.com\/wp-content\/uploads\/2025\/10\/restaurant-table-and-chair-set-details-2-1.webp 750w, https:\/\/www.youmushiguang.com\/wp-content\/uploads\/2025\/10\/restaurant-table-and-chair-set-details-2-1-93x300.webp 93w, https:\/\/www.youmushiguang.com\/wp-content\/uploads\/2025\/10\/restaurant-table-and-chair-set-details-2-1-4x12.webp 4w, https:\/\/www.youmushiguang.com\/wp-content\/uploads\/2025\/10\/restaurant-table-and-chair-set-details-2-1-600x1943.webp 600w\" sizes=\"(max-width: 750px) 100vw, 750px\" \/><\/figure>\n\n\n\n<figure class=\"wp-block-image size-full\"><img decoding=\"async\" width=\"750\" height=\"2587\" src=\"https:\/\/www.youmushiguang.com\/wp-content\/uploads\/2025\/10\/restaurant-table-and-chair-set-details-3-1.webp\" alt=\"Details zum Restaurant-Tisch- und Stuhlset (3)\" class=\"wp-image-2019\" srcset=\"https:\/\/www.youmushiguang.com\/wp-content\/uploads\/2025\/10\/restaurant-table-and-chair-set-details-3-1.webp 750w, https:\/\/www.youmushiguang.com\/wp-content\/uploads\/2025\/10\/restaurant-table-and-chair-set-details-3-1-87x300.webp 87w, https:\/\/www.youmushiguang.com\/wp-content\/uploads\/2025\/10\/restaurant-table-and-chair-set-details-3-1-600x2070.webp 600w\" sizes=\"(max-width: 750px) 100vw, 750px\" \/><\/figure>\n\n\n\n<figure class=\"wp-block-image size-full\"><img decoding=\"async\" width=\"750\" height=\"2762\" src=\"https:\/\/www.youmushiguang.com\/wp-content\/uploads\/2025\/10\/restaurant-table-and-chair-set-details-4-1.webp\" alt=\"Details zum Restaurant-Tisch- und Stuhlset (4)\" class=\"wp-image-2020\" srcset=\"https:\/\/www.youmushiguang.com\/wp-content\/uploads\/2025\/10\/restaurant-table-and-chair-set-details-4-1.webp 750w, https:\/\/www.youmushiguang.com\/wp-content\/uploads\/2025\/10\/restaurant-table-and-chair-set-details-4-1-3x12.webp 3w, https:\/\/www.youmushiguang.com\/wp-content\/uploads\/2025\/10\/restaurant-table-and-chair-set-details-4-1-600x2210.webp 600w\" sizes=\"(max-width: 750px) 100vw, 750px\" \/><\/figure>\n\n\n\n<figure class=\"wp-block-image size-full\"><img decoding=\"async\" width=\"750\" height=\"1024\" src=\"https:\/\/www.youmushiguang.com\/wp-content\/uploads\/2025\/10\/restaurant-table-and-chair-set-details-5-1.webp\" alt=\"Details zum Restaurant-Tisch- und Stuhlset (5)\" class=\"wp-image-2021\" srcset=\"https:\/\/www.youmushiguang.com\/wp-content\/uploads\/2025\/10\/restaurant-table-and-chair-set-details-5-1.webp 750w, https:\/\/www.youmushiguang.com\/wp-content\/uploads\/2025\/10\/restaurant-table-and-chair-set-details-5-1-220x300.webp 220w, https:\/\/www.youmushiguang.com\/wp-content\/uploads\/2025\/10\/restaurant-table-and-chair-set-details-5-1-9x12.webp 9w, https:\/\/www.youmushiguang.com\/wp-content\/uploads\/2025\/10\/restaurant-table-and-chair-set-details-5-1-600x819.webp 600w\" sizes=\"(max-width: 750px) 100vw, 750px\" \/><\/figure>\n<\/div>\n\n\n\n<div class=\"wp-block-column is-layout-flow wp-block-column-is-layout-flow\" style=\"flex-basis:25%\"><\/div>\n<\/div>","protected":false},"excerpt":{"rendered":"<p>Gro\u00dfhandelsm\u00f6bel f\u00fcr Restaurants verbinden nat\u00fcrliche Texturen, eine optisch leichte Anmutung und eine f\u00fcr den gewerblichen Gebrauch geeignete Langlebigkeit und eignen sich daher ideal f\u00fcr gehobene Caf\u00e9s, Restaurants, Bistros und stark frequentierte gewerbliche Gastronomiebetriebe. Kontaktieren Sie uns f\u00fcr ein Angebot.<\/p>\n<h2>Spezifikationen f\u00fcr Restauranttische und -st\u00fchle<\/h2>\n<table style=\"border-collapse: collapse; width: 501.02pt;\" border=\"0\" width=\"668\" cellspacing=\"0\" cellpadding=\"0\">\n<tbody>\n<tr style=\"height: 13.50pt;\">\n<td class=\"et2\" style=\"height: 13.50pt; width: 107.25pt;\" width=\"143\" height=\"18\">Modell<\/td>\n<td class=\"et3\" style=\"width: 393.75pt;\" width=\"525\">1485<\/td>\n<\/tr>\n<tr style=\"height: 13.50pt;\">\n<td class=\"et2\" style=\"height: 13.50pt; width: 107.25pt;\" width=\"143\" height=\"18\">Kategorie<\/td>\n<td class=\"et3\" style=\"width: 393.75pt;\" width=\"525\">Restaurant-M\u00f6bel<\/td>\n<\/tr>\n<tr style=\"height: 13.50pt;\">\n<td class=\"et2\" style=\"height: 13.50pt; width: 107.25pt;\" width=\"143\" height=\"18\">Produktname<\/td>\n<td class=\"et3\" style=\"width: 393.75pt;\" width=\"525\">Restaurant-M\u00f6bel<\/td>\n<\/tr>\n<tr style=\"height: 27.00pt;\">\n<td class=\"et2\" style=\"height: 27.00pt; width: 107.25pt;\" width=\"143\" height=\"36\">Anpassungsoptionen<\/td>\n<td class=\"et3\" style=\"width: 393.75pt;\" width=\"525\">Stil\/Farbe\/Gr\u00f6\u00dfe\/Material<\/td>\n<\/tr>\n<tr style=\"height: 27.00pt;\">\n<td class=\"et2\" style=\"height: 27.00pt; width: 107.25pt;\" width=\"143\" height=\"36\">Tabelle<\/td>\n<td class=\"et3\" style=\"width: 393.75pt;\" width=\"525\">Mehrschichtige Massivholz-Sperrholz-Tischplatte mit Furnieroberfl\u00e4che + hochwertiger Metallrahmen<\/td>\n<\/tr>\n<tr style=\"height: 27.00pt;\">\n<td class=\"et2\" style=\"height: 27.00pt; width: 107.25pt;\" width=\"143\" height=\"36\">Stuhl<\/td>\n<td class=\"et3\" style=\"width: 393.75pt;\" width=\"525\">Massivholzrahmen + umweltfreundliches Nappaleder + hochdichter, elastischer Schaumstoff<\/td>\n<\/tr>\n<tr style=\"height: 27.00pt;\">\n<td class=\"et2\" style=\"height: 27.00pt; width: 107.25pt;\" width=\"143\" height=\"36\">Stand<\/td>\n<td class=\"et3\" style=\"width: 393.75pt;\" width=\"525\">Mehrschichtiger Massivholzrahmen + umweltfreundliches Nappaleder + hochdichter, elastischer Schaumstoff<\/td>\n<\/tr>\n<tr style=\"height: 27.00pt;\">\n<td class=\"et2\" style=\"height: 27.00pt; width: 107.25pt;\" width=\"143\" height=\"36\">Anwendung Szene<\/td>\n<td class=\"et3\" style=\"width: 393.75pt;\" width=\"525\">Teerestaurant \/ Westliches Restaurant \/ Restaurant<\/td>\n<\/tr>\n<tr style=\"height: 13.50pt;\">\n<td class=\"et2\" style=\"height: 13.50pt; width: 107.25pt;\" width=\"143\" height=\"18\">Farbe<\/td>\n<td class=\"et3\" style=\"width: 393.75pt;\" width=\"525\">Walnuss\/Cremefarben (anpassbar)<\/td>\n<\/tr>\n<tr style=\"height: 13.50pt;\">\n<td class=\"et2\" style=\"height: 13.50pt; width: 107.25pt;\" width=\"143\" height=\"18\">Material<\/td>\n<td class=\"et3\" style=\"width: 393.75pt;\" width=\"525\">Massivholz\/Sperrholz\/Metall\/Leder\/Schaumstoff<\/td>\n<\/tr>\n<tr style=\"height: 13.50pt;\">\n<td class=\"et2\" style=\"height: 13.50pt; width: 107.25pt;\" width=\"143\" height=\"18\">Stil<\/td>\n<td class=\"et3\" style=\"width: 393.75pt;\" width=\"525\">S\u00fcdostasiatischer Stil<\/td>\n<\/tr>\n<\/tbody>\n<\/table>\n<p>&nbsp;<\/p>\n<p>\n<script src=\"chrome-extension:\/\/fpelahbljekknahkcaegamhcndkfpfnc\/iFrame.js\" type=\"text\/javascript\"><\/script><\/p>","protected":false},"featured_media":2004,"comment_status":"closed","ping_status":"closed","template":"","meta":{"_acf_changed":false},"product_brand":[],"product_cat":[24,37],"product_tag":[],"class_list":{"0":"post-1991","1":"product","2":"type-product","3":"status-publish","4":"has-post-thumbnail","6":"product_cat-wholesale-restaurant-furniture","7":"product_cat-wholesale-fast-food-restaurant-furniture","9":"first","10":"instock","11":"shipping-taxable","12":"product-type-simple"},"acf":[],"_links":{"self":[{"href":"https:\/\/www.youmushiguang.com\/de\/wp-json\/wp\/v2\/product\/1991","targetHints":{"allow":["GET"]}}],"collection":[{"href":"https:\/\/www.youmushiguang.com\/de\/wp-json\/wp\/v2\/product"}],"about":[{"href":"https:\/\/www.youmushiguang.com\/de\/wp-json\/wp\/v2\/types\/product"}],"replies":[{"embeddable":true,"href":"https:\/\/www.youmushiguang.com\/de\/wp-json\/wp\/v2\/comments?post=1991"}],"wp:featuredmedia":[{"embeddable":true,"href":"https:\/\/www.youmushiguang.com\/de\/wp-json\/wp\/v2\/media\/2004"}],"wp:attachment":[{"href":"https:\/\/www.youmushiguang.com\/de\/wp-json\/wp\/v2\/media?parent=1991"}],"wp:term":[{"taxonomy":"product_brand","embeddable":true,"href":"https:\/\/www.youmushiguang.com\/de\/wp-json\/wp\/v2\/product_brand?post=1991"},{"taxonomy":"product_cat","embeddable":true,"href":"https:\/\/www.youmushiguang.com\/de\/wp-json\/wp\/v2\/product_cat?post=1991"},{"taxonomy":"product_tag","embeddable":true,"href":"https:\/\/www.youmushiguang.com\/de\/wp-json\/wp\/v2\/product_tag?post=1991"}],"curies":[{"name":"wp","href":"https:\/\/api.w.org\/{rel}","templated":true}]}}