{"id":2171,"date":"2025-11-19T09:14:14","date_gmt":"2025-11-19T09:14:14","guid":{"rendered":"https:\/\/www.youmushiguang.com\/?post_type=product&#038;p=2171"},"modified":"2025-12-06T08:22:53","modified_gmt":"2025-12-06T08:22:53","slug":"wholesale-vintage-bar-and-pub-table-and-chair-sets","status":"publish","type":"product","link":"https:\/\/www.youmushiguang.com\/de\/product\/wholesale-vintage-bar-and-pub-table-and-chair-sets\/","title":{"rendered":"Gro\u00dfhandel Vintage Pub Tisch und Stuhl Sets, Pub M\u00f6bel in gro\u00dfen Mengen zu verkaufen"},"content":{"rendered":"<figure class=\"wp-block-image size-full\"><img decoding=\"async\" width=\"750\" height=\"2456\" src=\"https:\/\/www.youmushiguang.com\/wp-content\/uploads\/2025\/11\/1641-1-1-1.webp\" alt=\"\" class=\"wp-image-2713\" srcset=\"https:\/\/www.youmushiguang.com\/wp-content\/uploads\/2025\/11\/1641-1-1-1.webp 750w, https:\/\/www.youmushiguang.com\/wp-content\/uploads\/2025\/11\/1641-1-1-1-92x300.webp 92w, https:\/\/www.youmushiguang.com\/wp-content\/uploads\/2025\/11\/1641-1-1-1-4x12.webp 4w, https:\/\/www.youmushiguang.com\/wp-content\/uploads\/2025\/11\/1641-1-1-1-600x1965.webp 600w\" sizes=\"(max-width: 750px) 100vw, 750px\" \/><\/figure>\n\n\n\n<figure class=\"wp-block-image size-full\"><img decoding=\"async\" width=\"750\" height=\"2414\" src=\"https:\/\/www.youmushiguang.com\/wp-content\/uploads\/2025\/11\/1641-1-2.webp\" alt=\"\" class=\"wp-image-2714\" srcset=\"https:\/\/www.youmushiguang.com\/wp-content\/uploads\/2025\/11\/1641-1-2.webp 750w, https:\/\/www.youmushiguang.com\/wp-content\/uploads\/2025\/11\/1641-1-2-93x300.webp 93w, https:\/\/www.youmushiguang.com\/wp-content\/uploads\/2025\/11\/1641-1-2-4x12.webp 4w, https:\/\/www.youmushiguang.com\/wp-content\/uploads\/2025\/11\/1641-1-2-600x1931.webp 600w\" sizes=\"(max-width: 750px) 100vw, 750px\" \/><\/figure>\n\n\n\n<figure class=\"wp-block-image size-full\"><img decoding=\"async\" width=\"750\" height=\"2572\" src=\"https:\/\/www.youmushiguang.com\/wp-content\/uploads\/2025\/11\/1641-1-3.webp\" alt=\"\" class=\"wp-image-2715\" srcset=\"https:\/\/www.youmushiguang.com\/wp-content\/uploads\/2025\/11\/1641-1-3.webp 750w, https:\/\/www.youmushiguang.com\/wp-content\/uploads\/2025\/11\/1641-1-3-600x2058.webp 600w\" sizes=\"(max-width: 750px) 100vw, 750px\" \/><\/figure>\n\n\n\n<figure class=\"wp-block-image size-full\"><img decoding=\"async\" width=\"750\" height=\"1058\" src=\"https:\/\/www.youmushiguang.com\/wp-content\/uploads\/2025\/11\/1641-1-4.webp\" alt=\"\" class=\"wp-image-2716\" srcset=\"https:\/\/www.youmushiguang.com\/wp-content\/uploads\/2025\/11\/1641-1-4.webp 750w, https:\/\/www.youmushiguang.com\/wp-content\/uploads\/2025\/11\/1641-1-4-213x300.webp 213w, https:\/\/www.youmushiguang.com\/wp-content\/uploads\/2025\/11\/1641-1-4-9x12.webp 9w, https:\/\/www.youmushiguang.com\/wp-content\/uploads\/2025\/11\/1641-1-4-600x846.webp 600w\" sizes=\"(max-width: 750px) 100vw, 750px\" \/><\/figure>","protected":false},"excerpt":{"rendered":"<p>Vintage Pub Tisch- und Stuhlsets im Gro\u00dfhandel, die f\u00fcr Stil, Komfort und Langlebigkeit stehen. Perfekt f\u00fcr Kneipen, Caf\u00e9s, Bars und Restaurants, diese Retro-inspirierten Tische und St\u00fchle verf\u00fcgen \u00fcber robuste Materialien, klassische Oberfl\u00e4chen und platzsparende Designs. Ideal f\u00fcr Gro\u00dfprojekte mit vollst\u00e4ndiger OEM- und ODM-Anpassung, damit sie zu Ihrer Marke und Ihrem Einrichtungsstil passen.<\/p>\n<p>Wir sind ein professionelles <a href=\"https:\/\/www.youmushiguang.com\/de\/\" target=\"_blank\" rel=\"noopener\"><strong>gewerblicher M\u00f6belhersteller<\/strong><\/a>, und bietet <a href=\"https:\/\/www.youmushiguang.com\/de\/product-category\/wholesale-pub-furniture\/\" target=\"_blank\" rel=\"noopener\"><strong>Gro\u00dfhandel Pub-M\u00f6bel<\/strong> <\/a>zu wettbewerbsf\u00e4higen Preisen, und wir unterst\u00fctzen OEM und ODM. Restaurants, Bars und Einzelh\u00e4ndler sind willkommen, uns sofort zu kontaktieren.<\/p>\n<h2>Spezifikationen f\u00fcr Kneipentisch und Stuhlsets<\/h2>\n<table width=\"668\">\n<tbody>\n<tr>\n<td width=\"143\">Modell<\/td>\n<td width=\"525\">1641<\/td>\n<\/tr>\n<tr>\n<td width=\"143\">Kategorie<\/td>\n<td width=\"525\">Bar- und Pub-M\u00f6bel<\/td>\n<\/tr>\n<tr>\n<td width=\"143\">Produktname<\/td>\n<td width=\"525\">Bar\/Pub-Sofas und Tische<\/td>\n<\/tr>\n<tr>\n<td width=\"143\">Anpassungsoptionen<\/td>\n<td width=\"525\">Stil\/Farbe\/Gr\u00f6\u00dfe\/Material<\/td>\n<\/tr>\n<tr>\n<td width=\"143\">Tabelle<\/td>\n<td width=\"525\">Holzrahmen<\/td>\n<\/tr>\n<tr>\n<td width=\"143\">Sofa\u00a0<\/td>\n<td width=\"525\">Massivholzrahmen + Lederpolsterung<\/td>\n<\/tr>\n<tr>\n<td width=\"143\">Anwendung Szene<\/td>\n<td width=\"525\">Kneipe\/Bar<\/td>\n<\/tr>\n<tr>\n<td width=\"143\">Farbe<\/td>\n<td width=\"525\">Walnuss\/Cremefarben (anpassbar)<\/td>\n<\/tr>\n<tr>\n<td width=\"143\">Material<\/td>\n<td width=\"525\">Massivholz\/Sperrholz\/Metall\/Leder\/Schaumstoff<\/td>\n<\/tr>\n<tr>\n<td width=\"143\">Stil<\/td>\n<td width=\"525\">Retro-Stil<\/td>\n<\/tr>\n<\/tbody>\n<\/table>\n<p>&nbsp;<\/p>","protected":false},"featured_media":2175,"comment_status":"closed","ping_status":"closed","template":"","meta":{"_acf_changed":true},"product_brand":[],"product_cat":[21],"product_tag":[],"class_list":{"0":"post-2171","1":"product","2":"type-product","3":"status-publish","4":"has-post-thumbnail","6":"product_cat-wholesale-pub-furniture","8":"first","9":"instock","10":"shipping-taxable","11":"product-type-simple"},"acf":[],"_links":{"self":[{"href":"https:\/\/www.youmushiguang.com\/de\/wp-json\/wp\/v2\/product\/2171","targetHints":{"allow":["GET"]}}],"collection":[{"href":"https:\/\/www.youmushiguang.com\/de\/wp-json\/wp\/v2\/product"}],"about":[{"href":"https:\/\/www.youmushiguang.com\/de\/wp-json\/wp\/v2\/types\/product"}],"replies":[{"embeddable":true,"href":"https:\/\/www.youmushiguang.com\/de\/wp-json\/wp\/v2\/comments?post=2171"}],"wp:featuredmedia":[{"embeddable":true,"href":"https:\/\/www.youmushiguang.com\/de\/wp-json\/wp\/v2\/media\/2175"}],"wp:attachment":[{"href":"https:\/\/www.youmushiguang.com\/de\/wp-json\/wp\/v2\/media?parent=2171"}],"wp:term":[{"taxonomy":"product_brand","embeddable":true,"href":"https:\/\/www.youmushiguang.com\/de\/wp-json\/wp\/v2\/product_brand?post=2171"},{"taxonomy":"product_cat","embeddable":true,"href":"https:\/\/www.youmushiguang.com\/de\/wp-json\/wp\/v2\/product_cat?post=2171"},{"taxonomy":"product_tag","embeddable":true,"href":"https:\/\/www.youmushiguang.com\/de\/wp-json\/wp\/v2\/product_tag?post=2171"}],"curies":[{"name":"wp","href":"https:\/\/api.w.org\/{rel}","templated":true}]}}