{"id":2234,"date":"2025-11-24T00:49:14","date_gmt":"2025-11-24T00:49:14","guid":{"rendered":"https:\/\/www.youmushiguang.com\/?post_type=product&#038;p=2234"},"modified":"2025-11-26T03:59:50","modified_gmt":"2025-11-26T03:59:50","slug":"wholesale-pub-furniture-tables-and-chairs","status":"publish","type":"product","link":"https:\/\/www.youmushiguang.com\/de\/product\/wholesale-pub-furniture-tables-and-chairs\/","title":{"rendered":"Gro\u00dfhandel Pub-M\u00f6bel, klappbare Tische und St\u00fchle"},"content":{"rendered":"<p><br><\/p>\n\n\n\n<figure class=\"wp-block-image size-full\"><img decoding=\"async\" width=\"750\" height=\"2531\" src=\"https:\/\/www.youmushiguang.com\/wp-content\/uploads\/2025\/11\/1-2.webp\" alt=\"\" class=\"wp-image-2248\" srcset=\"https:\/\/www.youmushiguang.com\/wp-content\/uploads\/2025\/11\/1-2.webp 750w, https:\/\/www.youmushiguang.com\/wp-content\/uploads\/2025\/11\/1-2-89x300.webp 89w, https:\/\/www.youmushiguang.com\/wp-content\/uploads\/2025\/11\/1-2-4x12.webp 4w, https:\/\/www.youmushiguang.com\/wp-content\/uploads\/2025\/11\/1-2-600x2025.webp 600w\" sizes=\"(max-width: 750px) 100vw, 750px\" \/><\/figure>\n\n\n\n<figure class=\"wp-block-image size-full\"><img decoding=\"async\" width=\"750\" height=\"2398\" src=\"https:\/\/www.youmushiguang.com\/wp-content\/uploads\/2025\/11\/2-2.webp\" alt=\"\" class=\"wp-image-2249\" srcset=\"https:\/\/www.youmushiguang.com\/wp-content\/uploads\/2025\/11\/2-2.webp 750w, https:\/\/www.youmushiguang.com\/wp-content\/uploads\/2025\/11\/2-2-94x300.webp 94w, https:\/\/www.youmushiguang.com\/wp-content\/uploads\/2025\/11\/2-2-4x12.webp 4w, https:\/\/www.youmushiguang.com\/wp-content\/uploads\/2025\/11\/2-2-600x1918.webp 600w\" sizes=\"(max-width: 750px) 100vw, 750px\" \/><\/figure>\n\n\n\n<figure class=\"wp-block-image size-full\"><img decoding=\"async\" width=\"750\" height=\"2524\" src=\"https:\/\/www.youmushiguang.com\/wp-content\/uploads\/2025\/11\/3-1.webp\" alt=\"\" class=\"wp-image-2250\" srcset=\"https:\/\/www.youmushiguang.com\/wp-content\/uploads\/2025\/11\/3-1.webp 750w, https:\/\/www.youmushiguang.com\/wp-content\/uploads\/2025\/11\/3-1-89x300.webp 89w, https:\/\/www.youmushiguang.com\/wp-content\/uploads\/2025\/11\/3-1-4x12.webp 4w, https:\/\/www.youmushiguang.com\/wp-content\/uploads\/2025\/11\/3-1-600x2019.webp 600w\" sizes=\"(max-width: 750px) 100vw, 750px\" \/><\/figure>\n\n\n\n<figure class=\"wp-block-image size-full\"><img decoding=\"async\" width=\"750\" height=\"1052\" src=\"https:\/\/www.youmushiguang.com\/wp-content\/uploads\/2025\/11\/4-1.webp\" alt=\"\" class=\"wp-image-2251\" srcset=\"https:\/\/www.youmushiguang.com\/wp-content\/uploads\/2025\/11\/4-1.webp 750w, https:\/\/www.youmushiguang.com\/wp-content\/uploads\/2025\/11\/4-1-214x300.webp 214w, https:\/\/www.youmushiguang.com\/wp-content\/uploads\/2025\/11\/4-1-9x12.webp 9w, https:\/\/www.youmushiguang.com\/wp-content\/uploads\/2025\/11\/4-1-600x842.webp 600w\" sizes=\"(max-width: 750px) 100vw, 750px\" \/><\/figure>\n\n\n\n<p><\/p>","protected":false},"excerpt":{"rendered":"<div id=\"tw-container\" class=\"nev7se\" data-cp=\"1\" data-nnttsvi=\"1\" data-sletp=\"false\" data-sm=\"1\" data-ssbp=\"false\" data-sugg-time=\"500\" data-sugg-url=\"https:\/\/clients1.google.com\/complete\/search\" data-uilc=\"zh-CN\" data-vil=\",af,af-ZA,am,am-ET,ar-EG,ar-AE,ar-KW,ar-QA,ar,ar-IL,ar-JO,ar-LB,ar-PS,az,az-AZ,bg,bg-BG,bn,bn-BD,bn-IN,ca,ca-es,cs,cs-CZ,de,de-DE,de-CH,de-AT,de-LI,en,en-US,en-CA,en-AU,en-NZ,en-GB,en-IN,en-KE,en-TZ,en-NG,en-GH,en-PH,en-ZA,es,es-ES,es-AR,es-UY,es-419,es-BO,es-CL,es-CR,es-CO,es-DO,es-EC,es-GT,es-HN,es-NI,es-PA,es-PE,es-PR,es-PY,es-SV,es-VE,es-MX,es-US,eu,eu-ES,fi,fi-FI,fr,fr-FR,fr-CH,fr-BE,gl,gl-ES,gu,gu-IN,he,he-IL,iw,iw-IL,hu,hu-HU,hy,hy-AM,id,id-ID,is,is-IS,it,it-IT,it-CH,ja,ja-JP,jv,jv-ID,ka,ka-GE,km,km-KH,kn,kn-IN,ko,ko-KR,la,lo,lo-LA,lv,lv-LV,ml,ml-IN,mr,mr-IN,ms,ms-MY,nl,nl-NL,nb,nb-NO,ne,ne-NP,pl,pl-PL,pt,pt-BR,pt-PT,ro,ro-RO,ru,ru-RU,si-LK,sk,sk-SK,sr,sr-RS,su,su-ID,sv,sv-SE,sw,sw-TZ,sw-KE,ta,ta-IN,ta-SG,ta-LK,ta-MY,te,te-IN,tr,tr-TR,ur,ur-PK,ur-IN,yue,yue-HK,yue-Hant-HK,zh-HK,zh,zh-CN,zh-cmn,zh-cmn-CN,zh-Hans,zh-Hans-CN,zh-cmn-Hans,zh-cmn-Hans-CN,cmn-CN,cmn-Hans,cmn-Hans-CN,zh-TW,zh-Hant-TW,cmn-TW,cmn-Hant-TW,zh-cmn-TW,zh-cmn-Hant-TW,zu,zu-ZA,hi,hi-IN,tl,tl-PH,pa,pa-IN\">\n<div>\n<div>\n<div id=\"tw-ob\" class=\"tw-src-ltr\">\n<div class=\"oSioSc\">\n<div id=\"tw-target\">\n<div id=\"kAz1tf\" class=\"g9WsWb PZPZlf\" data-attrid=\"tw-targetArea\" data-entityname=\"Google Translate\">\n<div id=\"tw-target-text-container\" class=\"tw-ta-container tw-nfl\" role=\"text\">\n<p id=\"tw-target-text\" class=\"tw-data-text tw-text-large tw-ta\" dir=\"ltr\" role=\"text\" data-placeholder=\"\u7ffb\u8bd1\" data-ved=\"2ahUKEwi1_oeOwomRAxX7EjQIHZecKqgQ3ewLegQIDBAV\" aria-label=\"\u00dcbersetzung: Gro\u00dfhandelsm\u00f6bel f\u00fcr Bars und Pubs, die minimalistisches, modernes Design mit einer robusten und langlebigen Massivholzkonstruktion verbinden, sind die ideale Wahl f\u00fcr gewerbliche Projekte. Die Kontaktfl\u00e4chen bestehen aus Sattelleder, was f\u00fcr Langlebigkeit und hohe Belastbarkeit sorgt. Alle Tische und St\u00fchle sind klappbar, wodurch die Ladenfl\u00e4che optimal genutzt wird und Sie die funktionalsten Gewerbem\u00f6bel f\u00fcr Ihr Unternehmen erhalten.\"><span class=\"Y2IQFc\" lang=\"en\">Gro\u00dfhandelsm\u00f6bel f\u00fcr Bars und Pubs, die minimalistisches, modernes Design mit einer robusten und langlebigen Massivholzkonstruktion verbinden, sind die ideale Wahl f\u00fcr gewerbliche Projekte. Die Kontaktfl\u00e4chen bestehen aus Sattelleder, was f\u00fcr Langlebigkeit und hohe Belastbarkeit sorgt. Alle Tische und St\u00fchle sind klappbar, wodurch die Ladenfl\u00e4che optimal genutzt wird und Sie die funktionalsten Gewerbem\u00f6bel f\u00fcr Ihr Unternehmen erhalten.<\/span><\/p>\n<\/div>\n<\/div>\n<\/div>\n<\/div>\n<\/div>\n<\/div>\n<\/div>\n<\/div>\n<h2>Spezifikationen f\u00fcr Pub-M\u00f6bel<\/h2>\n<table style=\"border-collapse: collapse; width: 501.02pt;\" border=\"0\" width=\"668\" cellspacing=\"0\" cellpadding=\"0\">\n<tbody>\n<tr style=\"height: 13.50pt;\">\n<td class=\"et2\" style=\"height: 13.50pt; width: 107.25pt;\" width=\"143\" height=\"18\">Modell<\/td>\n<td class=\"et3\" style=\"width: 393.75pt;\" width=\"525\">1636<\/td>\n<\/tr>\n<tr style=\"height: 13.50pt;\">\n<td class=\"et2\" style=\"height: 13.50pt; width: 107.25pt;\" width=\"143\" height=\"18\">Kategorie<\/td>\n<td class=\"et3\" style=\"width: 393.75pt;\" width=\"525\">Bar- und Pub-M\u00f6bel<\/td>\n<\/tr>\n<tr style=\"height: 13.50pt;\">\n<td class=\"et2\" style=\"height: 13.50pt; width: 107.25pt;\" width=\"143\" height=\"18\">Produktname<\/td>\n<td class=\"et3\" style=\"width: 393.75pt;\" width=\"525\">Bar-\/Kneipentische und -st\u00fchle<\/td>\n<\/tr>\n<tr style=\"height: 27.00pt;\">\n<td class=\"et2\" style=\"height: 27.00pt; width: 107.25pt;\" width=\"143\" height=\"36\">Anpassungsoptionen<\/td>\n<td class=\"et3\" style=\"width: 393.75pt;\" width=\"525\">Stil\/Farbe\/Gr\u00f6\u00dfe\/Material<\/td>\n<\/tr>\n<tr style=\"height: 13.50pt;\">\n<td class=\"et2\" style=\"height: 13.50pt; width: 107.25pt;\" width=\"143\" height=\"18\">Tabelle<\/td>\n<td class=\"et3\" style=\"width: 393.75pt;\" width=\"525\">Holzrahmen<\/td>\n<\/tr>\n<tr style=\"height: 13.50pt;\">\n<td class=\"et2\" style=\"height: 13.50pt; width: 107.25pt;\" width=\"143\" height=\"18\">Stuhl<\/td>\n<td class=\"et3\" style=\"width: 393.75pt;\" width=\"525\">Massivholzrahmen + Sattelleder<\/td>\n<\/tr>\n<tr style=\"height: 27.00pt;\">\n<td class=\"et2\" style=\"height: 27.00pt; width: 107.25pt;\" width=\"143\" height=\"36\">Anwendung Szene<\/td>\n<td class=\"et3\" style=\"width: 393.75pt;\" width=\"525\">Kneipe\/Bar<\/td>\n<\/tr>\n<tr style=\"height: 13.50pt;\">\n<td class=\"et2\" style=\"height: 13.50pt; width: 107.25pt;\" width=\"143\" height=\"18\">Farbe<\/td>\n<td class=\"et3\" style=\"width: 393.75pt;\" width=\"525\">Walnuss\/Cremefarben (anpassbar)<\/td>\n<\/tr>\n<tr style=\"height: 13.50pt;\">\n<td class=\"et2\" style=\"height: 13.50pt; width: 107.25pt;\" width=\"143\" height=\"18\">Material<\/td>\n<td class=\"et3\" style=\"width: 393.75pt;\" width=\"525\">Massivholz\/Sperrholz\/Metall\/Leder<\/td>\n<\/tr>\n<tr style=\"height: 13.50pt;\">\n<td class=\"et2\" style=\"height: 13.50pt; width: 107.25pt;\" width=\"143\" height=\"18\">Stil<\/td>\n<td class=\"et3\" style=\"width: 393.75pt;\" width=\"525\">Retro-Stil<\/td>\n<\/tr>\n<\/tbody>\n<\/table>\n<p>&nbsp;<\/p>\n<p>\n<script src=\"chrome-extension:\/\/fpelahbljekknahkcaegamhcndkfpfnc\/iFrame.js\" type=\"text\/javascript\"><\/script><\/p>","protected":false},"featured_media":2236,"comment_status":"closed","ping_status":"closed","template":"","meta":{"_acf_changed":false},"product_brand":[],"product_cat":[21],"product_tag":[],"class_list":{"0":"post-2234","1":"product","2":"type-product","3":"status-publish","4":"has-post-thumbnail","6":"product_cat-wholesale-pub-furniture","8":"first","9":"instock","10":"shipping-taxable","11":"product-type-simple"},"acf":[],"_links":{"self":[{"href":"https:\/\/www.youmushiguang.com\/de\/wp-json\/wp\/v2\/product\/2234","targetHints":{"allow":["GET"]}}],"collection":[{"href":"https:\/\/www.youmushiguang.com\/de\/wp-json\/wp\/v2\/product"}],"about":[{"href":"https:\/\/www.youmushiguang.com\/de\/wp-json\/wp\/v2\/types\/product"}],"replies":[{"embeddable":true,"href":"https:\/\/www.youmushiguang.com\/de\/wp-json\/wp\/v2\/comments?post=2234"}],"wp:featuredmedia":[{"embeddable":true,"href":"https:\/\/www.youmushiguang.com\/de\/wp-json\/wp\/v2\/media\/2236"}],"wp:attachment":[{"href":"https:\/\/www.youmushiguang.com\/de\/wp-json\/wp\/v2\/media?parent=2234"}],"wp:term":[{"taxonomy":"product_brand","embeddable":true,"href":"https:\/\/www.youmushiguang.com\/de\/wp-json\/wp\/v2\/product_brand?post=2234"},{"taxonomy":"product_cat","embeddable":true,"href":"https:\/\/www.youmushiguang.com\/de\/wp-json\/wp\/v2\/product_cat?post=2234"},{"taxonomy":"product_tag","embeddable":true,"href":"https:\/\/www.youmushiguang.com\/de\/wp-json\/wp\/v2\/product_tag?post=2234"}],"curies":[{"name":"wp","href":"https:\/\/api.w.org\/{rel}","templated":true}]}}