{"id":2259,"date":"2025-11-26T12:13:35","date_gmt":"2025-11-26T12:13:35","guid":{"rendered":"https:\/\/www.youmushiguang.com\/?post_type=product&#038;p=2259"},"modified":"2025-11-28T00:56:11","modified_gmt":"2025-11-28T00:56:11","slug":"wholesale-hot-pot-tables-and-chairs-in-retro-style","status":"publish","type":"product","link":"https:\/\/www.youmushiguang.com\/de\/product\/wholesale-hot-pot-tables-and-chairs-in-retro-style\/","title":{"rendered":"Gro\u00dfhandel mit Hotpot-Tischen und St\u00fchlen im Retro-Stil"},"content":{"rendered":"<div class=\"wp-block-columns is-layout-flex wp-container-core-columns-is-layout-9d6595d7 wp-block-columns-is-layout-flex\">\n<div class=\"wp-block-column is-layout-flow wp-block-column-is-layout-flow\" style=\"flex-basis:25%\"><\/div>\n\n\n\n<div class=\"wp-block-column is-layout-flow wp-block-column-is-layout-flow\" style=\"flex-basis:50%\">\n<figure class=\"wp-block-image size-full\"><img decoding=\"async\" width=\"750\" height=\"2527\" src=\"https:\/\/www.youmushiguang.com\/wp-content\/uploads\/2025\/11\/1-6.png\" alt=\"\" class=\"wp-image-2272\" srcset=\"https:\/\/www.youmushiguang.com\/wp-content\/uploads\/2025\/11\/1-6.png 750w, https:\/\/www.youmushiguang.com\/wp-content\/uploads\/2025\/11\/1-6-89x300.png 89w, https:\/\/www.youmushiguang.com\/wp-content\/uploads\/2025\/11\/1-6-4x12.png 4w, https:\/\/www.youmushiguang.com\/wp-content\/uploads\/2025\/11\/1-6-600x2022.png 600w\" sizes=\"(max-width: 750px) 100vw, 750px\" \/><\/figure>\n\n\n\n<figure class=\"wp-block-image size-full\"><img decoding=\"async\" width=\"750\" height=\"2408\" src=\"https:\/\/www.youmushiguang.com\/wp-content\/uploads\/2025\/11\/2-7.png\" alt=\"\" class=\"wp-image-2273\" srcset=\"https:\/\/www.youmushiguang.com\/wp-content\/uploads\/2025\/11\/2-7.png 750w, https:\/\/www.youmushiguang.com\/wp-content\/uploads\/2025\/11\/2-7-93x300.png 93w, https:\/\/www.youmushiguang.com\/wp-content\/uploads\/2025\/11\/2-7-4x12.png 4w, https:\/\/www.youmushiguang.com\/wp-content\/uploads\/2025\/11\/2-7-600x1926.png 600w\" sizes=\"(max-width: 750px) 100vw, 750px\" \/><\/figure>\n\n\n\n<figure class=\"wp-block-image size-full\"><img decoding=\"async\" width=\"750\" height=\"2525\" src=\"https:\/\/www.youmushiguang.com\/wp-content\/uploads\/2025\/11\/3-8.png\" alt=\"\" class=\"wp-image-2274\" srcset=\"https:\/\/www.youmushiguang.com\/wp-content\/uploads\/2025\/11\/3-8.png 750w, https:\/\/www.youmushiguang.com\/wp-content\/uploads\/2025\/11\/3-8-89x300.png 89w, https:\/\/www.youmushiguang.com\/wp-content\/uploads\/2025\/11\/3-8-4x12.png 4w, https:\/\/www.youmushiguang.com\/wp-content\/uploads\/2025\/11\/3-8-600x2020.png 600w\" sizes=\"(max-width: 750px) 100vw, 750px\" \/><\/figure>\n\n\n\n<figure class=\"wp-block-image size-full\"><img decoding=\"async\" width=\"750\" height=\"1775\" src=\"https:\/\/www.youmushiguang.com\/wp-content\/uploads\/2025\/11\/4-7.png\" alt=\"\" class=\"wp-image-2275\" srcset=\"https:\/\/www.youmushiguang.com\/wp-content\/uploads\/2025\/11\/4-7.png 750w, https:\/\/www.youmushiguang.com\/wp-content\/uploads\/2025\/11\/4-7-127x300.png 127w, https:\/\/www.youmushiguang.com\/wp-content\/uploads\/2025\/11\/4-7-5x12.png 5w, https:\/\/www.youmushiguang.com\/wp-content\/uploads\/2025\/11\/4-7-600x1420.png 600w\" sizes=\"(max-width: 750px) 100vw, 750px\" \/><\/figure>\n<\/div>\n\n\n\n<div class=\"wp-block-column is-layout-flow wp-block-column-is-layout-flow\" style=\"flex-basis:25%\"><\/div>\n<\/div>\n\n\n\n<p><\/p>","protected":false},"excerpt":{"rendered":"<div id=\"tw-container\" class=\"nev7se\" data-cp=\"1\" data-nnttsvi=\"1\" data-sletp=\"false\" data-sm=\"1\" data-ssbp=\"false\" data-sugg-time=\"500\" data-sugg-url=\"https:\/\/clients1.google.com\/complete\/search\" data-uilc=\"zh-CN\" data-vil=\",af,af-ZA,am,am-ET,ar-EG,ar-AE,ar-KW,ar-QA,ar,ar-IL,ar-JO,ar-LB,ar-PS,az,az-AZ,bg,bg-BG,bn,bn-BD,bn-IN,ca,ca-es,cs,cs-CZ,de,de-DE,de-CH,de-AT,de-LI,en,en-US,en-CA,en-AU,en-NZ,en-GB,en-IN,en-KE,en-TZ,en-NG,en-GH,en-PH,en-ZA,es,es-ES,es-AR,es-UY,es-419,es-BO,es-CL,es-CR,es-CO,es-DO,es-EC,es-GT,es-HN,es-NI,es-PA,es-PE,es-PR,es-PY,es-SV,es-VE,es-MX,es-US,eu,eu-ES,fi,fi-FI,fr,fr-FR,fr-CH,fr-BE,gl,gl-ES,gu,gu-IN,he,he-IL,iw,iw-IL,hu,hu-HU,hy,hy-AM,id,id-ID,is,is-IS,it,it-IT,it-CH,ja,ja-JP,jv,jv-ID,ka,ka-GE,km,km-KH,kn,kn-IN,ko,ko-KR,la,lo,lo-LA,lv,lv-LV,ml,ml-IN,mr,mr-IN,ms,ms-MY,nl,nl-NL,nb,nb-NO,ne,ne-NP,pl,pl-PL,pt,pt-BR,pt-PT,ro,ro-RO,ru,ru-RU,si-LK,sk,sk-SK,sr,sr-RS,su,su-ID,sv,sv-SE,sw,sw-TZ,sw-KE,ta,ta-IN,ta-SG,ta-LK,ta-MY,te,te-IN,tr,tr-TR,ur,ur-PK,ur-IN,yue,yue-HK,yue-Hant-HK,zh-HK,zh,zh-CN,zh-cmn,zh-cmn-CN,zh-Hans,zh-Hans-CN,zh-cmn-Hans,zh-cmn-Hans-CN,cmn-CN,cmn-Hans,cmn-Hans-CN,zh-TW,zh-Hant-TW,cmn-TW,cmn-Hant-TW,zh-cmn-TW,zh-cmn-Hant-TW,zu,zu-ZA,hi,hi-IN,tl,tl-PH,pa,pa-IN\">\n<div id=\"tw-ob\" class=\"tw-src-ltr\">\n<div class=\"oSioSc\">\n<div id=\"tw-target\">\n<div id=\"kAz1tf\" class=\"g9WsWb PZPZlf\" data-attrid=\"tw-targetArea\" data-entityname=\"Google Translate\">\n<div id=\"tw-target-text-container\" class=\"tw-ta-container tw-nfl\" role=\"text\">\n<p id=\"tw-target-text\" class=\"tw-data-text tw-text-large tw-ta\" dir=\"ltr\" role=\"text\" data-placeholder=\"\u7ffb\u8bd1\" data-ved=\"2ahUKEwic3pDMtI-RAxVpOTQIHSodKGAQ3ewLegQIDBAV\" aria-label=\"\u00dcbersetzung: Wir verkaufen M\u00f6bel f\u00fcr Hotpot-Restaurants im Gro\u00dfhandel. Unsere Esstische verf\u00fcgen \u00fcber integrierte Induktionskochfelder, um den unterschiedlichen Bed\u00fcrfnissen unserer Kunden gerecht zu werden, und sind somit die ideale Wahl f\u00fcr Hotpot-Restaurants. Unsere Sitznischen und St\u00fchle zeichnen sich durch eine robuste Holzkonstruktion aus, die Langlebigkeit und eine hohe Belastbarkeit gew\u00e4hrleistet. Alle Tische und St\u00fchle k\u00f6nnen in Bezug auf Material und Gr\u00f6\u00dfe individuell angepasst werden.\"><span class=\"Y2IQFc\" lang=\"en\">Wir <a href=\"https:\/\/www.youmushiguang.com\/de\/product-category\/wholesale-restaurant-furniture\/wholesale-hot-pot-restaurant-furniture\/\" target=\"_blank\" rel=\"noopener\"><strong>Gro\u00dfhandel Hot Pot Restaurant M\u00f6bel<\/strong><\/a>. Unsere Esstische verf\u00fcgen \u00fcber integrierte Induktionskochfelder, um den unterschiedlichen Bed\u00fcrfnissen unserer Kunden gerecht zu werden, und sind somit die ideale Wahl f\u00fcr Hotpot-Restaurants. Unsere Sitznischen und St\u00fchle zeichnen sich durch eine robuste Holzkonstruktion aus, die Langlebigkeit und eine hohe Belastbarkeit gew\u00e4hrleistet. Alle Tische und St\u00fchle k\u00f6nnen hinsichtlich Material und Gr\u00f6\u00dfe individuell angepasst werden.<\/span><\/p>\n<\/div>\n<\/div>\n<\/div>\n<\/div>\n<\/div>\n<\/div>\n<h2>Spezifikationen f\u00fcr M\u00f6bel in Hotpot-Restaurants<\/h2>\n<table width=\"668\">\n<tbody>\n<tr>\n<td width=\"143\">Modell<\/td>\n<td width=\"525\">1664<\/td>\n<\/tr>\n<tr>\n<td width=\"143\">Kategorie<\/td>\n<td width=\"525\">M\u00f6bel f\u00fcr Hotpot-Restaurants<\/td>\n<\/tr>\n<tr>\n<td width=\"143\">Produktname<\/td>\n<td width=\"525\">Tische und St\u00fchle f\u00fcr Hot Pot<\/td>\n<\/tr>\n<tr>\n<td width=\"143\">Anpassungsoptionen<\/td>\n<td width=\"525\">Stil\/Farbe\/Gr\u00f6\u00dfe\/Material<\/td>\n<\/tr>\n<tr>\n<td width=\"143\">Tabelle<\/td>\n<td width=\"525\">Holz + Sinterstein<\/td>\n<\/tr>\n<tr>\n<td width=\"143\">Stuhl<\/td>\n<td width=\"525\">Massivholzrahmen\u00a0<\/td>\n<\/tr>\n<tr>\n<td width=\"143\">Stand<\/td>\n<td width=\"525\">Mehrschichtiger Massivholzrahmen + umweltfreundliches Nappaleder + hochdichter, elastischer Schaumstoff<\/td>\n<\/tr>\n<tr>\n<td width=\"143\">Anwendung Szene<\/td>\n<td width=\"525\">Restaurants\/ Hotpot-Restaurants\/ Grillrestaurants<\/td>\n<\/tr>\n<tr>\n<td width=\"143\">Farbe<\/td>\n<td width=\"525\">Walnuss\/Cremefarben (anpassbar)<\/td>\n<\/tr>\n<tr>\n<td width=\"143\">Material<\/td>\n<td width=\"525\">Massivholz\/Sperrholz\/Metall\/Leder<\/td>\n<\/tr>\n<tr>\n<td width=\"143\">Stil<\/td>\n<td width=\"525\">Retro-Stil<\/td>\n<\/tr>\n<\/tbody>\n<\/table>\n<p>&nbsp;<\/p>\n<p>&nbsp;<\/p>\n<p>\n<script src=\"chrome-extension:\/\/fpelahbljekknahkcaegamhcndkfpfnc\/iFrame.js\" type=\"text\/javascript\"><\/script><\/p>","protected":false},"featured_media":2260,"comment_status":"closed","ping_status":"closed","template":"","meta":{"_acf_changed":false},"product_brand":[],"product_cat":[24,35],"product_tag":[],"class_list":{"0":"post-2259","1":"product","2":"type-product","3":"status-publish","4":"has-post-thumbnail","6":"product_cat-wholesale-restaurant-furniture","7":"product_cat-wholesale-hot-pot-restaurant-furniture","9":"first","10":"instock","11":"shipping-taxable","12":"product-type-simple"},"acf":[],"_links":{"self":[{"href":"https:\/\/www.youmushiguang.com\/de\/wp-json\/wp\/v2\/product\/2259","targetHints":{"allow":["GET"]}}],"collection":[{"href":"https:\/\/www.youmushiguang.com\/de\/wp-json\/wp\/v2\/product"}],"about":[{"href":"https:\/\/www.youmushiguang.com\/de\/wp-json\/wp\/v2\/types\/product"}],"replies":[{"embeddable":true,"href":"https:\/\/www.youmushiguang.com\/de\/wp-json\/wp\/v2\/comments?post=2259"}],"wp:featuredmedia":[{"embeddable":true,"href":"https:\/\/www.youmushiguang.com\/de\/wp-json\/wp\/v2\/media\/2260"}],"wp:attachment":[{"href":"https:\/\/www.youmushiguang.com\/de\/wp-json\/wp\/v2\/media?parent=2259"}],"wp:term":[{"taxonomy":"product_brand","embeddable":true,"href":"https:\/\/www.youmushiguang.com\/de\/wp-json\/wp\/v2\/product_brand?post=2259"},{"taxonomy":"product_cat","embeddable":true,"href":"https:\/\/www.youmushiguang.com\/de\/wp-json\/wp\/v2\/product_cat?post=2259"},{"taxonomy":"product_tag","embeddable":true,"href":"https:\/\/www.youmushiguang.com\/de\/wp-json\/wp\/v2\/product_tag?post=2259"}],"curies":[{"name":"wp","href":"https:\/\/api.w.org\/{rel}","templated":true}]}}