{"id":2292,"date":"2025-11-30T07:20:22","date_gmt":"2025-11-30T07:20:22","guid":{"rendered":"https:\/\/www.youmushiguang.com\/?post_type=product&#038;p=2292"},"modified":"2025-12-02T02:24:30","modified_gmt":"2025-12-02T02:24:30","slug":"wholesale-commercial-cafe-furniture-tables-chairs","status":"publish","type":"product","link":"https:\/\/www.youmushiguang.com\/de\/product\/wholesale-commercial-cafe-furniture-tables-chairs\/","title":{"rendered":"Gro\u00dfhandelshersteller von Caf\u00e9-M\u00f6beln, Lieferung von Tischen und St\u00fchlen in Gro\u00dfmengen mit Metall- und Holzdesign."},"content":{"rendered":"<div class=\"wp-block-columns is-layout-flex wp-container-core-columns-is-layout-9d6595d7 wp-block-columns-is-layout-flex\">\n<div class=\"wp-block-column is-layout-flow wp-block-column-is-layout-flow\" style=\"flex-basis:25%\"><\/div>\n\n\n\n<div class=\"wp-block-column is-layout-flow wp-block-column-is-layout-flow\" style=\"flex-basis:25%\"><\/div>\n<\/div>\n\n\n\n<figure class=\"wp-block-image size-full\"><img decoding=\"async\" width=\"750\" height=\"1762\" src=\"https:\/\/www.youmushiguang.com\/wp-content\/uploads\/2025\/11\/details-of-cafe-furniture-1-webp-1-5.webp\" alt=\"\" class=\"wp-image-2316\" srcset=\"https:\/\/www.youmushiguang.com\/wp-content\/uploads\/2025\/11\/details-of-cafe-furniture-1-webp-1-5.webp 750w, https:\/\/www.youmushiguang.com\/wp-content\/uploads\/2025\/11\/details-of-cafe-furniture-1-webp-1-5-128x300.webp 128w, https:\/\/www.youmushiguang.com\/wp-content\/uploads\/2025\/11\/details-of-cafe-furniture-1-webp-1-5-5x12.webp 5w, https:\/\/www.youmushiguang.com\/wp-content\/uploads\/2025\/11\/details-of-cafe-furniture-1-webp-1-5-600x1410.webp 600w\" sizes=\"(max-width: 750px) 100vw, 750px\" \/><\/figure>\n\n\n\n<figure class=\"wp-block-image size-full\"><img decoding=\"async\" width=\"750\" height=\"1660\" src=\"https:\/\/www.youmushiguang.com\/wp-content\/uploads\/2025\/11\/details-of-cafe-furniture-1-webp-2-2.webp\" alt=\"\" class=\"wp-image-2317\" srcset=\"https:\/\/www.youmushiguang.com\/wp-content\/uploads\/2025\/11\/details-of-cafe-furniture-1-webp-2-2.webp 750w, https:\/\/www.youmushiguang.com\/wp-content\/uploads\/2025\/11\/details-of-cafe-furniture-1-webp-2-2-136x300.webp 136w, https:\/\/www.youmushiguang.com\/wp-content\/uploads\/2025\/11\/details-of-cafe-furniture-1-webp-2-2-5x12.webp 5w, https:\/\/www.youmushiguang.com\/wp-content\/uploads\/2025\/11\/details-of-cafe-furniture-1-webp-2-2-600x1328.webp 600w\" sizes=\"(max-width: 750px) 100vw, 750px\" \/><\/figure>\n\n\n\n<figure class=\"wp-block-image size-full\"><img decoding=\"async\" width=\"750\" height=\"1858\" src=\"https:\/\/www.youmushiguang.com\/wp-content\/uploads\/2025\/11\/details-of-cafe-furniture-1-webp-3-1.webp\" alt=\"\" class=\"wp-image-2318\" srcset=\"https:\/\/www.youmushiguang.com\/wp-content\/uploads\/2025\/11\/details-of-cafe-furniture-1-webp-3-1.webp 750w, https:\/\/www.youmushiguang.com\/wp-content\/uploads\/2025\/11\/details-of-cafe-furniture-1-webp-3-1-121x300.webp 121w, https:\/\/www.youmushiguang.com\/wp-content\/uploads\/2025\/11\/details-of-cafe-furniture-1-webp-3-1-5x12.webp 5w, https:\/\/www.youmushiguang.com\/wp-content\/uploads\/2025\/11\/details-of-cafe-furniture-1-webp-3-1-600x1486.webp 600w\" sizes=\"(max-width: 750px) 100vw, 750px\" \/><\/figure>\n\n\n\n<figure class=\"wp-block-image size-full\"><img decoding=\"async\" width=\"750\" height=\"2213\" src=\"https:\/\/www.youmushiguang.com\/wp-content\/uploads\/2025\/11\/details-of-cafe-furniture-1-webp-4-2.webp\" alt=\"\" class=\"wp-image-2320\" srcset=\"https:\/\/www.youmushiguang.com\/wp-content\/uploads\/2025\/11\/details-of-cafe-furniture-1-webp-4-2.webp 750w, https:\/\/www.youmushiguang.com\/wp-content\/uploads\/2025\/11\/details-of-cafe-furniture-1-webp-4-2-102x300.webp 102w, https:\/\/www.youmushiguang.com\/wp-content\/uploads\/2025\/11\/details-of-cafe-furniture-1-webp-4-2-4x12.webp 4w, https:\/\/www.youmushiguang.com\/wp-content\/uploads\/2025\/11\/details-of-cafe-furniture-1-webp-4-2-600x1770.webp 600w\" sizes=\"(max-width: 750px) 100vw, 750px\" \/><\/figure>\n\n\n\n<figure class=\"wp-block-image size-full\"><img decoding=\"async\" width=\"750\" height=\"2280\" src=\"https:\/\/www.youmushiguang.com\/wp-content\/uploads\/2025\/11\/details-of-cafe-furniture-1-webp-5-1.webp\" alt=\"\" class=\"wp-image-2321\" srcset=\"https:\/\/www.youmushiguang.com\/wp-content\/uploads\/2025\/11\/details-of-cafe-furniture-1-webp-5-1.webp 750w, https:\/\/www.youmushiguang.com\/wp-content\/uploads\/2025\/11\/details-of-cafe-furniture-1-webp-5-1-99x300.webp 99w, https:\/\/www.youmushiguang.com\/wp-content\/uploads\/2025\/11\/details-of-cafe-furniture-1-webp-5-1-4x12.webp 4w, https:\/\/www.youmushiguang.com\/wp-content\/uploads\/2025\/11\/details-of-cafe-furniture-1-webp-5-1-600x1824.webp 600w\" sizes=\"(max-width: 750px) 100vw, 750px\" \/><\/figure>\n\n\n\n<figure class=\"wp-block-image size-full\"><img decoding=\"async\" width=\"750\" height=\"1492\" src=\"https:\/\/www.youmushiguang.com\/wp-content\/uploads\/2025\/11\/details-of-cafe-furniture-1-webp-6.webp\" alt=\"\" class=\"wp-image-2322\" srcset=\"https:\/\/www.youmushiguang.com\/wp-content\/uploads\/2025\/11\/details-of-cafe-furniture-1-webp-6.webp 750w, https:\/\/www.youmushiguang.com\/wp-content\/uploads\/2025\/11\/details-of-cafe-furniture-1-webp-6-151x300.webp 151w, https:\/\/www.youmushiguang.com\/wp-content\/uploads\/2025\/11\/details-of-cafe-furniture-1-webp-6-6x12.webp 6w, https:\/\/www.youmushiguang.com\/wp-content\/uploads\/2025\/11\/details-of-cafe-furniture-1-webp-6-600x1194.webp 600w\" sizes=\"(max-width: 750px) 100vw, 750px\" \/><\/figure>","protected":false},"excerpt":{"rendered":"<div id=\"tw-container\" class=\"nev7se\" data-cp=\"1\" data-nnttsvi=\"1\" data-sletp=\"false\" data-sm=\"1\" data-ssbp=\"false\" data-sugg-time=\"500\" data-sugg-url=\"https:\/\/clients1.google.com\/complete\/search\" data-uilc=\"zh-CN\" data-vil=\",af,af-ZA,am,am-ET,ar-EG,ar-AE,ar-KW,ar-QA,ar,ar-IL,ar-JO,ar-LB,ar-PS,az,az-AZ,bg,bg-BG,bn,bn-BD,bn-IN,ca,ca-es,cs,cs-CZ,de,de-DE,de-CH,de-AT,de-LI,en,en-US,en-CA,en-AU,en-NZ,en-GB,en-IN,en-KE,en-TZ,en-NG,en-GH,en-PH,en-ZA,es,es-ES,es-AR,es-UY,es-419,es-BO,es-CL,es-CR,es-CO,es-DO,es-EC,es-GT,es-HN,es-NI,es-PA,es-PE,es-PR,es-PY,es-SV,es-VE,es-MX,es-US,eu,eu-ES,fi,fi-FI,fr,fr-FR,fr-CH,fr-BE,gl,gl-ES,gu,gu-IN,he,he-IL,iw,iw-IL,hu,hu-HU,hy,hy-AM,id,id-ID,is,is-IS,it,it-IT,it-CH,ja,ja-JP,jv,jv-ID,ka,ka-GE,km,km-KH,kn,kn-IN,ko,ko-KR,la,lo,lo-LA,lv,lv-LV,ml,ml-IN,mr,mr-IN,ms,ms-MY,nl,nl-NL,nb,nb-NO,ne,ne-NP,pl,pl-PL,pt,pt-BR,pt-PT,ro,ro-RO,ru,ru-RU,si-LK,sk,sk-SK,sr,sr-RS,su,su-ID,sv,sv-SE,sw,sw-TZ,sw-KE,ta,ta-IN,ta-SG,ta-LK,ta-MY,te,te-IN,tr,tr-TR,ur,ur-PK,ur-IN,yue,yue-HK,yue-Hant-HK,zh-HK,zh,zh-CN,zh-cmn,zh-cmn-CN,zh-Hans,zh-Hans-CN,zh-cmn-Hans,zh-cmn-Hans-CN,cmn-CN,cmn-Hans,cmn-Hans-CN,zh-TW,zh-Hant-TW,cmn-TW,cmn-Hant-TW,zh-cmn-TW,zh-cmn-Hant-TW,zu,zu-ZA,hi,hi-IN,tl,tl-PH,pa,pa-IN\">\n<div>\n<div>\n<div id=\"tw-ob\" class=\"tw-src-ltr\">\n<div class=\"oSioSc\">\n<div id=\"tw-target\">\n<div id=\"kAz1tf\" class=\"g9WsWb PZPZlf\" data-attrid=\"tw-targetArea\" data-entityname=\"Google Translate\">\n<div id=\"tw-target-text-container\" class=\"tw-ta-container tw-nfl\" role=\"text\"><span class=\"Y2IQFc\" lang=\"en\">Gro\u00dfhandel mit Caf\u00e9-M\u00f6beln f\u00fcr gewerbliche R\u00e4ume. Die Tische verf\u00fcgen \u00fcber stabile Metallgestelle und Holzplatten; die St\u00fchle sind mit hochwertigen Metallrahmen und bequemem, strapazierf\u00e4higem Leder ausgestattet, was eine lange Lebensdauer gew\u00e4hrleistet und die Kosten f\u00fcr Ersatz und Reparaturen erheblich reduziert. Diese Kollektion ist ideal f\u00fcr Bars und Caf\u00e9s. Gro\u00dfbestellungen sind willkommen. <\/span><\/div>\n<div role=\"text\">\u00a0<\/div>\n<div class=\"tw-ta-container tw-nfl\" role=\"text\">Ein <strong><a href=\"https:\/\/www.youmushiguang.com\/de\/product-category\/wholesale-cafe-furniture\/\">Hersteller von M\u00f6beln f\u00fcr gewerbliche Caf\u00e9s<\/a>,<\/strong> wir bieten <strong><a href=\"https:\/\/www.youmushiguang.com\/de\/custom-solution\/\">Ma\u00dfgeschneiderte Caf\u00e9-M\u00f6bell\u00f6sungen<\/a><\/strong> sowie f\u00fcr kommerzielle Projekte.\u00a0<\/div>\n<\/div>\n<\/div>\n<\/div>\n<\/div>\n<\/div>\n<\/div>\n<\/div>\n<h2>Spezifikationen f\u00fcr Caf\u00e9-M\u00f6bel<\/h2>\n<table style=\"border-collapse: collapse; width: 600px; height: 310px;\" border=\"0\" width=\"668\" cellspacing=\"0\" cellpadding=\"0\">\n<tbody>\n<tr style=\"height: 13.50pt;\">\n<td class=\"et2\" style=\"height: 13.50pt; width: 107.25pt;\" width=\"143\" height=\"18\">Modell<\/td>\n<td class=\"et3\" style=\"width: 393.75pt;\" width=\"525\">445<\/td>\n<\/tr>\n<tr style=\"height: 13.50pt;\">\n<td class=\"et2\" style=\"height: 13.50pt; width: 107.25pt;\" width=\"143\" height=\"18\">Kategorie<\/td>\n<td class=\"et3\" style=\"width: 393.75pt;\" width=\"525\">Caf\u00e9m\u00f6bel<\/td>\n<\/tr>\n<tr style=\"height: 13.50pt;\">\n<td class=\"et2\" style=\"height: 13.50pt; width: 107.25pt;\" width=\"143\" height=\"18\">Produktname<\/td>\n<td class=\"et3\" style=\"width: 393.75pt;\" width=\"525\">Caf\u00e9tische und -st\u00fchle<\/td>\n<\/tr>\n<tr style=\"height: 27.00pt;\">\n<td class=\"et2\" style=\"height: 27.00pt; width: 107.25pt;\" width=\"143\" height=\"36\">Anpassungsoptionen<\/td>\n<td class=\"et3\" style=\"width: 393.75pt;\" width=\"525\">Stil\/Farbe\/Gr\u00f6\u00dfe\/Material<\/td>\n<\/tr>\n<tr style=\"height: 13.50pt;\">\n<td class=\"et2\" style=\"height: 13.50pt; width: 107.25pt;\" width=\"143\" height=\"18\">Tabelle<\/td>\n<td class=\"et3\" style=\"width: 393.75pt;\" width=\"525\">Holz+Metall<\/td>\n<\/tr>\n<tr style=\"height: 27.00pt;\">\n<td class=\"et2\" style=\"height: 27.00pt; width: 107.25pt;\" width=\"143\" height=\"36\">Stuhl<\/td>\n<td class=\"et3\" style=\"width: 393.75pt;\" width=\"525\">Holz + Metall + umweltfreundliches Nappaleder + hochdichter, elastischer Schaumstoff<\/td>\n<\/tr>\n<tr style=\"height: 27.00pt;\">\n<td class=\"et2\" style=\"height: 27.00pt; width: 107.25pt;\" width=\"143\" height=\"36\">Anwendung Szene<\/td>\n<td class=\"et3\" style=\"width: 393.75pt;\" width=\"525\">Restaurants\/ Caf\u00e9s\/ Kaffeestuben<\/td>\n<\/tr>\n<tr style=\"height: 13.50pt;\">\n<td class=\"et2\" style=\"height: 13.50pt; width: 107.25pt;\" width=\"143\" height=\"18\">Farbe<\/td>\n<td class=\"et3\" style=\"width: 393.75pt;\" width=\"525\">Walnuss\/Cremefarben (anpassbar)<\/td>\n<\/tr>\n<tr style=\"height: 13.50pt;\">\n<td class=\"et2\" style=\"height: 13.50pt; width: 107.25pt;\" width=\"143\" height=\"18\">Material<\/td>\n<td class=\"et3\" style=\"width: 393.75pt;\" width=\"525\">Massivholz\/Sperrholz\/Metall\/Leder\/Schaumstoff<\/td>\n<\/tr>\n<tr style=\"height: 13.50pt;\">\n<td class=\"et2\" style=\"height: 13.50pt; width: 107.25pt;\" width=\"143\" height=\"18\">Stil<\/td>\n<td class=\"et3\" style=\"width: 393.75pt;\" width=\"525\">Modernes Design<\/td>\n<\/tr>\n<\/tbody>\n<\/table>\n<p>&nbsp;<\/p>\n<p>&nbsp;<\/p>","protected":false},"featured_media":2312,"comment_status":"closed","ping_status":"closed","template":"","meta":{"_acf_changed":true},"product_brand":[],"product_cat":[20],"product_tag":[],"class_list":{"0":"post-2292","1":"product","2":"type-product","3":"status-publish","4":"has-post-thumbnail","6":"product_cat-wholesale-cafe-furniture","8":"first","9":"instock","10":"shipping-taxable","11":"product-type-simple"},"acf":[],"_links":{"self":[{"href":"https:\/\/www.youmushiguang.com\/de\/wp-json\/wp\/v2\/product\/2292","targetHints":{"allow":["GET"]}}],"collection":[{"href":"https:\/\/www.youmushiguang.com\/de\/wp-json\/wp\/v2\/product"}],"about":[{"href":"https:\/\/www.youmushiguang.com\/de\/wp-json\/wp\/v2\/types\/product"}],"replies":[{"embeddable":true,"href":"https:\/\/www.youmushiguang.com\/de\/wp-json\/wp\/v2\/comments?post=2292"}],"wp:featuredmedia":[{"embeddable":true,"href":"https:\/\/www.youmushiguang.com\/de\/wp-json\/wp\/v2\/media\/2312"}],"wp:attachment":[{"href":"https:\/\/www.youmushiguang.com\/de\/wp-json\/wp\/v2\/media?parent=2292"}],"wp:term":[{"taxonomy":"product_brand","embeddable":true,"href":"https:\/\/www.youmushiguang.com\/de\/wp-json\/wp\/v2\/product_brand?post=2292"},{"taxonomy":"product_cat","embeddable":true,"href":"https:\/\/www.youmushiguang.com\/de\/wp-json\/wp\/v2\/product_cat?post=2292"},{"taxonomy":"product_tag","embeddable":true,"href":"https:\/\/www.youmushiguang.com\/de\/wp-json\/wp\/v2\/product_tag?post=2292"}],"curies":[{"name":"wp","href":"https:\/\/api.w.org\/{rel}","templated":true}]}}