{"id":2325,"date":"2025-12-06T09:09:17","date_gmt":"2025-12-06T09:09:17","guid":{"rendered":"https:\/\/www.youmushiguang.com\/?post_type=product&#038;p=2325"},"modified":"2026-04-22T07:38:23","modified_gmt":"2026-04-22T07:38:23","slug":"wholesale-commerical-restaurant-furniture-booths-tables-chairs","status":"publish","type":"product","link":"https:\/\/www.youmushiguang.com\/de\/product\/wholesale-commerical-restaurant-furniture-booths-tables-chairs\/","title":{"rendered":"Gro\u00dfhandel Restaurant M\u00f6bel St\u00e4nde, Tische, St\u00fchle - Professional Customized Commercial Furniture Supply"},"content":{"rendered":"<div class=\"wp-block-columns is-layout-flex wp-container-core-columns-is-layout-9d6595d7 wp-block-columns-is-layout-flex\">\n<div class=\"wp-block-column is-layout-flow wp-block-column-is-layout-flow\" style=\"flex-basis:25%\"><\/div>\n\n\n\n<div class=\"wp-block-column is-layout-flow wp-block-column-is-layout-flow\" style=\"flex-basis:50%\">\n<figure class=\"wp-block-image size-full\"><img decoding=\"async\" width=\"750\" height=\"1839\" src=\"https:\/\/www.youmushiguang.com\/wp-content\/uploads\/2025\/12\/details-of-restaurant-furniture-1-webp.webp\" alt=\"\" class=\"wp-image-2326\" srcset=\"https:\/\/www.youmushiguang.com\/wp-content\/uploads\/2025\/12\/details-of-restaurant-furniture-1-webp.webp 750w, https:\/\/www.youmushiguang.com\/wp-content\/uploads\/2025\/12\/details-of-restaurant-furniture-1-webp-122x300.webp 122w, https:\/\/www.youmushiguang.com\/wp-content\/uploads\/2025\/12\/details-of-restaurant-furniture-1-webp-5x12.webp 5w, https:\/\/www.youmushiguang.com\/wp-content\/uploads\/2025\/12\/details-of-restaurant-furniture-1-webp-600x1471.webp 600w\" sizes=\"(max-width: 750px) 100vw, 750px\" \/><\/figure>\n\n\n\n<figure class=\"wp-block-image size-full\"><img decoding=\"async\" width=\"750\" height=\"1687\" src=\"https:\/\/www.youmushiguang.com\/wp-content\/uploads\/2025\/12\/details-of-restaurant-furniture-2-webp.webp\" alt=\"\" class=\"wp-image-2327\" srcset=\"https:\/\/www.youmushiguang.com\/wp-content\/uploads\/2025\/12\/details-of-restaurant-furniture-2-webp.webp 750w, https:\/\/www.youmushiguang.com\/wp-content\/uploads\/2025\/12\/details-of-restaurant-furniture-2-webp-133x300.webp 133w, https:\/\/www.youmushiguang.com\/wp-content\/uploads\/2025\/12\/details-of-restaurant-furniture-2-webp-5x12.webp 5w, https:\/\/www.youmushiguang.com\/wp-content\/uploads\/2025\/12\/details-of-restaurant-furniture-2-webp-600x1350.webp 600w\" sizes=\"(max-width: 750px) 100vw, 750px\" \/><\/figure>\n\n\n\n<figure class=\"wp-block-image size-full\"><img decoding=\"async\" width=\"750\" height=\"1822\" src=\"https:\/\/www.youmushiguang.com\/wp-content\/uploads\/2025\/12\/details-of-restaurant-furniture3.webp\" alt=\"\" class=\"wp-image-2328\" srcset=\"https:\/\/www.youmushiguang.com\/wp-content\/uploads\/2025\/12\/details-of-restaurant-furniture3.webp 750w, https:\/\/www.youmushiguang.com\/wp-content\/uploads\/2025\/12\/details-of-restaurant-furniture3-123x300.webp 123w, https:\/\/www.youmushiguang.com\/wp-content\/uploads\/2025\/12\/details-of-restaurant-furniture3-5x12.webp 5w, https:\/\/www.youmushiguang.com\/wp-content\/uploads\/2025\/12\/details-of-restaurant-furniture3-600x1458.webp 600w\" sizes=\"(max-width: 750px) 100vw, 750px\" \/><\/figure>\n\n\n\n<figure class=\"wp-block-image size-full\"><img decoding=\"async\" width=\"750\" height=\"2199\" src=\"https:\/\/www.youmushiguang.com\/wp-content\/uploads\/2025\/12\/details-of-restaurant-furniture4.webp\" alt=\"\" class=\"wp-image-2329\" srcset=\"https:\/\/www.youmushiguang.com\/wp-content\/uploads\/2025\/12\/details-of-restaurant-furniture4.webp 750w, https:\/\/www.youmushiguang.com\/wp-content\/uploads\/2025\/12\/details-of-restaurant-furniture4-102x300.webp 102w, https:\/\/www.youmushiguang.com\/wp-content\/uploads\/2025\/12\/details-of-restaurant-furniture4-4x12.webp 4w, https:\/\/www.youmushiguang.com\/wp-content\/uploads\/2025\/12\/details-of-restaurant-furniture4-600x1759.webp 600w\" sizes=\"(max-width: 750px) 100vw, 750px\" \/><\/figure>\n\n\n\n<figure class=\"wp-block-image size-full\"><img decoding=\"async\" width=\"750\" height=\"2337\" src=\"https:\/\/www.youmushiguang.com\/wp-content\/uploads\/2025\/12\/details-of-restaurant-furniture5-webp.webp\" alt=\"\" class=\"wp-image-2330\" srcset=\"https:\/\/www.youmushiguang.com\/wp-content\/uploads\/2025\/12\/details-of-restaurant-furniture5-webp.webp 750w, https:\/\/www.youmushiguang.com\/wp-content\/uploads\/2025\/12\/details-of-restaurant-furniture5-webp-96x300.webp 96w, https:\/\/www.youmushiguang.com\/wp-content\/uploads\/2025\/12\/details-of-restaurant-furniture5-webp-4x12.webp 4w, https:\/\/www.youmushiguang.com\/wp-content\/uploads\/2025\/12\/details-of-restaurant-furniture5-webp-600x1870.webp 600w\" sizes=\"(max-width: 750px) 100vw, 750px\" \/><\/figure>\n\n\n\n<figure class=\"wp-block-image size-full\"><img decoding=\"async\" width=\"750\" height=\"1441\" src=\"https:\/\/www.youmushiguang.com\/wp-content\/uploads\/2025\/12\/details-of-restaurant-furniture-6-webp.webp\" alt=\"\" class=\"wp-image-2331\" srcset=\"https:\/\/www.youmushiguang.com\/wp-content\/uploads\/2025\/12\/details-of-restaurant-furniture-6-webp.webp 750w, https:\/\/www.youmushiguang.com\/wp-content\/uploads\/2025\/12\/details-of-restaurant-furniture-6-webp-156x300.webp 156w, https:\/\/www.youmushiguang.com\/wp-content\/uploads\/2025\/12\/details-of-restaurant-furniture-6-webp-6x12.webp 6w, https:\/\/www.youmushiguang.com\/wp-content\/uploads\/2025\/12\/details-of-restaurant-furniture-6-webp-600x1153.webp 600w\" sizes=\"(max-width: 750px) 100vw, 750px\" \/><\/figure>\n<\/div>\n\n\n\n<div class=\"wp-block-column is-layout-flow wp-block-column-is-layout-flow\" style=\"flex-basis:25%\"><\/div>\n<\/div>\n\n\n\n<p><\/p>","protected":false},"excerpt":{"rendered":"<p>Wholesale commercial restaurant furniture built for style, comfort, and durability. Perfect for restaurants that are seeking long-lasting, stylish, and highly functional furniture solutions. These restaurant tables, booths, and chairs feature sturdy materials, classic finishes, and space-saving designs. Ideal for bulk projects with full OEM &amp; ODM customization to match your brand and interior style.<\/p>\n<p>Wir sind ein professionelles <a href=\"https:\/\/www.youmushiguang.com\/de\/\" target=\"_blank\" rel=\"noopener\"><strong>gewerblicher M\u00f6belhersteller<\/strong><\/a>, und bietet <a href=\"https:\/\/www.youmushiguang.com\/de\/product-category\/wholesale-restaurant-furniture\/\" target=\"_blank\" rel=\"noopener\"><strong>Gro\u00dfhandel f\u00fcr Restaurantm\u00f6bel<\/strong> <\/a>zu wettbewerbsf\u00e4higen Preisen, und wir unterst\u00fctzen OEM und ODM. Restaurants, Bars und Einzelh\u00e4ndler sind willkommen, uns sofort zu kontaktieren.<\/p>\n<h2>Specifications of Restaurant Furniture Table, Booth, and Chair Sets<\/h2>\n<table width=\"668\">\n<tbody>\n<tr>\n<td width=\"143\">Modell<\/td>\n<td width=\"525\">472<\/td>\n<\/tr>\n<tr>\n<td>Kategorie<\/td>\n<td>Restaurantm\u00f6bel<\/td>\n<\/tr>\n<tr>\n<td>Produktname<\/td>\n<td>restaurant table and chair set<\/td>\n<\/tr>\n<tr>\n<td>Anpassungsoptionen<\/td>\n<td>Stil\/Farbe\/Gr\u00f6\u00dfe\/Material<\/td>\n<\/tr>\n<tr>\n<td>Tabelle<\/td>\n<td>Multi-layer plywood desktop + aluminum alloy table legs<\/td>\n<\/tr>\n<tr>\n<td>Stuhl<\/td>\n<td>Metal frame + leather soft bag + wooden backrest<\/td>\n<\/tr>\n<tr>\n<td>Stand<\/td>\n<td>Mehrschichtiger Massivholzrahmen + umweltfreundliches Nappaleder + hochdichter, elastischer Schaumstoff\u00a0<\/td>\n<\/tr>\n<tr>\n<td>Anwendung Szene<\/td>\n<td>Restaurants\/cafe\/Tane Restaurant<\/td>\n<\/tr>\n<tr>\n<td>Farbe<\/td>\n<td>Walnuss\/Cremefarben (anpassbar)<\/td>\n<\/tr>\n<tr>\n<td>Material<\/td>\n<td>Massivholz\/Sperrholz\/Metall\/Leder\/Schaumstoff<\/td>\n<\/tr>\n<tr>\n<td>Stil<\/td>\n<td>modern<\/td>\n<\/tr>\n<\/tbody>\n<\/table>\n<p>&nbsp;<\/p>","protected":false},"featured_media":2334,"comment_status":"closed","ping_status":"closed","template":"","meta":{"_acf_changed":false},"product_brand":[],"product_cat":[24,36,48,42,44],"product_tag":[],"class_list":{"0":"post-2325","1":"product","2":"type-product","3":"status-publish","4":"has-post-thumbnail","6":"product_cat-wholesale-restaurant-furniture","7":"product_cat-wholesale-coffee-shop-restaurant-furniture","8":"product_cat-themed-restaurant-furniture","9":"product_cat-wholesale-dessert-shop-furniture","10":"product_cat-vintage-style-restaurant-furniture","12":"first","13":"instock","14":"shipping-taxable","15":"product-type-simple"},"acf":[],"_links":{"self":[{"href":"https:\/\/www.youmushiguang.com\/de\/wp-json\/wp\/v2\/product\/2325","targetHints":{"allow":["GET"]}}],"collection":[{"href":"https:\/\/www.youmushiguang.com\/de\/wp-json\/wp\/v2\/product"}],"about":[{"href":"https:\/\/www.youmushiguang.com\/de\/wp-json\/wp\/v2\/types\/product"}],"replies":[{"embeddable":true,"href":"https:\/\/www.youmushiguang.com\/de\/wp-json\/wp\/v2\/comments?post=2325"}],"wp:featuredmedia":[{"embeddable":true,"href":"https:\/\/www.youmushiguang.com\/de\/wp-json\/wp\/v2\/media\/2334"}],"wp:attachment":[{"href":"https:\/\/www.youmushiguang.com\/de\/wp-json\/wp\/v2\/media?parent=2325"}],"wp:term":[{"taxonomy":"product_brand","embeddable":true,"href":"https:\/\/www.youmushiguang.com\/de\/wp-json\/wp\/v2\/product_brand?post=2325"},{"taxonomy":"product_cat","embeddable":true,"href":"https:\/\/www.youmushiguang.com\/de\/wp-json\/wp\/v2\/product_cat?post=2325"},{"taxonomy":"product_tag","embeddable":true,"href":"https:\/\/www.youmushiguang.com\/de\/wp-json\/wp\/v2\/product_tag?post=2325"}],"curies":[{"name":"wp","href":"https:\/\/api.w.org\/{rel}","templated":true}]}}