{"id":2443,"date":"2025-12-05T03:19:13","date_gmt":"2025-12-05T03:19:13","guid":{"rendered":"https:\/\/www.youmushiguang.com\/?post_type=product&#038;p=2443"},"modified":"2026-04-22T07:44:52","modified_gmt":"2026-04-22T07:44:52","slug":"wholesale-restaurant-furniture-booth-seating-restaurant-tables-and-chairs-suitable-for-restaurants-and-fast-food-outlets","status":"publish","type":"product","link":"https:\/\/www.youmushiguang.com\/de\/product\/wholesale-restaurant-furniture-booth-seating-restaurant-tables-and-chairs-suitable-for-restaurants-and-fast-food-outlets\/","title":{"rendered":"Gro\u00dfhandel Restaurant M\u00f6bel - Booth Seating, Restaurant Tische und St\u00fchle geeignet f\u00fcr Restaurants und Fast Food Outlets"},"content":{"rendered":"<div class=\"wp-block-columns is-layout-flex wp-container-core-columns-is-layout-9d6595d7 wp-block-columns-is-layout-flex\">\n<div class=\"wp-block-column is-layout-flow wp-block-column-is-layout-flow\" style=\"flex-basis:25%\"><\/div>\n\n\n\n<div class=\"wp-block-column is-layout-flow wp-block-column-is-layout-flow\" style=\"flex-basis:25%\">\n<figure class=\"wp-block-image size-full\"><img decoding=\"async\" width=\"750\" height=\"2421\" src=\"https:\/\/www.youmushiguang.com\/wp-content\/uploads\/2025\/12\/Details-of-Restaurant-furniture-1.webp\" alt=\"\" class=\"wp-image-2456\" srcset=\"https:\/\/www.youmushiguang.com\/wp-content\/uploads\/2025\/12\/Details-of-Restaurant-furniture-1.webp 750w, https:\/\/www.youmushiguang.com\/wp-content\/uploads\/2025\/12\/Details-of-Restaurant-furniture-1-93x300.webp 93w, https:\/\/www.youmushiguang.com\/wp-content\/uploads\/2025\/12\/Details-of-Restaurant-furniture-1-4x12.webp 4w, https:\/\/www.youmushiguang.com\/wp-content\/uploads\/2025\/12\/Details-of-Restaurant-furniture-1-600x1937.webp 600w\" sizes=\"(max-width: 750px) 100vw, 750px\" \/><\/figure>\n\n\n\n<figure class=\"wp-block-image size-full\"><img decoding=\"async\" width=\"750\" height=\"2401\" src=\"https:\/\/www.youmushiguang.com\/wp-content\/uploads\/2025\/12\/Details-of-Restaurant-furniture-2.webp\" alt=\"\" class=\"wp-image-2457\" srcset=\"https:\/\/www.youmushiguang.com\/wp-content\/uploads\/2025\/12\/Details-of-Restaurant-furniture-2.webp 750w, https:\/\/www.youmushiguang.com\/wp-content\/uploads\/2025\/12\/Details-of-Restaurant-furniture-2-94x300.webp 94w, https:\/\/www.youmushiguang.com\/wp-content\/uploads\/2025\/12\/Details-of-Restaurant-furniture-2-4x12.webp 4w, https:\/\/www.youmushiguang.com\/wp-content\/uploads\/2025\/12\/Details-of-Restaurant-furniture-2-600x1921.webp 600w\" sizes=\"(max-width: 750px) 100vw, 750px\" \/><\/figure>\n\n\n\n<figure class=\"wp-block-image size-full\"><img decoding=\"async\" width=\"750\" height=\"2567\" src=\"https:\/\/www.youmushiguang.com\/wp-content\/uploads\/2025\/12\/Details-of-Restaurant-furniture-3.webp\" alt=\"\" class=\"wp-image-2458\" srcset=\"https:\/\/www.youmushiguang.com\/wp-content\/uploads\/2025\/12\/Details-of-Restaurant-furniture-3.webp 750w, https:\/\/www.youmushiguang.com\/wp-content\/uploads\/2025\/12\/Details-of-Restaurant-furniture-3-88x300.webp 88w, https:\/\/www.youmushiguang.com\/wp-content\/uploads\/2025\/12\/Details-of-Restaurant-furniture-3-600x2054.webp 600w\" sizes=\"(max-width: 750px) 100vw, 750px\" \/><\/figure>\n\n\n\n<figure class=\"wp-block-image size-full\"><img decoding=\"async\" width=\"750\" height=\"1342\" src=\"https:\/\/www.youmushiguang.com\/wp-content\/uploads\/2025\/12\/Details-of-Restaurant-furniture-4.webp\" alt=\"\" class=\"wp-image-2459\" srcset=\"https:\/\/www.youmushiguang.com\/wp-content\/uploads\/2025\/12\/Details-of-Restaurant-furniture-4.webp 750w, https:\/\/www.youmushiguang.com\/wp-content\/uploads\/2025\/12\/Details-of-Restaurant-furniture-4-168x300.webp 168w, https:\/\/www.youmushiguang.com\/wp-content\/uploads\/2025\/12\/Details-of-Restaurant-furniture-4-7x12.webp 7w, https:\/\/www.youmushiguang.com\/wp-content\/uploads\/2025\/12\/Details-of-Restaurant-furniture-4-600x1074.webp 600w\" sizes=\"(max-width: 750px) 100vw, 750px\" \/><\/figure>\n\n\n\n<figure class=\"wp-block-image size-full\"><img decoding=\"async\" width=\"750\" height=\"1384\" src=\"https:\/\/www.youmushiguang.com\/wp-content\/uploads\/2025\/12\/Details-of-Restaurant-furniture-5.webp\" alt=\"\" class=\"wp-image-2460\" srcset=\"https:\/\/www.youmushiguang.com\/wp-content\/uploads\/2025\/12\/Details-of-Restaurant-furniture-5.webp 750w, https:\/\/www.youmushiguang.com\/wp-content\/uploads\/2025\/12\/Details-of-Restaurant-furniture-5-163x300.webp 163w, https:\/\/www.youmushiguang.com\/wp-content\/uploads\/2025\/12\/Details-of-Restaurant-furniture-5-7x12.webp 7w, https:\/\/www.youmushiguang.com\/wp-content\/uploads\/2025\/12\/Details-of-Restaurant-furniture-5-600x1107.webp 600w\" sizes=\"(max-width: 750px) 100vw, 750px\" \/><\/figure>\n<\/div>\n<\/div>\n\n\n\n<p><\/p>","protected":false},"excerpt":{"rendered":"<p>Gro\u00dfhandel mit Tisch- und Stuhlgarnituren f\u00fcr Restaurants. Willkommen zum Gro\u00dfeinkauf, um Ihren Restaurantbereich aufzuwerten. Als f\u00fchrender Hersteller von Restaurantm\u00f6beln bieten wir OEM- und ODM-Anpassungen, Gro\u00dfhandelsoptionen und Fabrikangebote. Kontaktieren Sie uns noch heute!<\/p>\n<h2>Spezifikationen f\u00fcr Restauranttische und -st\u00fchle<\/h2>\n<table style=\"border-collapse: collapse; width: 501.02pt;\" border=\"0\" width=\"668\" cellspacing=\"0\" cellpadding=\"0\">\n<tbody>\n<tr style=\"height: 13.50pt;\">\n<td class=\"et2\" style=\"height: 13.50pt; width: 107.25pt;\" width=\"143\" height=\"18\">Modell<\/td>\n<td class=\"et3\" style=\"width: 393.75pt;\" width=\"525\">1603<\/td>\n<\/tr>\n<tr style=\"height: 13.50pt;\">\n<td class=\"et2\" style=\"height: 13.50pt; width: 107.25pt;\" width=\"143\" height=\"18\">Kategorie<\/td>\n<td class=\"et3\" style=\"width: 393.75pt;\" width=\"525\">Restaurantm\u00f6bel<\/td>\n<\/tr>\n<tr style=\"height: 13.50pt;\">\n<td class=\"et2\" style=\"height: 13.50pt; width: 107.25pt;\" width=\"143\" height=\"18\">Produktname<\/td>\n<td class=\"et3\" style=\"width: 393.75pt;\" width=\"525\">restaurant table and chair sets<\/td>\n<\/tr>\n<tr style=\"height: 27.00pt;\">\n<td class=\"et2\" style=\"height: 27.00pt; width: 107.25pt;\" width=\"143\" height=\"36\">Anpassungsoptionen<\/td>\n<td class=\"et3\" style=\"width: 393.75pt;\" width=\"525\">Stil\/Farbe\/Gr\u00f6\u00dfe\/Material<\/td>\n<\/tr>\n<tr style=\"height: 13.50pt;\">\n<td class=\"et2\" style=\"height: 13.50pt; width: 107.25pt;\" width=\"143\" height=\"18\">Tabelle<\/td>\n<td class=\"et3\" style=\"width: 393.75pt;\" width=\"525\">Multi-layer plywood tabletop + metal table legs<\/td>\n<\/tr>\n<tr style=\"height: 13.50pt;\">\n<td class=\"et2\" style=\"height: 13.50pt; width: 107.25pt;\" width=\"143\" height=\"18\">Stuhl<\/td>\n<td class=\"et3\" style=\"width: 393.75pt;\" width=\"525\">Solid wood + woven rattan<\/td>\n<\/tr>\n<tr style=\"height: 27.00pt;\">\n<td class=\"et2\" style=\"height: 27.00pt; width: 107.25pt;\" width=\"143\" height=\"36\">Stand<\/td>\n<td class=\"et3\" style=\"width: 393.75pt;\" width=\"525\">Mehrschichtiger Massivholzrahmen + umweltfreundliches Nappaleder + hochdichter, elastischer Schaumstoff<\/td>\n<\/tr>\n<tr style=\"height: 27.00pt;\">\n<td class=\"et2\" style=\"height: 27.00pt; width: 107.25pt;\" width=\"143\" height=\"36\">Anwendung Szene<\/td>\n<td class=\"et3\" style=\"width: 393.75pt;\" width=\"525\">Restaurants\/ fast food restaurant\/ noodle shop<\/td>\n<\/tr>\n<tr style=\"height: 13.50pt;\">\n<td class=\"et2\" style=\"height: 13.50pt; width: 107.25pt;\" width=\"143\" height=\"18\">Farbe<\/td>\n<td class=\"et3\" style=\"width: 393.75pt;\" width=\"525\">Walnuss\/Cremefarben (anpassbar)<\/td>\n<\/tr>\n<tr style=\"height: 13.50pt;\">\n<td class=\"et2\" style=\"height: 13.50pt; width: 107.25pt;\" width=\"143\" height=\"18\">Material<\/td>\n<td class=\"et3\" style=\"width: 393.75pt;\" width=\"525\">Massivholz\/Sperrholz\/Metall\/Leder\/Schaumstoff<\/td>\n<\/tr>\n<tr style=\"height: 13.50pt;\">\n<td class=\"et2\" style=\"height: 13.50pt; width: 107.25pt;\" width=\"143\" height=\"18\">Stil<\/td>\n<td class=\"et3\" style=\"width: 393.75pt;\" width=\"525\">S\u00fcdostasiatischer Stil<\/td>\n<\/tr>\n<\/tbody>\n<\/table>\n<p>&nbsp;<\/p>\n<p>&nbsp;<\/p>\n<p>\n<script src=\"chrome-extension:\/\/fpelahbljekknahkcaegamhcndkfpfnc\/iFrame.js\" type=\"text\/javascript\"><\/script><\/p>","protected":false},"featured_media":2444,"comment_status":"closed","ping_status":"closed","template":"","meta":{"_acf_changed":true},"product_brand":[],"product_cat":[24,37,46],"product_tag":[],"class_list":{"0":"post-2443","1":"product","2":"type-product","3":"status-publish","4":"has-post-thumbnail","6":"product_cat-wholesale-restaurant-furniture","7":"product_cat-wholesale-fast-food-restaurant-furniture","8":"product_cat-modern-restaurant-furniture","10":"first","11":"instock","12":"shipping-taxable","13":"product-type-simple"},"acf":[],"_links":{"self":[{"href":"https:\/\/www.youmushiguang.com\/de\/wp-json\/wp\/v2\/product\/2443","targetHints":{"allow":["GET"]}}],"collection":[{"href":"https:\/\/www.youmushiguang.com\/de\/wp-json\/wp\/v2\/product"}],"about":[{"href":"https:\/\/www.youmushiguang.com\/de\/wp-json\/wp\/v2\/types\/product"}],"replies":[{"embeddable":true,"href":"https:\/\/www.youmushiguang.com\/de\/wp-json\/wp\/v2\/comments?post=2443"}],"wp:featuredmedia":[{"embeddable":true,"href":"https:\/\/www.youmushiguang.com\/de\/wp-json\/wp\/v2\/media\/2444"}],"wp:attachment":[{"href":"https:\/\/www.youmushiguang.com\/de\/wp-json\/wp\/v2\/media?parent=2443"}],"wp:term":[{"taxonomy":"product_brand","embeddable":true,"href":"https:\/\/www.youmushiguang.com\/de\/wp-json\/wp\/v2\/product_brand?post=2443"},{"taxonomy":"product_cat","embeddable":true,"href":"https:\/\/www.youmushiguang.com\/de\/wp-json\/wp\/v2\/product_cat?post=2443"},{"taxonomy":"product_tag","embeddable":true,"href":"https:\/\/www.youmushiguang.com\/de\/wp-json\/wp\/v2\/product_tag?post=2443"}],"curies":[{"name":"wp","href":"https:\/\/api.w.org\/{rel}","templated":true}]}}