{"id":2541,"date":"2025-12-05T12:37:26","date_gmt":"2025-12-05T12:37:26","guid":{"rendered":"https:\/\/www.youmushiguang.com\/?post_type=product&#038;p=2541"},"modified":"2025-12-09T04:00:14","modified_gmt":"2025-12-09T04:00:14","slug":"wholesale-cozy-cafe-furniture","status":"publish","type":"product","link":"https:\/\/www.youmushiguang.com\/de\/product\/wholesale-cozy-cafe-furniture\/","title":{"rendered":"Gro\u00dfhandel Coffee Shop M\u00f6bel - Cozy Tisch und Stuhl-Sets"},"content":{"rendered":"<div class=\"wp-block-columns is-layout-flex wp-container-core-columns-is-layout-9d6595d7 wp-block-columns-is-layout-flex\">\n<div class=\"wp-block-column is-layout-flow wp-block-column-is-layout-flow\" style=\"flex-basis:25%\"><\/div>\n\n\n\n<div class=\"wp-block-column is-layout-flow wp-block-column-is-layout-flow\" style=\"flex-basis:50%\">\n<figure class=\"wp-block-image size-full\"><img decoding=\"async\" width=\"750\" height=\"2506\" src=\"https:\/\/www.youmushiguang.com\/wp-content\/uploads\/2025\/12\/1_1.webp\" alt=\"\" class=\"wp-image-2546\" srcset=\"https:\/\/www.youmushiguang.com\/wp-content\/uploads\/2025\/12\/1_1.webp 750w, https:\/\/www.youmushiguang.com\/wp-content\/uploads\/2025\/12\/1_1-90x300.webp 90w, https:\/\/www.youmushiguang.com\/wp-content\/uploads\/2025\/12\/1_1-4x12.webp 4w, https:\/\/www.youmushiguang.com\/wp-content\/uploads\/2025\/12\/1_1-600x2005.webp 600w\" sizes=\"(max-width: 750px) 100vw, 750px\" \/><\/figure>\n\n\n\n<figure class=\"wp-block-image size-full\"><img decoding=\"async\" width=\"750\" height=\"2401\" src=\"https:\/\/www.youmushiguang.com\/wp-content\/uploads\/2025\/12\/2_1.webp\" alt=\"\" class=\"wp-image-2547\" srcset=\"https:\/\/www.youmushiguang.com\/wp-content\/uploads\/2025\/12\/2_1.webp 750w, https:\/\/www.youmushiguang.com\/wp-content\/uploads\/2025\/12\/2_1-94x300.webp 94w, https:\/\/www.youmushiguang.com\/wp-content\/uploads\/2025\/12\/2_1-4x12.webp 4w, https:\/\/www.youmushiguang.com\/wp-content\/uploads\/2025\/12\/2_1-600x1921.webp 600w\" sizes=\"(max-width: 750px) 100vw, 750px\" \/><\/figure>\n\n\n\n<figure class=\"wp-block-image size-full\"><img decoding=\"async\" width=\"750\" height=\"2529\" src=\"https:\/\/www.youmushiguang.com\/wp-content\/uploads\/2025\/12\/3_1.webp\" alt=\"\" class=\"wp-image-2548\" srcset=\"https:\/\/www.youmushiguang.com\/wp-content\/uploads\/2025\/12\/3_1.webp 750w, https:\/\/www.youmushiguang.com\/wp-content\/uploads\/2025\/12\/3_1-89x300.webp 89w, https:\/\/www.youmushiguang.com\/wp-content\/uploads\/2025\/12\/3_1-4x12.webp 4w, https:\/\/www.youmushiguang.com\/wp-content\/uploads\/2025\/12\/3_1-600x2023.webp 600w\" sizes=\"(max-width: 750px) 100vw, 750px\" \/><\/figure>\n\n\n\n<figure class=\"wp-block-image size-full\"><img decoding=\"async\" width=\"750\" height=\"719\" src=\"https:\/\/www.youmushiguang.com\/wp-content\/uploads\/2025\/12\/4_1.webp\" alt=\"\" class=\"wp-image-2549\" srcset=\"https:\/\/www.youmushiguang.com\/wp-content\/uploads\/2025\/12\/4_1.webp 750w, https:\/\/www.youmushiguang.com\/wp-content\/uploads\/2025\/12\/4_1-300x288.webp 300w, https:\/\/www.youmushiguang.com\/wp-content\/uploads\/2025\/12\/4_1-13x12.webp 13w, https:\/\/www.youmushiguang.com\/wp-content\/uploads\/2025\/12\/4_1-600x575.webp 600w\" sizes=\"(max-width: 750px) 100vw, 750px\" \/><\/figure>\n<\/div>\n\n\n\n<div class=\"wp-block-column is-layout-flow wp-block-column-is-layout-flow\" style=\"flex-basis:25%\"><\/div>\n<\/div>","protected":false},"excerpt":{"rendered":"<div id=\"tw-container\" class=\"nev7se\" data-cp=\"1\" data-nnttsvi=\"1\" data-sletp=\"false\" data-sm=\"1\" data-ssbp=\"false\" data-sugg-time=\"500\" data-sugg-url=\"https:\/\/clients1.google.com\/complete\/search\" data-uilc=\"zh-CN\" data-vil=\",af,af-ZA,am,am-ET,ar-EG,ar-AE,ar-KW,ar-QA,ar,ar-IL,ar-JO,ar-LB,ar-PS,az,az-AZ,bg,bg-BG,bn,bn-BD,bn-IN,ca,ca-es,cs,cs-CZ,de,de-DE,de-CH,de-AT,de-LI,en,en-US,en-CA,en-AU,en-NZ,en-GB,en-IN,en-KE,en-TZ,en-NG,en-GH,en-PH,en-ZA,es,es-ES,es-AR,es-UY,es-419,es-BO,es-CL,es-CR,es-CO,es-DO,es-EC,es-GT,es-HN,es-NI,es-PA,es-PE,es-PR,es-PY,es-SV,es-VE,es-MX,es-US,eu,eu-ES,fi,fi-FI,fr,fr-FR,fr-CH,fr-BE,gl,gl-ES,gu,gu-IN,he,he-IL,iw,iw-IL,hu,hu-HU,hy,hy-AM,id,id-ID,is,is-IS,it,it-IT,it-CH,ja,ja-JP,jv,jv-ID,ka,ka-GE,km,km-KH,kn,kn-IN,ko,ko-KR,la,lo,lo-LA,lv,lv-LV,ml,ml-IN,mr,mr-IN,ms,ms-MY,nl,nl-NL,nb,nb-NO,ne,ne-NP,pl,pl-PL,pt,pt-BR,pt-PT,ro,ro-RO,ru,ru-RU,si-LK,sk,sk-SK,sr,sr-RS,su,su-ID,sv,sv-SE,sw,sw-TZ,sw-KE,ta,ta-IN,ta-SG,ta-LK,ta-MY,te,te-IN,tr,tr-TR,ur,ur-PK,ur-IN,yue,yue-HK,yue-Hant-HK,zh-HK,zh,zh-CN,zh-cmn,zh-cmn-CN,zh-Hans,zh-Hans-CN,zh-cmn-Hans,zh-cmn-Hans-CN,cmn-CN,cmn-Hans,cmn-Hans-CN,zh-TW,zh-Hant-TW,cmn-TW,cmn-Hant-TW,zh-cmn-TW,zh-cmn-Hant-TW,zu,zu-ZA,hi,hi-IN,tl,tl-PH,pa,pa-IN\">\n<div id=\"tw-ob\" class=\"tw-src-ltr\">\n<div class=\"oSioSc\">\n<div id=\"tw-target\">\n<div id=\"kAz1tf\" class=\"g9WsWb PZPZlf\" data-attrid=\"tw-targetArea\" data-entityname=\"Google Translate\">\n<div id=\"tw-target-text-container\" class=\"tw-ta-container tw-nfl\" role=\"text\">\n<div class=\"tw-ta-container tw-nfl\" role=\"text\">\n<p>Wir bieten gem\u00fctliche und einladende Caf\u00e9-M\u00f6bel im Gro\u00dfhandel an, darunter Tische und St\u00fchle. Die M\u00f6bel zeichnen sich durch eine warme und komfortable Designsprache aus, die nat\u00fcrliche Holzt\u00f6ne mit hellen Polsterstoffen kombiniert, um eine komfortable, warme und angenehme Atmosph\u00e4re zu schaffen, die perfekt f\u00fcr Themenrestaurants ist.<\/p>\n<p>Wir bieten eine gro\u00dfe Auswahl an <a href=\"https:\/\/www.youmushiguang.com\/de\/product-category\/wholesale-cafe-furniture\/\" target=\"_blank\" rel=\"noopener\"><strong>Gro\u00dfhandel Cafe M\u00f6bel<\/strong><\/a> und unterst\u00fctzen Sonderbestellungen f\u00fcr verschiedene Arten von Caf\u00e9-M\u00f6beln. Bitte kontaktieren Sie uns f\u00fcr weitere Informationen.<\/p>\n<\/div>\n<\/div>\n<\/div>\n<\/div>\n<\/div>\n<\/div>\n<\/div>\n<p><!--more--><\/p>\n<h2>Spezifikationen f\u00fcr Caf\u00e9-M\u00f6bel<\/h2>\n<table width=\"668\">\n<tbody>\n<tr>\n<td width=\"143\">Modell<\/td>\n<td width=\"525\">1555<\/td>\n<\/tr>\n<tr>\n<td width=\"143\">Kategorie<\/td>\n<td width=\"525\">M\u00f6bel f\u00fcr Caf\u00e9s<\/td>\n<\/tr>\n<tr>\n<td width=\"143\">Produktname<\/td>\n<td width=\"525\">Tische und St\u00fchle f\u00fcr Caf\u00e9s<\/td>\n<\/tr>\n<tr>\n<td width=\"143\">Anpassungsoptionen<\/td>\n<td width=\"525\">Stil\/Farbe\/Gr\u00f6\u00dfe\/Material<\/td>\n<\/tr>\n<tr>\n<td width=\"143\">Tabelle<\/td>\n<td width=\"525\">Mehrschichtige Massivholz-Sperrholz-Tischplatte mit Furnieroberfl\u00e4che + hochwertiger Metallrahmen<\/td>\n<\/tr>\n<tr>\n<td width=\"143\">Stuhl<\/td>\n<td width=\"525\">Massivholzrahmen + Stoff + hochdichter, elastischer Schaumstoff<\/td>\n<\/tr>\n<tr>\n<td width=\"143\">Anwendung Szene<\/td>\n<td width=\"525\">Cafe\/Kaffeehaus\/Restaurant<\/td>\n<\/tr>\n<tr>\n<td width=\"143\">Farbe<\/td>\n<td width=\"525\">Walnuss\/Cremefarben (anpassbar)<\/td>\n<\/tr>\n<tr>\n<td width=\"143\">Material<\/td>\n<td width=\"525\">Massivholz\/Sperrholz\/Metall\/Leder\/Schaumstoff<\/td>\n<\/tr>\n<tr>\n<td width=\"143\">Stil<\/td>\n<td width=\"525\">S\u00fcdostasiatischer Stil<\/td>\n<\/tr>\n<\/tbody>\n<\/table>\n<p>\n<script src=\"chrome-extension:\/\/fpelahbljekknahkcaegamhcndkfpfnc\/iFrame.js\" type=\"text\/javascript\"><\/script><\/p>","protected":false},"featured_media":2545,"comment_status":"closed","ping_status":"closed","template":"","meta":{"_acf_changed":false},"product_brand":[],"product_cat":[20],"product_tag":[],"class_list":{"0":"post-2541","1":"product","2":"type-product","3":"status-publish","4":"has-post-thumbnail","6":"product_cat-wholesale-cafe-furniture","8":"first","9":"instock","10":"shipping-taxable","11":"product-type-simple"},"acf":[],"_links":{"self":[{"href":"https:\/\/www.youmushiguang.com\/de\/wp-json\/wp\/v2\/product\/2541","targetHints":{"allow":["GET"]}}],"collection":[{"href":"https:\/\/www.youmushiguang.com\/de\/wp-json\/wp\/v2\/product"}],"about":[{"href":"https:\/\/www.youmushiguang.com\/de\/wp-json\/wp\/v2\/types\/product"}],"replies":[{"embeddable":true,"href":"https:\/\/www.youmushiguang.com\/de\/wp-json\/wp\/v2\/comments?post=2541"}],"wp:featuredmedia":[{"embeddable":true,"href":"https:\/\/www.youmushiguang.com\/de\/wp-json\/wp\/v2\/media\/2545"}],"wp:attachment":[{"href":"https:\/\/www.youmushiguang.com\/de\/wp-json\/wp\/v2\/media?parent=2541"}],"wp:term":[{"taxonomy":"product_brand","embeddable":true,"href":"https:\/\/www.youmushiguang.com\/de\/wp-json\/wp\/v2\/product_brand?post=2541"},{"taxonomy":"product_cat","embeddable":true,"href":"https:\/\/www.youmushiguang.com\/de\/wp-json\/wp\/v2\/product_cat?post=2541"},{"taxonomy":"product_tag","embeddable":true,"href":"https:\/\/www.youmushiguang.com\/de\/wp-json\/wp\/v2\/product_tag?post=2541"}],"curies":[{"name":"wp","href":"https:\/\/api.w.org\/{rel}","templated":true}]}}