{"id":3300,"date":"2025-12-10T10:19:57","date_gmt":"2025-12-10T10:19:57","guid":{"rendered":"https:\/\/www.youmushiguang.com\/?post_type=product&#038;p=3300"},"modified":"2025-12-10T10:26:35","modified_gmt":"2025-12-10T10:26:35","slug":"wholesale-commercial-cafe-table-and-chair-sets","status":"publish","type":"product","link":"https:\/\/www.youmushiguang.com\/de\/product\/wholesale-commercial-cafe-table-and-chair-sets\/","title":{"rendered":"Gro\u00dfhandel Cafe Tisch und Stuhl-Sets - langlebig, anpassbare M\u00f6bel-Sets f\u00fcr Coffee Shops"},"content":{"rendered":"<div class=\"wp-block-columns is-layout-flex wp-container-core-columns-is-layout-9d6595d7 wp-block-columns-is-layout-flex\">\n<div class=\"wp-block-column is-layout-flow wp-block-column-is-layout-flow\" style=\"flex-basis:25%\"><\/div>\n\n\n\n<div class=\"wp-block-column is-layout-flow wp-block-column-is-layout-flow\" style=\"flex-basis:50%\">\n<figure class=\"wp-block-image size-full\"><img decoding=\"async\" width=\"790\" height=\"2626\" src=\"https:\/\/www.youmushiguang.com\/wp-content\/uploads\/2025\/12\/1-24.webp\" alt=\"\" class=\"wp-image-3310\" srcset=\"https:\/\/www.youmushiguang.com\/wp-content\/uploads\/2025\/12\/1-24.webp 790w, https:\/\/www.youmushiguang.com\/wp-content\/uploads\/2025\/12\/1-24-90x300.webp 90w, https:\/\/www.youmushiguang.com\/wp-content\/uploads\/2025\/12\/1-24-768x2553.webp 768w, https:\/\/www.youmushiguang.com\/wp-content\/uploads\/2025\/12\/1-24-4x12.webp 4w, https:\/\/www.youmushiguang.com\/wp-content\/uploads\/2025\/12\/1-24-600x1994.webp 600w\" sizes=\"(max-width: 790px) 100vw, 790px\" \/><\/figure>\n\n\n\n<figure class=\"wp-block-image size-full\"><img decoding=\"async\" width=\"790\" height=\"2525\" src=\"https:\/\/www.youmushiguang.com\/wp-content\/uploads\/2025\/12\/2-26.webp\" alt=\"\" class=\"wp-image-3311\" srcset=\"https:\/\/www.youmushiguang.com\/wp-content\/uploads\/2025\/12\/2-26.webp 790w, https:\/\/www.youmushiguang.com\/wp-content\/uploads\/2025\/12\/2-26-94x300.webp 94w, https:\/\/www.youmushiguang.com\/wp-content\/uploads\/2025\/12\/2-26-768x2455.webp 768w, https:\/\/www.youmushiguang.com\/wp-content\/uploads\/2025\/12\/2-26-4x12.webp 4w, https:\/\/www.youmushiguang.com\/wp-content\/uploads\/2025\/12\/2-26-600x1918.webp 600w\" sizes=\"(max-width: 790px) 100vw, 790px\" \/><\/figure>\n\n\n\n<figure class=\"wp-block-image size-full\"><img decoding=\"async\" width=\"790\" height=\"2818\" src=\"https:\/\/www.youmushiguang.com\/wp-content\/uploads\/2025\/12\/3-25.webp\" alt=\"\" class=\"wp-image-3312\" srcset=\"https:\/\/www.youmushiguang.com\/wp-content\/uploads\/2025\/12\/3-25.webp 790w, https:\/\/www.youmushiguang.com\/wp-content\/uploads\/2025\/12\/3-25-84x300.webp 84w, https:\/\/www.youmushiguang.com\/wp-content\/uploads\/2025\/12\/3-25-768x2740.webp 768w, https:\/\/www.youmushiguang.com\/wp-content\/uploads\/2025\/12\/3-25-3x12.webp 3w, https:\/\/www.youmushiguang.com\/wp-content\/uploads\/2025\/12\/3-25-600x2140.webp 600w\" sizes=\"(max-width: 790px) 100vw, 790px\" \/><\/figure>\n\n\n\n<figure class=\"wp-block-image size-full\"><img decoding=\"async\" width=\"790\" height=\"2842\" src=\"https:\/\/www.youmushiguang.com\/wp-content\/uploads\/2025\/12\/4-23.webp\" alt=\"\" class=\"wp-image-3313\" srcset=\"https:\/\/www.youmushiguang.com\/wp-content\/uploads\/2025\/12\/4-23.webp 790w, https:\/\/www.youmushiguang.com\/wp-content\/uploads\/2025\/12\/4-23-83x300.webp 83w, https:\/\/www.youmushiguang.com\/wp-content\/uploads\/2025\/12\/4-23-768x2763.webp 768w, https:\/\/www.youmushiguang.com\/wp-content\/uploads\/2025\/12\/4-23-3x12.webp 3w, https:\/\/www.youmushiguang.com\/wp-content\/uploads\/2025\/12\/4-23-600x2158.webp 600w\" sizes=\"(max-width: 790px) 100vw, 790px\" \/><\/figure>\n\n\n\n<figure class=\"wp-block-image size-full\"><img decoding=\"async\" width=\"790\" height=\"1124\" src=\"https:\/\/www.youmushiguang.com\/wp-content\/uploads\/2025\/12\/5-9.webp\" alt=\"\" class=\"wp-image-3314\" srcset=\"https:\/\/www.youmushiguang.com\/wp-content\/uploads\/2025\/12\/5-9.webp 790w, https:\/\/www.youmushiguang.com\/wp-content\/uploads\/2025\/12\/5-9-211x300.webp 211w, https:\/\/www.youmushiguang.com\/wp-content\/uploads\/2025\/12\/5-9-768x1093.webp 768w, https:\/\/www.youmushiguang.com\/wp-content\/uploads\/2025\/12\/5-9-8x12.webp 8w, https:\/\/www.youmushiguang.com\/wp-content\/uploads\/2025\/12\/5-9-600x854.webp 600w\" sizes=\"(max-width: 790px) 100vw, 790px\" \/><\/figure>\n<\/div>\n\n\n\n<div class=\"wp-block-column is-layout-flow wp-block-column-is-layout-flow\" style=\"flex-basis:25%\"><\/div>\n<\/div>\n\n\n\n<p><\/p>","protected":false},"excerpt":{"rendered":"<div id=\"tw-container\" class=\"nev7se\" data-cp=\"1\" data-nnttsvi=\"1\" data-sletp=\"false\" data-sm=\"1\" data-ssbp=\"false\" data-sugg-time=\"500\" data-sugg-url=\"https:\/\/clients1.google.com\/complete\/search\" data-uilc=\"zh-CN\" data-vil=\",af,af-ZA,am,am-ET,ar-EG,ar-AE,ar-KW,ar-QA,ar,ar-IL,ar-JO,ar-LB,ar-PS,az,az-AZ,bg,bg-BG,bn,bn-BD,bn-IN,ca,ca-es,cs,cs-CZ,de,de-DE,de-CH,de-AT,de-LI,en,en-US,en-CA,en-AU,en-NZ,en-GB,en-IN,en-KE,en-TZ,en-NG,en-GH,en-PH,en-ZA,es,es-ES,es-AR,es-UY,es-419,es-BO,es-CL,es-CR,es-CO,es-DO,es-EC,es-GT,es-HN,es-NI,es-PA,es-PE,es-PR,es-PY,es-SV,es-VE,es-MX,es-US,eu,eu-ES,fi,fi-FI,fr,fr-FR,fr-CH,fr-BE,gl,gl-ES,gu,gu-IN,he,he-IL,iw,iw-IL,hu,hu-HU,hy,hy-AM,id,id-ID,is,is-IS,it,it-IT,it-CH,ja,ja-JP,jv,jv-ID,ka,ka-GE,km,km-KH,kn,kn-IN,ko,ko-KR,la,lo,lo-LA,lv,lv-LV,ml,ml-IN,mr,mr-IN,ms,ms-MY,nl,nl-NL,nb,nb-NO,ne,ne-NP,pl,pl-PL,pt,pt-BR,pt-PT,ro,ro-RO,ru,ru-RU,si-LK,sk,sk-SK,sr,sr-RS,su,su-ID,sv,sv-SE,sw,sw-TZ,sw-KE,ta,ta-IN,ta-SG,ta-LK,ta-MY,te,te-IN,tr,tr-TR,ur,ur-PK,ur-IN,yue,yue-HK,yue-Hant-HK,zh-HK,zh,zh-CN,zh-cmn,zh-cmn-CN,zh-Hans,zh-Hans-CN,zh-cmn-Hans,zh-cmn-Hans-CN,cmn-CN,cmn-Hans,cmn-Hans-CN,zh-TW,zh-Hant-TW,cmn-TW,cmn-Hant-TW,zh-cmn-TW,zh-cmn-Hant-TW,zu,zu-ZA,hi,hi-IN,tl,tl-PH,pa,pa-IN\">\n<div id=\"tw-ob\" class=\"tw-src-ltr\">\n<div class=\"oSioSc\">\n<div id=\"tw-target\">\n<div id=\"kAz1tf\" class=\"g9WsWb PZPZlf\" data-attrid=\"tw-targetArea\" data-entityname=\"Google Translate\">\n<div id=\"tw-target-text-container\" class=\"tw-ta-container tw-nfl\" role=\"text\">\n<div class=\"tw-ta-container tw-nfl\" role=\"text\">\n<p>Caf\u00e9tische und -st\u00fchle im Gro\u00dfhandel. Diese Serie umfasst passende runde Zweisitzer-Caf\u00e9-Tische und Sessel, die eine flexible Raumplanung erm\u00f6glichen. Der warme Stil schafft eine entspannte und komfortable Atmosph\u00e4re beim Essen. Geeignet f\u00fcr verschiedene gewerbliche Einrichtungen wie Caf\u00e9s, Dessertshops, Buchhandlungen und kleine Restaurants. Kontaktieren Sie uns f\u00fcr ein Angebot.<\/p>\n<\/div>\n<\/div>\n<\/div>\n<\/div>\n<\/div>\n<\/div>\n<\/div>\n<h2>Spezifikationen von Cafe Tisch und Stuhl Set<\/h2>\n<table width=\"668\">\n<tbody>\n<tr>\n<td width=\"143\">Modell<\/td>\n<td width=\"525\">1156<\/td>\n<\/tr>\n<tr>\n<td width=\"143\">Kategorie<\/td>\n<td width=\"525\">M\u00f6bel f\u00fcr Caf\u00e9s<\/td>\n<\/tr>\n<tr>\n<td width=\"143\">Produktname<\/td>\n<td width=\"525\">Tische und St\u00fchle f\u00fcr Caf\u00e9s<\/td>\n<\/tr>\n<tr>\n<td width=\"143\">Anpassungsoptionen<\/td>\n<td width=\"525\">Stil\/Farbe\/Gr\u00f6\u00dfe\/Material<\/td>\n<\/tr>\n<tr>\n<td width=\"143\">Tabelle<\/td>\n<td width=\"525\">Tischbeine aus mehrschichtigem Sperrholz + Tischbeine aus Massivholz<\/td>\n<\/tr>\n<tr>\n<td width=\"143\">Stuhl<\/td>\n<td width=\"525\">Rahmen aus geflochtenem Rattan aus Massivholz + hochdichter Schwamm + hochwertiges Nappaleder<\/td>\n<\/tr>\n<tr>\n<td width=\"143\">Anwendung Szene<\/td>\n<td width=\"525\">caf\u00e9 \/ Kaffeehaus<\/td>\n<\/tr>\n<tr>\n<td width=\"143\">Farbe<\/td>\n<td width=\"525\">Walnuss\/Cremefarben (anpassbar)<\/td>\n<\/tr>\n<tr>\n<td width=\"143\">Material<\/td>\n<td width=\"525\">Massivholz\/Sperrholz\/Metall\/Leder\/Schaumstoff<\/td>\n<\/tr>\n<tr>\n<td width=\"143\">\n<p>Stil<\/p>\n<\/td>\n<td width=\"525\">\n<p id=\"tw-target-text\" class=\"tw-data-text tw-text-large tw-ta\" dir=\"ltr\" role=\"text\" data-placeholder=\"\u7ffb\u8bd1\" data-ved=\"2ahUKEwiny42x3KyRAxUyFzQIHU5LCvcQ3ewLegQIDBAV\" aria-label=\"\u8bd1\u6587\uff1aModern\">Wabi-Sabi<\/p>\n<\/td>\n<\/tr>\n<\/tbody>\n<\/table>\n<p>&nbsp;<\/p>\n<p>&nbsp;<\/p>\n<p>\n<script src=\"chrome-extension:\/\/fpelahbljekknahkcaegamhcndkfpfnc\/iFrame.js\" type=\"text\/javascript\"><\/script><\/p>","protected":false},"featured_media":3301,"comment_status":"closed","ping_status":"closed","template":"","meta":{"_acf_changed":true},"product_brand":[],"product_cat":[20],"product_tag":[],"class_list":{"0":"post-3300","1":"product","2":"type-product","3":"status-publish","4":"has-post-thumbnail","6":"product_cat-wholesale-cafe-furniture","8":"first","9":"instock","10":"shipping-taxable","11":"product-type-simple"},"acf":[],"_links":{"self":[{"href":"https:\/\/www.youmushiguang.com\/de\/wp-json\/wp\/v2\/product\/3300","targetHints":{"allow":["GET"]}}],"collection":[{"href":"https:\/\/www.youmushiguang.com\/de\/wp-json\/wp\/v2\/product"}],"about":[{"href":"https:\/\/www.youmushiguang.com\/de\/wp-json\/wp\/v2\/types\/product"}],"replies":[{"embeddable":true,"href":"https:\/\/www.youmushiguang.com\/de\/wp-json\/wp\/v2\/comments?post=3300"}],"wp:featuredmedia":[{"embeddable":true,"href":"https:\/\/www.youmushiguang.com\/de\/wp-json\/wp\/v2\/media\/3301"}],"wp:attachment":[{"href":"https:\/\/www.youmushiguang.com\/de\/wp-json\/wp\/v2\/media?parent=3300"}],"wp:term":[{"taxonomy":"product_brand","embeddable":true,"href":"https:\/\/www.youmushiguang.com\/de\/wp-json\/wp\/v2\/product_brand?post=3300"},{"taxonomy":"product_cat","embeddable":true,"href":"https:\/\/www.youmushiguang.com\/de\/wp-json\/wp\/v2\/product_cat?post=3300"},{"taxonomy":"product_tag","embeddable":true,"href":"https:\/\/www.youmushiguang.com\/de\/wp-json\/wp\/v2\/product_tag?post=3300"}],"curies":[{"name":"wp","href":"https:\/\/api.w.org\/{rel}","templated":true}]}}