{"id":3470,"date":"2025-12-15T01:01:05","date_gmt":"2025-12-15T01:01:05","guid":{"rendered":"https:\/\/www.youmushiguang.com\/?post_type=product&#038;p=3470"},"modified":"2026-04-22T07:11:30","modified_gmt":"2026-04-22T07:11:30","slug":"cafe-table-and-chair-set-supplier","status":"publish","type":"product","link":"https:\/\/www.youmushiguang.com\/de\/product\/cafe-table-and-chair-set-supplier\/","title":{"rendered":"Custom-made Cafe Table and Chair Sets Wholesaler, Modern and Minimalist Style &#8211; Tables, Chairs, and Booth Seating."},"content":{"rendered":"<div class=\"wp-block-columns is-layout-flex wp-container-core-columns-is-layout-9d6595d7 wp-block-columns-is-layout-flex\">\n<div class=\"wp-block-column is-layout-flow wp-block-column-is-layout-flow\" style=\"flex-basis:25%\"><\/div>\n\n\n\n<div class=\"wp-block-column is-layout-flow wp-block-column-is-layout-flow\" style=\"flex-basis:50%\">\n<figure class=\"wp-block-image size-full\"><img decoding=\"async\" width=\"790\" height=\"2111\" src=\"https:\/\/www.youmushiguang.com\/wp-content\/uploads\/2025\/12\/116-1-1.webp\" alt=\"\" class=\"wp-image-3481\" srcset=\"https:\/\/www.youmushiguang.com\/wp-content\/uploads\/2025\/12\/116-1-1.webp 790w, https:\/\/www.youmushiguang.com\/wp-content\/uploads\/2025\/12\/116-1-1-112x300.webp 112w, https:\/\/www.youmushiguang.com\/wp-content\/uploads\/2025\/12\/116-1-1-768x2052.webp 768w, https:\/\/www.youmushiguang.com\/wp-content\/uploads\/2025\/12\/116-1-1-4x12.webp 4w, https:\/\/www.youmushiguang.com\/wp-content\/uploads\/2025\/12\/116-1-1-600x1603.webp 600w\" sizes=\"(max-width: 790px) 100vw, 790px\" \/><\/figure>\n\n\n\n<figure class=\"wp-block-image size-full\"><img decoding=\"async\" width=\"790\" height=\"2238\" src=\"https:\/\/www.youmushiguang.com\/wp-content\/uploads\/2025\/12\/116-1-2.webp\" alt=\"\" class=\"wp-image-3482\" srcset=\"https:\/\/www.youmushiguang.com\/wp-content\/uploads\/2025\/12\/116-1-2.webp 790w, https:\/\/www.youmushiguang.com\/wp-content\/uploads\/2025\/12\/116-1-2-106x300.webp 106w, https:\/\/www.youmushiguang.com\/wp-content\/uploads\/2025\/12\/116-1-2-768x2176.webp 768w, https:\/\/www.youmushiguang.com\/wp-content\/uploads\/2025\/12\/116-1-2-4x12.webp 4w, https:\/\/www.youmushiguang.com\/wp-content\/uploads\/2025\/12\/116-1-2-600x1700.webp 600w\" sizes=\"(max-width: 790px) 100vw, 790px\" \/><\/figure>\n\n\n\n<figure class=\"wp-block-image size-full\"><img decoding=\"async\" width=\"790\" height=\"2399\" src=\"https:\/\/www.youmushiguang.com\/wp-content\/uploads\/2025\/12\/116-1-3.webp\" alt=\"\" class=\"wp-image-3483\" srcset=\"https:\/\/www.youmushiguang.com\/wp-content\/uploads\/2025\/12\/116-1-3.webp 790w, https:\/\/www.youmushiguang.com\/wp-content\/uploads\/2025\/12\/116-1-3-99x300.webp 99w, https:\/\/www.youmushiguang.com\/wp-content\/uploads\/2025\/12\/116-1-3-768x2332.webp 768w, https:\/\/www.youmushiguang.com\/wp-content\/uploads\/2025\/12\/116-1-3-4x12.webp 4w, https:\/\/www.youmushiguang.com\/wp-content\/uploads\/2025\/12\/116-1-3-600x1822.webp 600w\" sizes=\"(max-width: 790px) 100vw, 790px\" \/><\/figure>\n\n\n\n<figure class=\"wp-block-image size-full\"><img decoding=\"async\" width=\"790\" height=\"2567\" src=\"https:\/\/www.youmushiguang.com\/wp-content\/uploads\/2025\/12\/116-1-4.webp\" alt=\"\" class=\"wp-image-3484\" srcset=\"https:\/\/www.youmushiguang.com\/wp-content\/uploads\/2025\/12\/116-1-4.webp 790w, https:\/\/www.youmushiguang.com\/wp-content\/uploads\/2025\/12\/116-1-4-92x300.webp 92w, https:\/\/www.youmushiguang.com\/wp-content\/uploads\/2025\/12\/116-1-4-768x2496.webp 768w, https:\/\/www.youmushiguang.com\/wp-content\/uploads\/2025\/12\/116-1-4-4x12.webp 4w, https:\/\/www.youmushiguang.com\/wp-content\/uploads\/2025\/12\/116-1-4-600x1950.webp 600w\" sizes=\"(max-width: 790px) 100vw, 790px\" \/><\/figure>\n<\/div>\n\n\n\n<div class=\"wp-block-column is-layout-flow wp-block-column-is-layout-flow\" style=\"flex-basis:25%\"><\/div>\n<\/div>\n\n\n\n<p><\/p>","protected":false},"excerpt":{"rendered":"<div id=\"tw-container\" class=\"nev7se\" data-cp=\"1\" data-nnttsvi=\"1\" data-sletp=\"false\" data-sm=\"1\" data-ssbp=\"false\" data-sugg-time=\"500\" data-sugg-url=\"https:\/\/clients1.google.com\/complete\/search\" data-uilc=\"zh-CN\" data-vil=\",af,af-ZA,am,am-ET,ar-EG,ar-AE,ar-KW,ar-QA,ar,ar-IL,ar-JO,ar-LB,ar-PS,az,az-AZ,bg,bg-BG,bn,bn-BD,bn-IN,ca,ca-es,cs,cs-CZ,de,de-DE,de-CH,de-AT,de-LI,en,en-US,en-CA,en-AU,en-NZ,en-GB,en-IN,en-KE,en-TZ,en-NG,en-GH,en-PH,en-ZA,es,es-ES,es-AR,es-UY,es-419,es-BO,es-CL,es-CR,es-CO,es-DO,es-EC,es-GT,es-HN,es-NI,es-PA,es-PE,es-PR,es-PY,es-SV,es-VE,es-MX,es-US,eu,eu-ES,fi,fi-FI,fr,fr-FR,fr-CH,fr-BE,gl,gl-ES,gu,gu-IN,he,he-IL,iw,iw-IL,hu,hu-HU,hy,hy-AM,id,id-ID,is,is-IS,it,it-IT,it-CH,ja,ja-JP,jv,jv-ID,ka,ka-GE,km,km-KH,kn,kn-IN,ko,ko-KR,la,lo,lo-LA,lv,lv-LV,ml,ml-IN,mr,mr-IN,ms,ms-MY,nl,nl-NL,nb,nb-NO,ne,ne-NP,pl,pl-PL,pt,pt-BR,pt-PT,ro,ro-RO,ru,ru-RU,si-LK,sk,sk-SK,sr,sr-RS,su,su-ID,sv,sv-SE,sw,sw-TZ,sw-KE,ta,ta-IN,ta-SG,ta-LK,ta-MY,te,te-IN,tr,tr-TR,ur,ur-PK,ur-IN,yue,yue-HK,yue-Hant-HK,zh-HK,zh,zh-CN,zh-cmn,zh-cmn-CN,zh-Hans,zh-Hans-CN,zh-cmn-Hans,zh-cmn-Hans-CN,cmn-CN,cmn-Hans,cmn-Hans-CN,zh-TW,zh-Hant-TW,cmn-TW,cmn-Hant-TW,zh-cmn-TW,zh-cmn-Hant-TW,zu,zu-ZA,hi,hi-IN,tl,tl-PH,pa,pa-IN\">\n<div id=\"tw-ob\" class=\"tw-src-ltr\">\n<div class=\"oSioSc\">\n<div id=\"tw-target\">\n<div id=\"kAz1tf\" class=\"g9WsWb PZPZlf\" data-attrid=\"tw-targetArea\" data-entityname=\"Google Translate\">\n<div id=\"tw-target-text-container\" class=\"tw-ta-container tw-nfl\" role=\"text\">\n<div class=\"tw-ta-container tw-nfl\" role=\"text\">\n<p>Wholesale cafe table and chair set for cafe and bubble tea shop. This series is highly consistent in style, capable of quickly creating professional, high-end, and coherent restaurant themes, enhancing brand image and user experience. Suitable for various commercial venues such as cafes, dessert shops, and small restaurants. Contact us for a quote.<\/p>\n<p>As a well-known <a href=\"https:\/\/www.youmushiguang.com\/de\/product-category\/wholesale-cafe-furniture\/\"><strong>cafe table and chair set manufacturer<\/strong><\/a>, Youmu Shiguang Furniture supports your OEM and ODM solution for commercial projects.<\/p>\n<\/div>\n<\/div>\n<\/div>\n<\/div>\n<\/div>\n<\/div>\n<\/div>\n<h2>Spezifikationen von Cafe Tisch und Stuhl Set<\/h2>\n<table width=\"668\">\n<tbody>\n<tr>\n<td width=\"143\">Modell<\/td>\n<td width=\"525\">116<\/td>\n<\/tr>\n<tr>\n<td width=\"143\">Kategorie<\/td>\n<td width=\"525\">M\u00f6bel f\u00fcr Caf\u00e9s<\/td>\n<\/tr>\n<tr>\n<td width=\"143\">Produktname<\/td>\n<td width=\"525\">Tische und St\u00fchle f\u00fcr Caf\u00e9s<\/td>\n<\/tr>\n<tr>\n<td width=\"143\">Anpassungsoptionen<\/td>\n<td width=\"525\">Stil\/Farbe\/Gr\u00f6\u00dfe\/Material<\/td>\n<\/tr>\n<tr>\n<td width=\"143\">Tabelle<\/td>\n<td width=\"525\">Multi-layer plywood tabletop + metal table legs<\/td>\n<\/tr>\n<tr>\n<td width=\"143\">Stuhl<\/td>\n<td width=\"525\">metal frame + premium leather upholstery + Wooden backrest and seat<\/td>\n<\/tr>\n<tr>\n<td width=\"143\">Stand<\/td>\n<td width=\"525\">Mehrschichtige Sperrholz-Tischplatte + hochwertige Nappaleder-Polsterung<\/td>\n<\/tr>\n<tr>\n<td width=\"143\">Anwendung Szene<\/td>\n<td width=\"525\">Cafe \/ Kaffeehaus \/ Restaurant<\/td>\n<\/tr>\n<tr>\n<td width=\"143\">Farbe<\/td>\n<td width=\"525\">Walnuss\/Cremefarben (anpassbar)<\/td>\n<\/tr>\n<tr>\n<td width=\"143\">Material<\/td>\n<td width=\"525\">Massivholz\/Sperrholz\/Metall\/Leder\/Schaumstoff<\/td>\n<\/tr>\n<tr>\n<td width=\"143\">Stil<\/td>\n<td width=\"525\">modern<\/td>\n<\/tr>\n<\/tbody>\n<\/table>\n<p>&nbsp;<\/p>\n<p>&nbsp;<\/p>\n<p>\n<script src=\"chrome-extension:\/\/fpelahbljekknahkcaegamhcndkfpfnc\/iFrame.js\" type=\"text\/javascript\"><\/script><\/p>","protected":false},"featured_media":3471,"comment_status":"closed","ping_status":"closed","template":"","meta":{"_acf_changed":true},"product_brand":[],"product_cat":[20,24,36],"product_tag":[],"class_list":{"0":"post-3470","1":"product","2":"type-product","3":"status-publish","4":"has-post-thumbnail","6":"product_cat-wholesale-cafe-furniture","7":"product_cat-wholesale-restaurant-furniture","8":"product_cat-wholesale-coffee-shop-restaurant-furniture","10":"first","11":"instock","12":"shipping-taxable","13":"product-type-simple"},"acf":[],"_links":{"self":[{"href":"https:\/\/www.youmushiguang.com\/de\/wp-json\/wp\/v2\/product\/3470","targetHints":{"allow":["GET"]}}],"collection":[{"href":"https:\/\/www.youmushiguang.com\/de\/wp-json\/wp\/v2\/product"}],"about":[{"href":"https:\/\/www.youmushiguang.com\/de\/wp-json\/wp\/v2\/types\/product"}],"replies":[{"embeddable":true,"href":"https:\/\/www.youmushiguang.com\/de\/wp-json\/wp\/v2\/comments?post=3470"}],"wp:featuredmedia":[{"embeddable":true,"href":"https:\/\/www.youmushiguang.com\/de\/wp-json\/wp\/v2\/media\/3471"}],"wp:attachment":[{"href":"https:\/\/www.youmushiguang.com\/de\/wp-json\/wp\/v2\/media?parent=3470"}],"wp:term":[{"taxonomy":"product_brand","embeddable":true,"href":"https:\/\/www.youmushiguang.com\/de\/wp-json\/wp\/v2\/product_brand?post=3470"},{"taxonomy":"product_cat","embeddable":true,"href":"https:\/\/www.youmushiguang.com\/de\/wp-json\/wp\/v2\/product_cat?post=3470"},{"taxonomy":"product_tag","embeddable":true,"href":"https:\/\/www.youmushiguang.com\/de\/wp-json\/wp\/v2\/product_tag?post=3470"}],"curies":[{"name":"wp","href":"https:\/\/api.w.org\/{rel}","templated":true}]}}