{"id":3598,"date":"2026-02-24T04:20:23","date_gmt":"2026-02-24T04:20:23","guid":{"rendered":"https:\/\/www.youmushiguang.com\/?post_type=product&#038;p=3598"},"modified":"2026-02-24T04:24:20","modified_gmt":"2026-02-24T04:24:20","slug":"wholesale-lobby-sectional-sofa-chair","status":"publish","type":"product","link":"https:\/\/www.youmushiguang.com\/de\/product\/wholesale-lobby-sectional-sofa-chair\/","title":{"rendered":"Factory Supply kommerziellen Lobby M\u00f6bel, Hotel Lobby Sofa und Stuhl Set - Kauf direkt von unserer Fabrik"},"content":{"rendered":"<div class=\"wp-block-columns is-layout-flex wp-container-core-columns-is-layout-9d6595d7 wp-block-columns-is-layout-flex\">\n<div class=\"wp-block-column is-layout-flow wp-block-column-is-layout-flow\" style=\"flex-basis:25%\"><\/div>\n\n\n\n<div class=\"wp-block-column is-layout-flow wp-block-column-is-layout-flow\" style=\"flex-basis:50%\">\n<figure class=\"wp-block-image size-full\"><img decoding=\"async\" width=\"1008\" height=\"1375\" src=\"https:\/\/www.youmushiguang.com\/wp-content\/uploads\/2025\/12\/71-1-1.webp\" alt=\"\" class=\"wp-image-3610\" srcset=\"https:\/\/www.youmushiguang.com\/wp-content\/uploads\/2025\/12\/71-1-1.webp 1008w, https:\/\/www.youmushiguang.com\/wp-content\/uploads\/2025\/12\/71-1-1-220x300.webp 220w, https:\/\/www.youmushiguang.com\/wp-content\/uploads\/2025\/12\/71-1-1-768x1048.webp 768w, https:\/\/www.youmushiguang.com\/wp-content\/uploads\/2025\/12\/71-1-1-9x12.webp 9w, https:\/\/www.youmushiguang.com\/wp-content\/uploads\/2025\/12\/71-1-1-600x818.webp 600w\" sizes=\"(max-width: 1008px) 100vw, 1008px\" \/><\/figure>\n\n\n\n<figure class=\"wp-block-image size-full\"><img decoding=\"async\" width=\"750\" height=\"1496\" src=\"https:\/\/www.youmushiguang.com\/wp-content\/uploads\/2025\/12\/71-1-1_1.webp\" alt=\"\" class=\"wp-image-3611\" srcset=\"https:\/\/www.youmushiguang.com\/wp-content\/uploads\/2025\/12\/71-1-1_1.webp 750w, https:\/\/www.youmushiguang.com\/wp-content\/uploads\/2025\/12\/71-1-1_1-150x300.webp 150w, https:\/\/www.youmushiguang.com\/wp-content\/uploads\/2025\/12\/71-1-1_1-6x12.webp 6w, https:\/\/www.youmushiguang.com\/wp-content\/uploads\/2025\/12\/71-1-1_1-600x1197.webp 600w\" sizes=\"(max-width: 750px) 100vw, 750px\" \/><\/figure>\n\n\n\n<figure class=\"wp-block-image size-full\"><img decoding=\"async\" width=\"750\" height=\"1939\" src=\"https:\/\/www.youmushiguang.com\/wp-content\/uploads\/2025\/12\/71-1-2.webp\" alt=\"\" class=\"wp-image-3614\" srcset=\"https:\/\/www.youmushiguang.com\/wp-content\/uploads\/2025\/12\/71-1-2.webp 750w, https:\/\/www.youmushiguang.com\/wp-content\/uploads\/2025\/12\/71-1-2-116x300.webp 116w, https:\/\/www.youmushiguang.com\/wp-content\/uploads\/2025\/12\/71-1-2-5x12.webp 5w, https:\/\/www.youmushiguang.com\/wp-content\/uploads\/2025\/12\/71-1-2-600x1551.webp 600w\" sizes=\"(max-width: 750px) 100vw, 750px\" \/><\/figure>\n\n\n\n<figure class=\"wp-block-image size-full\"><img decoding=\"async\" width=\"750\" height=\"1235\" src=\"https:\/\/www.youmushiguang.com\/wp-content\/uploads\/2025\/12\/71-1-3-1.webp\" alt=\"\" class=\"wp-image-3615\" srcset=\"https:\/\/www.youmushiguang.com\/wp-content\/uploads\/2025\/12\/71-1-3-1.webp 750w, https:\/\/www.youmushiguang.com\/wp-content\/uploads\/2025\/12\/71-1-3-1-182x300.webp 182w, https:\/\/www.youmushiguang.com\/wp-content\/uploads\/2025\/12\/71-1-3-1-7x12.webp 7w, https:\/\/www.youmushiguang.com\/wp-content\/uploads\/2025\/12\/71-1-3-1-600x988.webp 600w\" sizes=\"(max-width: 750px) 100vw, 750px\" \/><\/figure>\n<\/div>\n\n\n\n<div class=\"wp-block-column is-layout-flow wp-block-column-is-layout-flow\" style=\"flex-basis:25%\"><\/div>\n<\/div>\n\n\n\n<div class=\"wp-block-columns is-layout-flex wp-container-core-columns-is-layout-9d6595d7 wp-block-columns-is-layout-flex\">\n<div class=\"wp-block-column is-layout-flow wp-block-column-is-layout-flow\" style=\"flex-basis:25%\"><\/div>\n\n\n\n<div class=\"wp-block-column is-layout-flow wp-block-column-is-layout-flow\" style=\"flex-basis:50%\">\n<figure class=\"wp-block-image size-full\"><img decoding=\"async\" width=\"750\" height=\"1249\" src=\"https:\/\/www.youmushiguang.com\/wp-content\/uploads\/2025\/12\/71-1-4.webp\" alt=\"\" class=\"wp-image-3616\" srcset=\"https:\/\/www.youmushiguang.com\/wp-content\/uploads\/2025\/12\/71-1-4.webp 750w, https:\/\/www.youmushiguang.com\/wp-content\/uploads\/2025\/12\/71-1-4-180x300.webp 180w, https:\/\/www.youmushiguang.com\/wp-content\/uploads\/2025\/12\/71-1-4-7x12.webp 7w, https:\/\/www.youmushiguang.com\/wp-content\/uploads\/2025\/12\/71-1-4-600x999.webp 600w\" sizes=\"(max-width: 750px) 100vw, 750px\" \/><\/figure>\n\n\n\n<figure class=\"wp-block-image size-full\"><img decoding=\"async\" width=\"750\" height=\"1435\" src=\"https:\/\/www.youmushiguang.com\/wp-content\/uploads\/2025\/12\/71-1-5.webp\" alt=\"\" class=\"wp-image-3617\" srcset=\"https:\/\/www.youmushiguang.com\/wp-content\/uploads\/2025\/12\/71-1-5.webp 750w, https:\/\/www.youmushiguang.com\/wp-content\/uploads\/2025\/12\/71-1-5-157x300.webp 157w, https:\/\/www.youmushiguang.com\/wp-content\/uploads\/2025\/12\/71-1-5-6x12.webp 6w, https:\/\/www.youmushiguang.com\/wp-content\/uploads\/2025\/12\/71-1-5-600x1148.webp 600w\" sizes=\"(max-width: 750px) 100vw, 750px\" \/><\/figure>\n\n\n\n<figure class=\"wp-block-image size-full\"><img decoding=\"async\" width=\"750\" height=\"1454\" src=\"https:\/\/www.youmushiguang.com\/wp-content\/uploads\/2025\/12\/71-1-6.webp\" alt=\"\" class=\"wp-image-3618\" srcset=\"https:\/\/www.youmushiguang.com\/wp-content\/uploads\/2025\/12\/71-1-6.webp 750w, https:\/\/www.youmushiguang.com\/wp-content\/uploads\/2025\/12\/71-1-6-155x300.webp 155w, https:\/\/www.youmushiguang.com\/wp-content\/uploads\/2025\/12\/71-1-6-6x12.webp 6w, https:\/\/www.youmushiguang.com\/wp-content\/uploads\/2025\/12\/71-1-6-600x1163.webp 600w\" sizes=\"(max-width: 750px) 100vw, 750px\" \/><\/figure>\n\n\n\n<figure class=\"wp-block-image size-full\"><img decoding=\"async\" width=\"750\" height=\"1423\" src=\"https:\/\/www.youmushiguang.com\/wp-content\/uploads\/2025\/12\/71-1-7.webp\" alt=\"\" class=\"wp-image-3619\" srcset=\"https:\/\/www.youmushiguang.com\/wp-content\/uploads\/2025\/12\/71-1-7.webp 750w, https:\/\/www.youmushiguang.com\/wp-content\/uploads\/2025\/12\/71-1-7-158x300.webp 158w, https:\/\/www.youmushiguang.com\/wp-content\/uploads\/2025\/12\/71-1-7-6x12.webp 6w, https:\/\/www.youmushiguang.com\/wp-content\/uploads\/2025\/12\/71-1-7-600x1138.webp 600w\" sizes=\"(max-width: 750px) 100vw, 750px\" \/><\/figure>\n<\/div>\n\n\n\n<div class=\"wp-block-column is-layout-flow wp-block-column-is-layout-flow\" style=\"flex-basis:25%\"><\/div>\n<\/div>\n\n\n\n<p><\/p>","protected":false},"excerpt":{"rendered":"<p>Modernes Hotel-Lobby-M\u00f6bel-Set mit eleganten schwarzen Sofas, stilvollen Sesseln und eleganten Tischen mit Marmorplatte. Perfekt, um einen luxuri\u00f6sen, komfortablen und einladenden Raum in Hotels, Lounges und Gesch\u00e4ftsr\u00e4umen zu schaffen. Als <a href=\"https:\/\/www.youmushiguang.com\/de\/product-category\/wholesale-lobby-furniture\/\" target=\"_blank\" rel=\"noopener\"><strong>Hersteller von kommerziellen Lobby-M\u00f6beln<\/strong><\/a>, bieten wir Werksangebote an, die erhebliche Kosteneinsparungen f\u00fcr Hotels, B\u00fcrogeb\u00e4ude und gro\u00dfe gewerbliche Projekte erm\u00f6glichen. Importeure, H\u00e4ndler, Hotels und Bauunternehmer sind herzlich eingeladen, sich mit uns in Verbindung zu setzen.<\/p>\n<h2>Spezifikationen f\u00fcr Modernes Lobby Sektionssofa Set<\/h2>\n<table style=\"border-collapse: collapse; width: 630px; height: 368px;\" border=\"0\" width=\"668\" cellspacing=\"0\" cellpadding=\"0\">\n<tbody>\n<tr style=\"height: 13.50pt;\">\n<td class=\"et2\" style=\"height: 13.50pt; width: 107.25pt;\" width=\"143\" height=\"18\">Modell<\/td>\n<td class=\"et3\" style=\"width: 393.75pt;\" width=\"525\">71<\/td>\n<\/tr>\n<tr style=\"height: 15.00pt;\">\n<td class=\"et2\" style=\"height: 15.00pt; width: 107.25pt;\" width=\"143\" height=\"20\">Kategorie<\/td>\n<td class=\"et3\" style=\"width: 393.75pt;\" width=\"525\">Lobby-M\u00f6bel\/B\u00fcro-Empfangsm\u00f6bel<\/td>\n<\/tr>\n<tr style=\"height: 13.50pt;\">\n<td class=\"et2\" style=\"height: 13.50pt; width: 107.25pt;\" width=\"143\" height=\"18\">Produktname<\/td>\n<td class=\"et3\" style=\"width: 393.75pt;\" width=\"525\">Lobby Empfangsbereich Tische und St\u00fchle<\/td>\n<\/tr>\n<tr style=\"height: 27.00pt;\">\n<td class=\"et2\" style=\"height: 27.00pt; width: 107.25pt;\" width=\"143\" height=\"36\">Anpassungsoptionen<\/td>\n<td class=\"et3\" style=\"width: 393.75pt;\" width=\"525\">Stil\/Farbe\/Gr\u00f6\u00dfe\/Material<\/td>\n<\/tr>\n<tr style=\"height: 27.00pt;\">\n<td class=\"et2\" style=\"height: 27.00pt; width: 107.25pt;\" width=\"143\" height=\"36\">Stuhl<\/td>\n<td class=\"et3\" style=\"width: 393.75pt;\" width=\"525\">Stabiler Massivholzrahmen + umweltfreundliches Nappaleder + hochdichter R\u00fcckprallschwamm<\/td>\n<\/tr>\n<tr style=\"height: 13.50pt;\">\n<td class=\"et2\" style=\"height: 13.50pt; width: 107.25pt;\" width=\"143\" height=\"18\">Tabelle<\/td>\n<td class=\"et3\" style=\"width: 393.75pt;\" width=\"525\">Hochwertige Glastischplatte + Massivholzgestell<\/td>\n<\/tr>\n<tr style=\"height: 27.00pt;\">\n<td class=\"et2\" style=\"height: 27.00pt; width: 107.25pt;\" width=\"143\" height=\"36\">Langes Sofa<\/td>\n<td class=\"et3\" style=\"width: 393.75pt;\" width=\"525\">Stabiler Massivholzrahmen + umweltfreundliches Nappaleder + hochdichter R\u00fcckprallschwamm<\/td>\n<\/tr>\n<tr style=\"height: 27.00pt;\">\n<td class=\"et2\" style=\"height: 27.00pt; width: 107.25pt;\" width=\"143\" height=\"36\">Anwendung Szene<\/td>\n<td class=\"et3\" style=\"width: 393.75pt;\" width=\"525\">Hotel Lobby\/Rezeptionsraum\/4S Gesch\u00e4ft\/Rezeptionsbereich\/Verkaufsb\u00fcro Lounge-Bereich<\/td>\n<\/tr>\n<tr style=\"height: 13.50pt;\">\n<td class=\"et2\" style=\"height: 13.50pt; width: 107.25pt;\" width=\"143\" height=\"18\">Farbe<\/td>\n<td class=\"et3\" style=\"width: 393.75pt;\" width=\"525\">Orange\/Off-Wei\u00df\/Schwarz (anpassbar)<\/td>\n<\/tr>\n<tr style=\"height: 13.50pt;\">\n<td class=\"et2\" style=\"height: 13.50pt; width: 107.25pt;\" width=\"143\" height=\"18\">Material<\/td>\n<td class=\"et3\" style=\"width: 393.75pt;\" width=\"525\">Sperrholz\/Glas\/Massivholz\/Leder\/Schwamm<\/td>\n<\/tr>\n<tr style=\"height: 13.50pt;\">\n<td class=\"et2\" style=\"height: 13.50pt; width: 107.25pt;\" width=\"143\" height=\"18\">Stil<\/td>\n<td class=\"et3\" style=\"width: 393.75pt;\" width=\"525\">Modern und einfach<\/td>\n<\/tr>\n<\/tbody>\n<\/table>\n<p>&nbsp;<\/p>\n<p>&nbsp;<\/p>\n<p>\n<script src=\"chrome-extension:\/\/fpelahbljekknahkcaegamhcndkfpfnc\/iFrame.js\" type=\"text\/javascript\"><\/script><\/p>","protected":false},"featured_media":3599,"comment_status":"closed","ping_status":"closed","template":"","meta":{"_acf_changed":true},"product_brand":[],"product_cat":[23],"product_tag":[],"class_list":{"0":"post-3598","1":"product","2":"type-product","3":"status-publish","4":"has-post-thumbnail","6":"product_cat-wholesale-lobby-furniture","8":"first","9":"instock","10":"shipping-taxable","11":"product-type-simple"},"acf":[],"_links":{"self":[{"href":"https:\/\/www.youmushiguang.com\/de\/wp-json\/wp\/v2\/product\/3598","targetHints":{"allow":["GET"]}}],"collection":[{"href":"https:\/\/www.youmushiguang.com\/de\/wp-json\/wp\/v2\/product"}],"about":[{"href":"https:\/\/www.youmushiguang.com\/de\/wp-json\/wp\/v2\/types\/product"}],"replies":[{"embeddable":true,"href":"https:\/\/www.youmushiguang.com\/de\/wp-json\/wp\/v2\/comments?post=3598"}],"wp:featuredmedia":[{"embeddable":true,"href":"https:\/\/www.youmushiguang.com\/de\/wp-json\/wp\/v2\/media\/3599"}],"wp:attachment":[{"href":"https:\/\/www.youmushiguang.com\/de\/wp-json\/wp\/v2\/media?parent=3598"}],"wp:term":[{"taxonomy":"product_brand","embeddable":true,"href":"https:\/\/www.youmushiguang.com\/de\/wp-json\/wp\/v2\/product_brand?post=3598"},{"taxonomy":"product_cat","embeddable":true,"href":"https:\/\/www.youmushiguang.com\/de\/wp-json\/wp\/v2\/product_cat?post=3598"},{"taxonomy":"product_tag","embeddable":true,"href":"https:\/\/www.youmushiguang.com\/de\/wp-json\/wp\/v2\/product_tag?post=3598"}],"curies":[{"name":"wp","href":"https:\/\/api.w.org\/{rel}","templated":true}]}}