{"id":3905,"date":"2025-12-17T07:50:37","date_gmt":"2025-12-17T07:50:37","guid":{"rendered":"https:\/\/www.youmushiguang.com\/?post_type=product&#038;p=3905"},"modified":"2026-04-22T07:01:40","modified_gmt":"2026-04-22T07:01:40","slug":"wholesale-korean-style-minimalist-restaurant-furniture","status":"publish","type":"product","link":"https:\/\/www.youmushiguang.com\/de\/product\/wholesale-korean-style-minimalist-restaurant-furniture\/","title":{"rendered":"Bulk Korean-Style Minimalist Cafe &amp; Restaurant M\u00f6bel Gro\u00dfhandel"},"content":{"rendered":"<div class=\"wp-block-columns is-layout-flex wp-container-core-columns-is-layout-9d6595d7 wp-block-columns-is-layout-flex\">\n<div class=\"wp-block-column is-layout-flow wp-block-column-is-layout-flow\" style=\"flex-basis:25%\"><\/div>\n\n\n\n<div class=\"wp-block-column is-layout-flow wp-block-column-is-layout-flow\" style=\"flex-basis:50%\">\n<figure class=\"wp-block-image size-full\"><img decoding=\"async\" width=\"750\" height=\"336\" src=\"https:\/\/www.youmushiguang.com\/wp-content\/uploads\/2025\/12\/439-2-\u8be6\u60c5-1_1.webp\" alt=\"\" class=\"wp-image-3911\" srcset=\"https:\/\/www.youmushiguang.com\/wp-content\/uploads\/2025\/12\/439-2-\u8be6\u60c5-1_1.webp 750w, https:\/\/www.youmushiguang.com\/wp-content\/uploads\/2025\/12\/439-2-\u8be6\u60c5-1_1-300x134.webp 300w, https:\/\/www.youmushiguang.com\/wp-content\/uploads\/2025\/12\/439-2-\u8be6\u60c5-1_1-18x8.webp 18w, https:\/\/www.youmushiguang.com\/wp-content\/uploads\/2025\/12\/439-2-\u8be6\u60c5-1_1-600x269.webp 600w\" sizes=\"(max-width: 750px) 100vw, 750px\" \/><\/figure>\n\n\n\n<figure class=\"wp-block-image size-full\"><img decoding=\"async\" width=\"750\" height=\"1016\" src=\"https:\/\/www.youmushiguang.com\/wp-content\/uploads\/2025\/12\/439-2-\u8be6\u60c5-2.webp\" alt=\"\" class=\"wp-image-3912\" srcset=\"https:\/\/www.youmushiguang.com\/wp-content\/uploads\/2025\/12\/439-2-\u8be6\u60c5-2.webp 750w, https:\/\/www.youmushiguang.com\/wp-content\/uploads\/2025\/12\/439-2-\u8be6\u60c5-2-221x300.webp 221w, https:\/\/www.youmushiguang.com\/wp-content\/uploads\/2025\/12\/439-2-\u8be6\u60c5-2-9x12.webp 9w, https:\/\/www.youmushiguang.com\/wp-content\/uploads\/2025\/12\/439-2-\u8be6\u60c5-2-600x813.webp 600w\" sizes=\"(max-width: 750px) 100vw, 750px\" \/><\/figure>\n\n\n\n<figure class=\"wp-block-image size-full\"><img decoding=\"async\" width=\"750\" height=\"1385\" src=\"https:\/\/www.youmushiguang.com\/wp-content\/uploads\/2025\/12\/439-2-\u8be6\u60c5-2_1.webp\" alt=\"\" class=\"wp-image-3913\" srcset=\"https:\/\/www.youmushiguang.com\/wp-content\/uploads\/2025\/12\/439-2-\u8be6\u60c5-2_1.webp 750w, https:\/\/www.youmushiguang.com\/wp-content\/uploads\/2025\/12\/439-2-\u8be6\u60c5-2_1-162x300.webp 162w, https:\/\/www.youmushiguang.com\/wp-content\/uploads\/2025\/12\/439-2-\u8be6\u60c5-2_1-6x12.webp 6w, https:\/\/www.youmushiguang.com\/wp-content\/uploads\/2025\/12\/439-2-\u8be6\u60c5-2_1-600x1108.webp 600w\" sizes=\"(max-width: 750px) 100vw, 750px\" \/><\/figure>\n\n\n\n<figure class=\"wp-block-image size-full\"><img decoding=\"async\" width=\"750\" height=\"1016\" src=\"https:\/\/www.youmushiguang.com\/wp-content\/uploads\/2025\/12\/439-2-\u8be6\u60c5-2-1.webp\" alt=\"\" class=\"wp-image-3914\" srcset=\"https:\/\/www.youmushiguang.com\/wp-content\/uploads\/2025\/12\/439-2-\u8be6\u60c5-2-1.webp 750w, https:\/\/www.youmushiguang.com\/wp-content\/uploads\/2025\/12\/439-2-\u8be6\u60c5-2-1-221x300.webp 221w, https:\/\/www.youmushiguang.com\/wp-content\/uploads\/2025\/12\/439-2-\u8be6\u60c5-2-1-9x12.webp 9w, https:\/\/www.youmushiguang.com\/wp-content\/uploads\/2025\/12\/439-2-\u8be6\u60c5-2-1-600x813.webp 600w\" sizes=\"(max-width: 750px) 100vw, 750px\" \/><\/figure>\n\n\n\n<figure class=\"wp-block-image size-full\"><img decoding=\"async\" width=\"750\" height=\"380\" src=\"https:\/\/www.youmushiguang.com\/wp-content\/uploads\/2025\/12\/439-2-\u8be6\u60c5-3_1.webp\" alt=\"\" class=\"wp-image-3915\" srcset=\"https:\/\/www.youmushiguang.com\/wp-content\/uploads\/2025\/12\/439-2-\u8be6\u60c5-3_1.webp 750w, https:\/\/www.youmushiguang.com\/wp-content\/uploads\/2025\/12\/439-2-\u8be6\u60c5-3_1-300x152.webp 300w, https:\/\/www.youmushiguang.com\/wp-content\/uploads\/2025\/12\/439-2-\u8be6\u60c5-3_1-18x9.webp 18w, https:\/\/www.youmushiguang.com\/wp-content\/uploads\/2025\/12\/439-2-\u8be6\u60c5-3_1-600x304.webp 600w\" sizes=\"(max-width: 750px) 100vw, 750px\" \/><\/figure>\n\n\n\n<figure class=\"wp-block-image size-full\"><img decoding=\"async\" width=\"750\" height=\"1044\" src=\"https:\/\/www.youmushiguang.com\/wp-content\/uploads\/2025\/12\/439-2-\u8be6\u60c5-3.webp\" alt=\"\" class=\"wp-image-3916\" srcset=\"https:\/\/www.youmushiguang.com\/wp-content\/uploads\/2025\/12\/439-2-\u8be6\u60c5-3.webp 750w, https:\/\/www.youmushiguang.com\/wp-content\/uploads\/2025\/12\/439-2-\u8be6\u60c5-3-216x300.webp 216w, https:\/\/www.youmushiguang.com\/wp-content\/uploads\/2025\/12\/439-2-\u8be6\u60c5-3-9x12.webp 9w, https:\/\/www.youmushiguang.com\/wp-content\/uploads\/2025\/12\/439-2-\u8be6\u60c5-3-600x835.webp 600w\" sizes=\"(max-width: 750px) 100vw, 750px\" \/><\/figure>\n\n\n\n<figure class=\"wp-block-image size-full\"><img decoding=\"async\" width=\"750\" height=\"708\" src=\"https:\/\/www.youmushiguang.com\/wp-content\/uploads\/2025\/12\/439-2-\u8be6\u60c5-4.webp\" alt=\"\" class=\"wp-image-3917\" srcset=\"https:\/\/www.youmushiguang.com\/wp-content\/uploads\/2025\/12\/439-2-\u8be6\u60c5-4.webp 750w, https:\/\/www.youmushiguang.com\/wp-content\/uploads\/2025\/12\/439-2-\u8be6\u60c5-4-300x283.webp 300w, https:\/\/www.youmushiguang.com\/wp-content\/uploads\/2025\/12\/439-2-\u8be6\u60c5-4-13x12.webp 13w, https:\/\/www.youmushiguang.com\/wp-content\/uploads\/2025\/12\/439-2-\u8be6\u60c5-4-600x566.webp 600w\" sizes=\"(max-width: 750px) 100vw, 750px\" \/><\/figure>\n\n\n\n<figure class=\"wp-block-image size-full\"><img decoding=\"async\" width=\"750\" height=\"1986\" src=\"https:\/\/www.youmushiguang.com\/wp-content\/uploads\/2025\/12\/439-2-\u8be6\u60c5-5.webp\" alt=\"\" class=\"wp-image-3918\" srcset=\"https:\/\/www.youmushiguang.com\/wp-content\/uploads\/2025\/12\/439-2-\u8be6\u60c5-5.webp 750w, https:\/\/www.youmushiguang.com\/wp-content\/uploads\/2025\/12\/439-2-\u8be6\u60c5-5-113x300.webp 113w, https:\/\/www.youmushiguang.com\/wp-content\/uploads\/2025\/12\/439-2-\u8be6\u60c5-5-5x12.webp 5w, https:\/\/www.youmushiguang.com\/wp-content\/uploads\/2025\/12\/439-2-\u8be6\u60c5-5-600x1589.webp 600w\" sizes=\"(max-width: 750px) 100vw, 750px\" \/><\/figure>\n\n\n\n<figure class=\"wp-block-image size-full\"><img decoding=\"async\" width=\"750\" height=\"1387\" src=\"https:\/\/www.youmushiguang.com\/wp-content\/uploads\/2025\/12\/439-2-\u8be6\u60c5-6.webp\" alt=\"\" class=\"wp-image-3919\" srcset=\"https:\/\/www.youmushiguang.com\/wp-content\/uploads\/2025\/12\/439-2-\u8be6\u60c5-6.webp 750w, https:\/\/www.youmushiguang.com\/wp-content\/uploads\/2025\/12\/439-2-\u8be6\u60c5-6-162x300.webp 162w, https:\/\/www.youmushiguang.com\/wp-content\/uploads\/2025\/12\/439-2-\u8be6\u60c5-6-6x12.webp 6w, https:\/\/www.youmushiguang.com\/wp-content\/uploads\/2025\/12\/439-2-\u8be6\u60c5-6-600x1110.webp 600w\" sizes=\"(max-width: 750px) 100vw, 750px\" \/><\/figure>\n\n\n\n<figure class=\"wp-block-image size-full\"><img decoding=\"async\" width=\"750\" height=\"1134\" src=\"https:\/\/www.youmushiguang.com\/wp-content\/uploads\/2025\/12\/439-2-\u8be6\u60c5-7.webp\" alt=\"\" class=\"wp-image-3920\" srcset=\"https:\/\/www.youmushiguang.com\/wp-content\/uploads\/2025\/12\/439-2-\u8be6\u60c5-7.webp 750w, https:\/\/www.youmushiguang.com\/wp-content\/uploads\/2025\/12\/439-2-\u8be6\u60c5-7-198x300.webp 198w, https:\/\/www.youmushiguang.com\/wp-content\/uploads\/2025\/12\/439-2-\u8be6\u60c5-7-8x12.webp 8w, https:\/\/www.youmushiguang.com\/wp-content\/uploads\/2025\/12\/439-2-\u8be6\u60c5-7-600x907.webp 600w\" sizes=\"(max-width: 750px) 100vw, 750px\" \/><\/figure>\n\n\n\n<figure class=\"wp-block-image size-full\"><img decoding=\"async\" width=\"750\" height=\"2172\" src=\"https:\/\/www.youmushiguang.com\/wp-content\/uploads\/2025\/12\/439-2-\u8be6\u60c5-8.webp\" alt=\"\" class=\"wp-image-3921\" srcset=\"https:\/\/www.youmushiguang.com\/wp-content\/uploads\/2025\/12\/439-2-\u8be6\u60c5-8.webp 750w, https:\/\/www.youmushiguang.com\/wp-content\/uploads\/2025\/12\/439-2-\u8be6\u60c5-8-104x300.webp 104w, https:\/\/www.youmushiguang.com\/wp-content\/uploads\/2025\/12\/439-2-\u8be6\u60c5-8-4x12.webp 4w, https:\/\/www.youmushiguang.com\/wp-content\/uploads\/2025\/12\/439-2-\u8be6\u60c5-8-600x1738.webp 600w\" sizes=\"(max-width: 750px) 100vw, 750px\" \/><\/figure>\n<\/div>\n\n\n\n<div class=\"wp-block-column is-layout-flow wp-block-column-is-layout-flow\" style=\"flex-basis:25%\"><\/div>\n<\/div>\n\n\n\n<p><\/p>","protected":false},"excerpt":{"rendered":"<div id=\"tw-container\" class=\"nev7se\" data-cp=\"1\" data-nnttsvi=\"1\" data-sletp=\"false\" data-sm=\"1\" data-ssbp=\"false\" data-sugg-time=\"500\" data-sugg-url=\"https:\/\/clients1.google.com\/complete\/search\" data-uilc=\"zh-CN\" data-vil=\",af,af-ZA,am,am-ET,ar-EG,ar-AE,ar-KW,ar-QA,ar,ar-IL,ar-JO,ar-LB,ar-PS,az,az-AZ,bg,bg-BG,bn,bn-BD,bn-IN,ca,ca-es,cs,cs-CZ,de,de-DE,de-CH,de-AT,de-LI,en,en-US,en-CA,en-AU,en-NZ,en-GB,en-IN,en-KE,en-TZ,en-NG,en-GH,en-PH,en-ZA,es,es-ES,es-AR,es-UY,es-419,es-BO,es-CL,es-CR,es-CO,es-DO,es-EC,es-GT,es-HN,es-NI,es-PA,es-PE,es-PR,es-PY,es-SV,es-VE,es-MX,es-US,eu,eu-ES,fi,fi-FI,fr,fr-FR,fr-CH,fr-BE,gl,gl-ES,gu,gu-IN,he,he-IL,iw,iw-IL,hu,hu-HU,hy,hy-AM,id,id-ID,is,is-IS,it,it-IT,it-CH,ja,ja-JP,jv,jv-ID,ka,ka-GE,km,km-KH,kn,kn-IN,ko,ko-KR,la,lo,lo-LA,lv,lv-LV,ml,ml-IN,mr,mr-IN,ms,ms-MY,nl,nl-NL,nb,nb-NO,ne,ne-NP,pl,pl-PL,pt,pt-BR,pt-PT,ro,ro-RO,ru,ru-RU,si-LK,sk,sk-SK,sr,sr-RS,su,su-ID,sv,sv-SE,sw,sw-TZ,sw-KE,ta,ta-IN,ta-SG,ta-LK,ta-MY,te,te-IN,tr,tr-TR,ur,ur-PK,ur-IN,yue,yue-HK,yue-Hant-HK,zh-HK,zh,zh-CN,zh-cmn,zh-cmn-CN,zh-Hans,zh-Hans-CN,zh-cmn-Hans,zh-cmn-Hans-CN,cmn-CN,cmn-Hans,cmn-Hans-CN,zh-TW,zh-Hant-TW,cmn-TW,cmn-Hant-TW,zh-cmn-TW,zh-cmn-Hant-TW,zu,zu-ZA,hi,hi-IN,tl,tl-PH,pa,pa-IN\">\n<div id=\"tw-ob\" class=\"tw-src-ltr\">\n<div class=\"oSioSc\">\n<div id=\"tw-target\">\n<div id=\"kAz1tf\" class=\"g9WsWb PZPZlf\" data-attrid=\"tw-targetArea\" data-entityname=\"Google Translate\">\n<div id=\"tw-target-text-container\" class=\"tw-ta-container tw-nfl\" role=\"text\">\n<div class=\"tw-ta-container tw-nfl\" role=\"text\">\n<p>Bulk minimalistische Restaurant M\u00f6bel Fabrik Versorgung. Aktualisieren Sie Ihre Gesch\u00e4ftsr\u00e4ume mit diesen minimalistischen M\u00f6beln im koreanischen Stil. Der Kern dieses M\u00f6belsets liegt in seinem minimalistischen Design im Kastenstil. Jeder Stuhl ist wie ein pr\u00e4ziser Baustein, der Ihren Raum gut organisiert und visuell erfrischend macht. Es ist perfekt f\u00fcr Restaurants, Caf\u00e9s, Bistros und Dessertshops. Gro\u00dfeinkauf m\u00f6glich. Kontaktieren Sie uns jetzt!<\/p>\n<\/div>\n<\/div>\n<\/div>\n<\/div>\n<\/div>\n<\/div>\n<\/div>\n<h2>Spezifikationen f\u00fcr minimalistische Restaurantm\u00f6bel<\/h2>\n<table width=\"668\">\n<tbody>\n<tr>\n<td width=\"143\">Modell<\/td>\n<td width=\"525\">439-2<\/td>\n<\/tr>\n<tr>\n<td width=\"143\">Kategorie<\/td>\n<td width=\"525\">Restaurant-M\u00f6bel<\/td>\n<\/tr>\n<tr>\n<td width=\"143\">Produktname<\/td>\n<td width=\"525\">Restaurant Tische und St\u00fchle<\/td>\n<\/tr>\n<tr>\n<td width=\"143\">Anpassungsoptionen<\/td>\n<td width=\"525\">Stil\/Farbe\/Gr\u00f6\u00dfe\/Material<\/td>\n<\/tr>\n<tr>\n<td width=\"143\">Tabelle<\/td>\n<td width=\"525\">Mehrschichtige Sperrholz-Tischplatte + Hochwertige Metall-Tischbeine<\/td>\n<\/tr>\n<tr>\n<td width=\"143\">Stuhl<\/td>\n<td width=\"525\">\u00a0Mehrschichtiger Sperrholzrahmen + hochwertiges Nappaleder + hochdichter Schaumstoff<\/td>\n<\/tr>\n<tr>\n<td width=\"143\">Stand<\/td>\n<td width=\"525\">Mehrschichtiger Sperrholzrahmen + hochwertige Lederpolsterung\u00a0<\/td>\n<\/tr>\n<tr>\n<td width=\"143\">Anwendung Szene<\/td>\n<td width=\"525\">Restaurant\/Themenrestaurant\u00a0<\/td>\n<\/tr>\n<tr>\n<td width=\"143\">Farbe<\/td>\n<td width=\"525\">Walnuss\/Cremefarben (anpassbar)<\/td>\n<\/tr>\n<tr>\n<td width=\"143\">Material<\/td>\n<td width=\"525\">Massivholz\/Sperrholz\/Metall\/Leder\/Schaumstoff<\/td>\n<\/tr>\n<tr>\n<td width=\"143\">Stil<\/td>\n<td width=\"525\">Retro<\/td>\n<\/tr>\n<\/tbody>\n<\/table>\n<p>&nbsp;<\/p>\n<p>&nbsp;<\/p>\n<p>&nbsp;<\/p>\n<p>&nbsp;<\/p>\n<p>&nbsp;<\/p>\n<p>&nbsp;<\/p>\n<p><script src=\"chrome-extension:\/\/fpelahbljekknahkcaegamhcndkfpfnc\/iFrame.js\" type=\"text\/javascript\"><\/script><\/p>\n<p>\n<script src=\"chrome-extension:\/\/fpelahbljekknahkcaegamhcndkfpfnc\/iFrame.js\" type=\"text\/javascript\"><\/script><\/p>","protected":false},"featured_media":3906,"comment_status":"closed","ping_status":"closed","template":"","meta":{"_acf_changed":true},"product_brand":[],"product_cat":[20,24,36,42,46,41],"product_tag":[],"class_list":{"0":"post-3905","1":"product","2":"type-product","3":"status-publish","4":"has-post-thumbnail","6":"product_cat-wholesale-cafe-furniture","7":"product_cat-wholesale-restaurant-furniture","8":"product_cat-wholesale-coffee-shop-restaurant-furniture","9":"product_cat-wholesale-dessert-shop-furniture","10":"product_cat-modern-restaurant-furniture","11":"product_cat-wholesale-korean-style-restaurant-furniture","13":"first","14":"instock","15":"shipping-taxable","16":"product-type-simple"},"acf":[],"_links":{"self":[{"href":"https:\/\/www.youmushiguang.com\/de\/wp-json\/wp\/v2\/product\/3905","targetHints":{"allow":["GET"]}}],"collection":[{"href":"https:\/\/www.youmushiguang.com\/de\/wp-json\/wp\/v2\/product"}],"about":[{"href":"https:\/\/www.youmushiguang.com\/de\/wp-json\/wp\/v2\/types\/product"}],"replies":[{"embeddable":true,"href":"https:\/\/www.youmushiguang.com\/de\/wp-json\/wp\/v2\/comments?post=3905"}],"wp:featuredmedia":[{"embeddable":true,"href":"https:\/\/www.youmushiguang.com\/de\/wp-json\/wp\/v2\/media\/3906"}],"wp:attachment":[{"href":"https:\/\/www.youmushiguang.com\/de\/wp-json\/wp\/v2\/media?parent=3905"}],"wp:term":[{"taxonomy":"product_brand","embeddable":true,"href":"https:\/\/www.youmushiguang.com\/de\/wp-json\/wp\/v2\/product_brand?post=3905"},{"taxonomy":"product_cat","embeddable":true,"href":"https:\/\/www.youmushiguang.com\/de\/wp-json\/wp\/v2\/product_cat?post=3905"},{"taxonomy":"product_tag","embeddable":true,"href":"https:\/\/www.youmushiguang.com\/de\/wp-json\/wp\/v2\/product_tag?post=3905"}],"curies":[{"name":"wp","href":"https:\/\/api.w.org\/{rel}","templated":true}]}}