{"id":3965,"date":"2025-12-18T03:20:13","date_gmt":"2025-12-18T03:20:13","guid":{"rendered":"https:\/\/www.youmushiguang.com\/?post_type=product&#038;p=3965"},"modified":"2026-01-23T03:13:14","modified_gmt":"2026-01-23T03:13:14","slug":"bulk-stainless-steel-frame-restaurant-tables-and-chairs","status":"publish","type":"product","link":"https:\/\/www.youmushiguang.com\/de\/product\/bulk-stainless-steel-frame-restaurant-tables-and-chairs\/","title":{"rendered":"Wholesale Restaurant Tables and Chairs, Korean-Style, Stainless Steel Frame &#8211; Ideal For Cafe and Casual Restaurant"},"content":{"rendered":"<div class=\"wp-block-columns is-layout-flex wp-container-core-columns-is-layout-9d6595d7 wp-block-columns-is-layout-flex\">\n<div class=\"wp-block-column is-layout-flow wp-block-column-is-layout-flow\" style=\"flex-basis:25%\"><\/div>\n\n\n\n<div class=\"wp-block-column is-layout-flow wp-block-column-is-layout-flow\" style=\"flex-basis:50%\">\n<figure class=\"wp-block-image size-full\"><img decoding=\"async\" width=\"750\" height=\"336\" src=\"https:\/\/www.youmushiguang.com\/wp-content\/uploads\/2025\/12\/443-2-\u8be6\u60c51-1_1-1.webp\" alt=\"\" class=\"wp-image-3977\" srcset=\"https:\/\/www.youmushiguang.com\/wp-content\/uploads\/2025\/12\/443-2-\u8be6\u60c51-1_1-1.webp 750w, https:\/\/www.youmushiguang.com\/wp-content\/uploads\/2025\/12\/443-2-\u8be6\u60c51-1_1-1-300x134.webp 300w, https:\/\/www.youmushiguang.com\/wp-content\/uploads\/2025\/12\/443-2-\u8be6\u60c51-1_1-1-18x8.webp 18w, https:\/\/www.youmushiguang.com\/wp-content\/uploads\/2025\/12\/443-2-\u8be6\u60c51-1_1-1-600x269.webp 600w\" sizes=\"(max-width: 750px) 100vw, 750px\" \/><\/figure>\n\n\n\n<figure class=\"wp-block-image size-full\"><img decoding=\"async\" width=\"750\" height=\"654\" src=\"https:\/\/www.youmushiguang.com\/wp-content\/uploads\/2025\/12\/443-2-\u8be6\u60c51-1.webp\" alt=\"\" class=\"wp-image-3978\" srcset=\"https:\/\/www.youmushiguang.com\/wp-content\/uploads\/2025\/12\/443-2-\u8be6\u60c51-1.webp 750w, https:\/\/www.youmushiguang.com\/wp-content\/uploads\/2025\/12\/443-2-\u8be6\u60c51-1-300x262.webp 300w, https:\/\/www.youmushiguang.com\/wp-content\/uploads\/2025\/12\/443-2-\u8be6\u60c51-1-14x12.webp 14w, https:\/\/www.youmushiguang.com\/wp-content\/uploads\/2025\/12\/443-2-\u8be6\u60c51-1-600x523.webp 600w\" sizes=\"(max-width: 750px) 100vw, 750px\" \/><\/figure>\n\n\n\n<figure class=\"wp-block-image size-full\"><img decoding=\"async\" width=\"750\" height=\"1385\" src=\"https:\/\/www.youmushiguang.com\/wp-content\/uploads\/2025\/12\/443-2-\u8be6\u60c51-2_1.webp\" alt=\"\" class=\"wp-image-3979\" srcset=\"https:\/\/www.youmushiguang.com\/wp-content\/uploads\/2025\/12\/443-2-\u8be6\u60c51-2_1.webp 750w, https:\/\/www.youmushiguang.com\/wp-content\/uploads\/2025\/12\/443-2-\u8be6\u60c51-2_1-162x300.webp 162w, https:\/\/www.youmushiguang.com\/wp-content\/uploads\/2025\/12\/443-2-\u8be6\u60c51-2_1-6x12.webp 6w, https:\/\/www.youmushiguang.com\/wp-content\/uploads\/2025\/12\/443-2-\u8be6\u60c51-2_1-600x1108.webp 600w\" sizes=\"(max-width: 750px) 100vw, 750px\" \/><\/figure>\n\n\n\n<figure class=\"wp-block-image size-full\"><img decoding=\"async\" width=\"750\" height=\"1016\" src=\"https:\/\/www.youmushiguang.com\/wp-content\/uploads\/2025\/12\/443-2-\u8be6\u60c51-2.webp\" alt=\"\" class=\"wp-image-3980\" srcset=\"https:\/\/www.youmushiguang.com\/wp-content\/uploads\/2025\/12\/443-2-\u8be6\u60c51-2.webp 750w, https:\/\/www.youmushiguang.com\/wp-content\/uploads\/2025\/12\/443-2-\u8be6\u60c51-2-221x300.webp 221w, https:\/\/www.youmushiguang.com\/wp-content\/uploads\/2025\/12\/443-2-\u8be6\u60c51-2-9x12.webp 9w, https:\/\/www.youmushiguang.com\/wp-content\/uploads\/2025\/12\/443-2-\u8be6\u60c51-2-600x813.webp 600w\" sizes=\"(max-width: 750px) 100vw, 750px\" \/><\/figure>\n\n\n\n<figure class=\"wp-block-image size-full\"><img decoding=\"async\" width=\"750\" height=\"380\" src=\"https:\/\/www.youmushiguang.com\/wp-content\/uploads\/2025\/12\/443-2-\u8be6\u60c51-3_1.webp\" alt=\"\" class=\"wp-image-3981\" srcset=\"https:\/\/www.youmushiguang.com\/wp-content\/uploads\/2025\/12\/443-2-\u8be6\u60c51-3_1.webp 750w, https:\/\/www.youmushiguang.com\/wp-content\/uploads\/2025\/12\/443-2-\u8be6\u60c51-3_1-300x152.webp 300w, https:\/\/www.youmushiguang.com\/wp-content\/uploads\/2025\/12\/443-2-\u8be6\u60c51-3_1-18x9.webp 18w, https:\/\/www.youmushiguang.com\/wp-content\/uploads\/2025\/12\/443-2-\u8be6\u60c51-3_1-600x304.webp 600w\" sizes=\"(max-width: 750px) 100vw, 750px\" \/><\/figure>\n\n\n\n<figure class=\"wp-block-image size-full\"><img decoding=\"async\" width=\"750\" height=\"1044\" src=\"https:\/\/www.youmushiguang.com\/wp-content\/uploads\/2025\/12\/443-2-\u8be6\u60c51-3.webp\" alt=\"\" class=\"wp-image-3982\" srcset=\"https:\/\/www.youmushiguang.com\/wp-content\/uploads\/2025\/12\/443-2-\u8be6\u60c51-3.webp 750w, https:\/\/www.youmushiguang.com\/wp-content\/uploads\/2025\/12\/443-2-\u8be6\u60c51-3-216x300.webp 216w, https:\/\/www.youmushiguang.com\/wp-content\/uploads\/2025\/12\/443-2-\u8be6\u60c51-3-9x12.webp 9w, https:\/\/www.youmushiguang.com\/wp-content\/uploads\/2025\/12\/443-2-\u8be6\u60c51-3-600x835.webp 600w\" sizes=\"(max-width: 750px) 100vw, 750px\" \/><\/figure>\n\n\n\n<figure class=\"wp-block-image size-full\"><img decoding=\"async\" width=\"750\" height=\"708\" src=\"https:\/\/www.youmushiguang.com\/wp-content\/uploads\/2025\/12\/443-2-\u8be6\u60c51-4_1.webp\" alt=\"\" class=\"wp-image-3983\" srcset=\"https:\/\/www.youmushiguang.com\/wp-content\/uploads\/2025\/12\/443-2-\u8be6\u60c51-4_1.webp 750w, https:\/\/www.youmushiguang.com\/wp-content\/uploads\/2025\/12\/443-2-\u8be6\u60c51-4_1-300x283.webp 300w, https:\/\/www.youmushiguang.com\/wp-content\/uploads\/2025\/12\/443-2-\u8be6\u60c51-4_1-13x12.webp 13w, https:\/\/www.youmushiguang.com\/wp-content\/uploads\/2025\/12\/443-2-\u8be6\u60c51-4_1-600x566.webp 600w\" sizes=\"(max-width: 750px) 100vw, 750px\" \/><\/figure>\n\n\n\n<figure class=\"wp-block-image size-full\"><img decoding=\"async\" width=\"750\" height=\"1986\" src=\"https:\/\/www.youmushiguang.com\/wp-content\/uploads\/2025\/12\/443-2-\u8be6\u60c51-5.webp\" alt=\"\" class=\"wp-image-3984\" srcset=\"https:\/\/www.youmushiguang.com\/wp-content\/uploads\/2025\/12\/443-2-\u8be6\u60c51-5.webp 750w, https:\/\/www.youmushiguang.com\/wp-content\/uploads\/2025\/12\/443-2-\u8be6\u60c51-5-113x300.webp 113w, https:\/\/www.youmushiguang.com\/wp-content\/uploads\/2025\/12\/443-2-\u8be6\u60c51-5-5x12.webp 5w, https:\/\/www.youmushiguang.com\/wp-content\/uploads\/2025\/12\/443-2-\u8be6\u60c51-5-600x1589.webp 600w\" sizes=\"(max-width: 750px) 100vw, 750px\" \/><\/figure>\n\n\n\n<figure class=\"wp-block-image size-full\"><img decoding=\"async\" width=\"750\" height=\"1381\" src=\"https:\/\/www.youmushiguang.com\/wp-content\/uploads\/2025\/12\/443-2-\u8be6\u60c51-6.webp\" alt=\"\" class=\"wp-image-3985\" srcset=\"https:\/\/www.youmushiguang.com\/wp-content\/uploads\/2025\/12\/443-2-\u8be6\u60c51-6.webp 750w, https:\/\/www.youmushiguang.com\/wp-content\/uploads\/2025\/12\/443-2-\u8be6\u60c51-6-163x300.webp 163w, https:\/\/www.youmushiguang.com\/wp-content\/uploads\/2025\/12\/443-2-\u8be6\u60c51-6-7x12.webp 7w, https:\/\/www.youmushiguang.com\/wp-content\/uploads\/2025\/12\/443-2-\u8be6\u60c51-6-600x1105.webp 600w\" sizes=\"(max-width: 750px) 100vw, 750px\" \/><\/figure>\n\n\n\n<figure class=\"wp-block-image size-full\"><img decoding=\"async\" width=\"750\" height=\"273\" src=\"https:\/\/www.youmushiguang.com\/wp-content\/uploads\/2025\/12\/443-1-\u8be6\u60c51-7.webp\" alt=\"\" class=\"wp-image-3986\" srcset=\"https:\/\/www.youmushiguang.com\/wp-content\/uploads\/2025\/12\/443-1-\u8be6\u60c51-7.webp 750w, https:\/\/www.youmushiguang.com\/wp-content\/uploads\/2025\/12\/443-1-\u8be6\u60c51-7-300x109.webp 300w, https:\/\/www.youmushiguang.com\/wp-content\/uploads\/2025\/12\/443-1-\u8be6\u60c51-7-18x7.webp 18w, https:\/\/www.youmushiguang.com\/wp-content\/uploads\/2025\/12\/443-1-\u8be6\u60c51-7-600x218.webp 600w\" sizes=\"(max-width: 750px) 100vw, 750px\" \/><\/figure>\n\n\n\n<figure class=\"wp-block-image size-full\"><img decoding=\"async\" width=\"750\" height=\"894\" src=\"https:\/\/www.youmushiguang.com\/wp-content\/uploads\/2025\/12\/443-2-\u8be6\u60c51-4.webp\" alt=\"\" class=\"wp-image-3987\" srcset=\"https:\/\/www.youmushiguang.com\/wp-content\/uploads\/2025\/12\/443-2-\u8be6\u60c51-4.webp 750w, https:\/\/www.youmushiguang.com\/wp-content\/uploads\/2025\/12\/443-2-\u8be6\u60c51-4-252x300.webp 252w, https:\/\/www.youmushiguang.com\/wp-content\/uploads\/2025\/12\/443-2-\u8be6\u60c51-4-10x12.webp 10w, https:\/\/www.youmushiguang.com\/wp-content\/uploads\/2025\/12\/443-2-\u8be6\u60c51-4-600x715.webp 600w\" sizes=\"(max-width: 750px) 100vw, 750px\" \/><\/figure>\n\n\n\n<figure class=\"wp-block-image size-full\"><img decoding=\"async\" width=\"750\" height=\"2477\" src=\"https:\/\/www.youmushiguang.com\/wp-content\/uploads\/2025\/12\/443-2-\u8be6\u60c51-8.webp\" alt=\"\" class=\"wp-image-3988\" srcset=\"https:\/\/www.youmushiguang.com\/wp-content\/uploads\/2025\/12\/443-2-\u8be6\u60c51-8.webp 750w, https:\/\/www.youmushiguang.com\/wp-content\/uploads\/2025\/12\/443-2-\u8be6\u60c51-8-91x300.webp 91w, https:\/\/www.youmushiguang.com\/wp-content\/uploads\/2025\/12\/443-2-\u8be6\u60c51-8-4x12.webp 4w, https:\/\/www.youmushiguang.com\/wp-content\/uploads\/2025\/12\/443-2-\u8be6\u60c51-8-600x1982.webp 600w\" sizes=\"(max-width: 750px) 100vw, 750px\" \/><\/figure>\n<\/div>\n\n\n\n<div class=\"wp-block-column is-layout-flow wp-block-column-is-layout-flow\" style=\"flex-basis:25%\"><\/div>\n<\/div>\n\n\n\n<p><\/p>","protected":false},"excerpt":{"rendered":"<div id=\"tw-container\" class=\"nev7se\" data-cp=\"1\" data-nnttsvi=\"1\" data-sletp=\"false\" data-sm=\"1\" data-ssbp=\"false\" data-sugg-time=\"500\" data-sugg-url=\"https:\/\/clients1.google.com\/complete\/search\" data-uilc=\"zh-CN\" data-vil=\",af,af-ZA,am,am-ET,ar-EG,ar-AE,ar-KW,ar-QA,ar,ar-IL,ar-JO,ar-LB,ar-PS,az,az-AZ,bg,bg-BG,bn,bn-BD,bn-IN,ca,ca-es,cs,cs-CZ,de,de-DE,de-CH,de-AT,de-LI,en,en-US,en-CA,en-AU,en-NZ,en-GB,en-IN,en-KE,en-TZ,en-NG,en-GH,en-PH,en-ZA,es,es-ES,es-AR,es-UY,es-419,es-BO,es-CL,es-CR,es-CO,es-DO,es-EC,es-GT,es-HN,es-NI,es-PA,es-PE,es-PR,es-PY,es-SV,es-VE,es-MX,es-US,eu,eu-ES,fi,fi-FI,fr,fr-FR,fr-CH,fr-BE,gl,gl-ES,gu,gu-IN,he,he-IL,iw,iw-IL,hu,hu-HU,hy,hy-AM,id,id-ID,is,is-IS,it,it-IT,it-CH,ja,ja-JP,jv,jv-ID,ka,ka-GE,km,km-KH,kn,kn-IN,ko,ko-KR,la,lo,lo-LA,lv,lv-LV,ml,ml-IN,mr,mr-IN,ms,ms-MY,nl,nl-NL,nb,nb-NO,ne,ne-NP,pl,pl-PL,pt,pt-BR,pt-PT,ro,ro-RO,ru,ru-RU,si-LK,sk,sk-SK,sr,sr-RS,su,su-ID,sv,sv-SE,sw,sw-TZ,sw-KE,ta,ta-IN,ta-SG,ta-LK,ta-MY,te,te-IN,tr,tr-TR,ur,ur-PK,ur-IN,yue,yue-HK,yue-Hant-HK,zh-HK,zh,zh-CN,zh-cmn,zh-cmn-CN,zh-Hans,zh-Hans-CN,zh-cmn-Hans,zh-cmn-Hans-CN,cmn-CN,cmn-Hans,cmn-Hans-CN,zh-TW,zh-Hant-TW,cmn-TW,cmn-Hant-TW,zh-cmn-TW,zh-cmn-Hant-TW,zu,zu-ZA,hi,hi-IN,tl,tl-PH,pa,pa-IN\">\n<div id=\"tw-ob\" class=\"tw-src-ltr\">\n<div class=\"oSioSc\">\n<div id=\"tw-target\">\n<div id=\"kAz1tf\" class=\"g9WsWb PZPZlf\" data-attrid=\"tw-targetArea\" data-entityname=\"Google Translate\">\n<div id=\"tw-target-text-container\" class=\"tw-ta-container tw-nfl\" role=\"text\">\n<div class=\"tw-ta-container tw-nfl\" role=\"text\">\n<p>Wholesale restaurant tables and chairs with stainless steel frames in Korean style, perfect for restaurants, cafes, bistros, and dessert shops. This wholesale set includes a matching dining table, ergonomic chairs, and wall benches. We offer OEM and ODM customization services and solutions to optimize your restaurant&#8217;s space layout. Contact us for a quote.<\/p>\n<\/div>\n<\/div>\n<\/div>\n<\/div>\n<\/div>\n<\/div>\n<\/div>\n<h2>Spezifikationen f\u00fcr Restauranttische und -st\u00fchle<\/h2>\n<table style=\"border-collapse: collapse; width: 501.02pt;\" border=\"0\" width=\"668\" cellspacing=\"0\" cellpadding=\"0\">\n<tbody>\n<tr style=\"height: 13.50pt;\">\n<td class=\"et2\" style=\"height: 13.50pt; width: 107.25pt;\" width=\"143\" height=\"18\">Modell<\/td>\n<td class=\"et3\" style=\"width: 393.75pt;\" width=\"525\">443-2<\/td>\n<\/tr>\n<tr style=\"height: 13.50pt;\">\n<td class=\"et2\" style=\"height: 13.50pt; width: 107.25pt;\" width=\"143\" height=\"18\">Kategorie<\/td>\n<td class=\"et3\" style=\"width: 393.75pt;\" width=\"525\">M\u00f6bel f\u00fcr Caf\u00e9s<\/td>\n<\/tr>\n<tr style=\"height: 13.50pt;\">\n<td class=\"et2\" style=\"height: 13.50pt; width: 107.25pt;\" width=\"143\" height=\"18\">Produktname<\/td>\n<td class=\"et3\" style=\"width: 393.75pt;\" width=\"525\">Caf\u00e9tische und -st\u00fchle<\/td>\n<\/tr>\n<tr style=\"height: 27.00pt;\">\n<td class=\"et2\" style=\"height: 27.00pt; width: 107.25pt;\" width=\"143\" height=\"36\">Anpassungsoptionen<\/td>\n<td class=\"et3\" style=\"width: 393.75pt;\" width=\"525\">Stil\/Farbe\/Gr\u00f6\u00dfe\/Material<\/td>\n<\/tr>\n<tr style=\"height: 13.50pt;\">\n<td class=\"et2\" style=\"height: 13.50pt; width: 107.25pt;\" width=\"143\" height=\"18\">Tabelle<\/td>\n<td class=\"et3\" style=\"width: 393.75pt;\" width=\"525\">Tischplatte aus mehrschichtigem Sperrholz + hochwertige Tischbeine aus Metall<\/td>\n<\/tr>\n<tr style=\"height: 13.50pt;\">\n<td class=\"et2\" style=\"height: 13.50pt; width: 107.25pt;\" width=\"143\" height=\"18\">Stuhl<\/td>\n<td class=\"et3\" style=\"width: 393.75pt;\" width=\"525\">Metal frame + Wooden seat and backrest<\/td>\n<\/tr>\n<tr style=\"height: 27.00pt;\">\n<td class=\"et2\" style=\"height: 27.00pt; width: 107.25pt;\" width=\"143\" height=\"36\">Anwendung Szene<\/td>\n<td class=\"et3\" style=\"width: 393.75pt;\" width=\"525\">cafe \/ Coffee shop\/ Restaurant<\/td>\n<\/tr>\n<tr style=\"height: 13.50pt;\">\n<td class=\"et2\" style=\"height: 13.50pt; width: 107.25pt;\" width=\"143\" height=\"18\">Farbe<\/td>\n<td class=\"et3\" style=\"width: 393.75pt;\" width=\"525\">Walnuss\/Cremefarben (anpassbar)<\/td>\n<\/tr>\n<tr style=\"height: 13.50pt;\">\n<td class=\"et2\" style=\"height: 13.50pt; width: 107.25pt;\" width=\"143\" height=\"18\">Material<\/td>\n<td class=\"et3\" style=\"width: 393.75pt;\" width=\"525\">Massivholz\/Sperrholz\/Metall\/Leder\/Schaumstoff<\/td>\n<\/tr>\n<tr style=\"height: 13.50pt;\">\n<td class=\"et2\" style=\"height: 13.50pt; width: 107.25pt;\" width=\"143\" height=\"18\">Stil<\/td>\n<td class=\"et3\" style=\"width: 393.75pt;\" width=\"525\">modern<\/td>\n<\/tr>\n<\/tbody>\n<\/table>\n<p>&nbsp;<\/p>\n<p>&nbsp;<\/p>\n<p>&nbsp;<\/p>\n<p>&nbsp;<\/p>\n<p>&nbsp;<\/p>\n<p>\n<script src=\"chrome-extension:\/\/fpelahbljekknahkcaegamhcndkfpfnc\/iFrame.js\" type=\"text\/javascript\"><\/script><\/p>","protected":false},"featured_media":3966,"comment_status":"closed","ping_status":"closed","template":"","meta":{"_acf_changed":true},"product_brand":[],"product_cat":[20,24,36,41],"product_tag":[],"class_list":{"0":"post-3965","1":"product","2":"type-product","3":"status-publish","4":"has-post-thumbnail","6":"product_cat-wholesale-cafe-furniture","7":"product_cat-wholesale-restaurant-furniture","8":"product_cat-wholesale-coffee-shop-restaurant-furniture","9":"product_cat-wholesale-korean-style-restaurant-furniture","11":"first","12":"instock","13":"shipping-taxable","14":"product-type-simple"},"acf":[],"_links":{"self":[{"href":"https:\/\/www.youmushiguang.com\/de\/wp-json\/wp\/v2\/product\/3965","targetHints":{"allow":["GET"]}}],"collection":[{"href":"https:\/\/www.youmushiguang.com\/de\/wp-json\/wp\/v2\/product"}],"about":[{"href":"https:\/\/www.youmushiguang.com\/de\/wp-json\/wp\/v2\/types\/product"}],"replies":[{"embeddable":true,"href":"https:\/\/www.youmushiguang.com\/de\/wp-json\/wp\/v2\/comments?post=3965"}],"wp:featuredmedia":[{"embeddable":true,"href":"https:\/\/www.youmushiguang.com\/de\/wp-json\/wp\/v2\/media\/3966"}],"wp:attachment":[{"href":"https:\/\/www.youmushiguang.com\/de\/wp-json\/wp\/v2\/media?parent=3965"}],"wp:term":[{"taxonomy":"product_brand","embeddable":true,"href":"https:\/\/www.youmushiguang.com\/de\/wp-json\/wp\/v2\/product_brand?post=3965"},{"taxonomy":"product_cat","embeddable":true,"href":"https:\/\/www.youmushiguang.com\/de\/wp-json\/wp\/v2\/product_cat?post=3965"},{"taxonomy":"product_tag","embeddable":true,"href":"https:\/\/www.youmushiguang.com\/de\/wp-json\/wp\/v2\/product_tag?post=3965"}],"curies":[{"name":"wp","href":"https:\/\/api.w.org\/{rel}","templated":true}]}}