{"id":4205,"date":"2025-12-18T01:54:03","date_gmt":"2025-12-18T01:54:03","guid":{"rendered":"https:\/\/www.youmushiguang.com\/?post_type=product&#038;p=4205"},"modified":"2026-01-23T03:29:56","modified_gmt":"2026-01-23T03:29:56","slug":"wholesale-modern-restaurant-and-cafe-table-and-chair-sets","status":"publish","type":"product","link":"https:\/\/www.youmushiguang.com\/de\/product\/wholesale-modern-restaurant-and-cafe-table-and-chair-sets\/","title":{"rendered":"Wholesale Modern Restaurant and Cafe Table and Chair Sets &#8211; Customizable Sizes, Styles, and Colors"},"content":{"rendered":"<div class=\"wp-block-columns is-layout-flex wp-container-core-columns-is-layout-9d6595d7 wp-block-columns-is-layout-flex\">\n<div class=\"wp-block-column is-layout-flow wp-block-column-is-layout-flow\" style=\"flex-basis:25%\"><\/div>\n\n\n\n<div class=\"wp-block-column is-layout-flow wp-block-column-is-layout-flow\" style=\"flex-basis:50%\">\n<figure class=\"wp-block-image size-full\"><img decoding=\"async\" width=\"790\" height=\"2448\" src=\"https:\/\/www.youmushiguang.com\/wp-content\/uploads\/2025\/12\/1-5.png\" alt=\"\" class=\"wp-image-4216\" srcset=\"https:\/\/www.youmushiguang.com\/wp-content\/uploads\/2025\/12\/1-5.png 790w, https:\/\/www.youmushiguang.com\/wp-content\/uploads\/2025\/12\/1-5-97x300.png 97w, https:\/\/www.youmushiguang.com\/wp-content\/uploads\/2025\/12\/1-5-768x2380.png 768w, https:\/\/www.youmushiguang.com\/wp-content\/uploads\/2025\/12\/1-5-4x12.png 4w, https:\/\/www.youmushiguang.com\/wp-content\/uploads\/2025\/12\/1-5-600x1859.png 600w\" sizes=\"(max-width: 790px) 100vw, 790px\" \/><\/figure>\n\n\n\n<figure class=\"wp-block-image size-full\"><img decoding=\"async\" width=\"790\" height=\"2531\" src=\"https:\/\/www.youmushiguang.com\/wp-content\/uploads\/2025\/12\/2-3.png\" alt=\"\" class=\"wp-image-4217\" srcset=\"https:\/\/www.youmushiguang.com\/wp-content\/uploads\/2025\/12\/2-3.png 790w, https:\/\/www.youmushiguang.com\/wp-content\/uploads\/2025\/12\/2-3-94x300.png 94w, https:\/\/www.youmushiguang.com\/wp-content\/uploads\/2025\/12\/2-3-768x2461.png 768w, https:\/\/www.youmushiguang.com\/wp-content\/uploads\/2025\/12\/2-3-4x12.png 4w, https:\/\/www.youmushiguang.com\/wp-content\/uploads\/2025\/12\/2-3-600x1922.png 600w\" sizes=\"(max-width: 790px) 100vw, 790px\" \/><\/figure>\n\n\n\n<figure class=\"wp-block-image size-full\"><img decoding=\"async\" width=\"790\" height=\"2813\" src=\"https:\/\/www.youmushiguang.com\/wp-content\/uploads\/2025\/12\/3-3.png\" alt=\"\" class=\"wp-image-4218\" srcset=\"https:\/\/www.youmushiguang.com\/wp-content\/uploads\/2025\/12\/3-3.png 790w, https:\/\/www.youmushiguang.com\/wp-content\/uploads\/2025\/12\/3-3-84x300.png 84w, https:\/\/www.youmushiguang.com\/wp-content\/uploads\/2025\/12\/3-3-768x2735.png 768w, https:\/\/www.youmushiguang.com\/wp-content\/uploads\/2025\/12\/3-3-3x12.png 3w, https:\/\/www.youmushiguang.com\/wp-content\/uploads\/2025\/12\/3-3-600x2136.png 600w\" sizes=\"(max-width: 790px) 100vw, 790px\" \/><\/figure>\n\n\n\n<figure class=\"wp-block-image size-full\"><img decoding=\"async\" width=\"790\" height=\"1485\" src=\"https:\/\/www.youmushiguang.com\/wp-content\/uploads\/2025\/12\/4-3.png\" alt=\"\" class=\"wp-image-4219\" srcset=\"https:\/\/www.youmushiguang.com\/wp-content\/uploads\/2025\/12\/4-3.png 790w, https:\/\/www.youmushiguang.com\/wp-content\/uploads\/2025\/12\/4-3-160x300.png 160w, https:\/\/www.youmushiguang.com\/wp-content\/uploads\/2025\/12\/4-3-768x1444.png 768w, https:\/\/www.youmushiguang.com\/wp-content\/uploads\/2025\/12\/4-3-6x12.png 6w, https:\/\/www.youmushiguang.com\/wp-content\/uploads\/2025\/12\/4-3-600x1128.png 600w\" sizes=\"(max-width: 790px) 100vw, 790px\" \/><\/figure>\n\n\n\n<figure class=\"wp-block-image size-full\"><img decoding=\"async\" width=\"790\" height=\"2785\" src=\"https:\/\/www.youmushiguang.com\/wp-content\/uploads\/2025\/12\/5-1.png\" alt=\"\" class=\"wp-image-4221\" srcset=\"https:\/\/www.youmushiguang.com\/wp-content\/uploads\/2025\/12\/5-1.png 790w, https:\/\/www.youmushiguang.com\/wp-content\/uploads\/2025\/12\/5-1-85x300.png 85w, https:\/\/www.youmushiguang.com\/wp-content\/uploads\/2025\/12\/5-1-768x2707.png 768w, https:\/\/www.youmushiguang.com\/wp-content\/uploads\/2025\/12\/5-1-3x12.png 3w, https:\/\/www.youmushiguang.com\/wp-content\/uploads\/2025\/12\/5-1-600x2115.png 600w\" sizes=\"(max-width: 790px) 100vw, 790px\" \/><\/figure>\n\n\n\n<figure class=\"wp-block-image size-full\"><img decoding=\"async\" width=\"790\" height=\"1653\" src=\"https:\/\/www.youmushiguang.com\/wp-content\/uploads\/2025\/12\/6.png\" alt=\"\" class=\"wp-image-4220\" srcset=\"https:\/\/www.youmushiguang.com\/wp-content\/uploads\/2025\/12\/6.png 790w, https:\/\/www.youmushiguang.com\/wp-content\/uploads\/2025\/12\/6-143x300.png 143w, https:\/\/www.youmushiguang.com\/wp-content\/uploads\/2025\/12\/6-768x1607.png 768w, https:\/\/www.youmushiguang.com\/wp-content\/uploads\/2025\/12\/6-6x12.png 6w, https:\/\/www.youmushiguang.com\/wp-content\/uploads\/2025\/12\/6-600x1255.png 600w\" sizes=\"(max-width: 790px) 100vw, 790px\" \/><\/figure>\n<\/div>\n\n\n\n<div class=\"wp-block-column is-layout-flow wp-block-column-is-layout-flow\" style=\"flex-basis:25%\"><\/div>\n<\/div>\n\n\n\n<p><\/p>","protected":false},"excerpt":{"rendered":"<div id=\"tw-container\" class=\"nev7se\" data-cp=\"1\" data-nnttsvi=\"1\" data-sletp=\"false\" data-sm=\"1\" data-ssbp=\"false\" data-sugg-time=\"500\" data-sugg-url=\"https:\/\/clients1.google.com\/complete\/search\" data-uilc=\"zh-CN\" data-vil=\",af,af-ZA,am,am-ET,ar-EG,ar-AE,ar-KW,ar-QA,ar,ar-IL,ar-JO,ar-LB,ar-PS,az,az-AZ,bg,bg-BG,bn,bn-BD,bn-IN,ca,ca-es,cs,cs-CZ,de,de-DE,de-CH,de-AT,de-LI,en,en-US,en-CA,en-AU,en-NZ,en-GB,en-IN,en-KE,en-TZ,en-NG,en-GH,en-PH,en-ZA,es,es-ES,es-AR,es-UY,es-419,es-BO,es-CL,es-CR,es-CO,es-DO,es-EC,es-GT,es-HN,es-NI,es-PA,es-PE,es-PR,es-PY,es-SV,es-VE,es-MX,es-US,eu,eu-ES,fi,fi-FI,fr,fr-FR,fr-CH,fr-BE,gl,gl-ES,gu,gu-IN,he,he-IL,iw,iw-IL,hu,hu-HU,hy,hy-AM,id,id-ID,is,is-IS,it,it-IT,it-CH,ja,ja-JP,jv,jv-ID,ka,ka-GE,km,km-KH,kn,kn-IN,ko,ko-KR,la,lo,lo-LA,lv,lv-LV,ml,ml-IN,mr,mr-IN,ms,ms-MY,nl,nl-NL,nb,nb-NO,ne,ne-NP,pl,pl-PL,pt,pt-BR,pt-PT,ro,ro-RO,ru,ru-RU,si-LK,sk,sk-SK,sr,sr-RS,su,su-ID,sv,sv-SE,sw,sw-TZ,sw-KE,ta,ta-IN,ta-SG,ta-LK,ta-MY,te,te-IN,tr,tr-TR,ur,ur-PK,ur-IN,yue,yue-HK,yue-Hant-HK,zh-HK,zh,zh-CN,zh-cmn,zh-cmn-CN,zh-Hans,zh-Hans-CN,zh-cmn-Hans,zh-cmn-Hans-CN,cmn-CN,cmn-Hans,cmn-Hans-CN,zh-TW,zh-Hant-TW,cmn-TW,cmn-Hant-TW,zh-cmn-TW,zh-cmn-Hant-TW,zu,zu-ZA,hi,hi-IN,tl,tl-PH,pa,pa-IN\">\n<div id=\"tw-ob\" class=\"tw-src-ltr\">\n<div class=\"oSioSc\">\n<div id=\"tw-target\">\n<div id=\"kAz1tf\" class=\"g9WsWb PZPZlf\" data-attrid=\"tw-targetArea\" data-entityname=\"Google Translate\">\n<div id=\"tw-target-text-container\" class=\"tw-ta-container tw-nfl\" role=\"text\">\n<div class=\"tw-ta-container tw-nfl\" role=\"text\">\n<p data-pm-slice=\"0 0 []\">Elevate your space with this warm, minimalist cafe furniture set. Featuring a natural wood finish, round tables for flexible seating, and padded chairs for long-lasting comfort. Please contact us for a quote.<\/p>\n<\/div>\n<\/div>\n<\/div>\n<\/div>\n<\/div>\n<\/div>\n<\/div>\n<h2>Specifications of Coffee Shop Lounge Furniture<\/h2>\n<table width=\"668\">\n<tbody>\n<tr>\n<td width=\"143\">Modell<\/td>\n<td width=\"525\">779<\/td>\n<\/tr>\n<tr>\n<td width=\"143\">Kategorie<\/td>\n<td width=\"525\">M\u00f6bel f\u00fcr Caf\u00e9s<\/td>\n<\/tr>\n<tr>\n<td width=\"143\">Produktname<\/td>\n<td width=\"525\">Tische und St\u00fchle f\u00fcr Caf\u00e9s<\/td>\n<\/tr>\n<tr>\n<td width=\"143\">Anpassungsoptionen<\/td>\n<td width=\"525\">Stil\/Farbe\/Gr\u00f6\u00dfe\/Material<\/td>\n<\/tr>\n<tr>\n<td width=\"143\">Tabelle<\/td>\n<td width=\"525\">Tischplatte aus mehrschichtigem Sperrholz + Tischbeine aus Massivholz<\/td>\n<\/tr>\n<tr>\n<td width=\"143\">\n<p>Stuhl<\/p>\n<\/td>\n<td width=\"525\">\n<p id=\"tw-target-text\" class=\"tw-data-text tw-text-large tw-ta\" dir=\"ltr\" role=\"text\" data-placeholder=\"\u7ffb\u8bd1\" data-ved=\"2ahUKEwiny42x3KyRAxUyFzQIHU5LCvcQ3ewLegQIDBAV\" aria-label=\"\u8bd1\u6587\uff1aMetallrahmen + mehrschichtiges Sperrholz\">Metal frame + high-quality Nappa leather + high-density sponge + wooden backrest<\/p>\n<\/td>\n<\/tr>\n<tr>\n<td width=\"143\">Anwendung Szene<\/td>\n<td width=\"525\">Caf\u00e9 \/ Kaffeehaus\/ BAR<\/td>\n<\/tr>\n<tr>\n<td width=\"143\">Farbe<\/td>\n<td width=\"525\">Walnuss\/Cremefarben (anpassbar)<\/td>\n<\/tr>\n<tr>\n<td width=\"143\">Material<\/td>\n<td width=\"525\">Massivholz\/Sperrholz\/Metall\/Leder\/Schaumstoff<\/td>\n<\/tr>\n<tr>\n<td width=\"143\">\n<p>Stil<\/p>\n<\/td>\n<td width=\"525\">\n<p id=\"tw-target-text\" class=\"tw-data-text tw-text-large tw-ta\" dir=\"ltr\" role=\"text\" data-placeholder=\"\u7ffb\u8bd1\" data-ved=\"2ahUKEwiny42x3KyRAxUyFzQIHU5LCvcQ3ewLegQIDBAV\" aria-label=\"\u8bd1\u6587\uff1aModern\">Wabi-Sabi<\/p>\n<\/td>\n<\/tr>\n<\/tbody>\n<\/table>\n<p>&nbsp;<\/p>\n<p>&nbsp;<\/p>\n<p>&nbsp;<\/p>\n<p>\n<script src=\"chrome-extension:\/\/fpelahbljekknahkcaegamhcndkfpfnc\/iFrame.js\" type=\"text\/javascript\"><\/script><\/p>","protected":false},"featured_media":4206,"comment_status":"closed","ping_status":"closed","template":"","meta":{"_acf_changed":true},"product_brand":[],"product_cat":[20,24,36,42,46],"product_tag":[],"class_list":{"0":"post-4205","1":"product","2":"type-product","3":"status-publish","4":"has-post-thumbnail","6":"product_cat-wholesale-cafe-furniture","7":"product_cat-wholesale-restaurant-furniture","8":"product_cat-wholesale-coffee-shop-restaurant-furniture","9":"product_cat-wholesale-dessert-shop-furniture","10":"product_cat-modern-restaurant-furniture","12":"first","13":"instock","14":"shipping-taxable","15":"product-type-simple"},"acf":[],"_links":{"self":[{"href":"https:\/\/www.youmushiguang.com\/de\/wp-json\/wp\/v2\/product\/4205","targetHints":{"allow":["GET"]}}],"collection":[{"href":"https:\/\/www.youmushiguang.com\/de\/wp-json\/wp\/v2\/product"}],"about":[{"href":"https:\/\/www.youmushiguang.com\/de\/wp-json\/wp\/v2\/types\/product"}],"replies":[{"embeddable":true,"href":"https:\/\/www.youmushiguang.com\/de\/wp-json\/wp\/v2\/comments?post=4205"}],"wp:featuredmedia":[{"embeddable":true,"href":"https:\/\/www.youmushiguang.com\/de\/wp-json\/wp\/v2\/media\/4206"}],"wp:attachment":[{"href":"https:\/\/www.youmushiguang.com\/de\/wp-json\/wp\/v2\/media?parent=4205"}],"wp:term":[{"taxonomy":"product_brand","embeddable":true,"href":"https:\/\/www.youmushiguang.com\/de\/wp-json\/wp\/v2\/product_brand?post=4205"},{"taxonomy":"product_cat","embeddable":true,"href":"https:\/\/www.youmushiguang.com\/de\/wp-json\/wp\/v2\/product_cat?post=4205"},{"taxonomy":"product_tag","embeddable":true,"href":"https:\/\/www.youmushiguang.com\/de\/wp-json\/wp\/v2\/product_tag?post=4205"}],"curies":[{"name":"wp","href":"https:\/\/api.w.org\/{rel}","templated":true}]}}