{"id":4455,"date":"2025-12-31T09:11:58","date_gmt":"2025-12-31T09:11:58","guid":{"rendered":"https:\/\/www.youmushiguang.com\/?post_type=product&#038;p=4455"},"modified":"2026-04-22T02:32:21","modified_gmt":"2026-04-22T02:32:21","slug":"wholesale-thai-style-restaurant-table-and-chair-set","status":"publish","type":"product","link":"https:\/\/www.youmushiguang.com\/de\/product\/wholesale-thai-style-restaurant-table-and-chair-set\/","title":{"rendered":"Gro\u00dfhandel Thai Style Restaurant Tisch und Stuhl Set - Tom Yum Restaurant M\u00f6bel Set"},"content":{"rendered":"<div class=\"wp-block-columns is-layout-flex wp-container-core-columns-is-layout-9d6595d7 wp-block-columns-is-layout-flex\">\n<div class=\"wp-block-column is-layout-flow wp-block-column-is-layout-flow\" style=\"flex-basis:25%\"><\/div>\n\n\n\n<div class=\"wp-block-column is-layout-flow wp-block-column-is-layout-flow\" style=\"flex-basis:50%\">\n<figure class=\"wp-block-image size-full\"><img decoding=\"async\" width=\"790\" height=\"2410\" src=\"https:\/\/www.youmushiguang.com\/wp-content\/uploads\/2025\/12\/1-71.webp\" alt=\"\" class=\"wp-image-4640\" srcset=\"https:\/\/www.youmushiguang.com\/wp-content\/uploads\/2025\/12\/1-71.webp 790w, https:\/\/www.youmushiguang.com\/wp-content\/uploads\/2025\/12\/1-71-98x300.webp 98w, https:\/\/www.youmushiguang.com\/wp-content\/uploads\/2025\/12\/1-71-768x2343.webp 768w, https:\/\/www.youmushiguang.com\/wp-content\/uploads\/2025\/12\/1-71-4x12.webp 4w, https:\/\/www.youmushiguang.com\/wp-content\/uploads\/2025\/12\/1-71-600x1830.webp 600w\" sizes=\"(max-width: 790px) 100vw, 790px\" \/><\/figure>\n\n\n\n<figure class=\"wp-block-image size-full\"><img decoding=\"async\" width=\"790\" height=\"2943\" src=\"https:\/\/www.youmushiguang.com\/wp-content\/uploads\/2025\/12\/2-78.webp\" alt=\"\" class=\"wp-image-4641\" srcset=\"https:\/\/www.youmushiguang.com\/wp-content\/uploads\/2025\/12\/2-78.webp 790w, https:\/\/www.youmushiguang.com\/wp-content\/uploads\/2025\/12\/2-78-768x2861.webp 768w, https:\/\/www.youmushiguang.com\/wp-content\/uploads\/2025\/12\/2-78-3x12.webp 3w, https:\/\/www.youmushiguang.com\/wp-content\/uploads\/2025\/12\/2-78-600x2235.webp 600w\" sizes=\"(max-width: 790px) 100vw, 790px\" \/><\/figure>\n\n\n\n<figure class=\"wp-block-image size-full\"><img decoding=\"async\" width=\"790\" height=\"1987\" src=\"https:\/\/www.youmushiguang.com\/wp-content\/uploads\/2025\/12\/3-72.webp\" alt=\"\" class=\"wp-image-4642\" srcset=\"https:\/\/www.youmushiguang.com\/wp-content\/uploads\/2025\/12\/3-72.webp 790w, https:\/\/www.youmushiguang.com\/wp-content\/uploads\/2025\/12\/3-72-119x300.webp 119w, https:\/\/www.youmushiguang.com\/wp-content\/uploads\/2025\/12\/3-72-768x1932.webp 768w, https:\/\/www.youmushiguang.com\/wp-content\/uploads\/2025\/12\/3-72-5x12.webp 5w, https:\/\/www.youmushiguang.com\/wp-content\/uploads\/2025\/12\/3-72-600x1509.webp 600w\" sizes=\"(max-width: 790px) 100vw, 790px\" \/><\/figure>\n\n\n\n<figure class=\"wp-block-image size-full\"><img decoding=\"async\" width=\"790\" height=\"2512\" src=\"https:\/\/www.youmushiguang.com\/wp-content\/uploads\/2025\/12\/4-68.webp\" alt=\"\" class=\"wp-image-4643\" srcset=\"https:\/\/www.youmushiguang.com\/wp-content\/uploads\/2025\/12\/4-68.webp 790w, https:\/\/www.youmushiguang.com\/wp-content\/uploads\/2025\/12\/4-68-94x300.webp 94w, https:\/\/www.youmushiguang.com\/wp-content\/uploads\/2025\/12\/4-68-768x2442.webp 768w, https:\/\/www.youmushiguang.com\/wp-content\/uploads\/2025\/12\/4-68-4x12.webp 4w, https:\/\/www.youmushiguang.com\/wp-content\/uploads\/2025\/12\/4-68-600x1908.webp 600w\" sizes=\"(max-width: 790px) 100vw, 790px\" \/><\/figure>\n\n\n\n<figure class=\"wp-block-image size-full\"><img decoding=\"async\" width=\"790\" height=\"1363\" src=\"https:\/\/www.youmushiguang.com\/wp-content\/uploads\/2025\/12\/5-38.webp\" alt=\"\" class=\"wp-image-4644\" srcset=\"https:\/\/www.youmushiguang.com\/wp-content\/uploads\/2025\/12\/5-38.webp 790w, https:\/\/www.youmushiguang.com\/wp-content\/uploads\/2025\/12\/5-38-174x300.webp 174w, https:\/\/www.youmushiguang.com\/wp-content\/uploads\/2025\/12\/5-38-768x1325.webp 768w, https:\/\/www.youmushiguang.com\/wp-content\/uploads\/2025\/12\/5-38-7x12.webp 7w, https:\/\/www.youmushiguang.com\/wp-content\/uploads\/2025\/12\/5-38-600x1035.webp 600w\" sizes=\"(max-width: 790px) 100vw, 790px\" \/><\/figure>\n<\/div>\n\n\n\n<div class=\"wp-block-column is-layout-flow wp-block-column-is-layout-flow\" style=\"flex-basis:25%\"><\/div>\n<\/div>","protected":false},"excerpt":{"rendered":"<div id=\"tw-container\" class=\"nev7se\" data-cp=\"1\" data-nnttsvi=\"1\" data-sletp=\"false\" data-sm=\"1\" data-ssbp=\"false\" data-sugg-time=\"500\" data-sugg-url=\"https:\/\/clients1.google.com\/complete\/search\" data-uilc=\"zh-CN\" data-vil=\",af,af-ZA,am,am-ET,ar-EG,ar-AE,ar-KW,ar-QA,ar,ar-IL,ar-JO,ar-LB,ar-PS,az,az-AZ,bg,bg-BG,bn,bn-BD,bn-IN,ca,ca-es,cs,cs-CZ,de,de-DE,de-CH,de-AT,de-LI,en,en-US,en-CA,en-AU,en-NZ,en-GB,en-IN,en-KE,en-TZ,en-NG,en-GH,en-PH,en-ZA,es,es-ES,es-AR,es-UY,es-419,es-BO,es-CL,es-CR,es-CO,es-DO,es-EC,es-GT,es-HN,es-NI,es-PA,es-PE,es-PR,es-PY,es-SV,es-VE,es-MX,es-US,eu,eu-ES,fi,fi-FI,fr,fr-FR,fr-CH,fr-BE,gl,gl-ES,gu,gu-IN,he,he-IL,iw,iw-IL,hu,hu-HU,hy,hy-AM,id,id-ID,is,is-IS,it,it-IT,it-CH,ja,ja-JP,jv,jv-ID,ka,ka-GE,km,km-KH,kn,kn-IN,ko,ko-KR,la,lo,lo-LA,lv,lv-LV,ml,ml-IN,mr,mr-IN,ms,ms-MY,nl,nl-NL,nb,nb-NO,ne,ne-NP,pl,pl-PL,pt,pt-BR,pt-PT,ro,ro-RO,ru,ru-RU,si-LK,sk,sk-SK,sr,sr-RS,su,su-ID,sv,sv-SE,sw,sw-TZ,sw-KE,ta,ta-IN,ta-SG,ta-LK,ta-MY,te,te-IN,tr,tr-TR,ur,ur-PK,ur-IN,yue,yue-HK,yue-Hant-HK,zh-HK,zh,zh-CN,zh-cmn,zh-cmn-CN,zh-Hans,zh-Hans-CN,zh-cmn-Hans,zh-cmn-Hans-CN,cmn-CN,cmn-Hans,cmn-Hans-CN,zh-TW,zh-Hant-TW,cmn-TW,cmn-Hant-TW,zh-cmn-TW,zh-cmn-Hant-TW,zu,zu-ZA,hi,hi-IN,tl,tl-PH,pa,pa-IN\">\n<div id=\"tw-ob\" class=\"tw-src-ltr\">\n<div class=\"oSioSc\">\n<div id=\"tw-target\">\n<div id=\"kAz1tf\" class=\"g9WsWb PZPZlf\" data-attrid=\"tw-targetArea\" data-entityname=\"Google Translate\">\n<div id=\"tw-target-text-container\" class=\"tw-ta-container tw-nfl\" role=\"text\">\n<div class=\"tw-ta-container tw-nfl\" role=\"text\">\n<p>Werten Sie Ihren Speiseraum mit unserem Gro\u00dfhandelsangebot an Restaurantm\u00f6beln im thail\u00e4ndischen Stil auf und verleihen Sie Ihrem Restaurant eine reiche kulturelle \u00c4sthetik, w\u00e4hrend Sie gleichzeitig Ihr Markenimage st\u00e4rken. Kontaktieren Sie uns f\u00fcr Gro\u00dfhandelspreise.<\/p>\n<p>Wir bieten OEM- und ODM-Dienstleistungen an; Materialien, Farben, Gr\u00f6\u00dfen und Oberfl\u00e4chen k\u00f6nnen Ihren Anforderungen entsprechend angepasst werden.<\/p>\n<\/div>\n<\/div>\n<\/div>\n<\/div>\n<\/div>\n<\/div>\n<\/div>\n<h2>Spezifikationen f\u00fcr Restaurantm\u00f6bel<\/h2>\n<table width=\"668\">\n<tbody>\n<tr>\n<td width=\"143\">Modell<\/td>\n<td width=\"525\">1124<\/td>\n<\/tr>\n<tr>\n<td width=\"143\">Kategorie<\/td>\n<td width=\"525\">\n<p>Restaurant-M\u00f6bel<\/p>\n<\/td>\n<\/tr>\n<tr>\n<td width=\"143\">Produktname<\/td>\n<td width=\"525\">Restauranttische und -st\u00fchle<\/td>\n<\/tr>\n<tr>\n<td width=\"143\">Anpassungsoptionen<\/td>\n<td width=\"525\">Stil\/Farbe\/Gr\u00f6\u00dfe\/Material<\/td>\n<\/tr>\n<tr>\n<td width=\"143\">Tabelle<\/td>\n<td width=\"525\">Mehrschichtige Sperrholz-Tischplatte + Hochwertige Metall-Tischbeine<\/td>\n<\/tr>\n<tr>\n<td width=\"143\">\n<p>Stuhl<\/p>\n<\/td>\n<td width=\"525\">\n<p id=\"tw-target-text\" class=\"tw-data-text tw-text-large tw-ta\" dir=\"ltr\" role=\"text\" data-placeholder=\"\u7ffb\u8bd1\" data-ved=\"2ahUKEwiny42x3KyRAxUyFzQIHU5LCvcQ3ewLegQIDBAV\" aria-label=\"\u8bd1\u6587\uff1aMetallrahmen + mehrschichtiges Sperrholz\">Massivholzrahmen + geflochtenes Rattan<\/p>\n<\/td>\n<\/tr>\n<tr>\n<td width=\"143\">Anwendung Szene<\/td>\n<td width=\"525\">Caf\u00e9 \/ Kaffeehaus \/ Restaurant<\/td>\n<\/tr>\n<tr>\n<td width=\"143\">Farbe<\/td>\n<td width=\"525\">Walnuss\/Cremefarben (anpassbar)<\/td>\n<\/tr>\n<tr>\n<td width=\"143\">Material<\/td>\n<td width=\"525\">Massivholz\/Sperrholz\/Metall\/Leder\/Schaumstoff<\/td>\n<\/tr>\n<tr>\n<td width=\"143\">\n<p>Stil<\/p>\n<\/td>\n<td width=\"525\">\n<p id=\"tw-target-text\" class=\"tw-data-text tw-text-large tw-ta\" dir=\"ltr\" role=\"text\" data-placeholder=\"\u7ffb\u8bd1\" data-ved=\"2ahUKEwiny42x3KyRAxUyFzQIHU5LCvcQ3ewLegQIDBAV\" aria-label=\"\u8bd1\u6587\uff1aModern\">s\u00fcdostasiatisch<\/p>\n<\/td>\n<\/tr>\n<\/tbody>\n<\/table>\n<p>&nbsp;<\/p>\n<p>\n<script src=\"chrome-extension:\/\/fpelahbljekknahkcaegamhcndkfpfnc\/iFrame.js\" type=\"text\/javascript\"><\/script><\/p>","protected":false},"featured_media":4632,"comment_status":"closed","ping_status":"closed","template":"","meta":{"_acf_changed":false},"product_brand":[],"product_cat":[24,48,40],"product_tag":[],"class_list":{"0":"post-4455","1":"product","2":"type-product","3":"status-publish","4":"has-post-thumbnail","6":"product_cat-wholesale-restaurant-furniture","7":"product_cat-themed-restaurant-furniture","8":"product_cat-wholesale-southeast-asian-style-restaurant-furniture","10":"first","11":"instock","12":"shipping-taxable","13":"product-type-simple"},"acf":[],"_links":{"self":[{"href":"https:\/\/www.youmushiguang.com\/de\/wp-json\/wp\/v2\/product\/4455","targetHints":{"allow":["GET"]}}],"collection":[{"href":"https:\/\/www.youmushiguang.com\/de\/wp-json\/wp\/v2\/product"}],"about":[{"href":"https:\/\/www.youmushiguang.com\/de\/wp-json\/wp\/v2\/types\/product"}],"replies":[{"embeddable":true,"href":"https:\/\/www.youmushiguang.com\/de\/wp-json\/wp\/v2\/comments?post=4455"}],"wp:featuredmedia":[{"embeddable":true,"href":"https:\/\/www.youmushiguang.com\/de\/wp-json\/wp\/v2\/media\/4632"}],"wp:attachment":[{"href":"https:\/\/www.youmushiguang.com\/de\/wp-json\/wp\/v2\/media?parent=4455"}],"wp:term":[{"taxonomy":"product_brand","embeddable":true,"href":"https:\/\/www.youmushiguang.com\/de\/wp-json\/wp\/v2\/product_brand?post=4455"},{"taxonomy":"product_cat","embeddable":true,"href":"https:\/\/www.youmushiguang.com\/de\/wp-json\/wp\/v2\/product_cat?post=4455"},{"taxonomy":"product_tag","embeddable":true,"href":"https:\/\/www.youmushiguang.com\/de\/wp-json\/wp\/v2\/product_tag?post=4455"}],"curies":[{"name":"wp","href":"https:\/\/api.w.org\/{rel}","templated":true}]}}