{"id":530,"date":"2025-10-13T08:28:09","date_gmt":"2025-10-13T08:28:09","guid":{"rendered":"https:\/\/www.youmushiguang.com\/?post_type=product&#038;p=530"},"modified":"2025-10-27T03:52:27","modified_gmt":"2025-10-27T03:52:27","slug":"wholesale-commercial-cafe-furniture","status":"publish","type":"product","link":"https:\/\/www.youmushiguang.com\/de\/product\/wholesale-commercial-cafe-furniture\/","title":{"rendered":"Gro\u00dfhandel kommerzielle Cafe M\u00f6bel - Unterst\u00fctzung OEM &amp; ODM Anpassung"},"content":{"rendered":"<div class=\"wp-block-columns is-layout-flex wp-container-core-columns-is-layout-9d6595d7 wp-block-columns-is-layout-flex\">\n<div class=\"wp-block-column is-layout-flow wp-block-column-is-layout-flow\" style=\"flex-basis:25%\"><\/div>\n\n\n\n<div class=\"wp-block-column is-layout-flow wp-block-column-is-layout-flow\" style=\"flex-basis:50%\">\n<figure class=\"wp-block-image size-full\"><img decoding=\"async\" width=\"750\" height=\"2380\" src=\"https:\/\/www.youmushiguang.com\/wp-content\/uploads\/2025\/10\/commercial-cafe-furniture-details-1.webp\" alt=\"kommerzielle Cafe-M\u00f6bel Details (1)\" class=\"wp-image-535\" srcset=\"https:\/\/www.youmushiguang.com\/wp-content\/uploads\/2025\/10\/commercial-cafe-furniture-details-1.webp 750w, https:\/\/www.youmushiguang.com\/wp-content\/uploads\/2025\/10\/commercial-cafe-furniture-details-1-95x300.webp 95w, https:\/\/www.youmushiguang.com\/wp-content\/uploads\/2025\/10\/commercial-cafe-furniture-details-1-600x1904.webp 600w\" sizes=\"(max-width: 750px) 100vw, 750px\" \/><\/figure>\n\n\n\n<figure class=\"wp-block-image size-full\"><img decoding=\"async\" width=\"750\" height=\"2452\" src=\"https:\/\/www.youmushiguang.com\/wp-content\/uploads\/2025\/10\/commercial-cafe-furniture-details-2.webp\" alt=\"kommerzielle Cafe-M\u00f6bel Details (2)\" class=\"wp-image-536\" srcset=\"https:\/\/www.youmushiguang.com\/wp-content\/uploads\/2025\/10\/commercial-cafe-furniture-details-2.webp 750w, https:\/\/www.youmushiguang.com\/wp-content\/uploads\/2025\/10\/commercial-cafe-furniture-details-2-92x300.webp 92w, https:\/\/www.youmushiguang.com\/wp-content\/uploads\/2025\/10\/commercial-cafe-furniture-details-2-600x1962.webp 600w\" sizes=\"(max-width: 750px) 100vw, 750px\" \/><\/figure>\n\n\n\n<figure class=\"wp-block-image size-full\"><img decoding=\"async\" width=\"750\" height=\"2788\" src=\"https:\/\/www.youmushiguang.com\/wp-content\/uploads\/2025\/10\/commercial-cafe-furniture-details-3.webp\" alt=\"kommerzielle Cafe-M\u00f6bel Details (3)\" class=\"wp-image-537\" srcset=\"https:\/\/www.youmushiguang.com\/wp-content\/uploads\/2025\/10\/commercial-cafe-furniture-details-3.webp 750w, https:\/\/www.youmushiguang.com\/wp-content\/uploads\/2025\/10\/commercial-cafe-furniture-details-3-81x300.webp 81w, https:\/\/www.youmushiguang.com\/wp-content\/uploads\/2025\/10\/commercial-cafe-furniture-details-3-600x2230.webp 600w\" sizes=\"(max-width: 750px) 100vw, 750px\" \/><\/figure>\n\n\n\n<figure class=\"wp-block-image size-full\"><img decoding=\"async\" width=\"750\" height=\"2679\" src=\"https:\/\/www.youmushiguang.com\/wp-content\/uploads\/2025\/10\/commercial-cafe-furniture-details-4.webp\" alt=\"kommerzielle Cafe-M\u00f6bel Details (4)\" class=\"wp-image-538\" srcset=\"https:\/\/www.youmushiguang.com\/wp-content\/uploads\/2025\/10\/commercial-cafe-furniture-details-4.webp 750w, https:\/\/www.youmushiguang.com\/wp-content\/uploads\/2025\/10\/commercial-cafe-furniture-details-4-84x300.webp 84w, https:\/\/www.youmushiguang.com\/wp-content\/uploads\/2025\/10\/commercial-cafe-furniture-details-4-600x2143.webp 600w\" sizes=\"(max-width: 750px) 100vw, 750px\" \/><\/figure>\n<\/div>\n\n\n\n<div class=\"wp-block-column is-layout-flow wp-block-column-is-layout-flow\" style=\"flex-basis:25%\"><\/div>\n<\/div>","protected":false},"excerpt":{"rendered":"<p>Gro\u00dfhandel f\u00fcr kommerzielle Caf\u00e9-M\u00f6bel, einschlie\u00dflich St\u00fchle, Tische und Standsofas. Langlebig, stilvoll und anpassbar Designs perfekt f\u00fcr moderne Caf\u00e9s und Restaurants.<\/p>\n<h2>Spezifikationen f\u00fcr kommerzielle Cafe-M\u00f6bel<\/h2>\n<table style=\"border-collapse: collapse; width: 690px; height: 554px;\" border=\"0\" width=\"596\" cellspacing=\"0\" cellpadding=\"0\">\n<tbody>\n<tr style=\"height: 13.50pt;\">\n<td class=\"et2\" style=\"height: 13.50pt; width: 107.25pt;\" width=\"143\" height=\"18\">Modell<\/td>\n<td class=\"et3\" style=\"width: 339.75pt;\" width=\"453\">1024<\/td>\n<\/tr>\n<tr style=\"height: 13.50pt;\">\n<td class=\"et2\" style=\"height: 13.50pt; width: 107.25pt;\" width=\"143\" height=\"18\">Kategorie<\/td>\n<td class=\"et3\" style=\"width: 339.75pt;\" width=\"453\">Cafe<\/td>\n<\/tr>\n<tr style=\"height: 41.00pt;\">\n<td class=\"et2\" style=\"height: 41.00pt; width: 107.25pt;\" width=\"143\" height=\"54\">Produktname<\/td>\n<td class=\"et3\" style=\"width: 339.75pt;\" width=\"453\">Dessert-Shop, Milch-Tee-Shop, Kaffee-Shop Tische und St\u00fchle<\/td>\n<\/tr>\n<tr style=\"height: 27.00pt;\">\n<td class=\"et2\" style=\"height: 27.00pt; width: 107.25pt;\" width=\"143\" height=\"36\">Anpassungsoptionen<\/td>\n<td class=\"et3\" style=\"width: 339.75pt;\" width=\"453\">Stil\/Farbe\/Gr\u00f6\u00dfe\/Material<\/td>\n<\/tr>\n<tr style=\"height: 74.00pt;\">\n<td class=\"et2\" style=\"height: 74.00pt; width: 107.25pt;\" width=\"143\" height=\"98\">Stand<\/td>\n<td class=\"et3\" style=\"width: 339.75pt;\" width=\"453\">Massivholz-Mehrschichtplatte mit Holzfurnier + Metallrahmen + umweltfreundliche Umh\u00fcllung aus Nappaleder + hochdichter Schaumstoff<\/td>\n<\/tr>\n<tr style=\"height: 40.50pt;\">\n<td class=\"et2\" style=\"height: 40.50pt; width: 107.25pt;\" width=\"143\" height=\"54\">Stuhl<\/td>\n<td class=\"et3\" style=\"width: 339.75pt;\" width=\"453\">Stabiles Massivholz + Eisenrahmen + gebogenes Brett + umweltfreundlicher Nappaleder\u00fcberzug + hochdichter R\u00fcckprallschaum<\/td>\n<\/tr>\n<tr style=\"height: 27.00pt;\">\n<td class=\"et2\" style=\"height: 27.00pt; width: 107.25pt;\" width=\"143\" height=\"36\">Couchtisch<\/td>\n<td class=\"et3\" style=\"width: 339.75pt;\" width=\"453\">Massivholz-Mehrschichtplatte mit Holzfurnier-Tischplatte + stabile Beschl\u00e4ge Eisenbeine<\/td>\n<\/tr>\n<tr style=\"height: 53.00pt;\">\n<td class=\"et2\" style=\"height: 53.00pt; width: 107.25pt;\" width=\"143\" height=\"70\">Anwendung Szene<\/td>\n<td class=\"et3\" style=\"width: 339.75pt;\" width=\"453\">Milch-Tee-Laden \/ Dessert-Laden \/ Burger-Laden \/ Buch-Bar<\/td>\n<\/tr>\n<tr style=\"height: 27.00pt;\">\n<td class=\"et2\" style=\"height: 27.00pt; width: 107.25pt;\" width=\"143\" height=\"36\">Farbe<\/td>\n<td class=\"et3\" style=\"width: 339.75pt;\" width=\"453\">Helles Walnussholz \/ Orange + beiges Leder (anpassbar)<\/td>\n<\/tr>\n<tr style=\"height: 46.00pt;\">\n<td class=\"et2\" style=\"height: 46.00pt; width: 107.25pt;\" width=\"143\" height=\"61\">Material<\/td>\n<td class=\"et3\" style=\"width: 339.75pt;\" width=\"453\">Sperrholz \/ Metall \/ Leder \/ Schaumstoff<\/td>\n<\/tr>\n<tr style=\"height: 13.50pt;\">\n<td class=\"et2\" style=\"height: 13.50pt; width: 107.25pt;\" width=\"143\" height=\"18\">Stil<\/td>\n<td class=\"et3\" style=\"width: 339.75pt;\" width=\"453\">Modern einfach<\/td>\n<\/tr>\n<\/tbody>\n<\/table>\n<p>&nbsp;<\/p>\n<p><script src=\"chrome-extension:\/\/fpelahbljekknahkcaegamhcndkfpfnc\/iFrame.js\" type=\"text\/javascript\"><\/script><\/p>\n<p><script src=\"chrome-extension:\/\/fpelahbljekknahkcaegamhcndkfpfnc\/iFrame.js\" type=\"text\/javascript\"><\/script><\/p>\n<p>\n<script src=\"chrome-extension:\/\/fpelahbljekknahkcaegamhcndkfpfnc\/iFrame.js\" type=\"text\/javascript\"><\/script><\/p>","protected":false},"featured_media":540,"comment_status":"closed","ping_status":"closed","template":"","meta":{"_acf_changed":false},"product_brand":[],"product_cat":[20],"product_tag":[],"class_list":{"0":"post-530","1":"product","2":"type-product","3":"status-publish","4":"has-post-thumbnail","6":"product_cat-wholesale-cafe-furniture","8":"first","9":"instock","10":"shipping-taxable","11":"product-type-simple"},"acf":[],"_links":{"self":[{"href":"https:\/\/www.youmushiguang.com\/de\/wp-json\/wp\/v2\/product\/530","targetHints":{"allow":["GET"]}}],"collection":[{"href":"https:\/\/www.youmushiguang.com\/de\/wp-json\/wp\/v2\/product"}],"about":[{"href":"https:\/\/www.youmushiguang.com\/de\/wp-json\/wp\/v2\/types\/product"}],"replies":[{"embeddable":true,"href":"https:\/\/www.youmushiguang.com\/de\/wp-json\/wp\/v2\/comments?post=530"}],"wp:featuredmedia":[{"embeddable":true,"href":"https:\/\/www.youmushiguang.com\/de\/wp-json\/wp\/v2\/media\/540"}],"wp:attachment":[{"href":"https:\/\/www.youmushiguang.com\/de\/wp-json\/wp\/v2\/media?parent=530"}],"wp:term":[{"taxonomy":"product_brand","embeddable":true,"href":"https:\/\/www.youmushiguang.com\/de\/wp-json\/wp\/v2\/product_brand?post=530"},{"taxonomy":"product_cat","embeddable":true,"href":"https:\/\/www.youmushiguang.com\/de\/wp-json\/wp\/v2\/product_cat?post=530"},{"taxonomy":"product_tag","embeddable":true,"href":"https:\/\/www.youmushiguang.com\/de\/wp-json\/wp\/v2\/product_tag?post=530"}],"curies":[{"name":"wp","href":"https:\/\/api.w.org\/{rel}","templated":true}]}}