{"id":5459,"date":"2026-01-27T03:52:59","date_gmt":"2026-01-27T03:52:59","guid":{"rendered":"https:\/\/www.youmushiguang.com\/?post_type=product&#038;p=5459"},"modified":"2026-04-22T01:34:14","modified_gmt":"2026-04-22T01:34:14","slug":"vintage-style-restaurant-table-and-chair-sets","status":"publish","type":"product","link":"https:\/\/www.youmushiguang.com\/de\/product\/vintage-style-restaurant-table-and-chair-sets\/","title":{"rendered":"Restaurant Tisch- und Stuhlsets aus Massivholz im Vintage-Stil, geeignet f\u00fcr gehobene Steakh\u00e4user, Caf\u00e9s, Bars usw."},"content":{"rendered":"<div class=\"wp-block-columns is-layout-flex wp-container-core-columns-is-layout-9d6595d7 wp-block-columns-is-layout-flex\">\n<div class=\"wp-block-column is-layout-flow wp-block-column-is-layout-flow\" style=\"flex-basis:25%\"><\/div>\n\n\n\n<div class=\"wp-block-column is-layout-flow wp-block-column-is-layout-flow\" style=\"flex-basis:50%\">\n<figure class=\"wp-block-image size-full\"><img decoding=\"async\" width=\"750\" height=\"941\" src=\"https:\/\/www.youmushiguang.com\/wp-content\/uploads\/2026\/01\/1-7.webp\" alt=\"\" class=\"wp-image-5461\" srcset=\"https:\/\/www.youmushiguang.com\/wp-content\/uploads\/2026\/01\/1-7.webp 750w, https:\/\/www.youmushiguang.com\/wp-content\/uploads\/2026\/01\/1-7-239x300.webp 239w, https:\/\/www.youmushiguang.com\/wp-content\/uploads\/2026\/01\/1-7-10x12.webp 10w, https:\/\/www.youmushiguang.com\/wp-content\/uploads\/2026\/01\/1-7-600x753.webp 600w\" sizes=\"(max-width: 750px) 100vw, 750px\" \/><\/figure>\n\n\n\n<figure class=\"wp-block-image size-full\"><img decoding=\"async\" width=\"750\" height=\"1723\" src=\"https:\/\/www.youmushiguang.com\/wp-content\/uploads\/2026\/01\/2-9.webp\" alt=\"\" class=\"wp-image-5462\" srcset=\"https:\/\/www.youmushiguang.com\/wp-content\/uploads\/2026\/01\/2-9.webp 750w, https:\/\/www.youmushiguang.com\/wp-content\/uploads\/2026\/01\/2-9-131x300.webp 131w, https:\/\/www.youmushiguang.com\/wp-content\/uploads\/2026\/01\/2-9-5x12.webp 5w, https:\/\/www.youmushiguang.com\/wp-content\/uploads\/2026\/01\/2-9-600x1378.webp 600w\" sizes=\"(max-width: 750px) 100vw, 750px\" \/><\/figure>\n\n\n\n<figure class=\"wp-block-image size-full\"><img decoding=\"async\" width=\"750\" height=\"892\" src=\"https:\/\/www.youmushiguang.com\/wp-content\/uploads\/2026\/01\/3-7.webp\" alt=\"\" class=\"wp-image-5463\" srcset=\"https:\/\/www.youmushiguang.com\/wp-content\/uploads\/2026\/01\/3-7.webp 750w, https:\/\/www.youmushiguang.com\/wp-content\/uploads\/2026\/01\/3-7-252x300.webp 252w, https:\/\/www.youmushiguang.com\/wp-content\/uploads\/2026\/01\/3-7-10x12.webp 10w, https:\/\/www.youmushiguang.com\/wp-content\/uploads\/2026\/01\/3-7-600x714.webp 600w\" sizes=\"(max-width: 750px) 100vw, 750px\" \/><\/figure>\n\n\n\n<figure class=\"wp-block-image size-full\"><img decoding=\"async\" width=\"750\" height=\"2334\" src=\"https:\/\/www.youmushiguang.com\/wp-content\/uploads\/2026\/01\/4-8.webp\" alt=\"\" class=\"wp-image-5464\" srcset=\"https:\/\/www.youmushiguang.com\/wp-content\/uploads\/2026\/01\/4-8.webp 750w, https:\/\/www.youmushiguang.com\/wp-content\/uploads\/2026\/01\/4-8-96x300.webp 96w, https:\/\/www.youmushiguang.com\/wp-content\/uploads\/2026\/01\/4-8-4x12.webp 4w, https:\/\/www.youmushiguang.com\/wp-content\/uploads\/2026\/01\/4-8-600x1867.webp 600w\" sizes=\"(max-width: 750px) 100vw, 750px\" \/><\/figure>\n\n\n\n<figure class=\"wp-block-image size-full\"><img decoding=\"async\" width=\"750\" height=\"2737\" src=\"https:\/\/www.youmushiguang.com\/wp-content\/uploads\/2026\/01\/5-7.webp\" alt=\"\" class=\"wp-image-5465\" srcset=\"https:\/\/www.youmushiguang.com\/wp-content\/uploads\/2026\/01\/5-7.webp 750w, https:\/\/www.youmushiguang.com\/wp-content\/uploads\/2026\/01\/5-7-82x300.webp 82w, https:\/\/www.youmushiguang.com\/wp-content\/uploads\/2026\/01\/5-7-3x12.webp 3w, https:\/\/www.youmushiguang.com\/wp-content\/uploads\/2026\/01\/5-7-600x2190.webp 600w\" sizes=\"(max-width: 750px) 100vw, 750px\" \/><\/figure>\n\n\n\n<figure class=\"wp-block-image size-full\"><img decoding=\"async\" width=\"750\" height=\"1296\" src=\"https:\/\/www.youmushiguang.com\/wp-content\/uploads\/2026\/01\/6-6.webp\" alt=\"\" class=\"wp-image-5466\" srcset=\"https:\/\/www.youmushiguang.com\/wp-content\/uploads\/2026\/01\/6-6.webp 750w, https:\/\/www.youmushiguang.com\/wp-content\/uploads\/2026\/01\/6-6-174x300.webp 174w, https:\/\/www.youmushiguang.com\/wp-content\/uploads\/2026\/01\/6-6-7x12.webp 7w, https:\/\/www.youmushiguang.com\/wp-content\/uploads\/2026\/01\/6-6-600x1037.webp 600w\" sizes=\"(max-width: 750px) 100vw, 750px\" \/><\/figure>\n\n\n\n<figure class=\"wp-block-image size-full\"><img decoding=\"async\" width=\"750\" height=\"791\" src=\"https:\/\/www.youmushiguang.com\/wp-content\/uploads\/2026\/01\/7-7.webp\" alt=\"\" class=\"wp-image-5467\" srcset=\"https:\/\/www.youmushiguang.com\/wp-content\/uploads\/2026\/01\/7-7.webp 750w, https:\/\/www.youmushiguang.com\/wp-content\/uploads\/2026\/01\/7-7-284x300.webp 284w, https:\/\/www.youmushiguang.com\/wp-content\/uploads\/2026\/01\/7-7-11x12.webp 11w, https:\/\/www.youmushiguang.com\/wp-content\/uploads\/2026\/01\/7-7-600x633.webp 600w\" sizes=\"(max-width: 750px) 100vw, 750px\" \/><\/figure>\n\n\n\n<figure class=\"wp-block-image size-full\"><img decoding=\"async\" width=\"750\" height=\"687\" src=\"https:\/\/www.youmushiguang.com\/wp-content\/uploads\/2026\/01\/8-6.webp\" alt=\"\" class=\"wp-image-5468\" srcset=\"https:\/\/www.youmushiguang.com\/wp-content\/uploads\/2026\/01\/8-6.webp 750w, https:\/\/www.youmushiguang.com\/wp-content\/uploads\/2026\/01\/8-6-300x275.webp 300w, https:\/\/www.youmushiguang.com\/wp-content\/uploads\/2026\/01\/8-6-13x12.webp 13w, https:\/\/www.youmushiguang.com\/wp-content\/uploads\/2026\/01\/8-6-600x550.webp 600w\" sizes=\"(max-width: 750px) 100vw, 750px\" \/><\/figure>\n<\/div>\n\n\n\n<div class=\"wp-block-column is-layout-flow wp-block-column-is-layout-flow\" style=\"flex-basis:25%\"><\/div>\n<\/div>\n\n\n\n<p><\/p>","protected":false},"excerpt":{"rendered":"<p>Massive Restauranttische und -st\u00fchle aus Massivholz im Vintage-Stil. Diese Sets sind f\u00fcr rustikale Steakh\u00e4user, Boutique-Caf\u00e9s, trendige Bars und historische Veranstaltungsorte konzipiert und schaffen eine komfortable und einladende Atmosph\u00e4re f\u00fcr die G\u00e4ste.<\/p>\n<p>Als engagierter <a href=\"https:\/\/www.youmushiguang.com\/de\/product-category\/wholesale-restaurant-furniture\/\" target=\"_blank\" rel=\"noopener\"><strong>Hersteller von Restaurantm\u00f6beln<\/strong><\/a>, unterst\u00fctzen wir gewerbliche Projekte mit vollst\u00e4ndig ma\u00dfgeschneiderten M\u00f6bell\u00f6sungen.<\/p>\n<h2>Spezifikationen f\u00fcr Restaurantm\u00f6bel<\/h2>\n<table style=\"border-collapse: collapse; width: 501.02pt;\" border=\"0\" width=\"668\" cellspacing=\"0\" cellpadding=\"0\">\n<tbody>\n<tr style=\"height: 13.50pt;\">\n<td class=\"et2\" style=\"height: 13.50pt; width: 107.25pt;\" width=\"143\" height=\"18\">Modell<\/td>\n<td class=\"et3\" style=\"width: 393.75pt;\" width=\"525\">53-1<\/td>\n<\/tr>\n<tr style=\"height: 13.50pt;\">\n<td class=\"et2\" style=\"height: 13.50pt; width: 107.25pt;\" width=\"143\" height=\"18\">Kategorie<\/td>\n<td class=\"et3\" style=\"width: 393.75pt;\" width=\"525\">Restaurant-M\u00f6bel<\/td>\n<\/tr>\n<tr style=\"height: 13.50pt;\">\n<td class=\"et2\" style=\"height: 13.50pt; width: 107.25pt;\" width=\"143\" height=\"18\">Produktname<\/td>\n<td class=\"et3\" style=\"width: 393.75pt;\" width=\"525\">Neue Tische und St\u00fchle f\u00fcr chinesische Restaurants<\/td>\n<\/tr>\n<tr style=\"height: 27.00pt;\">\n<td class=\"et2\" style=\"height: 27.00pt; width: 107.25pt;\" width=\"143\" height=\"36\">Anpassungsoptionen<\/td>\n<td class=\"et3\" style=\"width: 393.75pt;\" width=\"525\">Stil\/Farbe\/Gr\u00f6\u00dfe\/Material<\/td>\n<\/tr>\n<tr style=\"height: 27.00pt;\">\n<td class=\"et2\" style=\"height: 27.00pt; width: 107.25pt;\" width=\"143\" height=\"36\">Stand<\/td>\n<td class=\"et3\" style=\"width: 393.75pt;\" width=\"525\">Mehrschichtiger Massivholzrahmen + hautfreundliche Nappalederumh\u00fcllung + hochdichter R\u00fcckprallschwamm<\/td>\n<\/tr>\n<tr style=\"height: 27.00pt;\">\n<td class=\"et2\" style=\"height: 27.00pt; width: 107.25pt;\" width=\"143\" height=\"36\">Stuhl<\/td>\n<td class=\"et3\" style=\"width: 393.75pt;\" width=\"525\">Massivholzrahmen + hautfreundliche Nappalederh\u00fclle + hochdichter R\u00fcckprallschwamm<\/td>\n<\/tr>\n<tr style=\"height: 27.00pt;\">\n<td class=\"et2\" style=\"height: 27.00pt; width: 107.25pt;\" width=\"143\" height=\"36\">Tabelle<\/td>\n<td class=\"et3\" style=\"width: 393.75pt;\" width=\"525\">Tischplatte aus mehrschichtigem Sperrholz + Tischbeine aus hochwertiger Hardware<\/td>\n<\/tr>\n<tr style=\"height: 27.00pt;\">\n<td class=\"et2\" style=\"height: 27.00pt; width: 107.25pt;\" width=\"143\" height=\"36\">Anwendung Szene<\/td>\n<td class=\"et3\" style=\"width: 393.75pt;\" width=\"525\">Restaurant\/Themenrestaurant\/Teerestaurant\/Hunan-Restaurant<\/td>\n<\/tr>\n<tr style=\"height: 13.50pt;\">\n<td class=\"et2\" style=\"height: 13.50pt; width: 107.25pt;\" width=\"143\" height=\"18\">Farbe<\/td>\n<td class=\"et3\" style=\"width: 393.75pt;\" width=\"525\">Walnuss\/Gr\u00fcn (anpassbar)<\/td>\n<\/tr>\n<tr style=\"height: 13.50pt;\">\n<td class=\"et2\" style=\"height: 13.50pt; width: 107.25pt;\" width=\"143\" height=\"18\">Material<\/td>\n<td class=\"et3\" style=\"width: 393.75pt;\" width=\"525\">Sperrholz\/Massivholz\/Metall\/Leder\/Schwamm<\/td>\n<\/tr>\n<tr style=\"height: 13.50pt;\">\n<td class=\"et2\" style=\"height: 13.50pt; width: 107.25pt;\" width=\"143\" height=\"18\">Stil<\/td>\n<td class=\"et3\" style=\"width: 393.75pt;\" width=\"525\">Jahrgang<\/td>\n<\/tr>\n<\/tbody>\n<\/table>\n<p>&nbsp;<\/p>\n<p>\n<script src=\"chrome-extension:\/\/fpelahbljekknahkcaegamhcndkfpfnc\/iFrame.js\" type=\"text\/javascript\"><\/script><\/p>","protected":false},"featured_media":5460,"comment_status":"closed","ping_status":"closed","template":"","meta":{"_acf_changed":true},"product_brand":[],"product_cat":[24,36,44,21,20],"product_tag":[],"class_list":{"0":"post-5459","1":"product","2":"type-product","3":"status-publish","4":"has-post-thumbnail","6":"product_cat-wholesale-restaurant-furniture","7":"product_cat-wholesale-coffee-shop-restaurant-furniture","8":"product_cat-vintage-style-restaurant-furniture","9":"product_cat-wholesale-pub-furniture","10":"product_cat-wholesale-cafe-furniture","12":"first","13":"instock","14":"shipping-taxable","15":"product-type-simple"},"acf":[],"_links":{"self":[{"href":"https:\/\/www.youmushiguang.com\/de\/wp-json\/wp\/v2\/product\/5459","targetHints":{"allow":["GET"]}}],"collection":[{"href":"https:\/\/www.youmushiguang.com\/de\/wp-json\/wp\/v2\/product"}],"about":[{"href":"https:\/\/www.youmushiguang.com\/de\/wp-json\/wp\/v2\/types\/product"}],"replies":[{"embeddable":true,"href":"https:\/\/www.youmushiguang.com\/de\/wp-json\/wp\/v2\/comments?post=5459"}],"wp:featuredmedia":[{"embeddable":true,"href":"https:\/\/www.youmushiguang.com\/de\/wp-json\/wp\/v2\/media\/5460"}],"wp:attachment":[{"href":"https:\/\/www.youmushiguang.com\/de\/wp-json\/wp\/v2\/media?parent=5459"}],"wp:term":[{"taxonomy":"product_brand","embeddable":true,"href":"https:\/\/www.youmushiguang.com\/de\/wp-json\/wp\/v2\/product_brand?post=5459"},{"taxonomy":"product_cat","embeddable":true,"href":"https:\/\/www.youmushiguang.com\/de\/wp-json\/wp\/v2\/product_cat?post=5459"},{"taxonomy":"product_tag","embeddable":true,"href":"https:\/\/www.youmushiguang.com\/de\/wp-json\/wp\/v2\/product_tag?post=5459"}],"curies":[{"name":"wp","href":"https:\/\/api.w.org\/{rel}","templated":true}]}}