{"id":552,"date":"2025-10-13T15:16:12","date_gmt":"2025-10-13T15:16:12","guid":{"rendered":"https:\/\/www.youmushiguang.com\/?post_type=product&#038;p=552"},"modified":"2025-10-17T06:51:16","modified_gmt":"2025-10-17T06:51:16","slug":"wholesale-commercial-hot-pot-restaurant-furniture","status":"publish","type":"product","link":"https:\/\/www.youmushiguang.com\/de\/product\/wholesale-commercial-hot-pot-restaurant-furniture\/","title":{"rendered":"Gro\u00dfhandel Hot Pot Restaurant M\u00f6bel - Hot Pot Tische, St\u00fchle, und Booth Sofas"},"content":{"rendered":"<div class=\"wp-block-columns is-layout-flex wp-container-core-columns-is-layout-9d6595d7 wp-block-columns-is-layout-flex\">\n<div class=\"wp-block-column is-layout-flow wp-block-column-is-layout-flow\" style=\"flex-basis:25%\"><\/div>\n\n\n\n<div class=\"wp-block-column is-layout-flow wp-block-column-is-layout-flow\" style=\"flex-basis:50%\">\n<figure class=\"wp-block-image size-full\"><img decoding=\"async\" width=\"790\" height=\"377\" src=\"https:\/\/www.youmushiguang.com\/wp-content\/uploads\/2025\/10\/hot-pot-restaurant-furniture-details-1.webp\" alt=\"Hot Pot Restaurant M\u00f6bel Details (1)\" class=\"wp-image-553\" srcset=\"https:\/\/www.youmushiguang.com\/wp-content\/uploads\/2025\/10\/hot-pot-restaurant-furniture-details-1.webp 790w, https:\/\/www.youmushiguang.com\/wp-content\/uploads\/2025\/10\/hot-pot-restaurant-furniture-details-1-300x143.webp 300w, https:\/\/www.youmushiguang.com\/wp-content\/uploads\/2025\/10\/hot-pot-restaurant-furniture-details-1-768x367.webp 768w, https:\/\/www.youmushiguang.com\/wp-content\/uploads\/2025\/10\/hot-pot-restaurant-furniture-details-1-600x286.webp 600w\" sizes=\"(max-width: 790px) 100vw, 790px\" \/><\/figure>\n\n\n\n<figure class=\"wp-block-image size-full\"><img decoding=\"async\" width=\"790\" height=\"1093\" src=\"https:\/\/www.youmushiguang.com\/wp-content\/uploads\/2025\/10\/hot-pot-restaurant-furniture-details-2.webp\" alt=\"Hot Pot Restaurant M\u00f6bel Details (2)\" class=\"wp-image-554\" srcset=\"https:\/\/www.youmushiguang.com\/wp-content\/uploads\/2025\/10\/hot-pot-restaurant-furniture-details-2.webp 790w, https:\/\/www.youmushiguang.com\/wp-content\/uploads\/2025\/10\/hot-pot-restaurant-furniture-details-2-217x300.webp 217w, https:\/\/www.youmushiguang.com\/wp-content\/uploads\/2025\/10\/hot-pot-restaurant-furniture-details-2-768x1063.webp 768w, https:\/\/www.youmushiguang.com\/wp-content\/uploads\/2025\/10\/hot-pot-restaurant-furniture-details-2-600x830.webp 600w\" sizes=\"(max-width: 790px) 100vw, 790px\" \/><\/figure>\n\n\n\n<figure class=\"wp-block-image size-full\"><img decoding=\"async\" width=\"790\" height=\"1626\" src=\"https:\/\/www.youmushiguang.com\/wp-content\/uploads\/2025\/10\/hot-pot-restaurant-furniture-details-3.webp\" alt=\"Hot Pot Restaurant M\u00f6bel Details (3)\" class=\"wp-image-555\" srcset=\"https:\/\/www.youmushiguang.com\/wp-content\/uploads\/2025\/10\/hot-pot-restaurant-furniture-details-3.webp 790w, https:\/\/www.youmushiguang.com\/wp-content\/uploads\/2025\/10\/hot-pot-restaurant-furniture-details-3-146x300.webp 146w, https:\/\/www.youmushiguang.com\/wp-content\/uploads\/2025\/10\/hot-pot-restaurant-furniture-details-3-768x1581.webp 768w, https:\/\/www.youmushiguang.com\/wp-content\/uploads\/2025\/10\/hot-pot-restaurant-furniture-details-3-600x1235.webp 600w\" sizes=\"(max-width: 790px) 100vw, 790px\" \/><\/figure>\n\n\n\n<figure class=\"wp-block-image size-full\"><img decoding=\"async\" width=\"790\" height=\"1041\" src=\"https:\/\/www.youmushiguang.com\/wp-content\/uploads\/2025\/10\/hot-pot-restaurant-furniture-details-4.webp\" alt=\"Hot Pot Restaurant M\u00f6bel Details (4)\" class=\"wp-image-556\" srcset=\"https:\/\/www.youmushiguang.com\/wp-content\/uploads\/2025\/10\/hot-pot-restaurant-furniture-details-4.webp 790w, https:\/\/www.youmushiguang.com\/wp-content\/uploads\/2025\/10\/hot-pot-restaurant-furniture-details-4-228x300.webp 228w, https:\/\/www.youmushiguang.com\/wp-content\/uploads\/2025\/10\/hot-pot-restaurant-furniture-details-4-768x1012.webp 768w, https:\/\/www.youmushiguang.com\/wp-content\/uploads\/2025\/10\/hot-pot-restaurant-furniture-details-4-600x791.webp 600w\" sizes=\"(max-width: 790px) 100vw, 790px\" \/><\/figure>\n\n\n\n<figure class=\"wp-block-image size-full\"><img decoding=\"async\" width=\"790\" height=\"424\" src=\"https:\/\/www.youmushiguang.com\/wp-content\/uploads\/2025\/10\/hot-pot-restaurant-furniture-details-5.webp\" alt=\"Hot Pot Restaurant M\u00f6bel Details (5)\" class=\"wp-image-557\" srcset=\"https:\/\/www.youmushiguang.com\/wp-content\/uploads\/2025\/10\/hot-pot-restaurant-furniture-details-5.webp 790w, https:\/\/www.youmushiguang.com\/wp-content\/uploads\/2025\/10\/hot-pot-restaurant-furniture-details-5-300x161.webp 300w, https:\/\/www.youmushiguang.com\/wp-content\/uploads\/2025\/10\/hot-pot-restaurant-furniture-details-5-768x412.webp 768w, https:\/\/www.youmushiguang.com\/wp-content\/uploads\/2025\/10\/hot-pot-restaurant-furniture-details-5-600x322.webp 600w\" sizes=\"(max-width: 790px) 100vw, 790px\" \/><\/figure>\n\n\n\n<p><\/p>\n\n\n\n<figure class=\"wp-block-image size-full\"><img decoding=\"async\" width=\"790\" height=\"1055\" src=\"https:\/\/www.youmushiguang.com\/wp-content\/uploads\/2025\/10\/hot-pot-restaurant-furniture-details-8.webp\" alt=\"Hot Pot Restaurant M\u00f6bel Details (8)\" class=\"wp-image-560\" srcset=\"https:\/\/www.youmushiguang.com\/wp-content\/uploads\/2025\/10\/hot-pot-restaurant-furniture-details-8.webp 790w, https:\/\/www.youmushiguang.com\/wp-content\/uploads\/2025\/10\/hot-pot-restaurant-furniture-details-8-225x300.webp 225w, https:\/\/www.youmushiguang.com\/wp-content\/uploads\/2025\/10\/hot-pot-restaurant-furniture-details-8-768x1026.webp 768w, https:\/\/www.youmushiguang.com\/wp-content\/uploads\/2025\/10\/hot-pot-restaurant-furniture-details-8-600x801.webp 600w\" sizes=\"(max-width: 790px) 100vw, 790px\" \/><\/figure>\n\n\n\n<figure class=\"wp-block-image size-full\"><img decoding=\"async\" width=\"790\" height=\"446\" src=\"https:\/\/www.youmushiguang.com\/wp-content\/uploads\/2025\/10\/hot-pot-restaurant-furniture-details-7.webp\" alt=\"Hot Pot Restaurant M\u00f6bel Details (7)\" class=\"wp-image-559\" srcset=\"https:\/\/www.youmushiguang.com\/wp-content\/uploads\/2025\/10\/hot-pot-restaurant-furniture-details-7.webp 790w, https:\/\/www.youmushiguang.com\/wp-content\/uploads\/2025\/10\/hot-pot-restaurant-furniture-details-7-300x169.webp 300w, https:\/\/www.youmushiguang.com\/wp-content\/uploads\/2025\/10\/hot-pot-restaurant-furniture-details-7-768x434.webp 768w, https:\/\/www.youmushiguang.com\/wp-content\/uploads\/2025\/10\/hot-pot-restaurant-furniture-details-7-600x339.webp 600w\" sizes=\"(max-width: 790px) 100vw, 790px\" \/><\/figure>\n\n\n\n<figure class=\"wp-block-image size-full\"><img decoding=\"async\" width=\"790\" height=\"1055\" src=\"https:\/\/www.youmushiguang.com\/wp-content\/uploads\/2025\/10\/hot-pot-restaurant-furniture-details-8.webp\" alt=\"Hot Pot Restaurant M\u00f6bel Details (8)\" class=\"wp-image-560\" srcset=\"https:\/\/www.youmushiguang.com\/wp-content\/uploads\/2025\/10\/hot-pot-restaurant-furniture-details-8.webp 790w, https:\/\/www.youmushiguang.com\/wp-content\/uploads\/2025\/10\/hot-pot-restaurant-furniture-details-8-225x300.webp 225w, https:\/\/www.youmushiguang.com\/wp-content\/uploads\/2025\/10\/hot-pot-restaurant-furniture-details-8-768x1026.webp 768w, https:\/\/www.youmushiguang.com\/wp-content\/uploads\/2025\/10\/hot-pot-restaurant-furniture-details-8-600x801.webp 600w\" sizes=\"(max-width: 790px) 100vw, 790px\" \/><\/figure>\n\n\n\n<figure class=\"wp-block-image size-full\"><img decoding=\"async\" width=\"790\" height=\"368\" src=\"https:\/\/www.youmushiguang.com\/wp-content\/uploads\/2025\/10\/hot-pot-restaurant-furniture-details-9.webp\" alt=\"Hot Pot Restaurant M\u00f6bel Details (9)\" class=\"wp-image-561\" srcset=\"https:\/\/www.youmushiguang.com\/wp-content\/uploads\/2025\/10\/hot-pot-restaurant-furniture-details-9.webp 790w, https:\/\/www.youmushiguang.com\/wp-content\/uploads\/2025\/10\/hot-pot-restaurant-furniture-details-9-300x140.webp 300w, https:\/\/www.youmushiguang.com\/wp-content\/uploads\/2025\/10\/hot-pot-restaurant-furniture-details-9-768x358.webp 768w, https:\/\/www.youmushiguang.com\/wp-content\/uploads\/2025\/10\/hot-pot-restaurant-furniture-details-9-600x279.webp 600w\" sizes=\"(max-width: 790px) 100vw, 790px\" \/><\/figure>\n\n\n\n<figure class=\"wp-block-image size-full\"><img decoding=\"async\" width=\"790\" height=\"1027\" src=\"https:\/\/www.youmushiguang.com\/wp-content\/uploads\/2025\/10\/hot-pot-restaurant-furniture-details-10.webp\" alt=\"Hot Pot Restaurant M\u00f6bel Details (10)\" class=\"wp-image-562\" srcset=\"https:\/\/www.youmushiguang.com\/wp-content\/uploads\/2025\/10\/hot-pot-restaurant-furniture-details-10.webp 790w, https:\/\/www.youmushiguang.com\/wp-content\/uploads\/2025\/10\/hot-pot-restaurant-furniture-details-10-231x300.webp 231w, https:\/\/www.youmushiguang.com\/wp-content\/uploads\/2025\/10\/hot-pot-restaurant-furniture-details-10-768x998.webp 768w, https:\/\/www.youmushiguang.com\/wp-content\/uploads\/2025\/10\/hot-pot-restaurant-furniture-details-10-600x780.webp 600w\" sizes=\"(max-width: 790px) 100vw, 790px\" \/><\/figure>\n<\/div>\n\n\n\n<div class=\"wp-block-column is-layout-flow wp-block-column-is-layout-flow\" style=\"flex-basis:25%\"><\/div>\n<\/div>","protected":false},"excerpt":{"rendered":"<p>Gro\u00dfhandel f\u00fcr Hot Pot Restaurantm\u00f6bel. Dieses Produkt wurde speziell f\u00fcr Hot-Pot- und Grill-Restaurants entwickelt und verf\u00fcgt \u00fcber ein eingebautes Induktionskochfeld, das eine saubere und sch\u00f6ne Tischplatte schafft und gleichzeitig die Arbeitsbelastung f\u00fcr die Kellner reduziert.<\/p>\n<p>Als <a href=\"https:\/\/www.youmushiguang.com\/de\/product-category\/restaurant-furniture\/\" target=\"_blank\" rel=\"noopener\"><strong>Hersteller von Restaurantm\u00f6beln<\/strong><\/a>, Wir bieten eine Vielzahl von Gr\u00f6\u00dfen an, darunter Tische, lange Tische und runde Tische, sowie eine komplette Auswahl an Einzelst\u00fchlen, Sofakabinen und Ablagefl\u00e4chen, um den Bed\u00fcrfnissen von Restaurants unterschiedlicher Gr\u00f6\u00dfe und Ausstattung gerecht zu werden.<\/p>\n<h2>Spezifikationen f\u00fcr Hot Pot Restaurantm\u00f6bel<\/h2>\n<table style=\"border-collapse: collapse; width: 501.02pt;\" border=\"0\" width=\"668\" cellspacing=\"0\" cellpadding=\"0\">\n<tbody>\n<tr style=\"height: 13.50pt;\">\n<td class=\"et2\" style=\"height: 13.50pt; width: 107.25pt;\" width=\"143\" height=\"18\">Modell<\/td>\n<td class=\"et3\" style=\"width: 393.75pt;\" width=\"525\">1219<\/td>\n<\/tr>\n<tr style=\"height: 13.50pt;\">\n<td class=\"et2\" style=\"height: 13.50pt; width: 107.25pt;\" width=\"143\" height=\"18\">Kategorie<\/td>\n<td class=\"et3\" style=\"width: 393.75pt;\" width=\"525\">Eintopf-Restaurant<\/td>\n<\/tr>\n<tr style=\"height: 13.50pt;\">\n<td class=\"et2\" style=\"height: 13.50pt; width: 107.25pt;\" width=\"143\" height=\"18\">Produktname<\/td>\n<td class=\"et3\" style=\"width: 393.75pt;\" width=\"525\">Neue chinesische Grill Hot Pot Restaurant Tische und St\u00fchle<\/td>\n<\/tr>\n<tr style=\"height: 27.00pt;\">\n<td class=\"et2\" style=\"height: 27.00pt; width: 107.25pt;\" width=\"143\" height=\"36\">Anpassungsoptionen<\/td>\n<td class=\"et3\" style=\"width: 393.75pt;\" width=\"525\">Stil\/Farbe\/Gr\u00f6\u00dfe\/Material<\/td>\n<\/tr>\n<tr style=\"height: 27.00pt;\">\n<td class=\"et2\" style=\"height: 27.00pt; width: 107.25pt;\" width=\"143\" height=\"36\">Stand<\/td>\n<td class=\"et3\" style=\"width: 393.75pt;\" width=\"525\">Mehrschichtiger Massivholzrahmen + hautfreundliche Nappalederumh\u00fcllung + hochdichter R\u00fcckprallschwamm<\/td>\n<\/tr>\n<tr style=\"height: 27.00pt;\">\n<td class=\"et2\" style=\"height: 27.00pt; width: 107.25pt;\" width=\"143\" height=\"36\">Stuhl<\/td>\n<td class=\"et3\" style=\"width: 393.75pt;\" width=\"525\">Rahmen aus Eisen mit Holzmaserung + hautfreundliche Nappalederh\u00fclle + hochdichter Rebound-Schwamm<\/td>\n<\/tr>\n<tr style=\"height: 27.00pt;\">\n<td class=\"et2\" style=\"height: 27.00pt; width: 107.25pt;\" width=\"143\" height=\"36\">Tabelle<\/td>\n<td class=\"et3\" style=\"width: 393.75pt;\" width=\"525\">Massivholzverkleidete Steinplatte mit eingebautem Induktionsherd + hochwertiger Eisensockel<\/td>\n<\/tr>\n<tr style=\"height: 27.00pt;\">\n<td class=\"et2\" style=\"height: 27.00pt; width: 107.25pt;\" width=\"143\" height=\"36\">Anwendung Szene<\/td>\n<td class=\"et3\" style=\"width: 393.75pt;\" width=\"525\">Eintopf-Restaurant\/Grill-Restaurant\/Restaurant\/Themen-Restaurant\/Tea-Restaurant\/Hunan-Restaurant<\/td>\n<\/tr>\n<tr style=\"height: 13.50pt;\">\n<td class=\"et2\" style=\"height: 13.50pt; width: 107.25pt;\" width=\"143\" height=\"18\">Farbe<\/td>\n<td class=\"et3\" style=\"width: 393.75pt;\" width=\"525\">Walnuss\/Gr\u00fcn (anpassbar)<\/td>\n<\/tr>\n<tr style=\"height: 13.50pt;\">\n<td class=\"et2\" style=\"height: 13.50pt; width: 107.25pt;\" width=\"143\" height=\"18\">Material<\/td>\n<td class=\"et3\" style=\"width: 393.75pt;\" width=\"525\">Sperrholz\/Massivholz\/Metall\/Leder\/Schwamm<\/td>\n<\/tr>\n<tr style=\"height: 13.50pt;\">\n<td class=\"et2\" style=\"height: 13.50pt; width: 107.25pt;\" width=\"143\" height=\"18\">Stil<\/td>\n<td class=\"et3\" style=\"width: 393.75pt;\" width=\"525\">Neuer chinesischer Stil<\/td>\n<\/tr>\n<\/tbody>\n<\/table>\n<p><script src=\"chrome-extension:\/\/fpelahbljekknahkcaegamhcndkfpfnc\/iFrame.js\" type=\"text\/javascript\"><\/script><\/p>\n<p>\n<script src=\"chrome-extension:\/\/fpelahbljekknahkcaegamhcndkfpfnc\/iFrame.js\" type=\"text\/javascript\"><\/script><\/p>","protected":false},"featured_media":570,"comment_status":"closed","ping_status":"closed","template":"","meta":{"_acf_changed":false},"product_brand":[],"product_cat":[24,35],"product_tag":[],"class_list":{"0":"post-552","1":"product","2":"type-product","3":"status-publish","4":"has-post-thumbnail","6":"product_cat-wholesale-restaurant-furniture","7":"product_cat-wholesale-hot-pot-restaurant-furniture","9":"first","10":"instock","11":"shipping-taxable","12":"product-type-simple"},"acf":[],"_links":{"self":[{"href":"https:\/\/www.youmushiguang.com\/de\/wp-json\/wp\/v2\/product\/552","targetHints":{"allow":["GET"]}}],"collection":[{"href":"https:\/\/www.youmushiguang.com\/de\/wp-json\/wp\/v2\/product"}],"about":[{"href":"https:\/\/www.youmushiguang.com\/de\/wp-json\/wp\/v2\/types\/product"}],"replies":[{"embeddable":true,"href":"https:\/\/www.youmushiguang.com\/de\/wp-json\/wp\/v2\/comments?post=552"}],"wp:featuredmedia":[{"embeddable":true,"href":"https:\/\/www.youmushiguang.com\/de\/wp-json\/wp\/v2\/media\/570"}],"wp:attachment":[{"href":"https:\/\/www.youmushiguang.com\/de\/wp-json\/wp\/v2\/media?parent=552"}],"wp:term":[{"taxonomy":"product_brand","embeddable":true,"href":"https:\/\/www.youmushiguang.com\/de\/wp-json\/wp\/v2\/product_brand?post=552"},{"taxonomy":"product_cat","embeddable":true,"href":"https:\/\/www.youmushiguang.com\/de\/wp-json\/wp\/v2\/product_cat?post=552"},{"taxonomy":"product_tag","embeddable":true,"href":"https:\/\/www.youmushiguang.com\/de\/wp-json\/wp\/v2\/product_tag?post=552"}],"curies":[{"name":"wp","href":"https:\/\/api.w.org\/{rel}","templated":true}]}}