{"id":5639,"date":"2026-03-20T08:11:32","date_gmt":"2026-03-20T08:11:32","guid":{"rendered":"https:\/\/www.youmushiguang.com\/?post_type=product&#038;p=5639"},"modified":"2026-03-20T08:40:19","modified_gmt":"2026-03-20T08:40:19","slug":"high-end-hotel-banquet-hall-table-and-chair-set","status":"publish","type":"product","link":"https:\/\/www.youmushiguang.com\/de\/product\/high-end-hotel-banquet-hall-table-and-chair-set\/","title":{"rendered":"High-End-Hotel Bankettsaal Tisch und Stuhl Set zu verkaufen - Runde drehbaren Esstisch Set"},"content":{"rendered":"<div class=\"wp-block-columns is-layout-flex wp-container-core-columns-is-layout-9d6595d7 wp-block-columns-is-layout-flex\">\n<div class=\"wp-block-column is-layout-flow wp-block-column-is-layout-flow\" style=\"flex-basis:25%\"><\/div>\n\n\n\n<div class=\"wp-block-column is-layout-flow wp-block-column-is-layout-flow\" style=\"flex-basis:50%\">\n<figure class=\"wp-block-image size-full\"><img decoding=\"async\" width=\"750\" height=\"2663\" src=\"https:\/\/www.youmushiguang.com\/wp-content\/uploads\/2026\/02\/1.webp\" alt=\"\" class=\"wp-image-5641\" srcset=\"https:\/\/www.youmushiguang.com\/wp-content\/uploads\/2026\/02\/1.webp 750w, https:\/\/www.youmushiguang.com\/wp-content\/uploads\/2026\/02\/1-3x12.webp 3w, https:\/\/www.youmushiguang.com\/wp-content\/uploads\/2026\/02\/1-600x2130.webp 600w\" sizes=\"(max-width: 750px) 100vw, 750px\" \/><\/figure>\n\n\n\n<figure class=\"wp-block-image size-full\"><img decoding=\"async\" width=\"750\" height=\"988\" src=\"https:\/\/www.youmushiguang.com\/wp-content\/uploads\/2026\/02\/2.webp\" alt=\"\" class=\"wp-image-5642\" srcset=\"https:\/\/www.youmushiguang.com\/wp-content\/uploads\/2026\/02\/2.webp 750w, https:\/\/www.youmushiguang.com\/wp-content\/uploads\/2026\/02\/2-228x300.webp 228w, https:\/\/www.youmushiguang.com\/wp-content\/uploads\/2026\/02\/2-9x12.webp 9w, https:\/\/www.youmushiguang.com\/wp-content\/uploads\/2026\/02\/2-600x790.webp 600w\" sizes=\"(max-width: 750px) 100vw, 750px\" \/><\/figure>\n\n\n\n<figure class=\"wp-block-image size-full\"><img decoding=\"async\" width=\"750\" height=\"1107\" src=\"https:\/\/www.youmushiguang.com\/wp-content\/uploads\/2026\/02\/3.webp\" alt=\"\" class=\"wp-image-5643\" srcset=\"https:\/\/www.youmushiguang.com\/wp-content\/uploads\/2026\/02\/3.webp 750w, https:\/\/www.youmushiguang.com\/wp-content\/uploads\/2026\/02\/3-203x300.webp 203w, https:\/\/www.youmushiguang.com\/wp-content\/uploads\/2026\/02\/3-8x12.webp 8w, https:\/\/www.youmushiguang.com\/wp-content\/uploads\/2026\/02\/3-600x886.webp 600w\" sizes=\"(max-width: 750px) 100vw, 750px\" \/><\/figure>\n\n\n\n<figure class=\"wp-block-image size-full\"><img decoding=\"async\" width=\"750\" height=\"2597\" src=\"https:\/\/www.youmushiguang.com\/wp-content\/uploads\/2026\/02\/4.webp\" alt=\"\" class=\"wp-image-5644\" srcset=\"https:\/\/www.youmushiguang.com\/wp-content\/uploads\/2026\/02\/4.webp 750w, https:\/\/www.youmushiguang.com\/wp-content\/uploads\/2026\/02\/4-87x300.webp 87w, https:\/\/www.youmushiguang.com\/wp-content\/uploads\/2026\/02\/4-600x2078.webp 600w\" sizes=\"(max-width: 750px) 100vw, 750px\" \/><\/figure>\n\n\n\n<figure class=\"wp-block-image size-full\"><img decoding=\"async\" width=\"750\" height=\"2319\" src=\"https:\/\/www.youmushiguang.com\/wp-content\/uploads\/2026\/02\/5.webp\" alt=\"\" class=\"wp-image-5645\" srcset=\"https:\/\/www.youmushiguang.com\/wp-content\/uploads\/2026\/02\/5.webp 750w, https:\/\/www.youmushiguang.com\/wp-content\/uploads\/2026\/02\/5-97x300.webp 97w, https:\/\/www.youmushiguang.com\/wp-content\/uploads\/2026\/02\/5-4x12.webp 4w, https:\/\/www.youmushiguang.com\/wp-content\/uploads\/2026\/02\/5-600x1855.webp 600w\" sizes=\"(max-width: 750px) 100vw, 750px\" \/><\/figure>\n\n\n\n<figure class=\"wp-block-image size-full\"><img decoding=\"async\" width=\"750\" height=\"2437\" src=\"https:\/\/www.youmushiguang.com\/wp-content\/uploads\/2026\/02\/6.webp\" alt=\"\" class=\"wp-image-5646\" srcset=\"https:\/\/www.youmushiguang.com\/wp-content\/uploads\/2026\/02\/6.webp 750w, https:\/\/www.youmushiguang.com\/wp-content\/uploads\/2026\/02\/6-92x300.webp 92w, https:\/\/www.youmushiguang.com\/wp-content\/uploads\/2026\/02\/6-4x12.webp 4w, https:\/\/www.youmushiguang.com\/wp-content\/uploads\/2026\/02\/6-600x1950.webp 600w\" sizes=\"(max-width: 750px) 100vw, 750px\" \/><\/figure>\n\n\n\n<figure class=\"wp-block-image size-full\"><img decoding=\"async\" width=\"750\" height=\"1953\" src=\"https:\/\/www.youmushiguang.com\/wp-content\/uploads\/2026\/02\/7.webp\" alt=\"\" class=\"wp-image-5647\" srcset=\"https:\/\/www.youmushiguang.com\/wp-content\/uploads\/2026\/02\/7.webp 750w, https:\/\/www.youmushiguang.com\/wp-content\/uploads\/2026\/02\/7-115x300.webp 115w, https:\/\/www.youmushiguang.com\/wp-content\/uploads\/2026\/02\/7-5x12.webp 5w, https:\/\/www.youmushiguang.com\/wp-content\/uploads\/2026\/02\/7-600x1562.webp 600w\" sizes=\"(max-width: 750px) 100vw, 750px\" \/><\/figure>\n\n\n\n<figure class=\"wp-block-image size-full\"><img decoding=\"async\" width=\"750\" height=\"1695\" src=\"https:\/\/www.youmushiguang.com\/wp-content\/uploads\/2026\/02\/8.webp\" alt=\"\" class=\"wp-image-5648\" srcset=\"https:\/\/www.youmushiguang.com\/wp-content\/uploads\/2026\/02\/8.webp 750w, https:\/\/www.youmushiguang.com\/wp-content\/uploads\/2026\/02\/8-133x300.webp 133w, https:\/\/www.youmushiguang.com\/wp-content\/uploads\/2026\/02\/8-5x12.webp 5w, https:\/\/www.youmushiguang.com\/wp-content\/uploads\/2026\/02\/8-600x1356.webp 600w\" sizes=\"(max-width: 750px) 100vw, 750px\" \/><\/figure>\n<\/div>\n\n\n\n<div class=\"wp-block-column is-layout-flow wp-block-column-is-layout-flow\" style=\"flex-basis:25%\"><\/div>\n<\/div>","protected":false},"excerpt":{"rendered":"<p>Erh\u00f6hen Sie Ihr Esserlebnis mit unserem hochwertigen runden Drehtischset, das f\u00fcr luxuri\u00f6se Banketts\u00e4le, hochwertige Hotels, Hochzeitslocations und gehobene Restaurants entwickelt wurde. Mit dem Lazy-Susan-Design k\u00f6nnen die G\u00e4ste die Speisen einfach teilen und dabei Komfort und Stil genie\u00dfen.<\/p>\n<h2>Spezifikationen f\u00fcr Bankettsaalm\u00f6bel<\/h2>\n<table style=\"border-collapse: collapse; width: 501.02pt;\" border=\"0\" width=\"668\" cellspacing=\"0\" cellpadding=\"0\">\n<tbody>\n<tr style=\"height: 13.50pt;\">\n<td class=\"et2\" style=\"height: 13.50pt; width: 107.25pt;\" width=\"143\" height=\"18\">Modell<\/td>\n<td class=\"et3\" style=\"width: 393.75pt;\" width=\"525\">68-1<\/td>\n<\/tr>\n<tr style=\"height: 13.50pt;\">\n<td class=\"et2\" style=\"height: 13.50pt; width: 107.25pt;\" width=\"143\" height=\"18\">Kategorie<\/td>\n<td class=\"et3\" style=\"width: 393.75pt;\" width=\"525\">Hotel elektrischer runder Tisch<\/td>\n<\/tr>\n<tr style=\"height: 13.50pt;\">\n<td class=\"et2\" style=\"height: 13.50pt; width: 107.25pt;\" width=\"143\" height=\"18\">Produktname<\/td>\n<td class=\"et3\" style=\"width: 393.75pt;\" width=\"525\">Gro\u00dfer runder Tisch aus Massivholz mit Steinplatten<\/td>\n<\/tr>\n<tr style=\"height: 27.00pt;\">\n<td class=\"et2\" style=\"height: 27.00pt; width: 107.25pt;\" width=\"143\" height=\"36\">Anpassungsoptionen<\/td>\n<td class=\"et3\" style=\"width: 393.75pt;\" width=\"525\">Stil\/Farbe\/Gr\u00f6\u00dfe\/Material<\/td>\n<\/tr>\n<tr style=\"height: 27.00pt;\">\n<td class=\"et2\" style=\"height: 27.00pt; width: 107.25pt;\" width=\"143\" height=\"36\">Stuhl<\/td>\n<td class=\"et3\" style=\"width: 393.75pt;\" width=\"525\">Hochwertiger Eisenrahmen + umweltfreundlicher Nappaleder\u00fcberzug + hochdichter R\u00fcckprallschwamm<\/td>\n<\/tr>\n<tr style=\"height: 27.00pt;\">\n<td class=\"et2\" style=\"height: 27.00pt; width: 107.25pt;\" width=\"143\" height=\"36\">Tabelle<\/td>\n<td class=\"et3\" style=\"width: 393.75pt;\" width=\"525\">Mehrschichtige Massivholzplatte mit Furnier + mehrschichtiger Massivholzrahmen + hochharter Steinplattenteller<\/td>\n<\/tr>\n<tr style=\"height: 27.00pt;\">\n<td class=\"et2\" style=\"height: 27.00pt; width: 107.25pt;\" width=\"143\" height=\"36\">Anwendung Szene<\/td>\n<td class=\"et3\" style=\"width: 393.75pt;\" width=\"525\">Hotels\/Clubs\/gehobene Villen<\/td>\n<\/tr>\n<tr style=\"height: 13.50pt;\">\n<td class=\"et2\" style=\"height: 13.50pt; width: 107.25pt;\" width=\"143\" height=\"18\">Farbe<\/td>\n<td class=\"et3\" style=\"width: 393.75pt;\" width=\"525\">Braun\/Weinrot (anpassbar)<\/td>\n<\/tr>\n<tr style=\"height: 13.50pt;\">\n<td class=\"et2\" style=\"height: 13.50pt; width: 107.25pt;\" width=\"143\" height=\"18\">Material<\/td>\n<td class=\"et3\" style=\"width: 393.75pt;\" width=\"525\">Sperrholz\/Steinplatte\/Metall\/Leder\/Schwamm<\/td>\n<\/tr>\n<tr style=\"height: 13.50pt;\">\n<td class=\"et2\" style=\"height: 13.50pt; width: 107.25pt;\" width=\"143\" height=\"18\">Stil<\/td>\n<td class=\"et3\" style=\"width: 393.75pt;\" width=\"525\">Neuer chinesischer Stil<\/td>\n<\/tr>\n<\/tbody>\n<\/table>\n<p>&nbsp;<\/p>\n<p>&nbsp;<\/p>\n<p>\n<script src=\"chrome-extension:\/\/fpelahbljekknahkcaegamhcndkfpfnc\/iFrame.js\" type=\"text\/javascript\"><\/script><\/p>","protected":false},"featured_media":5640,"comment_status":"closed","ping_status":"closed","template":"","meta":{"_acf_changed":true},"product_brand":[],"product_cat":[22],"product_tag":[],"class_list":{"0":"post-5639","1":"product","2":"type-product","3":"status-publish","4":"has-post-thumbnail","6":"product_cat-hotel-round-table-set","8":"first","9":"instock","10":"shipping-taxable","11":"product-type-simple"},"acf":[],"_links":{"self":[{"href":"https:\/\/www.youmushiguang.com\/de\/wp-json\/wp\/v2\/product\/5639","targetHints":{"allow":["GET"]}}],"collection":[{"href":"https:\/\/www.youmushiguang.com\/de\/wp-json\/wp\/v2\/product"}],"about":[{"href":"https:\/\/www.youmushiguang.com\/de\/wp-json\/wp\/v2\/types\/product"}],"replies":[{"embeddable":true,"href":"https:\/\/www.youmushiguang.com\/de\/wp-json\/wp\/v2\/comments?post=5639"}],"wp:featuredmedia":[{"embeddable":true,"href":"https:\/\/www.youmushiguang.com\/de\/wp-json\/wp\/v2\/media\/5640"}],"wp:attachment":[{"href":"https:\/\/www.youmushiguang.com\/de\/wp-json\/wp\/v2\/media?parent=5639"}],"wp:term":[{"taxonomy":"product_brand","embeddable":true,"href":"https:\/\/www.youmushiguang.com\/de\/wp-json\/wp\/v2\/product_brand?post=5639"},{"taxonomy":"product_cat","embeddable":true,"href":"https:\/\/www.youmushiguang.com\/de\/wp-json\/wp\/v2\/product_cat?post=5639"},{"taxonomy":"product_tag","embeddable":true,"href":"https:\/\/www.youmushiguang.com\/de\/wp-json\/wp\/v2\/product_tag?post=5639"}],"curies":[{"name":"wp","href":"https:\/\/api.w.org\/{rel}","templated":true}]}}