{"id":581,"date":"2025-10-13T22:31:59","date_gmt":"2025-10-13T22:31:59","guid":{"rendered":"https:\/\/www.youmushiguang.com\/?post_type=product&#038;p=581"},"modified":"2026-03-28T03:30:51","modified_gmt":"2026-03-28T03:30:51","slug":"hot-pot-restaurant-furniture-wholesale","status":"publish","type":"product","link":"https:\/\/www.youmushiguang.com\/de\/product\/hot-pot-restaurant-furniture-wholesale\/","title":{"rendered":"Kommerzielle Hot Pot Restaurant M\u00f6bel Gro\u00dfhandel - Built-in Induktion Hot Pot Tische, bequeme St\u00fchle &amp; Booth Sofas"},"content":{"rendered":"<div class=\"wp-block-columns is-layout-flex wp-container-core-columns-is-layout-9d6595d7 wp-block-columns-is-layout-flex\">\n<div class=\"wp-block-column is-layout-flow wp-block-column-is-layout-flow\" style=\"flex-basis:25%\"><\/div>\n\n\n\n<div class=\"wp-block-column is-layout-flow wp-block-column-is-layout-flow\" style=\"flex-basis:50%\">\n<figure class=\"wp-block-image size-full\"><img decoding=\"async\" width=\"750\" height=\"2447\" src=\"https:\/\/www.youmushiguang.com\/wp-content\/uploads\/2025\/10\/hot-pot-restaurant-furniture-details-1-1.webp\" alt=\"Hot Pot Restaurant M\u00f6bel Details (1)\" class=\"wp-image-593\" srcset=\"https:\/\/www.youmushiguang.com\/wp-content\/uploads\/2025\/10\/hot-pot-restaurant-furniture-details-1-1.webp 750w, https:\/\/www.youmushiguang.com\/wp-content\/uploads\/2025\/10\/hot-pot-restaurant-furniture-details-1-1-92x300.webp 92w, https:\/\/www.youmushiguang.com\/wp-content\/uploads\/2025\/10\/hot-pot-restaurant-furniture-details-1-1-600x1958.webp 600w\" sizes=\"(max-width: 750px) 100vw, 750px\" \/><\/figure>\n\n\n\n<figure class=\"wp-block-image size-full\"><img decoding=\"async\" width=\"750\" height=\"2401\" src=\"https:\/\/www.youmushiguang.com\/wp-content\/uploads\/2025\/10\/hot-pot-restaurant-furniture-details-2-1.webp\" alt=\"Hot Pot Restaurant M\u00f6bel Details (2)\" class=\"wp-image-594\" srcset=\"https:\/\/www.youmushiguang.com\/wp-content\/uploads\/2025\/10\/hot-pot-restaurant-furniture-details-2-1.webp 750w, https:\/\/www.youmushiguang.com\/wp-content\/uploads\/2025\/10\/hot-pot-restaurant-furniture-details-2-1-94x300.webp 94w, https:\/\/www.youmushiguang.com\/wp-content\/uploads\/2025\/10\/hot-pot-restaurant-furniture-details-2-1-600x1921.webp 600w\" sizes=\"(max-width: 750px) 100vw, 750px\" \/><\/figure>\n\n\n\n<figure class=\"wp-block-image size-full\"><img decoding=\"async\" width=\"750\" height=\"2401\" src=\"https:\/\/www.youmushiguang.com\/wp-content\/uploads\/2025\/10\/hot-pot-restaurant-furniture-details-2-1.webp\" alt=\"Hot Pot Restaurant M\u00f6bel Details (2)\" class=\"wp-image-594\" srcset=\"https:\/\/www.youmushiguang.com\/wp-content\/uploads\/2025\/10\/hot-pot-restaurant-furniture-details-2-1.webp 750w, https:\/\/www.youmushiguang.com\/wp-content\/uploads\/2025\/10\/hot-pot-restaurant-furniture-details-2-1-94x300.webp 94w, https:\/\/www.youmushiguang.com\/wp-content\/uploads\/2025\/10\/hot-pot-restaurant-furniture-details-2-1-600x1921.webp 600w\" sizes=\"(max-width: 750px) 100vw, 750px\" \/><\/figure>\n\n\n\n<figure class=\"wp-block-image size-full\"><img decoding=\"async\" width=\"750\" height=\"2575\" src=\"https:\/\/www.youmushiguang.com\/wp-content\/uploads\/2025\/10\/hot-pot-restaurant-furniture-details-3-1.webp\" alt=\"Hot Pot Restaurant M\u00f6bel Details (3)\" class=\"wp-image-595\" srcset=\"https:\/\/www.youmushiguang.com\/wp-content\/uploads\/2025\/10\/hot-pot-restaurant-furniture-details-3-1.webp 750w, https:\/\/www.youmushiguang.com\/wp-content\/uploads\/2025\/10\/hot-pot-restaurant-furniture-details-3-1-87x300.webp 87w, https:\/\/www.youmushiguang.com\/wp-content\/uploads\/2025\/10\/hot-pot-restaurant-furniture-details-3-1-600x2060.webp 600w\" sizes=\"(max-width: 750px) 100vw, 750px\" \/><\/figure>\n\n\n\n<figure class=\"wp-block-image size-full\"><img decoding=\"async\" width=\"750\" height=\"2714\" src=\"https:\/\/www.youmushiguang.com\/wp-content\/uploads\/2025\/10\/hot-pot-restaurant-furniture-details-4-1.webp\" alt=\"Hot Pot Restaurant M\u00f6bel Details (4)\" class=\"wp-image-596\" srcset=\"https:\/\/www.youmushiguang.com\/wp-content\/uploads\/2025\/10\/hot-pot-restaurant-furniture-details-4-1.webp 750w, https:\/\/www.youmushiguang.com\/wp-content\/uploads\/2025\/10\/hot-pot-restaurant-furniture-details-4-1-83x300.webp 83w, https:\/\/www.youmushiguang.com\/wp-content\/uploads\/2025\/10\/hot-pot-restaurant-furniture-details-4-1-600x2171.webp 600w\" sizes=\"(max-width: 750px) 100vw, 750px\" \/><\/figure>\n<\/div>\n\n\n\n<div class=\"wp-block-column is-layout-flow wp-block-column-is-layout-flow\" style=\"flex-basis:25%\"><\/div>\n<\/div>","protected":false},"excerpt":{"rendered":"<p>Wholesale hot pot restaurant furniture is specially designed for hot pot and BBQ dining spaces. Featuring a built-in tabletop induction cooker, this system enables cooking directly at the dining table\u2014significantly reducing kitchen workload, shortening food delivery times, and simplifying staff operations. It empowers your hot pot restaurant to serve more customers with greater speed and precision.<\/p>\n<h2>Spezifikationen f\u00fcr Hot Pot Restaurantm\u00f6bel<\/h2>\n<table style=\"border-collapse: collapse; width: 501.02pt;\" border=\"0\" width=\"668\" cellspacing=\"0\" cellpadding=\"0\">\n<tbody>\n<tr style=\"height: 13.50pt;\">\n<td class=\"et2\" style=\"height: 13.50pt; width: 107.25pt;\" width=\"143\" height=\"18\">Modell<\/td>\n<td class=\"et3\" style=\"width: 393.75pt;\" width=\"525\">1220<\/td>\n<\/tr>\n<tr style=\"height: 13.50pt;\">\n<td class=\"et2\" style=\"height: 13.50pt; width: 107.25pt;\" width=\"143\" height=\"18\">Kategorie<\/td>\n<td class=\"et3\" style=\"width: 393.75pt;\" width=\"525\">Eintopf-Restaurant<\/td>\n<\/tr>\n<tr style=\"height: 13.50pt;\">\n<td class=\"et2\" style=\"height: 13.50pt; width: 107.25pt;\" width=\"143\" height=\"18\">Produktname<\/td>\n<td class=\"et3\" style=\"width: 393.75pt;\" width=\"525\">Neue Tische und St\u00fchle f\u00fcr ein Hot-Pot-Restaurant im chinesischen Stil<\/td>\n<\/tr>\n<tr style=\"height: 27.00pt;\">\n<td class=\"et2\" style=\"height: 27.00pt; width: 107.25pt;\" width=\"143\" height=\"36\">Anpassungsoptionen<\/td>\n<td class=\"et3\" style=\"width: 393.75pt;\" width=\"525\">Stil\/Farbe\/Gr\u00f6\u00dfe\/Material<\/td>\n<\/tr>\n<tr style=\"height: 27.00pt;\">\n<td class=\"et2\" style=\"height: 27.00pt; width: 107.25pt;\" width=\"143\" height=\"36\">Stand<\/td>\n<td class=\"et3\" style=\"width: 393.75pt;\" width=\"525\">Mehrschichtiger Massivholzrahmen + hautfreundliche Nappalederumh\u00fcllung + hochdichter R\u00fcckprallschwamm<\/td>\n<\/tr>\n<tr style=\"height: 27.00pt;\">\n<td class=\"et2\" style=\"height: 27.00pt; width: 107.25pt;\" width=\"143\" height=\"36\">Stuhl<\/td>\n<td class=\"et3\" style=\"width: 393.75pt;\" width=\"525\">Rahmen aus Eisen mit Holzmaserung + hautfreundliche Nappalederh\u00fclle + hochdichter Rebound-Schwamm<\/td>\n<\/tr>\n<tr style=\"height: 27.00pt;\">\n<td class=\"et2\" style=\"height: 27.00pt; width: 107.25pt;\" width=\"143\" height=\"36\">Tabelle<\/td>\n<td class=\"et3\" style=\"width: 393.75pt;\" width=\"525\">Massivholzverkleidete Steinplatte mit eingebautem Induktionsherd + hochwertiger Eisensockel<\/td>\n<\/tr>\n<tr style=\"height: 27.00pt;\">\n<td class=\"et2\" style=\"height: 27.00pt; width: 107.25pt;\" width=\"143\" height=\"36\">Anwendung Szene<\/td>\n<td class=\"et3\" style=\"width: 393.75pt;\" width=\"525\">Eintopf-Restaurant\/Grill-Restaurant\/Restaurant\/Themen-Restaurant\/Tea-Restaurant\/Hunan-Restaurant<\/td>\n<\/tr>\n<tr style=\"height: 13.50pt;\">\n<td class=\"et2\" style=\"height: 13.50pt; width: 107.25pt;\" width=\"143\" height=\"18\">Farbe<\/td>\n<td class=\"et3\" style=\"width: 393.75pt;\" width=\"525\">Helles Walnussholz, hellgr\u00fcnes Leder (anpassbar)<\/td>\n<\/tr>\n<tr style=\"height: 13.50pt;\">\n<td class=\"et2\" style=\"height: 13.50pt; width: 107.25pt;\" width=\"143\" height=\"18\">Material<\/td>\n<td class=\"et3\" style=\"width: 393.75pt;\" width=\"525\">Sperrholz\/Massivholz\/Metall\/Leder\/Schwamm<\/td>\n<\/tr>\n<tr style=\"height: 13.50pt;\">\n<td class=\"et2\" style=\"height: 13.50pt; width: 107.25pt;\" width=\"143\" height=\"18\">Stil<\/td>\n<td class=\"et3\" style=\"width: 393.75pt;\" width=\"525\">Neuer chinesischer Stil<\/td>\n<\/tr>\n<\/tbody>\n<\/table>\n<p>&nbsp;<\/p>\n<p>\n<script src=\"chrome-extension:\/\/fpelahbljekknahkcaegamhcndkfpfnc\/iFrame.js\" type=\"text\/javascript\"><\/script><\/p>","protected":false},"featured_media":582,"comment_status":"closed","ping_status":"closed","template":"","meta":{"_acf_changed":true},"product_brand":[],"product_cat":[24,35],"product_tag":[],"class_list":{"0":"post-581","1":"product","2":"type-product","3":"status-publish","4":"has-post-thumbnail","6":"product_cat-wholesale-restaurant-furniture","7":"product_cat-wholesale-hot-pot-restaurant-furniture","9":"first","10":"instock","11":"shipping-taxable","12":"product-type-simple"},"acf":[],"_links":{"self":[{"href":"https:\/\/www.youmushiguang.com\/de\/wp-json\/wp\/v2\/product\/581","targetHints":{"allow":["GET"]}}],"collection":[{"href":"https:\/\/www.youmushiguang.com\/de\/wp-json\/wp\/v2\/product"}],"about":[{"href":"https:\/\/www.youmushiguang.com\/de\/wp-json\/wp\/v2\/types\/product"}],"replies":[{"embeddable":true,"href":"https:\/\/www.youmushiguang.com\/de\/wp-json\/wp\/v2\/comments?post=581"}],"wp:featuredmedia":[{"embeddable":true,"href":"https:\/\/www.youmushiguang.com\/de\/wp-json\/wp\/v2\/media\/582"}],"wp:attachment":[{"href":"https:\/\/www.youmushiguang.com\/de\/wp-json\/wp\/v2\/media?parent=581"}],"wp:term":[{"taxonomy":"product_brand","embeddable":true,"href":"https:\/\/www.youmushiguang.com\/de\/wp-json\/wp\/v2\/product_brand?post=581"},{"taxonomy":"product_cat","embeddable":true,"href":"https:\/\/www.youmushiguang.com\/de\/wp-json\/wp\/v2\/product_cat?post=581"},{"taxonomy":"product_tag","embeddable":true,"href":"https:\/\/www.youmushiguang.com\/de\/wp-json\/wp\/v2\/product_tag?post=581"}],"curies":[{"name":"wp","href":"https:\/\/api.w.org\/{rel}","templated":true}]}}