{"id":5826,"date":"2026-03-20T07:09:28","date_gmt":"2026-03-20T07:09:28","guid":{"rendered":"https:\/\/www.youmushiguang.com\/?post_type=product&#038;p=5826"},"modified":"2026-03-20T07:10:09","modified_gmt":"2026-03-20T07:10:09","slug":"wholesale-retro-style-furniture-for-cafes-bars-and-pubs","status":"publish","type":"product","link":"https:\/\/www.youmushiguang.com\/de\/product\/wholesale-retro-style-furniture-for-cafes-bars-and-pubs\/","title":{"rendered":"Gro\u00dfhandel Retro-Stil Massivholz-M\u00f6bel f\u00fcr Caf\u00e9s, Bars und Kneipen, Customization verf\u00fcgbar"},"content":{"rendered":"<div class=\"wp-block-columns is-layout-flex wp-container-core-columns-is-layout-9d6595d7 wp-block-columns-is-layout-flex\">\n<div class=\"wp-block-column is-layout-flow wp-block-column-is-layout-flow\" style=\"flex-basis:25%\"><\/div>\n\n\n\n<div class=\"wp-block-column is-layout-flow wp-block-column-is-layout-flow\" style=\"flex-basis:50%\">\n<figure class=\"wp-block-image size-full\"><img decoding=\"async\" width=\"750\" height=\"941\" src=\"https:\/\/www.youmushiguang.com\/wp-content\/uploads\/2026\/03\/1.webp\" alt=\"\" class=\"wp-image-5828\" srcset=\"https:\/\/www.youmushiguang.com\/wp-content\/uploads\/2026\/03\/1.webp 750w, https:\/\/www.youmushiguang.com\/wp-content\/uploads\/2026\/03\/1-239x300.webp 239w, https:\/\/www.youmushiguang.com\/wp-content\/uploads\/2026\/03\/1-10x12.webp 10w, https:\/\/www.youmushiguang.com\/wp-content\/uploads\/2026\/03\/1-600x753.webp 600w\" sizes=\"(max-width: 750px) 100vw, 750px\" \/><\/figure>\n\n\n\n<figure class=\"wp-block-image size-full\"><img decoding=\"async\" width=\"750\" height=\"1723\" src=\"https:\/\/www.youmushiguang.com\/wp-content\/uploads\/2026\/03\/2-1.webp\" alt=\"\" class=\"wp-image-5829\" srcset=\"https:\/\/www.youmushiguang.com\/wp-content\/uploads\/2026\/03\/2-1.webp 750w, https:\/\/www.youmushiguang.com\/wp-content\/uploads\/2026\/03\/2-1-131x300.webp 131w, https:\/\/www.youmushiguang.com\/wp-content\/uploads\/2026\/03\/2-1-5x12.webp 5w, https:\/\/www.youmushiguang.com\/wp-content\/uploads\/2026\/03\/2-1-600x1378.webp 600w\" sizes=\"(max-width: 750px) 100vw, 750px\" \/><\/figure>\n\n\n\n<figure class=\"wp-block-image size-full\"><img decoding=\"async\" width=\"750\" height=\"1594\" src=\"https:\/\/www.youmushiguang.com\/wp-content\/uploads\/2026\/03\/3.webp\" alt=\"\" class=\"wp-image-5830\" srcset=\"https:\/\/www.youmushiguang.com\/wp-content\/uploads\/2026\/03\/3.webp 750w, https:\/\/www.youmushiguang.com\/wp-content\/uploads\/2026\/03\/3-141x300.webp 141w, https:\/\/www.youmushiguang.com\/wp-content\/uploads\/2026\/03\/3-6x12.webp 6w, https:\/\/www.youmushiguang.com\/wp-content\/uploads\/2026\/03\/3-600x1275.webp 600w\" sizes=\"(max-width: 750px) 100vw, 750px\" \/><\/figure>\n\n\n\n<figure class=\"wp-block-image size-full\"><img decoding=\"async\" width=\"750\" height=\"2350\" src=\"https:\/\/www.youmushiguang.com\/wp-content\/uploads\/2026\/03\/4.webp\" alt=\"\" class=\"wp-image-5831\" srcset=\"https:\/\/www.youmushiguang.com\/wp-content\/uploads\/2026\/03\/4.webp 750w, https:\/\/www.youmushiguang.com\/wp-content\/uploads\/2026\/03\/4-96x300.webp 96w, https:\/\/www.youmushiguang.com\/wp-content\/uploads\/2026\/03\/4-4x12.webp 4w, https:\/\/www.youmushiguang.com\/wp-content\/uploads\/2026\/03\/4-600x1880.webp 600w\" sizes=\"(max-width: 750px) 100vw, 750px\" \/><\/figure>\n\n\n\n\n\n<figure class=\"wp-block-image size-full\"><img decoding=\"async\" width=\"750\" height=\"1848\" src=\"https:\/\/www.youmushiguang.com\/wp-content\/uploads\/2026\/03\/6.webp\" alt=\"\" class=\"wp-image-5832\" srcset=\"https:\/\/www.youmushiguang.com\/wp-content\/uploads\/2026\/03\/6.webp 750w, https:\/\/www.youmushiguang.com\/wp-content\/uploads\/2026\/03\/6-122x300.webp 122w, https:\/\/www.youmushiguang.com\/wp-content\/uploads\/2026\/03\/6-5x12.webp 5w, https:\/\/www.youmushiguang.com\/wp-content\/uploads\/2026\/03\/6-600x1478.webp 600w\" sizes=\"(max-width: 750px) 100vw, 750px\" \/><\/figure>\n\n\n\n<figure class=\"wp-block-image size-full\"><img decoding=\"async\" width=\"750\" height=\"1183\" src=\"https:\/\/www.youmushiguang.com\/wp-content\/uploads\/2026\/03\/7.webp\" alt=\"\" class=\"wp-image-5833\" srcset=\"https:\/\/www.youmushiguang.com\/wp-content\/uploads\/2026\/03\/7.webp 750w, https:\/\/www.youmushiguang.com\/wp-content\/uploads\/2026\/03\/7-190x300.webp 190w, https:\/\/www.youmushiguang.com\/wp-content\/uploads\/2026\/03\/7-8x12.webp 8w, https:\/\/www.youmushiguang.com\/wp-content\/uploads\/2026\/03\/7-600x946.webp 600w\" sizes=\"(max-width: 750px) 100vw, 750px\" \/><\/figure>\n\n\n\n<figure class=\"wp-block-image size-full\"><img decoding=\"async\" width=\"750\" height=\"687\" src=\"https:\/\/www.youmushiguang.com\/wp-content\/uploads\/2026\/03\/8.webp\" alt=\"\" class=\"wp-image-5834\" srcset=\"https:\/\/www.youmushiguang.com\/wp-content\/uploads\/2026\/03\/8.webp 750w, https:\/\/www.youmushiguang.com\/wp-content\/uploads\/2026\/03\/8-300x275.webp 300w, https:\/\/www.youmushiguang.com\/wp-content\/uploads\/2026\/03\/8-13x12.webp 13w, https:\/\/www.youmushiguang.com\/wp-content\/uploads\/2026\/03\/8-600x550.webp 600w\" sizes=\"(max-width: 750px) 100vw, 750px\" \/><\/figure>\n<\/div>\n\n\n\n<div class=\"wp-block-column is-layout-flow wp-block-column-is-layout-flow\" style=\"flex-basis:25%\"><\/div>\n<\/div>\n\n\n\n<p><\/p>","protected":false},"excerpt":{"rendered":"<div id=\"tw-container\" class=\"nev7se\" data-cp=\"1\" data-nnttsvi=\"1\" data-sletp=\"false\" data-sm=\"1\" data-ssbp=\"false\" data-sugg-time=\"500\" data-sugg-url=\"https:\/\/clients1.google.com\/complete\/search\" data-uilc=\"zh-CN\" data-vil=\",af,af-ZA,am,am-ET,ar-EG,ar-AE,ar-KW,ar-QA,ar,ar-IL,ar-JO,ar-LB,ar-PS,az,az-AZ,bg,bg-BG,bn,bn-BD,bn-IN,ca,ca-es,cs,cs-CZ,de,de-DE,de-CH,de-AT,de-LI,en,en-US,en-CA,en-AU,en-NZ,en-GB,en-IN,en-KE,en-TZ,en-NG,en-GH,en-PH,en-ZA,es,es-ES,es-AR,es-UY,es-419,es-BO,es-CL,es-CR,es-CO,es-DO,es-EC,es-GT,es-HN,es-NI,es-PA,es-PE,es-PR,es-PY,es-SV,es-VE,es-MX,es-US,eu,eu-ES,fi,fi-FI,fr,fr-FR,fr-CH,fr-BE,gl,gl-ES,gu,gu-IN,he,he-IL,iw,iw-IL,hu,hu-HU,hy,hy-AM,id,id-ID,is,is-IS,it,it-IT,it-CH,ja,ja-JP,jv,jv-ID,ka,ka-GE,km,km-KH,kn,kn-IN,ko,ko-KR,la,lo,lo-LA,lv,lv-LV,ml,ml-IN,mr,mr-IN,ms,ms-MY,nl,nl-NL,nb,nb-NO,ne,ne-NP,pl,pl-PL,pt,pt-BR,pt-PT,ro,ro-RO,ru,ru-RU,si-LK,sk,sk-SK,sr,sr-RS,su,su-ID,sv,sv-SE,sw,sw-TZ,sw-KE,ta,ta-IN,ta-SG,ta-LK,ta-MY,te,te-IN,tr,tr-TR,ur,ur-PK,ur-IN,yue,yue-HK,yue-Hant-HK,zh-HK,zh,zh-CN,zh-cmn,zh-cmn-CN,zh-Hans,zh-Hans-CN,zh-cmn-Hans,zh-cmn-Hans-CN,cmn-CN,cmn-Hans,cmn-Hans-CN,zh-TW,zh-Hant-TW,cmn-TW,cmn-Hant-TW,zh-cmn-TW,zh-cmn-Hant-TW,zu,zu-ZA,hi,hi-IN,tl,tl-PH,pa,pa-IN\">\n<div id=\"tw-ob\" class=\"tw-src-ltr\">\n<div class=\"oSioSc\">\n<div id=\"tw-target\">\n<div id=\"kAz1tf\" class=\"g9WsWb PZPZlf\" data-attrid=\"tw-targetArea\" data-entityname=\"Google Translate\">\n<div id=\"tw-target-text-container\" class=\"tw-ta-container tw-nfl\" role=\"text\">\n<div class=\"tw-ta-container tw-nfl\" role=\"text\">\n<p data-pm-slice=\"0 0 []\">Inspiriert von klassischen Vintage-Interieurs, schafft dieses Tisch- und Stuhlset aus Massivholz eine warme, einladende Essatmosph\u00e4re. Ideal f\u00fcr Restaurants, Bars und kommerzielle Essbereiche.<\/p>\n<\/div>\n<\/div>\n<\/div>\n<\/div>\n<\/div>\n<\/div>\n<\/div>\n<h2>Spezifikationen f\u00fcr Cafe-M\u00f6bel<\/h2>\n<table width=\"668\">\n<tbody>\n<tr>\n<td width=\"143\">Modell<\/td>\n<td width=\"525\">37<\/td>\n<\/tr>\n<tr>\n<td width=\"143\">Kategorie<\/td>\n<td width=\"525\">M\u00f6bel f\u00fcr Caf\u00e9s<\/td>\n<\/tr>\n<tr>\n<td width=\"143\">Produktname<\/td>\n<td width=\"525\">Tische und St\u00fchle f\u00fcr Caf\u00e9s<\/td>\n<\/tr>\n<tr>\n<td width=\"143\">Anpassungsoptionen<\/td>\n<td width=\"525\">Stil\/Farbe\/Gr\u00f6\u00dfe\/Material<\/td>\n<\/tr>\n<tr>\n<td width=\"143\">Tabelle<\/td>\n<td width=\"525\">Tischbeine aus mehrschichtigem Sperrholz + Tischbeine aus Massivholz<\/td>\n<\/tr>\n<tr>\n<td width=\"143\">Stuhl<\/td>\n<td width=\"525\">Massivholzrahmen + hochdichter Schwamm + hochwertiges Nappaleder<\/td>\n<\/tr>\n<tr>\n<td width=\"143\">Anwendung Szene<\/td>\n<td width=\"525\">caf\u00e9 \/ Kaffeehaus<\/td>\n<\/tr>\n<tr>\n<td width=\"143\">Farbe<\/td>\n<td width=\"525\">Walnuss\/Cremefarben (anpassbar)<\/td>\n<\/tr>\n<tr>\n<td width=\"143\">Material<\/td>\n<td width=\"525\">Massivholz\/Sperrholz\/Metall\/Leder\/Schaumstoff<\/td>\n<\/tr>\n<tr>\n<td width=\"143\">\n<p>Stil<\/p>\n<\/td>\n<td width=\"525\">\n<p id=\"tw-target-text\" class=\"tw-data-text tw-text-large tw-ta\" dir=\"ltr\" role=\"text\" data-placeholder=\"\u7ffb\u8bd1\" data-ved=\"2ahUKEwiny42x3KyRAxUyFzQIHU5LCvcQ3ewLegQIDBAV\" aria-label=\"\u8bd1\u6587\uff1aModern\">Retro-Stil<\/p>\n<\/td>\n<\/tr>\n<\/tbody>\n<\/table>\n<p>&nbsp;<\/p>\n<p>\n<script src=\"chrome-extension:\/\/fpelahbljekknahkcaegamhcndkfpfnc\/iFrame.js\" type=\"text\/javascript\"><\/script><\/p>","protected":false},"featured_media":5827,"comment_status":"closed","ping_status":"closed","template":"","meta":{"_acf_changed":true},"product_brand":[],"product_cat":[20,21],"product_tag":[],"class_list":{"0":"post-5826","1":"product","2":"type-product","3":"status-publish","4":"has-post-thumbnail","6":"product_cat-wholesale-cafe-furniture","7":"product_cat-wholesale-pub-furniture","9":"first","10":"instock","11":"shipping-taxable","12":"product-type-simple"},"acf":[],"_links":{"self":[{"href":"https:\/\/www.youmushiguang.com\/de\/wp-json\/wp\/v2\/product\/5826","targetHints":{"allow":["GET"]}}],"collection":[{"href":"https:\/\/www.youmushiguang.com\/de\/wp-json\/wp\/v2\/product"}],"about":[{"href":"https:\/\/www.youmushiguang.com\/de\/wp-json\/wp\/v2\/types\/product"}],"replies":[{"embeddable":true,"href":"https:\/\/www.youmushiguang.com\/de\/wp-json\/wp\/v2\/comments?post=5826"}],"wp:featuredmedia":[{"embeddable":true,"href":"https:\/\/www.youmushiguang.com\/de\/wp-json\/wp\/v2\/media\/5827"}],"wp:attachment":[{"href":"https:\/\/www.youmushiguang.com\/de\/wp-json\/wp\/v2\/media?parent=5826"}],"wp:term":[{"taxonomy":"product_brand","embeddable":true,"href":"https:\/\/www.youmushiguang.com\/de\/wp-json\/wp\/v2\/product_brand?post=5826"},{"taxonomy":"product_cat","embeddable":true,"href":"https:\/\/www.youmushiguang.com\/de\/wp-json\/wp\/v2\/product_cat?post=5826"},{"taxonomy":"product_tag","embeddable":true,"href":"https:\/\/www.youmushiguang.com\/de\/wp-json\/wp\/v2\/product_tag?post=5826"}],"curies":[{"name":"wp","href":"https:\/\/api.w.org\/{rel}","templated":true}]}}