{"id":5930,"date":"2026-03-07T09:37:43","date_gmt":"2026-03-07T09:37:43","guid":{"rendered":"https:\/\/www.youmushiguang.com\/?post_type=product&#038;p=5930"},"modified":"2026-04-22T01:21:33","modified_gmt":"2026-04-22T01:21:33","slug":"modern-southeast-asian-style-restaurant-furniture","status":"publish","type":"product","link":"https:\/\/www.youmushiguang.com\/de\/product\/modern-southeast-asian-style-restaurant-furniture\/","title":{"rendered":"Moderne High-End-Restaurant Rattan Tische und St\u00fchle im s\u00fcdostasiatischen Stil Factory Supply"},"content":{"rendered":"<div class=\"wp-block-columns is-layout-flex wp-container-core-columns-is-layout-9d6595d7 wp-block-columns-is-layout-flex\">\n<div class=\"wp-block-column is-layout-flow wp-block-column-is-layout-flow\" style=\"flex-basis:25%\"><\/div>\n\n\n\n<div class=\"wp-block-column is-layout-flow wp-block-column-is-layout-flow\" style=\"flex-basis:50%\">\n<figure class=\"wp-block-image size-full\"><img decoding=\"async\" width=\"790\" height=\"372\" src=\"https:\/\/www.youmushiguang.com\/wp-content\/uploads\/2026\/03\/1-8.webp\" alt=\"\" class=\"wp-image-5932\" srcset=\"https:\/\/www.youmushiguang.com\/wp-content\/uploads\/2026\/03\/1-8.webp 790w, https:\/\/www.youmushiguang.com\/wp-content\/uploads\/2026\/03\/1-8-300x141.webp 300w, https:\/\/www.youmushiguang.com\/wp-content\/uploads\/2026\/03\/1-8-768x362.webp 768w, https:\/\/www.youmushiguang.com\/wp-content\/uploads\/2026\/03\/1-8-18x8.webp 18w, https:\/\/www.youmushiguang.com\/wp-content\/uploads\/2026\/03\/1-8-600x283.webp 600w\" sizes=\"(max-width: 790px) 100vw, 790px\" \/><\/figure>\n\n\n\n<figure class=\"wp-block-image size-full\"><img decoding=\"async\" width=\"790\" height=\"1089\" src=\"https:\/\/www.youmushiguang.com\/wp-content\/uploads\/2026\/03\/2-9.webp\" alt=\"\" class=\"wp-image-5933\" srcset=\"https:\/\/www.youmushiguang.com\/wp-content\/uploads\/2026\/03\/2-9.webp 790w, https:\/\/www.youmushiguang.com\/wp-content\/uploads\/2026\/03\/2-9-218x300.webp 218w, https:\/\/www.youmushiguang.com\/wp-content\/uploads\/2026\/03\/2-9-768x1059.webp 768w, https:\/\/www.youmushiguang.com\/wp-content\/uploads\/2026\/03\/2-9-9x12.webp 9w, https:\/\/www.youmushiguang.com\/wp-content\/uploads\/2026\/03\/2-9-600x827.webp 600w\" sizes=\"(max-width: 790px) 100vw, 790px\" \/><\/figure>\n\n\n\n<figure class=\"wp-block-image size-full\"><img decoding=\"async\" width=\"790\" height=\"1635\" src=\"https:\/\/www.youmushiguang.com\/wp-content\/uploads\/2026\/03\/3-9.webp\" alt=\"\" class=\"wp-image-5934\" srcset=\"https:\/\/www.youmushiguang.com\/wp-content\/uploads\/2026\/03\/3-9.webp 790w, https:\/\/www.youmushiguang.com\/wp-content\/uploads\/2026\/03\/3-9-145x300.webp 145w, https:\/\/www.youmushiguang.com\/wp-content\/uploads\/2026\/03\/3-9-768x1589.webp 768w, https:\/\/www.youmushiguang.com\/wp-content\/uploads\/2026\/03\/3-9-6x12.webp 6w, https:\/\/www.youmushiguang.com\/wp-content\/uploads\/2026\/03\/3-9-600x1242.webp 600w\" sizes=\"(max-width: 790px) 100vw, 790px\" \/><\/figure>\n\n\n\n<figure class=\"wp-block-image size-full\"><img decoding=\"async\" width=\"790\" height=\"1033\" src=\"https:\/\/www.youmushiguang.com\/wp-content\/uploads\/2026\/03\/4-9.webp\" alt=\"\" class=\"wp-image-5935\" srcset=\"https:\/\/www.youmushiguang.com\/wp-content\/uploads\/2026\/03\/4-9.webp 790w, https:\/\/www.youmushiguang.com\/wp-content\/uploads\/2026\/03\/4-9-229x300.webp 229w, https:\/\/www.youmushiguang.com\/wp-content\/uploads\/2026\/03\/4-9-768x1004.webp 768w, https:\/\/www.youmushiguang.com\/wp-content\/uploads\/2026\/03\/4-9-9x12.webp 9w, https:\/\/www.youmushiguang.com\/wp-content\/uploads\/2026\/03\/4-9-600x785.webp 600w\" sizes=\"(max-width: 790px) 100vw, 790px\" \/><\/figure>\n\n\n\n<figure class=\"wp-block-image size-full\"><img decoding=\"async\" width=\"790\" height=\"2725\" src=\"https:\/\/www.youmushiguang.com\/wp-content\/uploads\/2026\/03\/5-8.webp\" alt=\"\" class=\"wp-image-5936\" srcset=\"https:\/\/www.youmushiguang.com\/wp-content\/uploads\/2026\/03\/5-8.webp 790w, https:\/\/www.youmushiguang.com\/wp-content\/uploads\/2026\/03\/5-8-87x300.webp 87w, https:\/\/www.youmushiguang.com\/wp-content\/uploads\/2026\/03\/5-8-768x2649.webp 768w, https:\/\/www.youmushiguang.com\/wp-content\/uploads\/2026\/03\/5-8-600x2070.webp 600w\" sizes=\"(max-width: 790px) 100vw, 790px\" \/><\/figure>\n\n\n\n<figure class=\"wp-block-image size-full\"><img decoding=\"async\" width=\"790\" height=\"1016\" src=\"https:\/\/www.youmushiguang.com\/wp-content\/uploads\/2026\/03\/6-10.webp\" alt=\"\" class=\"wp-image-5937\" srcset=\"https:\/\/www.youmushiguang.com\/wp-content\/uploads\/2026\/03\/6-10.webp 790w, https:\/\/www.youmushiguang.com\/wp-content\/uploads\/2026\/03\/6-10-233x300.webp 233w, https:\/\/www.youmushiguang.com\/wp-content\/uploads\/2026\/03\/6-10-768x988.webp 768w, https:\/\/www.youmushiguang.com\/wp-content\/uploads\/2026\/03\/6-10-9x12.webp 9w, https:\/\/www.youmushiguang.com\/wp-content\/uploads\/2026\/03\/6-10-600x772.webp 600w\" sizes=\"(max-width: 790px) 100vw, 790px\" \/><\/figure>\n\n\n\n<figure class=\"wp-block-image size-full\"><img decoding=\"async\" width=\"790\" height=\"469\" src=\"https:\/\/www.youmushiguang.com\/wp-content\/uploads\/2026\/03\/7-7.webp\" alt=\"\" class=\"wp-image-5938\" srcset=\"https:\/\/www.youmushiguang.com\/wp-content\/uploads\/2026\/03\/7-7.webp 790w, https:\/\/www.youmushiguang.com\/wp-content\/uploads\/2026\/03\/7-7-300x178.webp 300w, https:\/\/www.youmushiguang.com\/wp-content\/uploads\/2026\/03\/7-7-768x456.webp 768w, https:\/\/www.youmushiguang.com\/wp-content\/uploads\/2026\/03\/7-7-18x12.webp 18w, https:\/\/www.youmushiguang.com\/wp-content\/uploads\/2026\/03\/7-7-600x356.webp 600w\" sizes=\"(max-width: 790px) 100vw, 790px\" \/><\/figure>\n\n\n\n<figure class=\"wp-block-image size-full\"><img decoding=\"async\" width=\"790\" height=\"1045\" src=\"https:\/\/www.youmushiguang.com\/wp-content\/uploads\/2026\/03\/8-8.webp\" alt=\"\" class=\"wp-image-5939\" srcset=\"https:\/\/www.youmushiguang.com\/wp-content\/uploads\/2026\/03\/8-8.webp 790w, https:\/\/www.youmushiguang.com\/wp-content\/uploads\/2026\/03\/8-8-227x300.webp 227w, https:\/\/www.youmushiguang.com\/wp-content\/uploads\/2026\/03\/8-8-768x1016.webp 768w, https:\/\/www.youmushiguang.com\/wp-content\/uploads\/2026\/03\/8-8-9x12.webp 9w, https:\/\/www.youmushiguang.com\/wp-content\/uploads\/2026\/03\/8-8-600x794.webp 600w\" sizes=\"(max-width: 790px) 100vw, 790px\" \/><\/figure>\n\n\n\n<figure class=\"wp-block-image size-full\"><img decoding=\"async\" width=\"790\" height=\"379\" src=\"https:\/\/www.youmushiguang.com\/wp-content\/uploads\/2026\/03\/9-2.webp\" alt=\"\" class=\"wp-image-5940\" srcset=\"https:\/\/www.youmushiguang.com\/wp-content\/uploads\/2026\/03\/9-2.webp 790w, https:\/\/www.youmushiguang.com\/wp-content\/uploads\/2026\/03\/9-2-300x144.webp 300w, https:\/\/www.youmushiguang.com\/wp-content\/uploads\/2026\/03\/9-2-768x368.webp 768w, https:\/\/www.youmushiguang.com\/wp-content\/uploads\/2026\/03\/9-2-18x9.webp 18w, https:\/\/www.youmushiguang.com\/wp-content\/uploads\/2026\/03\/9-2-600x288.webp 600w\" sizes=\"(max-width: 790px) 100vw, 790px\" \/><\/figure>\n\n\n\n<figure class=\"wp-block-image size-full\"><img decoding=\"async\" width=\"790\" height=\"1056\" src=\"https:\/\/www.youmushiguang.com\/wp-content\/uploads\/2026\/03\/10-2.webp\" alt=\"\" class=\"wp-image-5941\" srcset=\"https:\/\/www.youmushiguang.com\/wp-content\/uploads\/2026\/03\/10-2.webp 790w, https:\/\/www.youmushiguang.com\/wp-content\/uploads\/2026\/03\/10-2-224x300.webp 224w, https:\/\/www.youmushiguang.com\/wp-content\/uploads\/2026\/03\/10-2-768x1027.webp 768w, https:\/\/www.youmushiguang.com\/wp-content\/uploads\/2026\/03\/10-2-9x12.webp 9w, https:\/\/www.youmushiguang.com\/wp-content\/uploads\/2026\/03\/10-2-600x802.webp 600w\" sizes=\"(max-width: 790px) 100vw, 790px\" \/><\/figure>\n\n\n\n<figure class=\"wp-block-image size-full\"><img decoding=\"async\" width=\"790\" height=\"1441\" src=\"https:\/\/www.youmushiguang.com\/wp-content\/uploads\/2026\/03\/11-1.webp\" alt=\"\" class=\"wp-image-5942\" srcset=\"https:\/\/www.youmushiguang.com\/wp-content\/uploads\/2026\/03\/11-1.webp 790w, https:\/\/www.youmushiguang.com\/wp-content\/uploads\/2026\/03\/11-1-164x300.webp 164w, https:\/\/www.youmushiguang.com\/wp-content\/uploads\/2026\/03\/11-1-768x1401.webp 768w, https:\/\/www.youmushiguang.com\/wp-content\/uploads\/2026\/03\/11-1-7x12.webp 7w, https:\/\/www.youmushiguang.com\/wp-content\/uploads\/2026\/03\/11-1-600x1094.webp 600w\" sizes=\"(max-width: 790px) 100vw, 790px\" \/><\/figure>\n<\/div>\n\n\n\n<div class=\"wp-block-column is-layout-flow wp-block-column-is-layout-flow\" style=\"flex-basis:25%\"><\/div>\n<\/div>\n\n\n\n<p><\/p>","protected":false},"excerpt":{"rendered":"<p>This modern high-end Southeast Asian style rattan table and chair set combines natural aesthetics with durable craftsmanship, making it an ideal choice for restaurants, cafes, resorts, and outdoor dining spaces. As a reliable <a href=\"https:\/\/www.youmushiguang.com\/de\/product-category\/wholesale-restaurant-furniture\/\" target=\"_blank\" rel=\"noopener\"><strong>Hersteller von Restaurantm\u00f6beln<\/strong><\/a> in China, our efficient production management ensures reliable delivery times for restaurant projects, wholesalers, and global distributors.<\/p>\n<h2>Spezifikationen f\u00fcr Restaurantm\u00f6bel im s\u00fcdostasiatischen Stil<\/h2>\n<table style=\"border-collapse: collapse; width: 616px; height: 416px;\" border=\"0\" width=\"740\" cellspacing=\"0\" cellpadding=\"0\">\n<tbody>\n<tr style=\"height: 13.50pt;\">\n<td class=\"et2\" style=\"height: 13.50pt; width: 132.75pt;\" width=\"177\" height=\"18\">Artikel<\/td>\n<td class=\"et2\" style=\"width: 422.25pt;\" width=\"563\">Einzelheiten<\/td>\n<\/tr>\n<tr style=\"height: 13.50pt;\">\n<td class=\"et2\" style=\"height: 13.50pt; width: 132.75pt;\" width=\"177\" height=\"18\">Modell<\/td>\n<td class=\"et3\" style=\"width: 422.25pt;\" width=\"563\">1182<\/td>\n<\/tr>\n<tr style=\"height: 13.50pt;\">\n<td class=\"et2\" style=\"height: 13.50pt; width: 132.75pt;\" width=\"177\" height=\"18\">Kategorie<\/td>\n<td class=\"et3\" style=\"width: 422.25pt;\" width=\"563\">Restaurant-M\u00f6bel<\/td>\n<\/tr>\n<tr style=\"height: 13.50pt;\">\n<td class=\"et2\" style=\"height: 13.50pt; width: 132.75pt;\" width=\"177\" height=\"18\">Produktname<\/td>\n<td class=\"et3\" style=\"width: 422.25pt;\" width=\"563\">Restauranttische und -st\u00fchle<\/td>\n<\/tr>\n<tr style=\"height: 27.00pt;\">\n<td class=\"et2\" style=\"height: 27.00pt; width: 132.75pt;\" width=\"177\" height=\"36\">Anpassungsoptionen<\/td>\n<td class=\"et3\" style=\"width: 422.25pt;\" width=\"563\">Stil \/ Farbe \/ Gr\u00f6\u00dfe \/ Material<\/td>\n<\/tr>\n<tr style=\"height: 13.50pt;\">\n<td class=\"et2\" style=\"height: 13.50pt; width: 132.75pt;\" width=\"177\" height=\"18\">Tabelle<\/td>\n<td class=\"et3\" style=\"width: 422.25pt;\" width=\"563\">\n<p id=\"tw-target-text\" class=\"tw-data-text tw-text-large tw-ta\" dir=\"ltr\" role=\"text\" data-placeholder=\"\u7ffb\u8bd1\" data-ved=\"2ahUKEwigrKS076-RAxXyFjQIHaQVC4oQ3ewLegQIDBAW\" aria-label=\"\u8bd1\u6587\uff1aMassivholz-Tischplatte mit Steinfurnier + hochwertige Metall-Tischbeine\"><span class=\"Y2IQFc\" lang=\"en\">Solid wood veneered sintered stone tabletop + high-quality metal table legs<\/span><\/p>\n<\/td>\n<\/tr>\n<tr style=\"height: 27.00pt;\">\n<td class=\"et2\" style=\"height: 27.00pt; width: 132.75pt;\" width=\"177\" height=\"36\">Stuhl<\/td>\n<td class=\"et3\" style=\"width: 422.25pt;\" width=\"563\">Solid wood woven rattan frame\u00a0+ Eco-friendly Nappa Leather + High-density Resilient Foam<\/td>\n<\/tr>\n<tr style=\"height: 27.00pt;\">\n<td class=\"et2\" style=\"height: 27.00pt; width: 132.75pt;\" width=\"177\" height=\"36\">Stand<\/td>\n<td class=\"et3\" style=\"width: 422.25pt;\" width=\"563\">Solid wood woven rattan frame\u00a0+ Eco-friendly Nappa Leather + High-density Resilient Foam<\/td>\n<\/tr>\n<tr style=\"height: 13.50pt;\">\n<td class=\"et2\" style=\"height: 13.50pt; width: 132.75pt;\" width=\"177\" height=\"18\">Anmeldung<\/td>\n<td class=\"et3\" style=\"width: 422.25pt;\" width=\"563\">Restaurants \/ Eintopf-Restaurants \/ Grillrestaurants<\/td>\n<\/tr>\n<tr style=\"height: 13.50pt;\">\n<td class=\"et2\" style=\"height: 13.50pt; width: 132.75pt;\" width=\"177\" height=\"18\">Schauplatz<\/td>\n<td class=\"et3\" style=\"width: 422.25pt;\" width=\"563\">Restaurants \/ Eintopf-Restaurants \/ Grillrestaurants<\/td>\n<\/tr>\n<tr style=\"height: 13.50pt;\">\n<td class=\"et2\" style=\"height: 13.50pt; width: 132.75pt;\" width=\"177\" height=\"18\">Farbe<\/td>\n<td class=\"et3\" style=\"width: 422.25pt;\" width=\"563\">Walnuss \/ Off-white (anpassbar)<\/td>\n<\/tr>\n<tr style=\"height: 13.50pt;\">\n<td class=\"et2\" style=\"height: 13.50pt; width: 132.75pt;\" width=\"177\" height=\"18\">Material<\/td>\n<td class=\"et3\" style=\"width: 422.25pt;\" width=\"563\">Massivholz \/ Sperrholz \/ Metall \/ Leder \/ Schwamm<\/td>\n<\/tr>\n<tr style=\"height: 13.50pt;\">\n<td class=\"et2\" style=\"height: 13.50pt; width: 132.75pt;\" width=\"177\" height=\"18\">Stil<\/td>\n<td class=\"et3\" style=\"width: 422.25pt;\" width=\"563\">S\u00fcdostasiatischer Stil<\/td>\n<\/tr>\n<\/tbody>\n<\/table>\n<p>&nbsp;<\/p>\n<p>\n<script src=\"chrome-extension:\/\/fpelahbljekknahkcaegamhcndkfpfnc\/iFrame.js\" type=\"text\/javascript\"><\/script><\/p>","protected":false},"featured_media":5931,"comment_status":"closed","ping_status":"closed","template":"","meta":{"_acf_changed":true},"product_brand":[],"product_cat":[24,46,40],"product_tag":[],"class_list":{"0":"post-5930","1":"product","2":"type-product","3":"status-publish","4":"has-post-thumbnail","6":"product_cat-wholesale-restaurant-furniture","7":"product_cat-modern-restaurant-furniture","8":"product_cat-wholesale-southeast-asian-style-restaurant-furniture","10":"first","11":"instock","12":"shipping-taxable","13":"product-type-simple"},"acf":[],"_links":{"self":[{"href":"https:\/\/www.youmushiguang.com\/de\/wp-json\/wp\/v2\/product\/5930","targetHints":{"allow":["GET"]}}],"collection":[{"href":"https:\/\/www.youmushiguang.com\/de\/wp-json\/wp\/v2\/product"}],"about":[{"href":"https:\/\/www.youmushiguang.com\/de\/wp-json\/wp\/v2\/types\/product"}],"replies":[{"embeddable":true,"href":"https:\/\/www.youmushiguang.com\/de\/wp-json\/wp\/v2\/comments?post=5930"}],"wp:featuredmedia":[{"embeddable":true,"href":"https:\/\/www.youmushiguang.com\/de\/wp-json\/wp\/v2\/media\/5931"}],"wp:attachment":[{"href":"https:\/\/www.youmushiguang.com\/de\/wp-json\/wp\/v2\/media?parent=5930"}],"wp:term":[{"taxonomy":"product_brand","embeddable":true,"href":"https:\/\/www.youmushiguang.com\/de\/wp-json\/wp\/v2\/product_brand?post=5930"},{"taxonomy":"product_cat","embeddable":true,"href":"https:\/\/www.youmushiguang.com\/de\/wp-json\/wp\/v2\/product_cat?post=5930"},{"taxonomy":"product_tag","embeddable":true,"href":"https:\/\/www.youmushiguang.com\/de\/wp-json\/wp\/v2\/product_tag?post=5930"}],"curies":[{"name":"wp","href":"https:\/\/api.w.org\/{rel}","templated":true}]}}