{"id":598,"date":"2025-10-13T23:19:27","date_gmt":"2025-10-13T23:19:27","guid":{"rendered":"https:\/\/www.youmushiguang.com\/?post_type=product&#038;p=598"},"modified":"2025-11-27T06:53:55","modified_gmt":"2025-11-27T06:53:55","slug":"bulk-hot-pot-restaurant-furniture-supply","status":"publish","type":"product","link":"https:\/\/www.youmushiguang.com\/de\/product\/bulk-hot-pot-restaurant-furniture-supply\/","title":{"rendered":"Bulk Hot Pot Restaurant M\u00f6bel Supply - Customizable Restaurant M\u00f6bel f\u00fcr Hot Pot &amp; BBQ Dining Spaces"},"content":{"rendered":"<div class=\"wp-block-columns is-layout-flex wp-container-core-columns-is-layout-9d6595d7 wp-block-columns-is-layout-flex\">\n<div class=\"wp-block-column is-layout-flow wp-block-column-is-layout-flow\" style=\"flex-basis:25%\"><\/div>\n\n\n\n<div class=\"wp-block-column is-layout-flow wp-block-column-is-layout-flow\" style=\"flex-basis:50%\">\n<figure class=\"wp-block-image size-full\"><img decoding=\"async\" width=\"790\" height=\"384\" src=\"https:\/\/www.youmushiguang.com\/wp-content\/uploads\/2025\/10\/hot-pot-restaurant-furniture-details-1-2.webp\" alt=\"Hot Pot Restaurant M\u00f6bel Details (1)\" class=\"wp-image-611\" srcset=\"https:\/\/www.youmushiguang.com\/wp-content\/uploads\/2025\/10\/hot-pot-restaurant-furniture-details-1-2.webp 790w, https:\/\/www.youmushiguang.com\/wp-content\/uploads\/2025\/10\/hot-pot-restaurant-furniture-details-1-2-300x146.webp 300w, https:\/\/www.youmushiguang.com\/wp-content\/uploads\/2025\/10\/hot-pot-restaurant-furniture-details-1-2-768x373.webp 768w, https:\/\/www.youmushiguang.com\/wp-content\/uploads\/2025\/10\/hot-pot-restaurant-furniture-details-1-2-600x292.webp 600w\" sizes=\"(max-width: 790px) 100vw, 790px\" \/><\/figure>\n\n\n\n<figure class=\"wp-block-image size-full\"><img decoding=\"async\" width=\"790\" height=\"1081\" src=\"https:\/\/www.youmushiguang.com\/wp-content\/uploads\/2025\/10\/hot-pot-restaurant-furniture-details-2-2.webp\" alt=\"Hot Pot Restaurant M\u00f6bel Details (2)\" class=\"wp-image-612\" srcset=\"https:\/\/www.youmushiguang.com\/wp-content\/uploads\/2025\/10\/hot-pot-restaurant-furniture-details-2-2.webp 790w, https:\/\/www.youmushiguang.com\/wp-content\/uploads\/2025\/10\/hot-pot-restaurant-furniture-details-2-2-219x300.webp 219w, https:\/\/www.youmushiguang.com\/wp-content\/uploads\/2025\/10\/hot-pot-restaurant-furniture-details-2-2-768x1051.webp 768w, https:\/\/www.youmushiguang.com\/wp-content\/uploads\/2025\/10\/hot-pot-restaurant-furniture-details-2-2-600x821.webp 600w\" sizes=\"(max-width: 790px) 100vw, 790px\" \/><\/figure>\n\n\n\n<figure class=\"wp-block-image size-full\"><img decoding=\"async\" width=\"790\" height=\"1667\" src=\"https:\/\/www.youmushiguang.com\/wp-content\/uploads\/2025\/10\/hot-pot-restaurant-furniture-details-3-2.webp\" alt=\"Hot Pot Restaurant M\u00f6bel Details (3)\" class=\"wp-image-613\" srcset=\"https:\/\/www.youmushiguang.com\/wp-content\/uploads\/2025\/10\/hot-pot-restaurant-furniture-details-3-2.webp 790w, https:\/\/www.youmushiguang.com\/wp-content\/uploads\/2025\/10\/hot-pot-restaurant-furniture-details-3-2-142x300.webp 142w, https:\/\/www.youmushiguang.com\/wp-content\/uploads\/2025\/10\/hot-pot-restaurant-furniture-details-3-2-768x1621.webp 768w, https:\/\/www.youmushiguang.com\/wp-content\/uploads\/2025\/10\/hot-pot-restaurant-furniture-details-3-2-600x1266.webp 600w\" sizes=\"(max-width: 790px) 100vw, 790px\" \/><\/figure>\n\n\n\n<figure class=\"wp-block-image size-full\"><img decoding=\"async\" width=\"790\" height=\"1029\" src=\"https:\/\/www.youmushiguang.com\/wp-content\/uploads\/2025\/10\/hot-pot-restaurant-furniture-details-4-2.webp\" alt=\"Hot Pot Restaurant M\u00f6bel Details (4)\" class=\"wp-image-614\" srcset=\"https:\/\/www.youmushiguang.com\/wp-content\/uploads\/2025\/10\/hot-pot-restaurant-furniture-details-4-2.webp 790w, https:\/\/www.youmushiguang.com\/wp-content\/uploads\/2025\/10\/hot-pot-restaurant-furniture-details-4-2-230x300.webp 230w, https:\/\/www.youmushiguang.com\/wp-content\/uploads\/2025\/10\/hot-pot-restaurant-furniture-details-4-2-768x1000.webp 768w, https:\/\/www.youmushiguang.com\/wp-content\/uploads\/2025\/10\/hot-pot-restaurant-furniture-details-4-2-600x782.webp 600w\" sizes=\"(max-width: 790px) 100vw, 790px\" \/><\/figure>\n\n\n\n<figure class=\"wp-block-image size-full\"><img decoding=\"async\" width=\"790\" height=\"439\" src=\"https:\/\/www.youmushiguang.com\/wp-content\/uploads\/2025\/10\/hot-pot-restaurant-furniture-details-5-1.webp\" alt=\"Hot Pot Restaurant M\u00f6bel Details (5)\" class=\"wp-image-615\" srcset=\"https:\/\/www.youmushiguang.com\/wp-content\/uploads\/2025\/10\/hot-pot-restaurant-furniture-details-5-1.webp 790w, https:\/\/www.youmushiguang.com\/wp-content\/uploads\/2025\/10\/hot-pot-restaurant-furniture-details-5-1-300x167.webp 300w, https:\/\/www.youmushiguang.com\/wp-content\/uploads\/2025\/10\/hot-pot-restaurant-furniture-details-5-1-768x427.webp 768w, https:\/\/www.youmushiguang.com\/wp-content\/uploads\/2025\/10\/hot-pot-restaurant-furniture-details-5-1-600x333.webp 600w\" sizes=\"(max-width: 790px) 100vw, 790px\" \/><\/figure>\n\n\n\n<figure class=\"wp-block-image size-full\"><img decoding=\"async\" width=\"790\" height=\"1041\" src=\"https:\/\/www.youmushiguang.com\/wp-content\/uploads\/2025\/10\/hot-pot-restaurant-furniture-details-6-2.webp\" alt=\"Hot Pot Restaurant M\u00f6bel Details (6)\" class=\"wp-image-616\" srcset=\"https:\/\/www.youmushiguang.com\/wp-content\/uploads\/2025\/10\/hot-pot-restaurant-furniture-details-6-2.webp 790w, https:\/\/www.youmushiguang.com\/wp-content\/uploads\/2025\/10\/hot-pot-restaurant-furniture-details-6-2-228x300.webp 228w, https:\/\/www.youmushiguang.com\/wp-content\/uploads\/2025\/10\/hot-pot-restaurant-furniture-details-6-2-768x1012.webp 768w, https:\/\/www.youmushiguang.com\/wp-content\/uploads\/2025\/10\/hot-pot-restaurant-furniture-details-6-2-600x791.webp 600w\" sizes=\"(max-width: 790px) 100vw, 790px\" \/><\/figure>\n\n\n\n<figure class=\"wp-block-image size-full\"><img decoding=\"async\" width=\"790\" height=\"451\" src=\"https:\/\/www.youmushiguang.com\/wp-content\/uploads\/2025\/10\/hot-pot-restaurant-furniture-details-7-1.webp\" alt=\"Hot Pot Restaurant M\u00f6bel Details (7)\" class=\"wp-image-617\" srcset=\"https:\/\/www.youmushiguang.com\/wp-content\/uploads\/2025\/10\/hot-pot-restaurant-furniture-details-7-1.webp 790w, https:\/\/www.youmushiguang.com\/wp-content\/uploads\/2025\/10\/hot-pot-restaurant-furniture-details-7-1-300x171.webp 300w, https:\/\/www.youmushiguang.com\/wp-content\/uploads\/2025\/10\/hot-pot-restaurant-furniture-details-7-1-768x438.webp 768w, https:\/\/www.youmushiguang.com\/wp-content\/uploads\/2025\/10\/hot-pot-restaurant-furniture-details-7-1-600x343.webp 600w\" sizes=\"(max-width: 790px) 100vw, 790px\" \/><\/figure>\n\n\n\n<figure class=\"wp-block-image size-full\"><img decoding=\"async\" width=\"790\" height=\"1016\" src=\"https:\/\/www.youmushiguang.com\/wp-content\/uploads\/2025\/10\/hot-pot-restaurant-furniture-details-8-1.webp\" alt=\"Hot Pot Restaurant M\u00f6bel Details (8)\" class=\"wp-image-618\" srcset=\"https:\/\/www.youmushiguang.com\/wp-content\/uploads\/2025\/10\/hot-pot-restaurant-furniture-details-8-1.webp 790w, https:\/\/www.youmushiguang.com\/wp-content\/uploads\/2025\/10\/hot-pot-restaurant-furniture-details-8-1-233x300.webp 233w, https:\/\/www.youmushiguang.com\/wp-content\/uploads\/2025\/10\/hot-pot-restaurant-furniture-details-8-1-768x988.webp 768w, https:\/\/www.youmushiguang.com\/wp-content\/uploads\/2025\/10\/hot-pot-restaurant-furniture-details-8-1-600x772.webp 600w\" sizes=\"(max-width: 790px) 100vw, 790px\" \/><\/figure>\n\n\n\n<figure class=\"wp-block-image size-full\"><img decoding=\"async\" width=\"790\" height=\"445\" src=\"https:\/\/www.youmushiguang.com\/wp-content\/uploads\/2025\/10\/hot-pot-restaurant-furniture-details-9-1.webp\" alt=\"Hot Pot Restaurant M\u00f6bel Details (9)\" class=\"wp-image-619\" srcset=\"https:\/\/www.youmushiguang.com\/wp-content\/uploads\/2025\/10\/hot-pot-restaurant-furniture-details-9-1.webp 790w, https:\/\/www.youmushiguang.com\/wp-content\/uploads\/2025\/10\/hot-pot-restaurant-furniture-details-9-1-300x169.webp 300w, https:\/\/www.youmushiguang.com\/wp-content\/uploads\/2025\/10\/hot-pot-restaurant-furniture-details-9-1-768x433.webp 768w, https:\/\/www.youmushiguang.com\/wp-content\/uploads\/2025\/10\/hot-pot-restaurant-furniture-details-9-1-600x338.webp 600w\" sizes=\"(max-width: 790px) 100vw, 790px\" \/><\/figure>\n\n\n\n<figure class=\"wp-block-image size-full\"><img decoding=\"async\" width=\"790\" height=\"1040\" src=\"https:\/\/www.youmushiguang.com\/wp-content\/uploads\/2025\/10\/hot-pot-restaurant-furniture-details-10-1.webp\" alt=\"Hot Pot Restaurant M\u00f6bel Details (10)\" class=\"wp-image-620\" srcset=\"https:\/\/www.youmushiguang.com\/wp-content\/uploads\/2025\/10\/hot-pot-restaurant-furniture-details-10-1.webp 790w, https:\/\/www.youmushiguang.com\/wp-content\/uploads\/2025\/10\/hot-pot-restaurant-furniture-details-10-1-228x300.webp 228w, https:\/\/www.youmushiguang.com\/wp-content\/uploads\/2025\/10\/hot-pot-restaurant-furniture-details-10-1-768x1011.webp 768w, https:\/\/www.youmushiguang.com\/wp-content\/uploads\/2025\/10\/hot-pot-restaurant-furniture-details-10-1-600x790.webp 600w\" sizes=\"(max-width: 790px) 100vw, 790px\" \/><\/figure>\n<\/div>\n\n\n\n<div class=\"wp-block-column is-layout-flow wp-block-column-is-layout-flow\" style=\"flex-basis:25%\"><\/div>\n<\/div>","protected":false},"excerpt":{"rendered":"<p>Gro\u00dfhandel f\u00fcr Hot Pot Restaurant M\u00f6bel. Unsere Produktlinie umfasst robuste Esstische mit eingebauten Induktionskochfeldern, bequeme St\u00fchle und Sofas. Wir bieten anpassbare M\u00f6bel, die perfekt zum Thema Ihres Restaurants und zum Raum passen. Kontaktieren Sie uns f\u00fcr ein Angebot.<\/p>\n<h2>Spezifikationen f\u00fcr Hot Pot Restaurantm\u00f6bel<\/h2>\n<table style=\"border-collapse: collapse; width: 501.02pt;\" border=\"0\" width=\"668\" cellspacing=\"0\" cellpadding=\"0\">\n<tbody>\n<tr style=\"height: 13.50pt;\">\n<td class=\"et2\" style=\"height: 13.50pt; width: 107.25pt;\" width=\"143\" height=\"18\">Modell<\/td>\n<td class=\"et3\" style=\"width: 393.75pt;\" width=\"525\">1222<\/td>\n<\/tr>\n<tr style=\"height: 13.50pt;\">\n<td class=\"et2\" style=\"height: 13.50pt; width: 107.25pt;\" width=\"143\" height=\"18\">Kategorie<\/td>\n<td class=\"et3\" style=\"width: 393.75pt;\" width=\"525\">Eintopf-Restaurant<\/td>\n<\/tr>\n<tr style=\"height: 13.50pt;\">\n<td class=\"et2\" style=\"height: 13.50pt; width: 107.25pt;\" width=\"143\" height=\"18\">Produktname<\/td>\n<td class=\"et3\" style=\"width: 393.75pt;\" width=\"525\">Neue Tische und St\u00fchle f\u00fcr ein Hot-Pot-Restaurant im chinesischen Stil<\/td>\n<\/tr>\n<tr style=\"height: 27.00pt;\">\n<td class=\"et2\" style=\"height: 27.00pt; width: 107.25pt;\" width=\"143\" height=\"36\">Anpassungsoptionen<\/td>\n<td class=\"et3\" style=\"width: 393.75pt;\" width=\"525\">Stil\/Farbe\/Gr\u00f6\u00dfe\/Material<\/td>\n<\/tr>\n<tr style=\"height: 40.50pt;\">\n<td class=\"et2\" style=\"height: 40.50pt; width: 107.25pt;\" width=\"143\" height=\"54\">Stand<\/td>\n<td class=\"et3\" style=\"width: 393.75pt;\" width=\"525\">Massivholz-Mehrschichtplatte + Massivholzrahmen + PE-Rattan + Stoff + umweltfreundliche Nappalederumh\u00fcllung + hochdichter R\u00fcckprallschwamm<\/td>\n<\/tr>\n<tr style=\"height: 27.00pt;\">\n<td class=\"et2\" style=\"height: 27.00pt; width: 107.25pt;\" width=\"143\" height=\"36\">Stuhl<\/td>\n<td class=\"et3\" style=\"width: 393.75pt;\" width=\"525\">Massivholzrahmen + PE-Rattan + umweltfreundliche Nappalederumh\u00fcllung + hochdichter R\u00fcckprallschwamm<\/td>\n<\/tr>\n<tr style=\"height: 27.00pt;\">\n<td class=\"et2\" style=\"height: 27.00pt; width: 107.25pt;\" width=\"143\" height=\"36\">Tabelle<\/td>\n<td class=\"et3\" style=\"width: 393.75pt;\" width=\"525\">Massivholzverkleidete Steinplatte mit eingebautem Induktionsherd + Stahlf\u00fc\u00dfe<\/td>\n<\/tr>\n<tr style=\"height: 27.00pt;\">\n<td class=\"et2\" style=\"height: 27.00pt; width: 107.25pt;\" width=\"143\" height=\"36\">Anwendung Szene<\/td>\n<td class=\"et3\" style=\"width: 393.75pt;\" width=\"525\">Eintopf-Restaurant\/Grillrestaurant\/Restaurant\/Themenrestaurant<\/td>\n<\/tr>\n<tr style=\"height: 13.50pt;\">\n<td class=\"et2\" style=\"height: 13.50pt; width: 107.25pt;\" width=\"143\" height=\"18\">Farbe<\/td>\n<td class=\"et3\" style=\"width: 393.75pt;\" width=\"525\">Nussbaumfarbenes Holz, Marineblau + gemustertes Leder (anpassbar)<\/td>\n<\/tr>\n<tr style=\"height: 13.50pt;\">\n<td class=\"et2\" style=\"height: 13.50pt; width: 107.25pt;\" width=\"143\" height=\"18\">Material<\/td>\n<td class=\"et3\" style=\"width: 393.75pt;\" width=\"525\">Sperrholz\/Massivholz\/Metall\/Leder\/Schwamm<\/td>\n<\/tr>\n<tr style=\"height: 13.50pt;\">\n<td class=\"et2\" style=\"height: 13.50pt; width: 107.25pt;\" width=\"143\" height=\"18\">Stil<\/td>\n<td class=\"et3\" style=\"width: 393.75pt;\" width=\"525\">Neuer chinesischer Stil<\/td>\n<\/tr>\n<\/tbody>\n<\/table>\n<p><script src=\"chrome-extension:\/\/fpelahbljekknahkcaegamhcndkfpfnc\/iFrame.js\" type=\"text\/javascript\"><\/script><\/p>\n<p><script src=\"chrome-extension:\/\/fpelahbljekknahkcaegamhcndkfpfnc\/iFrame.js\" type=\"text\/javascript\"><\/script><\/p>\n<p><script src=\"chrome-extension:\/\/fpelahbljekknahkcaegamhcndkfpfnc\/iFrame.js\" type=\"text\/javascript\"><\/script><\/p>\n<p>\n<script src=\"chrome-extension:\/\/fpelahbljekknahkcaegamhcndkfpfnc\/iFrame.js\" type=\"text\/javascript\"><\/script><\/p>","protected":false},"featured_media":599,"comment_status":"closed","ping_status":"closed","template":"","meta":{"_acf_changed":true},"product_brand":[],"product_cat":[24,35],"product_tag":[],"class_list":{"0":"post-598","1":"product","2":"type-product","3":"status-publish","4":"has-post-thumbnail","6":"product_cat-wholesale-restaurant-furniture","7":"product_cat-wholesale-hot-pot-restaurant-furniture","9":"first","10":"instock","11":"shipping-taxable","12":"product-type-simple"},"acf":[],"_links":{"self":[{"href":"https:\/\/www.youmushiguang.com\/de\/wp-json\/wp\/v2\/product\/598","targetHints":{"allow":["GET"]}}],"collection":[{"href":"https:\/\/www.youmushiguang.com\/de\/wp-json\/wp\/v2\/product"}],"about":[{"href":"https:\/\/www.youmushiguang.com\/de\/wp-json\/wp\/v2\/types\/product"}],"replies":[{"embeddable":true,"href":"https:\/\/www.youmushiguang.com\/de\/wp-json\/wp\/v2\/comments?post=598"}],"wp:featuredmedia":[{"embeddable":true,"href":"https:\/\/www.youmushiguang.com\/de\/wp-json\/wp\/v2\/media\/599"}],"wp:attachment":[{"href":"https:\/\/www.youmushiguang.com\/de\/wp-json\/wp\/v2\/media?parent=598"}],"wp:term":[{"taxonomy":"product_brand","embeddable":true,"href":"https:\/\/www.youmushiguang.com\/de\/wp-json\/wp\/v2\/product_brand?post=598"},{"taxonomy":"product_cat","embeddable":true,"href":"https:\/\/www.youmushiguang.com\/de\/wp-json\/wp\/v2\/product_cat?post=598"},{"taxonomy":"product_tag","embeddable":true,"href":"https:\/\/www.youmushiguang.com\/de\/wp-json\/wp\/v2\/product_tag?post=598"}],"curies":[{"name":"wp","href":"https:\/\/api.w.org\/{rel}","templated":true}]}}