{"id":622,"date":"2025-10-14T01:02:22","date_gmt":"2025-10-14T01:02:22","guid":{"rendered":"https:\/\/www.youmushiguang.com\/?post_type=product&#038;p=622"},"modified":"2025-10-17T08:08:27","modified_gmt":"2025-10-17T08:08:27","slug":"wholesale-lobby-furniture-for-hotel-and-reception-areas","status":"publish","type":"product","link":"https:\/\/www.youmushiguang.com\/de\/product\/wholesale-lobby-furniture-for-hotel-and-reception-areas\/","title":{"rendered":"Gro\u00dfhandel kommerzielle Lobby M\u00f6bel - Sofas, Tische und Stuhl, geeignet f\u00fcr Lounge, Empfangsbereiche"},"content":{"rendered":"<div class=\"wp-block-columns is-layout-flex wp-container-core-columns-is-layout-9d6595d7 wp-block-columns-is-layout-flex\">\n<div class=\"wp-block-column is-layout-flow wp-block-column-is-layout-flow\" style=\"flex-basis:25%\"><\/div>\n\n\n\n<div class=\"wp-block-column is-layout-flow wp-block-column-is-layout-flow\" style=\"flex-basis:50%\">\n<figure class=\"wp-block-image size-full\"><img decoding=\"async\" width=\"750\" height=\"2412\" src=\"https:\/\/www.youmushiguang.com\/wp-content\/uploads\/2025\/10\/commercial-lobby-furniture-details-1.webp\" alt=\"kommerzielle Lobby-M\u00f6bel Details (1)\" class=\"wp-image-628\" srcset=\"https:\/\/www.youmushiguang.com\/wp-content\/uploads\/2025\/10\/commercial-lobby-furniture-details-1.webp 750w, https:\/\/www.youmushiguang.com\/wp-content\/uploads\/2025\/10\/commercial-lobby-furniture-details-1-93x300.webp 93w, https:\/\/www.youmushiguang.com\/wp-content\/uploads\/2025\/10\/commercial-lobby-furniture-details-1-600x1930.webp 600w\" sizes=\"(max-width: 750px) 100vw, 750px\" \/><\/figure>\n\n\n\n<figure class=\"wp-block-image size-full\"><img decoding=\"async\" width=\"750\" height=\"2423\" src=\"https:\/\/www.youmushiguang.com\/wp-content\/uploads\/2025\/10\/commercial-lobby-furniture-details-2.webp\" alt=\"kommerzielle Lobby-M\u00f6bel Details (2)\" class=\"wp-image-629\" srcset=\"https:\/\/www.youmushiguang.com\/wp-content\/uploads\/2025\/10\/commercial-lobby-furniture-details-2.webp 750w, https:\/\/www.youmushiguang.com\/wp-content\/uploads\/2025\/10\/commercial-lobby-furniture-details-2-93x300.webp 93w, https:\/\/www.youmushiguang.com\/wp-content\/uploads\/2025\/10\/commercial-lobby-furniture-details-2-600x1938.webp 600w\" sizes=\"(max-width: 750px) 100vw, 750px\" \/><\/figure>\n\n\n\n<figure class=\"wp-block-image size-full\"><img decoding=\"async\" width=\"750\" height=\"2587\" src=\"https:\/\/www.youmushiguang.com\/wp-content\/uploads\/2025\/10\/commercial-lobby-furniture-details-3.webp\" alt=\"kommerzielle Lobby-M\u00f6bel Details (3)\" class=\"wp-image-630\" srcset=\"https:\/\/www.youmushiguang.com\/wp-content\/uploads\/2025\/10\/commercial-lobby-furniture-details-3.webp 750w, https:\/\/www.youmushiguang.com\/wp-content\/uploads\/2025\/10\/commercial-lobby-furniture-details-3-87x300.webp 87w, https:\/\/www.youmushiguang.com\/wp-content\/uploads\/2025\/10\/commercial-lobby-furniture-details-3-600x2070.webp 600w\" sizes=\"(max-width: 750px) 100vw, 750px\" \/><\/figure>\n\n\n\n<figure class=\"wp-block-image size-full\"><img decoding=\"async\" width=\"750\" height=\"2741\" src=\"https:\/\/www.youmushiguang.com\/wp-content\/uploads\/2025\/10\/commercial-lobby-furniture-details-4.webp\" alt=\"kommerzielle Lobby-M\u00f6bel Details (4)\" class=\"wp-image-631\" srcset=\"https:\/\/www.youmushiguang.com\/wp-content\/uploads\/2025\/10\/commercial-lobby-furniture-details-4.webp 750w, https:\/\/www.youmushiguang.com\/wp-content\/uploads\/2025\/10\/commercial-lobby-furniture-details-4-82x300.webp 82w, https:\/\/www.youmushiguang.com\/wp-content\/uploads\/2025\/10\/commercial-lobby-furniture-details-4-600x2193.webp 600w\" sizes=\"(max-width: 750px) 100vw, 750px\" \/><\/figure>\n<\/div>\n\n\n\n<div class=\"wp-block-column is-layout-flow wp-block-column-is-layout-flow\" style=\"flex-basis:25%\"><\/div>\n<\/div>","protected":false},"excerpt":{"rendered":"<p>Kommerzielle Lobby-M\u00f6bel im Gro\u00dfhandel. Aus hochwertigem Holz gefertigt und mit weichem Nappaleder umh\u00fcllt, verbindet dieses moderne, minimalistische Lobby-M\u00f6belset Haltbarkeit, Komfort und Eleganz. Es eignet sich ideal f\u00fcr Lounges, Caf\u00e9s oder Empfangsbereiche und schafft eine warme und doch raffinierte Atmosph\u00e4re. Kontaktieren Sie uns f\u00fcr ein Angebot.<\/p>\n<h2>Spezifikationen f\u00fcr kommerzielle Lobby-M\u00f6bel<\/h2>\n<table style=\"border-collapse: collapse; width: 698px; height: 395px;\" border=\"0\" width=\"751\" cellspacing=\"0\" cellpadding=\"0\">\n<tbody>\n<tr style=\"height: 14.40pt;\">\n<td class=\"et2\" style=\"height: 14.40pt; width: 96.55pt;\" width=\"160\" height=\"24\">Modell<\/td>\n<td class=\"et3\" style=\"width: 354.40pt;\" width=\"590\">1246<\/td>\n<\/tr>\n<tr style=\"height: 14.40pt;\">\n<td class=\"et2\" style=\"height: 14.40pt; width: 96.55pt;\" width=\"160\" height=\"24\">Kategorie<\/td>\n<td class=\"et3\" style=\"width: 354.40pt;\" width=\"590\">Lobby-M\u00f6bel<\/td>\n<\/tr>\n<tr style=\"height: 14.40pt;\">\n<td class=\"et2\" style=\"height: 14.40pt; width: 96.55pt;\" width=\"160\" height=\"24\">Produktname<\/td>\n<td class=\"et3\" style=\"width: 354.40pt;\" width=\"590\">Verhandlungsm\u00f6bel f\u00fcr die Hotellobby<\/td>\n<\/tr>\n<tr style=\"height: 28.80pt;\">\n<td class=\"et2\" style=\"height: 28.80pt; width: 96.55pt;\" width=\"160\" height=\"48\">Anpassungsoptionen<\/td>\n<td class=\"et3\" style=\"width: 354.40pt;\" width=\"590\">Stil\/Farbe\/Gr\u00f6\u00dfe\/Material<\/td>\n<\/tr>\n<tr style=\"height: 28.80pt;\">\n<td class=\"et2\" style=\"height: 28.80pt; width: 96.55pt;\" width=\"160\" height=\"48\">Tabelle<\/td>\n<td class=\"et3\" style=\"width: 354.40pt;\" width=\"590\">Hochharte gesinterte Stein-\/Felsplatte + Hochwertiger schmiedeeiserner Sockel<\/td>\n<\/tr>\n<tr style=\"height: 14.40pt;\">\n<td class=\"et2\" style=\"height: 14.40pt; width: 96.55pt;\" width=\"160\" height=\"24\">Stuhl<\/td>\n<td>Gestell aus Schmiedeeisen + Nappaleder + hochdichter Schaumstoff\/Schwamm<\/td>\n<\/tr>\n<tr style=\"height: 43.20pt;\">\n<td class=\"et2\" style=\"height: 43.20pt; width: 96.55pt;\" width=\"160\" height=\"72\">Sofa<\/td>\n<td class=\"et3\" style=\"width: 354.40pt;\" width=\"590\">Mehrschichtiger Massivholzrahmen + Umweltfreundliche Nappaleder-Polsterung\/-Umh\u00fcllung + Hochdichter elastischer Schaumstoff\/Schwamm<\/td>\n<\/tr>\n<tr style=\"height: 28.80pt;\">\n<td class=\"et2\" style=\"height: 28.80pt; width: 96.55pt;\" width=\"160\" height=\"48\">Anwendung Szene<\/td>\n<td class=\"et3\" style=\"width: 354.40pt;\" width=\"590\">Hotellobby\/Empfangsraum\/4S-Laden\/Empfangsbereich\/Verkaufsb\u00fcro Lounge-Bereich<\/td>\n<\/tr>\n<tr style=\"height: 14.40pt;\">\n<td class=\"et2\" style=\"height: 14.40pt; width: 96.55pt;\" width=\"160\" height=\"24\">Farbe<\/td>\n<td class=\"et3\" style=\"width: 354.40pt;\" width=\"590\">Off-white + orange (anpassbar)<\/td>\n<\/tr>\n<tr style=\"height: 14.40pt;\">\n<td class=\"et2\" style=\"height: 14.40pt; width: 96.55pt;\" width=\"160\" height=\"24\">Material<\/td>\n<td class=\"et3\" style=\"width: 354.40pt;\" width=\"590\">Sperrholz\/Steinplatte\/Metall\/Leder\/Schwamm<\/td>\n<\/tr>\n<tr style=\"height: 14.40pt;\">\n<td class=\"et2\" style=\"height: 14.40pt; width: 96.55pt;\" width=\"160\" height=\"24\">Stil<\/td>\n<td class=\"et3\" style=\"width: 354.40pt;\" width=\"590\">Zeitgen\u00f6ssischer einfacher Stil<\/td>\n<\/tr>\n<\/tbody>\n<\/table>\n<p><script src=\"chrome-extension:\/\/fpelahbljekknahkcaegamhcndkfpfnc\/iFrame.js\" type=\"text\/javascript\"><\/script><\/p>\n<p><script src=\"chrome-extension:\/\/fpelahbljekknahkcaegamhcndkfpfnc\/iFrame.js\" type=\"text\/javascript\"><\/script><\/p>\n<p>\n<script src=\"chrome-extension:\/\/fpelahbljekknahkcaegamhcndkfpfnc\/iFrame.js\" type=\"text\/javascript\"><\/script><\/p>","protected":false},"featured_media":624,"comment_status":"closed","ping_status":"closed","template":"","meta":{"_acf_changed":true},"product_brand":[],"product_cat":[23],"product_tag":[],"class_list":{"0":"post-622","1":"product","2":"type-product","3":"status-publish","4":"has-post-thumbnail","6":"product_cat-wholesale-lobby-furniture","8":"first","9":"instock","10":"shipping-taxable","11":"product-type-simple"},"acf":[],"_links":{"self":[{"href":"https:\/\/www.youmushiguang.com\/de\/wp-json\/wp\/v2\/product\/622","targetHints":{"allow":["GET"]}}],"collection":[{"href":"https:\/\/www.youmushiguang.com\/de\/wp-json\/wp\/v2\/product"}],"about":[{"href":"https:\/\/www.youmushiguang.com\/de\/wp-json\/wp\/v2\/types\/product"}],"replies":[{"embeddable":true,"href":"https:\/\/www.youmushiguang.com\/de\/wp-json\/wp\/v2\/comments?post=622"}],"wp:featuredmedia":[{"embeddable":true,"href":"https:\/\/www.youmushiguang.com\/de\/wp-json\/wp\/v2\/media\/624"}],"wp:attachment":[{"href":"https:\/\/www.youmushiguang.com\/de\/wp-json\/wp\/v2\/media?parent=622"}],"wp:term":[{"taxonomy":"product_brand","embeddable":true,"href":"https:\/\/www.youmushiguang.com\/de\/wp-json\/wp\/v2\/product_brand?post=622"},{"taxonomy":"product_cat","embeddable":true,"href":"https:\/\/www.youmushiguang.com\/de\/wp-json\/wp\/v2\/product_cat?post=622"},{"taxonomy":"product_tag","embeddable":true,"href":"https:\/\/www.youmushiguang.com\/de\/wp-json\/wp\/v2\/product_tag?post=622"}],"curies":[{"name":"wp","href":"https:\/\/api.w.org\/{rel}","templated":true}]}}