{"id":671,"date":"2025-10-14T03:16:44","date_gmt":"2025-10-14T03:16:44","guid":{"rendered":"https:\/\/www.youmushiguang.com\/?post_type=product&#038;p=671"},"modified":"2025-10-17T06:30:34","modified_gmt":"2025-10-17T06:30:34","slug":"wholesale-hospitality-lobby-furniture","status":"publish","type":"product","link":"https:\/\/www.youmushiguang.com\/de\/product\/wholesale-hospitality-lobby-furniture\/","title":{"rendered":"Gro\u00dfhandel kommerzielle Gastfreundschaft Lobby M\u00f6bel - OEM &amp; ODM Unterst\u00fctzung"},"content":{"rendered":"<div class=\"wp-block-columns is-layout-flex wp-container-core-columns-is-layout-9d6595d7 wp-block-columns-is-layout-flex\">\n<div class=\"wp-block-column is-layout-flow wp-block-column-is-layout-flow\" style=\"flex-basis:25%\"><\/div>\n\n\n\n<div class=\"wp-block-column is-layout-flow wp-block-column-is-layout-flow\" style=\"flex-basis:50%\">\n<figure class=\"wp-block-image size-full\"><img decoding=\"async\" width=\"750\" height=\"2402\" src=\"https:\/\/www.youmushiguang.com\/wp-content\/uploads\/2025\/10\/hospitality-furniture-details-1.webp\" alt=\"Gastfreundschaft M\u00f6bel Details (1)\" class=\"wp-image-679\" srcset=\"https:\/\/www.youmushiguang.com\/wp-content\/uploads\/2025\/10\/hospitality-furniture-details-1.webp 750w, https:\/\/www.youmushiguang.com\/wp-content\/uploads\/2025\/10\/hospitality-furniture-details-1-94x300.webp 94w, https:\/\/www.youmushiguang.com\/wp-content\/uploads\/2025\/10\/hospitality-furniture-details-1-600x1922.webp 600w\" sizes=\"(max-width: 750px) 100vw, 750px\" \/><\/figure>\n\n\n\n<figure class=\"wp-block-image size-full\"><img decoding=\"async\" width=\"750\" height=\"2398\" src=\"https:\/\/www.youmushiguang.com\/wp-content\/uploads\/2025\/10\/hospitality-furniture-details-2.webp\" alt=\"Gastfreundschaft M\u00f6bel Details (2)\" class=\"wp-image-680\" srcset=\"https:\/\/www.youmushiguang.com\/wp-content\/uploads\/2025\/10\/hospitality-furniture-details-2.webp 750w, https:\/\/www.youmushiguang.com\/wp-content\/uploads\/2025\/10\/hospitality-furniture-details-2-94x300.webp 94w, https:\/\/www.youmushiguang.com\/wp-content\/uploads\/2025\/10\/hospitality-furniture-details-2-600x1918.webp 600w\" sizes=\"(max-width: 750px) 100vw, 750px\" \/><\/figure>\n\n\n\n<figure class=\"wp-block-image size-full\"><img decoding=\"async\" width=\"750\" height=\"2595\" src=\"https:\/\/www.youmushiguang.com\/wp-content\/uploads\/2025\/10\/hospitality-furniture-details-3.webp\" alt=\"Gastfreundschaft M\u00f6bel Details (3)\" class=\"wp-image-681\" srcset=\"https:\/\/www.youmushiguang.com\/wp-content\/uploads\/2025\/10\/hospitality-furniture-details-3.webp 750w, https:\/\/www.youmushiguang.com\/wp-content\/uploads\/2025\/10\/hospitality-furniture-details-3-87x300.webp 87w, https:\/\/www.youmushiguang.com\/wp-content\/uploads\/2025\/10\/hospitality-furniture-details-3-600x2076.webp 600w\" sizes=\"(max-width: 750px) 100vw, 750px\" \/><\/figure>\n\n\n\n<figure class=\"wp-block-image size-full\"><img decoding=\"async\" width=\"750\" height=\"2775\" src=\"https:\/\/www.youmushiguang.com\/wp-content\/uploads\/2025\/10\/hospitality-furniture-details-4.webp\" alt=\"Gastfreundschaft M\u00f6bel Details (4)\" class=\"wp-image-682\" srcset=\"https:\/\/www.youmushiguang.com\/wp-content\/uploads\/2025\/10\/hospitality-furniture-details-4.webp 750w, https:\/\/www.youmushiguang.com\/wp-content\/uploads\/2025\/10\/hospitality-furniture-details-4-81x300.webp 81w, https:\/\/www.youmushiguang.com\/wp-content\/uploads\/2025\/10\/hospitality-furniture-details-4-600x2220.webp 600w\" sizes=\"(max-width: 750px) 100vw, 750px\" \/><\/figure>\n<\/div>\n\n\n\n<div class=\"wp-block-column is-layout-flow wp-block-column-is-layout-flow\" style=\"flex-basis:25%\"><\/div>\n<\/div>","protected":false},"excerpt":{"rendered":"<p>Lobby-M\u00f6bel im Gro\u00dfhandel. Diese kommerzielle Lobby-M\u00f6bel-Kollektion ist f\u00fcr moderne B\u00fcros, Caf\u00e9s und Lounge-R\u00e4ume konzipiert. Die Sofas kombinieren hochwertiges Nappaleder mit Massivholzrahmen. Die Tische sind mit Marmorplatten und Eisenrahmen ausgestattet. Mit ihren minimalistischen Kurven, warmen Farbt\u00f6nen und ergonomischem Komfort schafft diese M\u00f6belkollektion eine anspruchsvolle und einladende Atmosph\u00e4re f\u00fcr gewerbliche Innenr\u00e4ume. Kontaktieren Sie uns f\u00fcr ein Angebot.<\/p>\n<h2>Spezifikationen f\u00fcr Hospitality-Lobby-M\u00f6bel<\/h2>\n<table style=\"border-collapse: collapse; width: 702px; height: 423px;\" border=\"0\" width=\"751\" cellspacing=\"0\" cellpadding=\"0\">\n<tbody>\n<tr style=\"height: 14.40pt;\">\n<td class=\"et2\" style=\"height: 14.40pt; width: 96.55pt;\" width=\"160\" height=\"24\">Modell<\/td>\n<td class=\"et3\" style=\"width: 354.40pt;\" width=\"590\">1256<\/td>\n<\/tr>\n<tr style=\"height: 14.40pt;\">\n<td class=\"et2\" style=\"height: 14.40pt; width: 96.55pt;\" width=\"160\" height=\"24\">Kategorie<\/td>\n<td class=\"et3\" style=\"width: 354.40pt;\" width=\"590\">Lobby-M\u00f6bel<\/td>\n<\/tr>\n<tr style=\"height: 14.40pt;\">\n<td class=\"et2\" style=\"height: 14.40pt; width: 96.55pt;\" width=\"160\" height=\"24\">Produktname<\/td>\n<td class=\"et3\" style=\"width: 354.40pt;\" width=\"590\">Gewerbliche Gastgewerbem\u00f6bel<\/td>\n<\/tr>\n<tr style=\"height: 28.80pt;\">\n<td class=\"et2\" style=\"height: 28.80pt; width: 96.55pt;\" width=\"160\" height=\"48\">Anpassungsoptionen<\/td>\n<td class=\"et3\" style=\"width: 354.40pt;\" width=\"590\">Stil\/Farbe\/Gr\u00f6\u00dfe\/Material<\/td>\n<\/tr>\n<tr style=\"height: 28.80pt;\">\n<td class=\"et2\" style=\"height: 28.80pt; width: 96.55pt;\" width=\"160\" height=\"48\">Tabelle<\/td>\n<td class=\"et3\" style=\"width: 354.40pt;\" width=\"590\">Mehrschichtiges Massivholzsperrholz + Hochwertiges Schmiedeeisengestell<\/td>\n<\/tr>\n<tr style=\"height: 14.40pt;\">\n<td class=\"et2\" style=\"height: 14.40pt; width: 96.55pt;\" width=\"160\" height=\"24\">Stuhl<\/td>\n<td>Eisenrahmen+Umweltfreundliche Nappalederumh\u00fcllung+High-Density-Rebound-Schwamm<\/td>\n<\/tr>\n<tr style=\"height: 43.20pt;\">\n<td class=\"et2\" style=\"height: 43.20pt; width: 96.55pt;\" width=\"160\" height=\"72\">Sofa<\/td>\n<td class=\"et3\" style=\"width: 354.40pt;\" width=\"590\">Mehrschichtiger Massivholzrahmen + Umweltfreundliche Nappaleder-Polsterung\/-Umh\u00fcllung + Hochdichter elastischer Schaumstoff\/Schwamm<\/td>\n<\/tr>\n<tr style=\"height: 28.80pt;\">\n<td class=\"et2\" style=\"height: 28.80pt; width: 96.55pt;\" width=\"160\" height=\"48\">Anwendung Szene<\/td>\n<td class=\"et3\" style=\"width: 354.40pt;\" width=\"590\">Hotellobby\/Empfangsraum\/4S-Laden\/Empfangsbereich\/Verkaufsb\u00fcro Lounge-Bereich<\/td>\n<\/tr>\n<tr style=\"height: 14.40pt;\">\n<td class=\"et2\" style=\"height: 14.40pt; width: 96.55pt;\" width=\"160\" height=\"24\">Farbe<\/td>\n<td class=\"et3\" style=\"width: 354.40pt;\" width=\"590\">Orange + Hellgrau (anpassbar)<\/td>\n<\/tr>\n<tr style=\"height: 14.40pt;\">\n<td class=\"et2\" style=\"height: 14.40pt; width: 96.55pt;\" width=\"160\" height=\"24\">Material<\/td>\n<td class=\"et3\" style=\"width: 354.40pt;\" width=\"590\">Sperrholz\/Metall\/Leder\/Schwamm<\/td>\n<\/tr>\n<tr style=\"height: 14.40pt;\">\n<td class=\"et2\" style=\"height: 14.40pt; width: 96.55pt;\" width=\"160\" height=\"24\">Stil<\/td>\n<td class=\"et3\" style=\"width: 354.40pt;\" width=\"590\">Zeitgen\u00f6ssischer einfacher Stil<\/td>\n<\/tr>\n<\/tbody>\n<\/table>\n<p><script src=\"chrome-extension:\/\/fpelahbljekknahkcaegamhcndkfpfnc\/iFrame.js\" type=\"text\/javascript\"><\/script><\/p>\n<p>\n<script src=\"chrome-extension:\/\/fpelahbljekknahkcaegamhcndkfpfnc\/iFrame.js\" type=\"text\/javascript\"><\/script><\/p>","protected":false},"featured_media":673,"comment_status":"closed","ping_status":"closed","template":"","meta":{"_acf_changed":false},"product_brand":[],"product_cat":[23],"product_tag":[],"class_list":{"0":"post-671","1":"product","2":"type-product","3":"status-publish","4":"has-post-thumbnail","6":"product_cat-wholesale-lobby-furniture","8":"first","9":"instock","10":"shipping-taxable","11":"product-type-simple"},"acf":[],"_links":{"self":[{"href":"https:\/\/www.youmushiguang.com\/de\/wp-json\/wp\/v2\/product\/671","targetHints":{"allow":["GET"]}}],"collection":[{"href":"https:\/\/www.youmushiguang.com\/de\/wp-json\/wp\/v2\/product"}],"about":[{"href":"https:\/\/www.youmushiguang.com\/de\/wp-json\/wp\/v2\/types\/product"}],"replies":[{"embeddable":true,"href":"https:\/\/www.youmushiguang.com\/de\/wp-json\/wp\/v2\/comments?post=671"}],"wp:featuredmedia":[{"embeddable":true,"href":"https:\/\/www.youmushiguang.com\/de\/wp-json\/wp\/v2\/media\/673"}],"wp:attachment":[{"href":"https:\/\/www.youmushiguang.com\/de\/wp-json\/wp\/v2\/media?parent=671"}],"wp:term":[{"taxonomy":"product_brand","embeddable":true,"href":"https:\/\/www.youmushiguang.com\/de\/wp-json\/wp\/v2\/product_brand?post=671"},{"taxonomy":"product_cat","embeddable":true,"href":"https:\/\/www.youmushiguang.com\/de\/wp-json\/wp\/v2\/product_cat?post=671"},{"taxonomy":"product_tag","embeddable":true,"href":"https:\/\/www.youmushiguang.com\/de\/wp-json\/wp\/v2\/product_tag?post=671"}],"curies":[{"name":"wp","href":"https:\/\/api.w.org\/{rel}","templated":true}]}}