{"id":713,"date":"2025-10-14T06:46:03","date_gmt":"2025-10-14T06:46:03","guid":{"rendered":"https:\/\/www.youmushiguang.com\/?post_type=product&#038;p=713"},"modified":"2026-01-23T06:20:53","modified_gmt":"2026-01-23T06:20:53","slug":"wholesale-mordern-style-restaurant-furniture","status":"publish","type":"product","link":"https:\/\/www.youmushiguang.com\/de\/product\/wholesale-mordern-style-restaurant-furniture\/","title":{"rendered":"Bulk Restaurant Furniture Supply - Mordern Restaurant St\u00e4nde, Tische und St\u00fchle, f\u00fcr Cafe, Bubble Tea Shops"},"content":{"rendered":"<div class=\"wp-block-columns is-layout-flex wp-container-core-columns-is-layout-9d6595d7 wp-block-columns-is-layout-flex\">\n<div class=\"wp-block-column is-layout-flow wp-block-column-is-layout-flow\" style=\"flex-basis:25%\"><\/div>\n\n\n\n<div class=\"wp-block-column is-layout-flow wp-block-column-is-layout-flow\" style=\"flex-basis:50%\">\n<figure class=\"wp-block-image size-full\"><img decoding=\"async\" width=\"750\" height=\"1832\" src=\"https:\/\/www.youmushiguang.com\/wp-content\/uploads\/2025\/10\/restaurant-booths-and-tables-details1.webp\" alt=\"restaurant booths and tables details(1)\" class=\"wp-image-724\" srcset=\"https:\/\/www.youmushiguang.com\/wp-content\/uploads\/2025\/10\/restaurant-booths-and-tables-details1.webp 750w, https:\/\/www.youmushiguang.com\/wp-content\/uploads\/2025\/10\/restaurant-booths-and-tables-details1-123x300.webp 123w, https:\/\/www.youmushiguang.com\/wp-content\/uploads\/2025\/10\/restaurant-booths-and-tables-details1-600x1466.webp 600w\" sizes=\"(max-width: 750px) 100vw, 750px\" \/><\/figure>\n\n\n\n<figure class=\"wp-block-image size-full\"><img decoding=\"async\" width=\"750\" height=\"1979\" src=\"https:\/\/www.youmushiguang.com\/wp-content\/uploads\/2025\/10\/restaurant-booths-and-tables-details2.webp\" alt=\"restaurant booths and tables details(2)\" class=\"wp-image-725\" srcset=\"https:\/\/www.youmushiguang.com\/wp-content\/uploads\/2025\/10\/restaurant-booths-and-tables-details2.webp 750w, https:\/\/www.youmushiguang.com\/wp-content\/uploads\/2025\/10\/restaurant-booths-and-tables-details2-114x300.webp 114w, https:\/\/www.youmushiguang.com\/wp-content\/uploads\/2025\/10\/restaurant-booths-and-tables-details2-600x1583.webp 600w\" sizes=\"(max-width: 750px) 100vw, 750px\" \/><\/figure>\n\n\n\n<figure class=\"wp-block-image size-full\"><img decoding=\"async\" width=\"750\" height=\"2111\" src=\"https:\/\/www.youmushiguang.com\/wp-content\/uploads\/2025\/10\/restaurant-booths-and-tables-details3.webp\" alt=\"restaurant booths and tables details(3)\" class=\"wp-image-726\" srcset=\"https:\/\/www.youmushiguang.com\/wp-content\/uploads\/2025\/10\/restaurant-booths-and-tables-details3.webp 750w, https:\/\/www.youmushiguang.com\/wp-content\/uploads\/2025\/10\/restaurant-booths-and-tables-details3-107x300.webp 107w, https:\/\/www.youmushiguang.com\/wp-content\/uploads\/2025\/10\/restaurant-booths-and-tables-details3-600x1689.webp 600w\" sizes=\"(max-width: 750px) 100vw, 750px\" \/><\/figure>\n\n\n\n<figure class=\"wp-block-image size-full\"><img decoding=\"async\" width=\"750\" height=\"1839\" src=\"https:\/\/www.youmushiguang.com\/wp-content\/uploads\/2025\/10\/restaurant-booths-and-tables-details4.webp\" alt=\"restaurant booths and tables details(4)\" class=\"wp-image-727\" srcset=\"https:\/\/www.youmushiguang.com\/wp-content\/uploads\/2025\/10\/restaurant-booths-and-tables-details4.webp 750w, https:\/\/www.youmushiguang.com\/wp-content\/uploads\/2025\/10\/restaurant-booths-and-tables-details4-122x300.webp 122w, https:\/\/www.youmushiguang.com\/wp-content\/uploads\/2025\/10\/restaurant-booths-and-tables-details4-600x1471.webp 600w\" sizes=\"(max-width: 750px) 100vw, 750px\" \/><\/figure>\n\n\n\n<figure class=\"wp-block-image size-full\"><img decoding=\"async\" width=\"750\" height=\"1941\" src=\"https:\/\/www.youmushiguang.com\/wp-content\/uploads\/2025\/10\/restaurant-booths-and-tables-details5.webp\" alt=\"restaurant booths and tables details(5)\" class=\"wp-image-728\" srcset=\"https:\/\/www.youmushiguang.com\/wp-content\/uploads\/2025\/10\/restaurant-booths-and-tables-details5.webp 750w, https:\/\/www.youmushiguang.com\/wp-content\/uploads\/2025\/10\/restaurant-booths-and-tables-details5-116x300.webp 116w, https:\/\/www.youmushiguang.com\/wp-content\/uploads\/2025\/10\/restaurant-booths-and-tables-details5-600x1553.webp 600w\" sizes=\"(max-width: 750px) 100vw, 750px\" \/><\/figure>\n\n\n\n<figure class=\"wp-block-image size-full\"><img decoding=\"async\" width=\"750\" height=\"1523\" src=\"https:\/\/www.youmushiguang.com\/wp-content\/uploads\/2025\/10\/restaurant-booths-and-tables-details6.webp\" alt=\"restaurant booths and tables details(6)\" class=\"wp-image-729\" srcset=\"https:\/\/www.youmushiguang.com\/wp-content\/uploads\/2025\/10\/restaurant-booths-and-tables-details6.webp 750w, https:\/\/www.youmushiguang.com\/wp-content\/uploads\/2025\/10\/restaurant-booths-and-tables-details6-148x300.webp 148w, https:\/\/www.youmushiguang.com\/wp-content\/uploads\/2025\/10\/restaurant-booths-and-tables-details6-600x1218.webp 600w\" sizes=\"(max-width: 750px) 100vw, 750px\" \/><\/figure>\n<\/div>\n\n\n\n<div class=\"wp-block-column is-layout-flow wp-block-column-is-layout-flow\" style=\"flex-basis:25%\"><\/div>\n<\/div>","protected":false},"excerpt":{"rendered":"<p>Wholesale restaurant booths and tables, chairs. Our restaurant furniture\u00a0blends minimalist aesthetics with durable, eco-friendly craftsmanship. Designed for modern restaurants and caf\u00e9s, it features solid wood and metal structures, customizable options in color, size, and fabric, and a focus on long-term comfort and refined visual harmony.<\/p>\n<h2>Specifications of Restaurant Booths and Tables<\/h2>\n<table style=\"border-collapse: collapse; width: 700px; height: 358px;\" border=\"0\" width=\"751\" cellspacing=\"0\" cellpadding=\"0\">\n<tbody>\n<tr style=\"height: 14.40pt;\">\n<td class=\"et2\" style=\"height: 14.40pt; width: 96.55pt;\" width=\"160\" height=\"24\">Modell<\/td>\n<td class=\"et3\" style=\"width: 354.40pt;\" width=\"590\">482<\/td>\n<\/tr>\n<tr style=\"height: 14.40pt;\">\n<td class=\"et2\" style=\"height: 14.40pt; width: 96.55pt;\" width=\"160\" height=\"24\">Kategorie<\/td>\n<td class=\"et3\" style=\"width: 354.40pt;\" width=\"590\">Restaurant-M\u00f6bel<\/td>\n<\/tr>\n<tr style=\"height: 14.40pt;\">\n<td class=\"et2\" style=\"height: 14.40pt; width: 96.55pt;\" width=\"160\" height=\"24\">Produktname<\/td>\n<td class=\"et3\" style=\"width: 354.40pt;\" width=\"590\">Korean-style restaurant booths and tables<\/td>\n<\/tr>\n<tr style=\"height: 28.80pt;\">\n<td class=\"et2\" style=\"height: 28.80pt; width: 96.55pt;\" width=\"160\" height=\"48\">Anpassungsoptionen<\/td>\n<td class=\"et3\" style=\"width: 354.40pt;\" width=\"590\">Stil\/Farbe\/Gr\u00f6\u00dfe\/Material<\/td>\n<\/tr>\n<tr style=\"height: 14.40pt;\">\n<td class=\"et2\" style=\"height: 14.40pt; width: 96.55pt;\" width=\"160\" height=\"24\">Tabelle<\/td>\n<td class=\"et3\" style=\"width: 354.40pt;\" width=\"590\">Tischplatte aus Massivholz und Beine aus hochwertiger Aluminiumlegierung<\/td>\n<\/tr>\n<tr style=\"height: 14.40pt;\">\n<td class=\"et2\" style=\"height: 14.40pt; width: 96.55pt;\" width=\"160\" height=\"24\">Stuhl<\/td>\n<td>Stabiler Eisenrahmen + gebogene Platte + umweltfreundlicher Nappaleder\u00fcberzug + hochdichter R\u00fcckprallschwamm<\/td>\n<\/tr>\n<tr style=\"height: 28.80pt;\">\n<td class=\"et2\" style=\"height: 28.80pt; width: 96.55pt;\" width=\"160\" height=\"48\">Sofa<\/td>\n<td class=\"et3\" style=\"width: 354.40pt;\" width=\"590\">Umweltfreundliches Nappaleder + hochdichter Schwamm + Massivholz-Mehrschichtplatte mit Furnierrahmen<\/td>\n<\/tr>\n<tr style=\"height: 28.80pt;\">\n<td class=\"et2\" style=\"height: 28.80pt; width: 96.55pt;\" width=\"160\" height=\"48\">Anwendung Szene<\/td>\n<td class=\"et3\" style=\"width: 354.40pt;\" width=\"590\">Restaurant\/Gastst\u00e4tte\/Snackshop\/Kaffeehaus\/Blumentee-Shop<\/td>\n<\/tr>\n<tr style=\"height: 14.40pt;\">\n<td class=\"et2\" style=\"height: 14.40pt; width: 96.55pt;\" width=\"160\" height=\"24\">Farbe<\/td>\n<td class=\"et3\" style=\"width: 354.40pt;\" width=\"590\">Walnussfarbenes Holz\/ cremefarbenes Leder (anpassbar)<\/td>\n<\/tr>\n<tr style=\"height: 14.40pt;\">\n<td class=\"et2\" style=\"height: 14.40pt; width: 96.55pt;\" width=\"160\" height=\"24\">Material<\/td>\n<td class=\"et3\" style=\"width: 354.40pt;\" width=\"590\">Sperrholz\/Metall\/Leder\/Schwamm<\/td>\n<\/tr>\n<tr style=\"height: 14.40pt;\">\n<td class=\"et2\" style=\"height: 14.40pt; width: 96.55pt;\" width=\"160\" height=\"24\">Stil<\/td>\n<td class=\"et3\" style=\"width: 354.40pt;\" width=\"590\">Koreanischer Stil<\/td>\n<\/tr>\n<\/tbody>\n<\/table>\n<p>&nbsp;<\/p>\n<p>\n<script src=\"chrome-extension:\/\/fpelahbljekknahkcaegamhcndkfpfnc\/iFrame.js\" type=\"text\/javascript\"><\/script><\/p>","protected":false},"featured_media":722,"comment_status":"closed","ping_status":"closed","template":"","meta":{"_acf_changed":true},"product_brand":[],"product_cat":[24,36,42,46,20],"product_tag":[],"class_list":{"0":"post-713","1":"product","2":"type-product","3":"status-publish","4":"has-post-thumbnail","6":"product_cat-wholesale-restaurant-furniture","7":"product_cat-wholesale-coffee-shop-restaurant-furniture","8":"product_cat-wholesale-dessert-shop-furniture","9":"product_cat-modern-restaurant-furniture","10":"product_cat-wholesale-cafe-furniture","12":"first","13":"instock","14":"shipping-taxable","15":"product-type-simple"},"acf":[],"_links":{"self":[{"href":"https:\/\/www.youmushiguang.com\/de\/wp-json\/wp\/v2\/product\/713","targetHints":{"allow":["GET"]}}],"collection":[{"href":"https:\/\/www.youmushiguang.com\/de\/wp-json\/wp\/v2\/product"}],"about":[{"href":"https:\/\/www.youmushiguang.com\/de\/wp-json\/wp\/v2\/types\/product"}],"replies":[{"embeddable":true,"href":"https:\/\/www.youmushiguang.com\/de\/wp-json\/wp\/v2\/comments?post=713"}],"wp:featuredmedia":[{"embeddable":true,"href":"https:\/\/www.youmushiguang.com\/de\/wp-json\/wp\/v2\/media\/722"}],"wp:attachment":[{"href":"https:\/\/www.youmushiguang.com\/de\/wp-json\/wp\/v2\/media?parent=713"}],"wp:term":[{"taxonomy":"product_brand","embeddable":true,"href":"https:\/\/www.youmushiguang.com\/de\/wp-json\/wp\/v2\/product_brand?post=713"},{"taxonomy":"product_cat","embeddable":true,"href":"https:\/\/www.youmushiguang.com\/de\/wp-json\/wp\/v2\/product_cat?post=713"},{"taxonomy":"product_tag","embeddable":true,"href":"https:\/\/www.youmushiguang.com\/de\/wp-json\/wp\/v2\/product_tag?post=713"}],"curies":[{"name":"wp","href":"https:\/\/api.w.org\/{rel}","templated":true}]}}