{"id":754,"date":"2025-10-14T08:15:29","date_gmt":"2025-10-14T08:15:29","guid":{"rendered":"https:\/\/www.youmushiguang.com\/?post_type=product&#038;p=754"},"modified":"2026-04-22T07:58:50","modified_gmt":"2026-04-22T07:58:50","slug":"wholesale-restaurant-booth-sofa","status":"publish","type":"product","link":"https:\/\/www.youmushiguang.com\/de\/product\/wholesale-restaurant-booth-sofa\/","title":{"rendered":"Gro\u00dfhandel Restaurant M\u00f6bel im s\u00fcdostasiatischen Stil - mit St\u00e4nden, Tischen und St\u00fchlen"},"content":{"rendered":"<div class=\"wp-block-columns is-layout-flex wp-container-core-columns-is-layout-9d6595d7 wp-block-columns-is-layout-flex\">\n<div class=\"wp-block-column is-layout-flow wp-block-column-is-layout-flow\" style=\"flex-basis:25%\"><\/div>\n\n\n\n<div class=\"wp-block-column is-layout-flow wp-block-column-is-layout-flow\" style=\"flex-basis:50%\">\n<figure class=\"wp-block-image size-full\"><img decoding=\"async\" width=\"790\" height=\"376\" src=\"https:\/\/www.youmushiguang.com\/wp-content\/uploads\/2025\/10\/restaurant-booth-sofa-details1.webp\" alt=\"Restaurant Standsofa Details(1)\" class=\"wp-image-760\" srcset=\"https:\/\/www.youmushiguang.com\/wp-content\/uploads\/2025\/10\/restaurant-booth-sofa-details1.webp 790w, https:\/\/www.youmushiguang.com\/wp-content\/uploads\/2025\/10\/restaurant-booth-sofa-details1-300x143.webp 300w, https:\/\/www.youmushiguang.com\/wp-content\/uploads\/2025\/10\/restaurant-booth-sofa-details1-768x366.webp 768w, https:\/\/www.youmushiguang.com\/wp-content\/uploads\/2025\/10\/restaurant-booth-sofa-details1-600x286.webp 600w\" sizes=\"(max-width: 790px) 100vw, 790px\" \/><\/figure>\n\n\n\n<figure class=\"wp-block-image size-full\"><img decoding=\"async\" width=\"790\" height=\"1090\" src=\"https:\/\/www.youmushiguang.com\/wp-content\/uploads\/2025\/10\/restaurant-booth-sofa-details2.webp\" alt=\"Restaurant Standsofa Details(2)\" class=\"wp-image-761\" srcset=\"https:\/\/www.youmushiguang.com\/wp-content\/uploads\/2025\/10\/restaurant-booth-sofa-details2.webp 790w, https:\/\/www.youmushiguang.com\/wp-content\/uploads\/2025\/10\/restaurant-booth-sofa-details2-217x300.webp 217w, https:\/\/www.youmushiguang.com\/wp-content\/uploads\/2025\/10\/restaurant-booth-sofa-details2-768x1060.webp 768w, https:\/\/www.youmushiguang.com\/wp-content\/uploads\/2025\/10\/restaurant-booth-sofa-details2-600x828.webp 600w\" sizes=\"(max-width: 790px) 100vw, 790px\" \/><\/figure>\n\n\n\n<figure class=\"wp-block-image size-full\"><img decoding=\"async\" width=\"790\" height=\"1641\" src=\"https:\/\/www.youmushiguang.com\/wp-content\/uploads\/2025\/10\/restaurant-booth-sofa-details3.webp\" alt=\"Restaurant Standsofa Details(3)\" class=\"wp-image-762\" srcset=\"https:\/\/www.youmushiguang.com\/wp-content\/uploads\/2025\/10\/restaurant-booth-sofa-details3.webp 790w, https:\/\/www.youmushiguang.com\/wp-content\/uploads\/2025\/10\/restaurant-booth-sofa-details3-144x300.webp 144w, https:\/\/www.youmushiguang.com\/wp-content\/uploads\/2025\/10\/restaurant-booth-sofa-details3-768x1595.webp 768w, https:\/\/www.youmushiguang.com\/wp-content\/uploads\/2025\/10\/restaurant-booth-sofa-details3-600x1246.webp 600w\" sizes=\"(max-width: 790px) 100vw, 790px\" \/><\/figure>\n\n\n\n<figure class=\"wp-block-image size-full\"><img decoding=\"async\" width=\"790\" height=\"1033\" src=\"https:\/\/www.youmushiguang.com\/wp-content\/uploads\/2025\/10\/restaurant-booth-sofa-details4.webp\" alt=\"Restaurant Standsofa Details(4)\" class=\"wp-image-763\" srcset=\"https:\/\/www.youmushiguang.com\/wp-content\/uploads\/2025\/10\/restaurant-booth-sofa-details4.webp 790w, https:\/\/www.youmushiguang.com\/wp-content\/uploads\/2025\/10\/restaurant-booth-sofa-details4-229x300.webp 229w, https:\/\/www.youmushiguang.com\/wp-content\/uploads\/2025\/10\/restaurant-booth-sofa-details4-768x1004.webp 768w, https:\/\/www.youmushiguang.com\/wp-content\/uploads\/2025\/10\/restaurant-booth-sofa-details4-600x785.webp 600w\" sizes=\"(max-width: 790px) 100vw, 790px\" \/><\/figure>\n\n\n\n<figure class=\"wp-block-image size-full\"><img decoding=\"async\" width=\"790\" height=\"1038\" src=\"https:\/\/www.youmushiguang.com\/wp-content\/uploads\/2025\/10\/restaurant-booth-sofa-details6-1.webp\" alt=\"Restaurant Standsofa Details(6)\" class=\"wp-image-766\" srcset=\"https:\/\/www.youmushiguang.com\/wp-content\/uploads\/2025\/10\/restaurant-booth-sofa-details6-1.webp 790w, https:\/\/www.youmushiguang.com\/wp-content\/uploads\/2025\/10\/restaurant-booth-sofa-details6-1-228x300.webp 228w, https:\/\/www.youmushiguang.com\/wp-content\/uploads\/2025\/10\/restaurant-booth-sofa-details6-1-768x1009.webp 768w, https:\/\/www.youmushiguang.com\/wp-content\/uploads\/2025\/10\/restaurant-booth-sofa-details6-1-600x788.webp 600w\" sizes=\"(max-width: 790px) 100vw, 790px\" \/><\/figure>\n\n\n\n<figure class=\"wp-block-image size-full\"><img decoding=\"async\" width=\"790\" height=\"443\" src=\"https:\/\/www.youmushiguang.com\/wp-content\/uploads\/2025\/10\/restaurant-booth-sofa-details7.webp\" alt=\"Restaurant Standsofa Details(7)\" class=\"wp-image-767\" srcset=\"https:\/\/www.youmushiguang.com\/wp-content\/uploads\/2025\/10\/restaurant-booth-sofa-details7.webp 790w, https:\/\/www.youmushiguang.com\/wp-content\/uploads\/2025\/10\/restaurant-booth-sofa-details7-300x168.webp 300w, https:\/\/www.youmushiguang.com\/wp-content\/uploads\/2025\/10\/restaurant-booth-sofa-details7-768x431.webp 768w, https:\/\/www.youmushiguang.com\/wp-content\/uploads\/2025\/10\/restaurant-booth-sofa-details7-600x336.webp 600w\" sizes=\"(max-width: 790px) 100vw, 790px\" \/><\/figure>\n\n\n\n<figure class=\"wp-block-image size-full\"><img decoding=\"async\" width=\"790\" height=\"1065\" src=\"https:\/\/www.youmushiguang.com\/wp-content\/uploads\/2025\/10\/restaurant-booth-sofa-details8.webp\" alt=\"Restaurant Standsofa Details(8)\" class=\"wp-image-768\" srcset=\"https:\/\/www.youmushiguang.com\/wp-content\/uploads\/2025\/10\/restaurant-booth-sofa-details8.webp 790w, https:\/\/www.youmushiguang.com\/wp-content\/uploads\/2025\/10\/restaurant-booth-sofa-details8-223x300.webp 223w, https:\/\/www.youmushiguang.com\/wp-content\/uploads\/2025\/10\/restaurant-booth-sofa-details8-768x1035.webp 768w, https:\/\/www.youmushiguang.com\/wp-content\/uploads\/2025\/10\/restaurant-booth-sofa-details8-600x809.webp 600w\" sizes=\"(max-width: 790px) 100vw, 790px\" \/><\/figure>\n\n\n\n<figure class=\"wp-block-image size-full\"><img decoding=\"async\" width=\"790\" height=\"394\" src=\"https:\/\/www.youmushiguang.com\/wp-content\/uploads\/2025\/10\/restaurant-booth-sofa-details9.webp\" alt=\"Restaurant Standsofa Details(9)\" class=\"wp-image-769\" srcset=\"https:\/\/www.youmushiguang.com\/wp-content\/uploads\/2025\/10\/restaurant-booth-sofa-details9.webp 790w, https:\/\/www.youmushiguang.com\/wp-content\/uploads\/2025\/10\/restaurant-booth-sofa-details9-300x150.webp 300w, https:\/\/www.youmushiguang.com\/wp-content\/uploads\/2025\/10\/restaurant-booth-sofa-details9-768x383.webp 768w, https:\/\/www.youmushiguang.com\/wp-content\/uploads\/2025\/10\/restaurant-booth-sofa-details9-600x299.webp 600w\" sizes=\"(max-width: 790px) 100vw, 790px\" \/><\/figure>\n\n\n\n<figure class=\"wp-block-image size-full\"><img decoding=\"async\" width=\"790\" height=\"1063\" src=\"https:\/\/www.youmushiguang.com\/wp-content\/uploads\/2025\/10\/restaurant-booth-sofa-details10.webp\" alt=\"Restaurant Standsofa Details(10)\" class=\"wp-image-770\" srcset=\"https:\/\/www.youmushiguang.com\/wp-content\/uploads\/2025\/10\/restaurant-booth-sofa-details10.webp 790w, https:\/\/www.youmushiguang.com\/wp-content\/uploads\/2025\/10\/restaurant-booth-sofa-details10-223x300.webp 223w, https:\/\/www.youmushiguang.com\/wp-content\/uploads\/2025\/10\/restaurant-booth-sofa-details10-768x1033.webp 768w, https:\/\/www.youmushiguang.com\/wp-content\/uploads\/2025\/10\/restaurant-booth-sofa-details10-600x807.webp 600w\" sizes=\"(max-width: 790px) 100vw, 790px\" \/><\/figure>\n<\/div>\n\n\n\n<div class=\"wp-block-column is-layout-flow wp-block-column-is-layout-flow\" style=\"flex-basis:25%\"><\/div>\n<\/div>","protected":false},"excerpt":{"rendered":"<p>Gro\u00dfhandel mit Sofas, Tischen und St\u00fchlen f\u00fcr Restaurants im s\u00fcdostasiatischen Stil. Unsere Restaurantm\u00f6bel zeichnen sich durch originelle Designs, umweltfreundliche Materialien und exquisite Handwerkskunst aus und bieten modernen Komfort. Jedes St\u00fcck ist aus massivem Eschenholz in FAS-Qualit\u00e4t, Nappaleder und handgeflochtenem PE-Rattan gefertigt und verbindet nat\u00fcrliche W\u00e4rme mit modernem, minimalistischem Stil. Restaurants und Ladenketten k\u00f6nnen uns gerne f\u00fcr ein Angebot kontaktieren.<\/p>\n<h2>Spezifikationen f\u00fcr Restaurantm\u00f6bel im s\u00fcdostasiatischen Stil<\/h2>\n<table style=\"height: 420px;\" width=\"700\">\n<tbody>\n<tr>\n<td width=\"160\">Modell<\/td>\n<td width=\"590\">1202<\/td>\n<\/tr>\n<tr>\n<td width=\"160\">Kategorie<\/td>\n<td width=\"590\">Restaurant-M\u00f6bel<\/td>\n<\/tr>\n<tr>\n<td width=\"160\">Produktname<\/td>\n<td width=\"590\">S\u00fcdostasien Restaurant Stand Sofa<\/td>\n<\/tr>\n<tr>\n<td width=\"160\">Anpassungsoptionen<\/td>\n<td width=\"590\">Stil\/Farbe\/Gr\u00f6\u00dfe\/Material<\/td>\n<\/tr>\n<tr>\n<td width=\"160\">Tabelle<\/td>\n<td width=\"590\">Tischplatte aus Massivholz mit Keramikfliesen ummantelt + Rahmen aus verdicktem Stahlblech in hoher Qualit\u00e4t<\/td>\n<\/tr>\n<tr>\n<td width=\"160\">Stuhl<\/td>\n<td width=\"590\">\u00a0Massivholzrahmen+umweltfreundliches PE-Rattan+hautfreundliche Nappalederumh\u00fcllung+Hochverdichteter R\u00fcckprallschwamm<\/td>\n<\/tr>\n<tr>\n<td width=\"160\">Sofa<\/td>\n<td width=\"590\">\u00a0Massivholzrahmen+umweltfreundliches PE-Rattan+hautfreundliche Nappalederumh\u00fcllung+Hochverdichteter R\u00fcckprallschwamm<\/td>\n<\/tr>\n<tr>\n<td width=\"160\">Anwendung Szene<\/td>\n<td width=\"590\">Restaurant\/Themenrestaurant\/Westernrestaurant<\/td>\n<\/tr>\n<tr>\n<td width=\"160\">Farbe<\/td>\n<td width=\"590\">Nussbaumfarbenes Holz\/ Hellgr\u00fcn (anpassbar)<\/td>\n<\/tr>\n<tr>\n<td width=\"160\">Material<\/td>\n<td width=\"590\">Keramische Fliesen\/Hardware\/Leder\/Schwamm\/Rattan-Gewebe<\/td>\n<\/tr>\n<tr>\n<td width=\"160\">Stil<\/td>\n<td width=\"590\">S\u00fcdostasien-Stil<\/td>\n<\/tr>\n<\/tbody>\n<\/table>\n<p><script src=\"chrome-extension:\/\/fpelahbljekknahkcaegamhcndkfpfnc\/iFrame.js\" type=\"text\/javascript\"><\/script><\/p>\n<p>\n<script src=\"chrome-extension:\/\/fpelahbljekknahkcaegamhcndkfpfnc\/iFrame.js\" type=\"text\/javascript\"><\/script><\/p>","protected":false},"featured_media":758,"comment_status":"closed","ping_status":"closed","template":"","meta":{"_acf_changed":true},"product_brand":[],"product_cat":[24,48],"product_tag":[],"class_list":{"0":"post-754","1":"product","2":"type-product","3":"status-publish","4":"has-post-thumbnail","6":"product_cat-wholesale-restaurant-furniture","7":"product_cat-themed-restaurant-furniture","9":"first","10":"instock","11":"shipping-taxable","12":"product-type-simple"},"acf":[],"_links":{"self":[{"href":"https:\/\/www.youmushiguang.com\/de\/wp-json\/wp\/v2\/product\/754","targetHints":{"allow":["GET"]}}],"collection":[{"href":"https:\/\/www.youmushiguang.com\/de\/wp-json\/wp\/v2\/product"}],"about":[{"href":"https:\/\/www.youmushiguang.com\/de\/wp-json\/wp\/v2\/types\/product"}],"replies":[{"embeddable":true,"href":"https:\/\/www.youmushiguang.com\/de\/wp-json\/wp\/v2\/comments?post=754"}],"wp:featuredmedia":[{"embeddable":true,"href":"https:\/\/www.youmushiguang.com\/de\/wp-json\/wp\/v2\/media\/758"}],"wp:attachment":[{"href":"https:\/\/www.youmushiguang.com\/de\/wp-json\/wp\/v2\/media?parent=754"}],"wp:term":[{"taxonomy":"product_brand","embeddable":true,"href":"https:\/\/www.youmushiguang.com\/de\/wp-json\/wp\/v2\/product_brand?post=754"},{"taxonomy":"product_cat","embeddable":true,"href":"https:\/\/www.youmushiguang.com\/de\/wp-json\/wp\/v2\/product_cat?post=754"},{"taxonomy":"product_tag","embeddable":true,"href":"https:\/\/www.youmushiguang.com\/de\/wp-json\/wp\/v2\/product_tag?post=754"}],"curies":[{"name":"wp","href":"https:\/\/api.w.org\/{rel}","templated":true}]}}