{"id":776,"date":"2025-10-16T10:44:47","date_gmt":"2025-10-16T10:44:47","guid":{"rendered":"https:\/\/www.youmushiguang.com\/?post_type=product&#038;p=776"},"modified":"2026-04-22T07:56:57","modified_gmt":"2026-04-22T07:56:57","slug":"wholesale-modern-simplicity-style-restaurant-furniture","status":"publish","type":"product","link":"https:\/\/www.youmushiguang.com\/de\/product\/wholesale-modern-simplicity-style-restaurant-furniture\/","title":{"rendered":"Moderne Einfachheit Stil Restaurant M\u00f6bel Gro\u00dfhandel - Booths, Tische und St\u00fchle"},"content":{"rendered":"<div class=\"wp-block-columns is-layout-flex wp-container-core-columns-is-layout-9d6595d7 wp-block-columns-is-layout-flex\">\n<div class=\"wp-block-column is-layout-flow wp-block-column-is-layout-flow\" style=\"flex-basis:25%\"><\/div>\n\n\n\n<div class=\"wp-block-column is-layout-flow wp-block-column-is-layout-flow\" style=\"flex-basis:50%\">\n<figure class=\"wp-block-image size-full\"><img decoding=\"async\" width=\"790\" height=\"380\" src=\"https:\/\/www.youmushiguang.com\/wp-content\/uploads\/2025\/10\/restaurant-chairs-wholesale-details1.webp\" alt=\"Restaurantst\u00fchle Gro\u00dfhandel Details(1)\" class=\"wp-image-782\" srcset=\"https:\/\/www.youmushiguang.com\/wp-content\/uploads\/2025\/10\/restaurant-chairs-wholesale-details1.webp 790w, https:\/\/www.youmushiguang.com\/wp-content\/uploads\/2025\/10\/restaurant-chairs-wholesale-details1-300x144.webp 300w, https:\/\/www.youmushiguang.com\/wp-content\/uploads\/2025\/10\/restaurant-chairs-wholesale-details1-768x369.webp 768w, https:\/\/www.youmushiguang.com\/wp-content\/uploads\/2025\/10\/restaurant-chairs-wholesale-details1-600x289.webp 600w\" sizes=\"(max-width: 790px) 100vw, 790px\" \/><\/figure>\n\n\n\n<figure class=\"wp-block-image size-full\"><img decoding=\"async\" width=\"790\" height=\"1085\" src=\"https:\/\/www.youmushiguang.com\/wp-content\/uploads\/2025\/10\/restaurant-chairs-wholesale-details2.webp\" alt=\"Restaurantst\u00fchle Gro\u00dfhandel Details(2)\" class=\"wp-image-783\" srcset=\"https:\/\/www.youmushiguang.com\/wp-content\/uploads\/2025\/10\/restaurant-chairs-wholesale-details2.webp 790w, https:\/\/www.youmushiguang.com\/wp-content\/uploads\/2025\/10\/restaurant-chairs-wholesale-details2-218x300.webp 218w, https:\/\/www.youmushiguang.com\/wp-content\/uploads\/2025\/10\/restaurant-chairs-wholesale-details2-768x1055.webp 768w, https:\/\/www.youmushiguang.com\/wp-content\/uploads\/2025\/10\/restaurant-chairs-wholesale-details2-600x824.webp 600w\" sizes=\"(max-width: 790px) 100vw, 790px\" \/><\/figure>\n\n\n\n<figure class=\"wp-block-image size-full\"><img decoding=\"async\" width=\"790\" height=\"1653\" src=\"https:\/\/www.youmushiguang.com\/wp-content\/uploads\/2025\/10\/restaurant-chairs-wholesale-details3.webp\" alt=\"Restaurantst\u00fchle Gro\u00dfhandel Details(3)\" class=\"wp-image-784\" srcset=\"https:\/\/www.youmushiguang.com\/wp-content\/uploads\/2025\/10\/restaurant-chairs-wholesale-details3.webp 790w, https:\/\/www.youmushiguang.com\/wp-content\/uploads\/2025\/10\/restaurant-chairs-wholesale-details3-143x300.webp 143w, https:\/\/www.youmushiguang.com\/wp-content\/uploads\/2025\/10\/restaurant-chairs-wholesale-details3-768x1607.webp 768w, https:\/\/www.youmushiguang.com\/wp-content\/uploads\/2025\/10\/restaurant-chairs-wholesale-details3-600x1255.webp 600w\" sizes=\"(max-width: 790px) 100vw, 790px\" \/><\/figure>\n\n\n\n<figure class=\"wp-block-image size-full\"><img decoding=\"async\" width=\"790\" height=\"1018\" src=\"https:\/\/www.youmushiguang.com\/wp-content\/uploads\/2025\/10\/restaurant-chairs-wholesale-details4.webp\" alt=\"Restaurantst\u00fchle Gro\u00dfhandel Details(4)\" class=\"wp-image-785\" srcset=\"https:\/\/www.youmushiguang.com\/wp-content\/uploads\/2025\/10\/restaurant-chairs-wholesale-details4.webp 790w, https:\/\/www.youmushiguang.com\/wp-content\/uploads\/2025\/10\/restaurant-chairs-wholesale-details4-233x300.webp 233w, https:\/\/www.youmushiguang.com\/wp-content\/uploads\/2025\/10\/restaurant-chairs-wholesale-details4-768x990.webp 768w, https:\/\/www.youmushiguang.com\/wp-content\/uploads\/2025\/10\/restaurant-chairs-wholesale-details4-600x773.webp 600w\" sizes=\"(max-width: 790px) 100vw, 790px\" \/><\/figure>\n\n\n\n<figure class=\"wp-block-image size-full\"><img decoding=\"async\" width=\"790\" height=\"2699\" src=\"https:\/\/www.youmushiguang.com\/wp-content\/uploads\/2025\/10\/restaurant-chairs-wholesale-details5.webp\" alt=\"Restaurantst\u00fchle Gro\u00dfhandel Details(5)\" class=\"wp-image-786\" srcset=\"https:\/\/www.youmushiguang.com\/wp-content\/uploads\/2025\/10\/restaurant-chairs-wholesale-details5.webp 790w, https:\/\/www.youmushiguang.com\/wp-content\/uploads\/2025\/10\/restaurant-chairs-wholesale-details5-88x300.webp 88w, https:\/\/www.youmushiguang.com\/wp-content\/uploads\/2025\/10\/restaurant-chairs-wholesale-details5-768x2624.webp 768w, https:\/\/www.youmushiguang.com\/wp-content\/uploads\/2025\/10\/restaurant-chairs-wholesale-details5-600x2050.webp 600w\" sizes=\"(max-width: 790px) 100vw, 790px\" \/><\/figure>\n\n\n\n<figure class=\"wp-block-image size-full\"><img decoding=\"async\" width=\"790\" height=\"1015\" src=\"https:\/\/www.youmushiguang.com\/wp-content\/uploads\/2025\/10\/restaurant-chairs-wholesale-details6.webp\" alt=\"Restaurantst\u00fchle Gro\u00dfhandel Details(6)\" class=\"wp-image-787\" srcset=\"https:\/\/www.youmushiguang.com\/wp-content\/uploads\/2025\/10\/restaurant-chairs-wholesale-details6.webp 790w, https:\/\/www.youmushiguang.com\/wp-content\/uploads\/2025\/10\/restaurant-chairs-wholesale-details6-233x300.webp 233w, https:\/\/www.youmushiguang.com\/wp-content\/uploads\/2025\/10\/restaurant-chairs-wholesale-details6-768x987.webp 768w, https:\/\/www.youmushiguang.com\/wp-content\/uploads\/2025\/10\/restaurant-chairs-wholesale-details6-600x771.webp 600w\" sizes=\"(max-width: 790px) 100vw, 790px\" \/><\/figure>\n\n\n\n<figure class=\"wp-block-image size-full\"><img decoding=\"async\" width=\"790\" height=\"483\" src=\"https:\/\/www.youmushiguang.com\/wp-content\/uploads\/2025\/10\/restaurant-chairs-wholesale-details7.webp\" alt=\"Restaurantst\u00fchle Gro\u00dfhandel Details(7)\" class=\"wp-image-788\" srcset=\"https:\/\/www.youmushiguang.com\/wp-content\/uploads\/2025\/10\/restaurant-chairs-wholesale-details7.webp 790w, https:\/\/www.youmushiguang.com\/wp-content\/uploads\/2025\/10\/restaurant-chairs-wholesale-details7-300x183.webp 300w, https:\/\/www.youmushiguang.com\/wp-content\/uploads\/2025\/10\/restaurant-chairs-wholesale-details7-768x470.webp 768w, https:\/\/www.youmushiguang.com\/wp-content\/uploads\/2025\/10\/restaurant-chairs-wholesale-details7-600x367.webp 600w\" sizes=\"(max-width: 790px) 100vw, 790px\" \/><\/figure>\n\n\n\n<figure class=\"wp-block-image size-full\"><img decoding=\"async\" width=\"790\" height=\"1013\" src=\"https:\/\/www.youmushiguang.com\/wp-content\/uploads\/2025\/10\/restaurant-chairs-wholesale-details8.webp\" alt=\"Restaurantst\u00fchle Gro\u00dfhandel Details(8)\" class=\"wp-image-789\" srcset=\"https:\/\/www.youmushiguang.com\/wp-content\/uploads\/2025\/10\/restaurant-chairs-wholesale-details8.webp 790w, https:\/\/www.youmushiguang.com\/wp-content\/uploads\/2025\/10\/restaurant-chairs-wholesale-details8-234x300.webp 234w, https:\/\/www.youmushiguang.com\/wp-content\/uploads\/2025\/10\/restaurant-chairs-wholesale-details8-768x985.webp 768w, https:\/\/www.youmushiguang.com\/wp-content\/uploads\/2025\/10\/restaurant-chairs-wholesale-details8-600x769.webp 600w\" sizes=\"(max-width: 790px) 100vw, 790px\" \/><\/figure>\n\n\n\n<figure class=\"wp-block-image size-full\"><img decoding=\"async\" width=\"790\" height=\"390\" src=\"https:\/\/www.youmushiguang.com\/wp-content\/uploads\/2025\/10\/restaurant-chairs-wholesale-details9.webp\" alt=\"Restaurantst\u00fchle Gro\u00dfhandel Details(9)\" class=\"wp-image-790\" srcset=\"https:\/\/www.youmushiguang.com\/wp-content\/uploads\/2025\/10\/restaurant-chairs-wholesale-details9.webp 790w, https:\/\/www.youmushiguang.com\/wp-content\/uploads\/2025\/10\/restaurant-chairs-wholesale-details9-300x148.webp 300w, https:\/\/www.youmushiguang.com\/wp-content\/uploads\/2025\/10\/restaurant-chairs-wholesale-details9-768x379.webp 768w, https:\/\/www.youmushiguang.com\/wp-content\/uploads\/2025\/10\/restaurant-chairs-wholesale-details9-600x296.webp 600w\" sizes=\"(max-width: 790px) 100vw, 790px\" \/><\/figure>\n\n\n\n<figure class=\"wp-block-image size-full\"><img decoding=\"async\" width=\"790\" height=\"1041\" src=\"https:\/\/www.youmushiguang.com\/wp-content\/uploads\/2025\/10\/restaurant-chairs-wholesale-details10.webp\" alt=\"Restaurantst\u00fchle Gro\u00dfhandel Details(10)\" class=\"wp-image-791\" srcset=\"https:\/\/www.youmushiguang.com\/wp-content\/uploads\/2025\/10\/restaurant-chairs-wholesale-details10.webp 790w, https:\/\/www.youmushiguang.com\/wp-content\/uploads\/2025\/10\/restaurant-chairs-wholesale-details10-228x300.webp 228w, https:\/\/www.youmushiguang.com\/wp-content\/uploads\/2025\/10\/restaurant-chairs-wholesale-details10-768x1012.webp 768w, https:\/\/www.youmushiguang.com\/wp-content\/uploads\/2025\/10\/restaurant-chairs-wholesale-details10-600x791.webp 600w\" sizes=\"(max-width: 790px) 100vw, 790px\" \/><\/figure>\n<\/div>\n\n\n\n<div class=\"wp-block-column is-layout-flow wp-block-column-is-layout-flow\" style=\"flex-basis:25%\"><\/div>\n<\/div>","protected":false},"excerpt":{"rendered":"<p>Gro\u00dfhandel Restaurant St\u00fchle, kommerzielle M\u00f6bel. Durch die Kombination von massivem Eschenholz in FAS-Qualit\u00e4t, Nappaleder, Edelstahlgestellen und Tischplatten aus Marmor oder Sinterstein bieten diese Restaurantst\u00fchle eine harmonische Mischung aus Haltbarkeit, Komfort und raffinierter Handwerkskunst. Sie sind wie geschaffen f\u00fcr moderne Restaurants, Caf\u00e9s und Freizeiteinrichtungen. Kontaktieren Sie uns f\u00fcr ein Angebot.<\/p>\n<h2>Spezifikationen f\u00fcr Restaurantm\u00f6bel\u00a0<\/h2>\n<table style=\"height: 430px;\" width=\"701\">\n<tbody>\n<tr>\n<td width=\"160\">Modell<\/td>\n<td width=\"590\">1204<\/td>\n<\/tr>\n<tr>\n<td width=\"160\">Kategorie<\/td>\n<td width=\"590\">Restaurant-M\u00f6bel<\/td>\n<\/tr>\n<tr>\n<td width=\"160\">Produktname<\/td>\n<td width=\"590\">Restaurantst\u00fchle f\u00fcr Cyber-Promis<\/td>\n<\/tr>\n<tr>\n<td width=\"160\">Anpassungsoptionen<\/td>\n<td width=\"590\">Stil\/Farbe\/Gr\u00f6\u00dfe\/Material<\/td>\n<\/tr>\n<tr>\n<td width=\"160\">Tabelle<\/td>\n<td width=\"590\">Tischplatte aus Quarzstein + hochwertiger, verdickter Beschlagrahmen<\/td>\n<\/tr>\n<tr>\n<td width=\"160\">Stuhl<\/td>\n<td width=\"590\">Massivholzrahmen+Hautfreundliche Nappalederumh\u00fcllung+High-Density-Rebound-Schwamm<\/td>\n<\/tr>\n<tr>\n<td width=\"160\">Stand<\/td>\n<td width=\"590\">Mehrschichtiger Massivholzrahmen + hautsympathische Nappalederumh\u00fcllung + hochdichter R\u00fcckprallschwamm+Edelstahlrahmen+Acryl-Trennwand<\/td>\n<\/tr>\n<tr>\n<td width=\"160\">Anwendung Szene<\/td>\n<td width=\"590\">Restaurant\/Themenrestaurant\/Westernrestaurant<\/td>\n<\/tr>\n<tr>\n<td width=\"160\">Farbe<\/td>\n<td width=\"590\">Nussbaumfarbenes Holz\/ Hellgr\u00fcn (anpassbar)<\/td>\n<\/tr>\n<tr>\n<td width=\"160\">Material<\/td>\n<td width=\"590\">Quarzstein\/Hardware\/Leder\/Schwamm<\/td>\n<\/tr>\n<tr>\n<td width=\"160\">Stil<\/td>\n<td width=\"590\">\u00a0Moderner, einfacher Stil<\/td>\n<\/tr>\n<\/tbody>\n<\/table>\n<p><script src=\"chrome-extension:\/\/fpelahbljekknahkcaegamhcndkfpfnc\/iFrame.js\" type=\"text\/javascript\"><\/script><\/p>\n<p>\n<script src=\"chrome-extension:\/\/fpelahbljekknahkcaegamhcndkfpfnc\/iFrame.js\" type=\"text\/javascript\"><\/script><\/p>","protected":false},"featured_media":779,"comment_status":"closed","ping_status":"closed","template":"","meta":{"_acf_changed":false},"product_brand":[],"product_cat":[24,46],"product_tag":[],"class_list":{"0":"post-776","1":"product","2":"type-product","3":"status-publish","4":"has-post-thumbnail","6":"product_cat-wholesale-restaurant-furniture","7":"product_cat-modern-restaurant-furniture","9":"first","10":"instock","11":"shipping-taxable","12":"product-type-simple"},"acf":[],"_links":{"self":[{"href":"https:\/\/www.youmushiguang.com\/de\/wp-json\/wp\/v2\/product\/776","targetHints":{"allow":["GET"]}}],"collection":[{"href":"https:\/\/www.youmushiguang.com\/de\/wp-json\/wp\/v2\/product"}],"about":[{"href":"https:\/\/www.youmushiguang.com\/de\/wp-json\/wp\/v2\/types\/product"}],"replies":[{"embeddable":true,"href":"https:\/\/www.youmushiguang.com\/de\/wp-json\/wp\/v2\/comments?post=776"}],"wp:featuredmedia":[{"embeddable":true,"href":"https:\/\/www.youmushiguang.com\/de\/wp-json\/wp\/v2\/media\/779"}],"wp:attachment":[{"href":"https:\/\/www.youmushiguang.com\/de\/wp-json\/wp\/v2\/media?parent=776"}],"wp:term":[{"taxonomy":"product_brand","embeddable":true,"href":"https:\/\/www.youmushiguang.com\/de\/wp-json\/wp\/v2\/product_brand?post=776"},{"taxonomy":"product_cat","embeddable":true,"href":"https:\/\/www.youmushiguang.com\/de\/wp-json\/wp\/v2\/product_cat?post=776"},{"taxonomy":"product_tag","embeddable":true,"href":"https:\/\/www.youmushiguang.com\/de\/wp-json\/wp\/v2\/product_tag?post=776"}],"curies":[{"name":"wp","href":"https:\/\/api.w.org\/{rel}","templated":true}]}}