{"id":842,"date":"2025-10-14T23:20:53","date_gmt":"2025-10-14T23:20:53","guid":{"rendered":"https:\/\/www.youmushiguang.com\/?post_type=product&#038;p=842"},"modified":"2025-10-17T06:08:49","modified_gmt":"2025-10-17T06:08:49","slug":"wholesale-banquet-hall-furniture","status":"publish","type":"product","link":"https:\/\/www.youmushiguang.com\/de\/product\/wholesale-banquet-hall-furniture\/","title":{"rendered":"Gro\u00dfhandel Bankettsaal M\u00f6bel, drehbare Hotel runden Tisch"},"content":{"rendered":"<div class=\"wp-block-columns is-layout-flex wp-container-core-columns-is-layout-9d6595d7 wp-block-columns-is-layout-flex\">\n<div class=\"wp-block-column is-layout-flow wp-block-column-is-layout-flow\" style=\"flex-basis:25%\"><\/div>\n\n\n\n<div class=\"wp-block-column is-layout-flow wp-block-column-is-layout-flow\" style=\"flex-basis:50%\">\n<figure class=\"wp-block-image size-full\"><img decoding=\"async\" width=\"750\" height=\"2549\" src=\"https:\/\/www.youmushiguang.com\/wp-content\/uploads\/2025\/10\/banquet-hall-furniture-details-1.webp\" alt=\"Bankettsaalm\u00f6bel Details (1)\" class=\"wp-image-848\" srcset=\"https:\/\/www.youmushiguang.com\/wp-content\/uploads\/2025\/10\/banquet-hall-furniture-details-1.webp 750w, https:\/\/www.youmushiguang.com\/wp-content\/uploads\/2025\/10\/banquet-hall-furniture-details-1-88x300.webp 88w, https:\/\/www.youmushiguang.com\/wp-content\/uploads\/2025\/10\/banquet-hall-furniture-details-1-600x2039.webp 600w\" sizes=\"(max-width: 750px) 100vw, 750px\" \/><\/figure>\n\n\n\n<figure class=\"wp-block-image size-full\"><img decoding=\"async\" width=\"750\" height=\"2908\" src=\"https:\/\/www.youmushiguang.com\/wp-content\/uploads\/2025\/10\/banquet-hall-furniture-details-2.webp\" alt=\"Bankettsaalm\u00f6bel Details (2)\" class=\"wp-image-849\" srcset=\"https:\/\/www.youmushiguang.com\/wp-content\/uploads\/2025\/10\/banquet-hall-furniture-details-2.webp 750w, https:\/\/www.youmushiguang.com\/wp-content\/uploads\/2025\/10\/banquet-hall-furniture-details-2-77x300.webp 77w, https:\/\/www.youmushiguang.com\/wp-content\/uploads\/2025\/10\/banquet-hall-furniture-details-2-600x2326.webp 600w\" sizes=\"(max-width: 750px) 100vw, 750px\" \/><\/figure>\n\n\n\n<figure class=\"wp-block-image size-full\"><img decoding=\"async\" width=\"750\" height=\"2644\" src=\"https:\/\/www.youmushiguang.com\/wp-content\/uploads\/2025\/10\/banquet-hall-furniture-details-3.webp\" alt=\"Bankettsaalm\u00f6bel Details (3)\" class=\"wp-image-850\" srcset=\"https:\/\/www.youmushiguang.com\/wp-content\/uploads\/2025\/10\/banquet-hall-furniture-details-3.webp 750w, https:\/\/www.youmushiguang.com\/wp-content\/uploads\/2025\/10\/banquet-hall-furniture-details-3-85x300.webp 85w, https:\/\/www.youmushiguang.com\/wp-content\/uploads\/2025\/10\/banquet-hall-furniture-details-3-600x2115.webp 600w\" sizes=\"(max-width: 750px) 100vw, 750px\" \/><\/figure>\n\n\n\n<figure class=\"wp-block-image size-full\"><img decoding=\"async\" width=\"750\" height=\"1554\" src=\"https:\/\/www.youmushiguang.com\/wp-content\/uploads\/2025\/10\/banquet-hall-furniture-details-4.webp\" alt=\"Bankettsaalm\u00f6bel Details (4)\" class=\"wp-image-851\" srcset=\"https:\/\/www.youmushiguang.com\/wp-content\/uploads\/2025\/10\/banquet-hall-furniture-details-4.webp 750w, https:\/\/www.youmushiguang.com\/wp-content\/uploads\/2025\/10\/banquet-hall-furniture-details-4-145x300.webp 145w, https:\/\/www.youmushiguang.com\/wp-content\/uploads\/2025\/10\/banquet-hall-furniture-details-4-600x1243.webp 600w\" sizes=\"(max-width: 750px) 100vw, 750px\" \/><\/figure>\n<\/div>\n\n\n\n<div class=\"wp-block-column is-layout-flow wp-block-column-is-layout-flow\" style=\"flex-basis:25%\"><\/div>\n<\/div>","protected":false},"excerpt":{"rendered":"<p>Dieses elegante runde Tisch- und Stuhlset ist f\u00fcr Banketts\u00e4le oder gehobene Restaurants konzipiert. Der Tisch verf\u00fcgt \u00fcber eine langlebige, kratzfeste und feuchtigkeitsbest\u00e4ndige Schieferplatte, die von einem stabilen Massivholzrahmen getragen wird. Er verf\u00fcgt au\u00dferdem \u00fcber eine Drehfunktion f\u00fcr bequemes Essen in gro\u00dfen Gruppen. Erh\u00e4ltlich in verschiedenen Durchmessern (von 180 cm bis 300 cm), ist dieses Set f\u00fcr Hotelzimmer unterschiedlicher Gr\u00f6\u00dfe geeignet.<\/p>\n<h2>Spezifikationen des drehbaren runden Hoteltischsets<\/h2>\n<table style=\"border-collapse: collapse; width: 501.02pt;\" border=\"0\" width=\"668\" cellspacing=\"0\" cellpadding=\"0\">\n<tbody>\n<tr style=\"height: 13.50pt;\">\n<td class=\"et2\" style=\"height: 13.50pt; width: 107.25pt;\" width=\"143\" height=\"18\">Modell<\/td>\n<td class=\"et3\" style=\"width: 393.75pt;\" width=\"525\">1365<\/td>\n<\/tr>\n<tr style=\"height: 13.50pt;\">\n<td class=\"et2\" style=\"height: 13.50pt; width: 107.25pt;\" width=\"143\" height=\"18\">Kategorie<\/td>\n<td class=\"et3\" style=\"width: 393.75pt;\" width=\"525\">Hotel elektrischer runder Tisch<\/td>\n<\/tr>\n<tr style=\"height: 13.50pt;\">\n<td class=\"et2\" style=\"height: 13.50pt; width: 107.25pt;\" width=\"143\" height=\"18\">Produktname<\/td>\n<td class=\"et3\" style=\"width: 393.75pt;\" width=\"525\">Gro\u00dfer runder Tisch aus Massivholz mit Steinplatten<\/td>\n<\/tr>\n<tr style=\"height: 27.00pt;\">\n<td class=\"et2\" style=\"height: 27.00pt; width: 107.25pt;\" width=\"143\" height=\"36\">Anpassungsoptionen<\/td>\n<td class=\"et3\" style=\"width: 393.75pt;\" width=\"525\">Stil\/Farbe\/Gr\u00f6\u00dfe\/Material<\/td>\n<\/tr>\n<tr style=\"height: 27.00pt;\">\n<td class=\"et2\" style=\"height: 27.00pt; width: 107.25pt;\" width=\"143\" height=\"36\">Stuhl<\/td>\n<td class=\"et3\" style=\"width: 393.75pt;\" width=\"525\">Stuhlk\u00f6rper aus reinem Massivholz + Metallkupferbezug + umweltfreundlicher Nappalederbezug + hochdichter R\u00fcckprallschwamm<\/td>\n<\/tr>\n<tr style=\"height: 27.00pt;\">\n<td class=\"et2\" style=\"height: 27.00pt; width: 107.25pt;\" width=\"143\" height=\"36\">Tabelle<\/td>\n<td class=\"et3\" style=\"width: 393.75pt;\" width=\"525\">Tischplatte aus Schiefer + Einfassung aus Massivholz + Gestell aus Massivholz + eingebauter elektrischer Plattenteller<\/td>\n<\/tr>\n<tr style=\"height: 27.00pt;\">\n<td class=\"et2\" style=\"height: 27.00pt; width: 107.25pt;\" width=\"143\" height=\"36\">Anwendung Szene<\/td>\n<td class=\"et3\" style=\"width: 393.75pt;\" width=\"525\">Hotels\/Clubs\/gehobene Villen<\/td>\n<\/tr>\n<tr style=\"height: 13.50pt;\">\n<td class=\"et2\" style=\"height: 13.50pt; width: 107.25pt;\" width=\"143\" height=\"18\">Farbe<\/td>\n<td class=\"et3\" style=\"width: 393.75pt;\" width=\"525\">Dunkelbraun\/Dunkelwei\u00df (anpassbar)<\/td>\n<\/tr>\n<tr style=\"height: 13.50pt;\">\n<td class=\"et2\" style=\"height: 13.50pt; width: 107.25pt;\" width=\"143\" height=\"18\">Material<\/td>\n<td class=\"et3\" style=\"width: 393.75pt;\" width=\"525\">Massivholz\/Steinplatte\/Metall\/Leder\/Schwamm<\/td>\n<\/tr>\n<tr style=\"height: 13.50pt;\">\n<td class=\"et2\" style=\"height: 13.50pt; width: 107.25pt;\" width=\"143\" height=\"18\">Stil<\/td>\n<td class=\"et3\" style=\"width: 393.75pt;\" width=\"525\">Neuer chinesischer Stil<\/td>\n<\/tr>\n<\/tbody>\n<\/table>\n<p><script src=\"chrome-extension:\/\/fpelahbljekknahkcaegamhcndkfpfnc\/iFrame.js\" type=\"text\/javascript\"><\/script><\/p>\n<p>\n<script src=\"chrome-extension:\/\/fpelahbljekknahkcaegamhcndkfpfnc\/iFrame.js\" type=\"text\/javascript\"><\/script><\/p>","protected":false},"featured_media":843,"comment_status":"closed","ping_status":"closed","template":"","meta":{"_acf_changed":false},"product_brand":[],"product_cat":[22],"product_tag":[],"class_list":{"0":"post-842","1":"product","2":"type-product","3":"status-publish","4":"has-post-thumbnail","6":"product_cat-hotel-round-table-set","8":"first","9":"instock","10":"shipping-taxable","11":"product-type-simple"},"acf":[],"_links":{"self":[{"href":"https:\/\/www.youmushiguang.com\/de\/wp-json\/wp\/v2\/product\/842","targetHints":{"allow":["GET"]}}],"collection":[{"href":"https:\/\/www.youmushiguang.com\/de\/wp-json\/wp\/v2\/product"}],"about":[{"href":"https:\/\/www.youmushiguang.com\/de\/wp-json\/wp\/v2\/types\/product"}],"replies":[{"embeddable":true,"href":"https:\/\/www.youmushiguang.com\/de\/wp-json\/wp\/v2\/comments?post=842"}],"wp:featuredmedia":[{"embeddable":true,"href":"https:\/\/www.youmushiguang.com\/de\/wp-json\/wp\/v2\/media\/843"}],"wp:attachment":[{"href":"https:\/\/www.youmushiguang.com\/de\/wp-json\/wp\/v2\/media?parent=842"}],"wp:term":[{"taxonomy":"product_brand","embeddable":true,"href":"https:\/\/www.youmushiguang.com\/de\/wp-json\/wp\/v2\/product_brand?post=842"},{"taxonomy":"product_cat","embeddable":true,"href":"https:\/\/www.youmushiguang.com\/de\/wp-json\/wp\/v2\/product_cat?post=842"},{"taxonomy":"product_tag","embeddable":true,"href":"https:\/\/www.youmushiguang.com\/de\/wp-json\/wp\/v2\/product_tag?post=842"}],"curies":[{"name":"wp","href":"https:\/\/api.w.org\/{rel}","templated":true}]}}