{"id":854,"date":"2025-10-16T10:49:51","date_gmt":"2025-10-16T10:49:51","guid":{"rendered":"https:\/\/www.youmushiguang.com\/?post_type=product&#038;p=854"},"modified":"2025-10-17T08:09:28","modified_gmt":"2025-10-17T08:09:28","slug":"tavern-pub-furniture-wholesale","status":"publish","type":"product","link":"https:\/\/www.youmushiguang.com\/de\/product\/tavern-pub-furniture-wholesale\/","title":{"rendered":"Gro\u00dfhandel Tavern Pub M\u00f6bel Set - Ergonomische Sofas, Tische, f\u00fcr Tavernen, Bars, Caf\u00e9s"},"content":{"rendered":"<div class=\"wp-block-columns is-layout-flex wp-container-core-columns-is-layout-9d6595d7 wp-block-columns-is-layout-flex\">\n<div class=\"wp-block-column is-layout-flow wp-block-column-is-layout-flow\" style=\"flex-basis:25%\"><\/div>\n\n\n\n<div class=\"wp-block-column is-layout-flow wp-block-column-is-layout-flow\" style=\"flex-basis:50%\">\n<figure class=\"wp-block-image size-full\"><img decoding=\"async\" width=\"750\" height=\"941\" src=\"https:\/\/www.youmushiguang.com\/wp-content\/uploads\/2025\/10\/wholesale-tavern-pub-furniture-details-1.webp\" alt=\"Gro\u00dfhandel f\u00fcr Kneipenm\u00f6bel Details (1)\" class=\"wp-image-865\" srcset=\"https:\/\/www.youmushiguang.com\/wp-content\/uploads\/2025\/10\/wholesale-tavern-pub-furniture-details-1.webp 750w, https:\/\/www.youmushiguang.com\/wp-content\/uploads\/2025\/10\/wholesale-tavern-pub-furniture-details-1-239x300.webp 239w, https:\/\/www.youmushiguang.com\/wp-content\/uploads\/2025\/10\/wholesale-tavern-pub-furniture-details-1-600x753.webp 600w\" sizes=\"(max-width: 750px) 100vw, 750px\" \/><\/figure>\n\n\n\n<figure class=\"wp-block-image size-full\"><img decoding=\"async\" width=\"750\" height=\"1723\" src=\"https:\/\/www.youmushiguang.com\/wp-content\/uploads\/2025\/10\/wholesale-tavern-pub-furniture-details-2.webp\" alt=\"Gro\u00dfhandel Taverne Pub M\u00f6bel Details (2)\" class=\"wp-image-867\" srcset=\"https:\/\/www.youmushiguang.com\/wp-content\/uploads\/2025\/10\/wholesale-tavern-pub-furniture-details-2.webp 750w, https:\/\/www.youmushiguang.com\/wp-content\/uploads\/2025\/10\/wholesale-tavern-pub-furniture-details-2-131x300.webp 131w, https:\/\/www.youmushiguang.com\/wp-content\/uploads\/2025\/10\/wholesale-tavern-pub-furniture-details-2-600x1378.webp 600w\" sizes=\"(max-width: 750px) 100vw, 750px\" \/><\/figure>\n\n\n\n<figure class=\"wp-block-image size-full\"><img decoding=\"async\" width=\"750\" height=\"1594\" src=\"https:\/\/www.youmushiguang.com\/wp-content\/uploads\/2025\/10\/wholesale-tavern-pub-furniture-details-3.webp\" alt=\"Gro\u00dfhandel f\u00fcr Kneipenm\u00f6bel Details (3)\" class=\"wp-image-868\" srcset=\"https:\/\/www.youmushiguang.com\/wp-content\/uploads\/2025\/10\/wholesale-tavern-pub-furniture-details-3.webp 750w, https:\/\/www.youmushiguang.com\/wp-content\/uploads\/2025\/10\/wholesale-tavern-pub-furniture-details-3-141x300.webp 141w, https:\/\/www.youmushiguang.com\/wp-content\/uploads\/2025\/10\/wholesale-tavern-pub-furniture-details-3-600x1275.webp 600w\" sizes=\"(max-width: 750px) 100vw, 750px\" \/><\/figure>\n\n\n\n<figure class=\"wp-block-image size-full\"><img decoding=\"async\" width=\"750\" height=\"2350\" src=\"https:\/\/www.youmushiguang.com\/wp-content\/uploads\/2025\/10\/wholesale-tavern-pub-furniture-details-4.webp\" alt=\"Gro\u00dfhandel f\u00fcr Kneipenm\u00f6bel Details (4)\" class=\"wp-image-870\" srcset=\"https:\/\/www.youmushiguang.com\/wp-content\/uploads\/2025\/10\/wholesale-tavern-pub-furniture-details-4.webp 750w, https:\/\/www.youmushiguang.com\/wp-content\/uploads\/2025\/10\/wholesale-tavern-pub-furniture-details-4-96x300.webp 96w, https:\/\/www.youmushiguang.com\/wp-content\/uploads\/2025\/10\/wholesale-tavern-pub-furniture-details-4-600x1880.webp 600w\" sizes=\"(max-width: 750px) 100vw, 750px\" \/><\/figure>\n\n\n\n<figure class=\"wp-block-image size-full\"><img decoding=\"async\" width=\"750\" height=\"2214\" src=\"https:\/\/www.youmushiguang.com\/wp-content\/uploads\/2025\/10\/wholesale-tavern-pub-furniture-details-5.webp\" alt=\"Gro\u00dfhandel f\u00fcr Kneipenm\u00f6bel Details (5)\" class=\"wp-image-871\" srcset=\"https:\/\/www.youmushiguang.com\/wp-content\/uploads\/2025\/10\/wholesale-tavern-pub-furniture-details-5.webp 750w, https:\/\/www.youmushiguang.com\/wp-content\/uploads\/2025\/10\/wholesale-tavern-pub-furniture-details-5-102x300.webp 102w, https:\/\/www.youmushiguang.com\/wp-content\/uploads\/2025\/10\/wholesale-tavern-pub-furniture-details-5-600x1771.webp 600w\" sizes=\"(max-width: 750px) 100vw, 750px\" \/><\/figure>\n\n\n\n<figure class=\"wp-block-image size-full\"><img decoding=\"async\" width=\"750\" height=\"1849\" src=\"https:\/\/www.youmushiguang.com\/wp-content\/uploads\/2025\/10\/wholesale-tavern-pub-furniture-details-6.webp\" alt=\"Gro\u00dfhandel f\u00fcr Kneipenm\u00f6bel Details (6)\" class=\"wp-image-872\" srcset=\"https:\/\/www.youmushiguang.com\/wp-content\/uploads\/2025\/10\/wholesale-tavern-pub-furniture-details-6.webp 750w, https:\/\/www.youmushiguang.com\/wp-content\/uploads\/2025\/10\/wholesale-tavern-pub-furniture-details-6-122x300.webp 122w, https:\/\/www.youmushiguang.com\/wp-content\/uploads\/2025\/10\/wholesale-tavern-pub-furniture-details-6-600x1479.webp 600w\" sizes=\"(max-width: 750px) 100vw, 750px\" \/><\/figure>\n\n\n\n<figure class=\"wp-block-image size-full\"><img decoding=\"async\" width=\"750\" height=\"687\" src=\"https:\/\/www.youmushiguang.com\/wp-content\/uploads\/2025\/10\/wholesale-tavern-pub-furniture-details-8.webp\" alt=\"Gro\u00dfhandel f\u00fcr Kneipenm\u00f6bel Details (8)\" class=\"wp-image-874\" srcset=\"https:\/\/www.youmushiguang.com\/wp-content\/uploads\/2025\/10\/wholesale-tavern-pub-furniture-details-8.webp 750w, https:\/\/www.youmushiguang.com\/wp-content\/uploads\/2025\/10\/wholesale-tavern-pub-furniture-details-8-300x275.webp 300w, https:\/\/www.youmushiguang.com\/wp-content\/uploads\/2025\/10\/wholesale-tavern-pub-furniture-details-8-600x550.webp 600w\" sizes=\"(max-width: 750px) 100vw, 750px\" \/><\/figure>\n<\/div>\n\n\n\n<div class=\"wp-block-column is-layout-flow wp-block-column-is-layout-flow\" style=\"flex-basis:25%\"><\/div>\n<\/div>","protected":false},"excerpt":{"rendered":"<p>Gro\u00dfhandel Taverne Pub M\u00f6bel. Diese Kollektion ist in einem eleganten Design mit Leder- und Massivholzm\u00f6beln gehalten. Jedes St\u00fcck ist auf Vielseitigkeit, Komfort und Haltbarkeit ausgelegt - perfekt f\u00fcr Restaurants, Caf\u00e9s, Bars, Hotels und Boutiquen. Mit individuellen Optionen in Bezug auf Farbe, Gr\u00f6\u00dfe, Material und Form spiegelt jedes Design die einzigartige Atmosph\u00e4re Ihrer Marke wider. Kontaktieren Sie uns f\u00fcr ein Angebot!<\/p>\n<h2>Spezifikationen f\u00fcr Kneipenm\u00f6bel<\/h2>\n<table style=\"height: 229px;\" border=\"0\" width=\"700\" cellspacing=\"0\" cellpadding=\"0\">\n<tbody>\n<tr>\n<td class=\"et2\" width=\"160\" height=\"24\">Modell<\/td>\n<td class=\"et3\" width=\"590\">36<\/td>\n<\/tr>\n<tr>\n<td class=\"et2\" width=\"160\" height=\"24\">Kategorie<\/td>\n<td class=\"et3\" width=\"590\">Kneipenm\u00f6bel<\/td>\n<\/tr>\n<tr>\n<td class=\"et2\" width=\"160\" height=\"24\">Produktname<\/td>\n<td class=\"et3\" width=\"590\">Taverne Kneipenm\u00f6bel<\/td>\n<\/tr>\n<tr>\n<td class=\"et2\" width=\"160\" height=\"48\">Anpassungsoptionen<\/td>\n<td class=\"et3\" width=\"590\">Stil\/Farbe\/Gr\u00f6\u00dfe\/Material<\/td>\n<\/tr>\n<tr>\n<td class=\"et2\" width=\"160\" height=\"48\">Anwendung Szene<\/td>\n<td class=\"et3\" width=\"590\">Whiskey-Bar\/Caf\u00e9\/Taverne\/Blasen-Tee-Shop<\/td>\n<\/tr>\n<tr>\n<td class=\"et2\" width=\"160\" height=\"24\">Farbe<\/td>\n<td class=\"et3\" width=\"590\">Schwarz\/Braun (anpassbar)<\/td>\n<\/tr>\n<tr>\n<td class=\"et2\" width=\"160\" height=\"24\">Material<\/td>\n<td class=\"et3\" width=\"590\">Holz\/Leder\/Hardware-Materialien<\/td>\n<\/tr>\n<\/tbody>\n<\/table>\n<p><script src=\"chrome-extension:\/\/fpelahbljekknahkcaegamhcndkfpfnc\/iFrame.js\" type=\"text\/javascript\"><\/script><\/p>\n<p><script src=\"chrome-extension:\/\/fpelahbljekknahkcaegamhcndkfpfnc\/iFrame.js\" type=\"text\/javascript\"><\/script><\/p>\n<p>\n<script src=\"chrome-extension:\/\/fpelahbljekknahkcaegamhcndkfpfnc\/iFrame.js\" type=\"text\/javascript\"><\/script><\/p>","protected":false},"featured_media":859,"comment_status":"closed","ping_status":"closed","template":"","meta":{"_acf_changed":false},"product_brand":[],"product_cat":[21],"product_tag":[],"class_list":{"0":"post-854","1":"product","2":"type-product","3":"status-publish","4":"has-post-thumbnail","6":"product_cat-wholesale-pub-furniture","8":"first","9":"instock","10":"shipping-taxable","11":"product-type-simple"},"acf":[],"_links":{"self":[{"href":"https:\/\/www.youmushiguang.com\/de\/wp-json\/wp\/v2\/product\/854","targetHints":{"allow":["GET"]}}],"collection":[{"href":"https:\/\/www.youmushiguang.com\/de\/wp-json\/wp\/v2\/product"}],"about":[{"href":"https:\/\/www.youmushiguang.com\/de\/wp-json\/wp\/v2\/types\/product"}],"replies":[{"embeddable":true,"href":"https:\/\/www.youmushiguang.com\/de\/wp-json\/wp\/v2\/comments?post=854"}],"wp:featuredmedia":[{"embeddable":true,"href":"https:\/\/www.youmushiguang.com\/de\/wp-json\/wp\/v2\/media\/859"}],"wp:attachment":[{"href":"https:\/\/www.youmushiguang.com\/de\/wp-json\/wp\/v2\/media?parent=854"}],"wp:term":[{"taxonomy":"product_brand","embeddable":true,"href":"https:\/\/www.youmushiguang.com\/de\/wp-json\/wp\/v2\/product_brand?post=854"},{"taxonomy":"product_cat","embeddable":true,"href":"https:\/\/www.youmushiguang.com\/de\/wp-json\/wp\/v2\/product_cat?post=854"},{"taxonomy":"product_tag","embeddable":true,"href":"https:\/\/www.youmushiguang.com\/de\/wp-json\/wp\/v2\/product_tag?post=854"}],"curies":[{"name":"wp","href":"https:\/\/api.w.org\/{rel}","templated":true}]}}