{"id":912,"date":"2025-10-16T12:12:03","date_gmt":"2025-10-16T12:12:03","guid":{"rendered":"https:\/\/www.youmushiguang.com\/?post_type=product&#038;p=912"},"modified":"2025-10-17T05:49:33","modified_gmt":"2025-10-17T05:49:33","slug":"wholesale-library-furniture-chairs-and-tables","status":"publish","type":"product","link":"https:\/\/www.youmushiguang.com\/de\/product\/wholesale-library-furniture-chairs-and-tables\/","title":{"rendered":"Gro\u00dfhandel Bibliothek M\u00f6bel St\u00fchle und Tische, OEM-und ODM-Unterst\u00fctzung"},"content":{"rendered":"<div class=\"wp-block-columns is-layout-flex wp-container-core-columns-is-layout-9d6595d7 wp-block-columns-is-layout-flex\">\n<div class=\"wp-block-column is-layout-flow wp-block-column-is-layout-flow\" style=\"flex-basis:25%\"><\/div>\n\n\n\n<div class=\"wp-block-column is-layout-flow wp-block-column-is-layout-flow\" style=\"flex-basis:50%\">\n<figure class=\"wp-block-image size-full\"><img decoding=\"async\" width=\"750\" height=\"2238\" src=\"https:\/\/www.youmushiguang.com\/wp-content\/uploads\/2025\/10\/wholesale-library-furniture-details-1.webp\" alt=\"Gro\u00dfhandel f\u00fcr Bibliotheksm\u00f6bel Details (1)\" class=\"wp-image-919\" srcset=\"https:\/\/www.youmushiguang.com\/wp-content\/uploads\/2025\/10\/wholesale-library-furniture-details-1.webp 750w, https:\/\/www.youmushiguang.com\/wp-content\/uploads\/2025\/10\/wholesale-library-furniture-details-1-101x300.webp 101w, https:\/\/www.youmushiguang.com\/wp-content\/uploads\/2025\/10\/wholesale-library-furniture-details-1-600x1790.webp 600w\" sizes=\"(max-width: 750px) 100vw, 750px\" \/><\/figure>\n\n\n\n<figure class=\"wp-block-image size-full\"><img decoding=\"async\" width=\"750\" height=\"2184\" src=\"https:\/\/www.youmushiguang.com\/wp-content\/uploads\/2025\/10\/wholesale-library-furniture-details-2.webp\" alt=\"Gro\u00dfhandel f\u00fcr Bibliotheksm\u00f6bel Details (2)\" class=\"wp-image-920\" srcset=\"https:\/\/www.youmushiguang.com\/wp-content\/uploads\/2025\/10\/wholesale-library-furniture-details-2.webp 750w, https:\/\/www.youmushiguang.com\/wp-content\/uploads\/2025\/10\/wholesale-library-furniture-details-2-103x300.webp 103w, https:\/\/www.youmushiguang.com\/wp-content\/uploads\/2025\/10\/wholesale-library-furniture-details-2-600x1747.webp 600w\" sizes=\"(max-width: 750px) 100vw, 750px\" \/><\/figure>\n\n\n\n<figure class=\"wp-block-image size-full\"><img decoding=\"async\" width=\"750\" height=\"2510\" src=\"https:\/\/www.youmushiguang.com\/wp-content\/uploads\/2025\/10\/wholesale-library-furniture-details-3.webp\" alt=\"Gro\u00dfhandel f\u00fcr Bibliotheksm\u00f6bel Details (3)\" class=\"wp-image-921\" srcset=\"https:\/\/www.youmushiguang.com\/wp-content\/uploads\/2025\/10\/wholesale-library-furniture-details-3.webp 750w, https:\/\/www.youmushiguang.com\/wp-content\/uploads\/2025\/10\/wholesale-library-furniture-details-3-90x300.webp 90w, https:\/\/www.youmushiguang.com\/wp-content\/uploads\/2025\/10\/wholesale-library-furniture-details-3-600x2008.webp 600w\" sizes=\"(max-width: 750px) 100vw, 750px\" \/><\/figure>\n\n\n\n<figure class=\"wp-block-image size-full\"><img decoding=\"async\" width=\"750\" height=\"1426\" src=\"https:\/\/www.youmushiguang.com\/wp-content\/uploads\/2025\/10\/wholesale-library-furniture-details-4.webp\" alt=\"Gro\u00dfhandel f\u00fcr Bibliotheksm\u00f6bel Details (4)\" class=\"wp-image-922\" srcset=\"https:\/\/www.youmushiguang.com\/wp-content\/uploads\/2025\/10\/wholesale-library-furniture-details-4.webp 750w, https:\/\/www.youmushiguang.com\/wp-content\/uploads\/2025\/10\/wholesale-library-furniture-details-4-158x300.webp 158w, https:\/\/www.youmushiguang.com\/wp-content\/uploads\/2025\/10\/wholesale-library-furniture-details-4-600x1141.webp 600w\" sizes=\"(max-width: 750px) 100vw, 750px\" \/><\/figure>\n\n\n\n<figure class=\"wp-block-image size-full\"><img decoding=\"async\" width=\"750\" height=\"1432\" src=\"https:\/\/www.youmushiguang.com\/wp-content\/uploads\/2025\/10\/wholesale-library-furniture-details-5.webp\" alt=\"Gro\u00dfhandel f\u00fcr Bibliotheksm\u00f6bel Details (5)\" class=\"wp-image-923\" srcset=\"https:\/\/www.youmushiguang.com\/wp-content\/uploads\/2025\/10\/wholesale-library-furniture-details-5.webp 750w, https:\/\/www.youmushiguang.com\/wp-content\/uploads\/2025\/10\/wholesale-library-furniture-details-5-157x300.webp 157w, https:\/\/www.youmushiguang.com\/wp-content\/uploads\/2025\/10\/wholesale-library-furniture-details-5-600x1146.webp 600w\" sizes=\"(max-width: 750px) 100vw, 750px\" \/><\/figure>\n<\/div>\n\n\n\n<div class=\"wp-block-column is-layout-flow wp-block-column-is-layout-flow\" style=\"flex-basis:25%\"><\/div>\n<\/div>","protected":false},"excerpt":{"rendered":"<p>Gro\u00dfhandel Bibliothek M\u00f6bel-Set. Unsere M\u00f6belkollektion f\u00fcr Bibliotheken verbindet modernen Minimalismus mit italienisch inspirierter \u00c4sthetik und verwandelt sie in raffinierte, komfortable Umgebungen. Aus umweltfreundlichem Massivholz und hochwertigem Leder gefertigt, bietet jedes St\u00fcck anpassbare Optionen f\u00fcr Farbe, Gr\u00f6\u00dfe und Material - f\u00fcr visuelle Harmonie und lang anhaltenden Komfort.<\/p>\n<h2>Spezifikationen des Bibliotheksm\u00f6bel-Sets<\/h2>\n<table style=\"border-collapse: collapse; width: 700px; height: 214px;\" border=\"0\" width=\"751\" cellspacing=\"0\" cellpadding=\"0\">\n<tbody>\n<tr style=\"height: 14.40pt;\">\n<td class=\"et2\" style=\"height: 14.40pt; width: 96.55pt;\" width=\"160\" height=\"24\">Modell<\/td>\n<td class=\"et3\" style=\"width: 354.40pt;\" width=\"590\">80<\/td>\n<\/tr>\n<tr style=\"height: 14.40pt;\">\n<td class=\"et2\" style=\"height: 14.40pt; width: 96.55pt;\" width=\"160\" height=\"24\">Kategorie<\/td>\n<td class=\"et3\" style=\"width: 354.40pt;\" width=\"590\">Bibliotheksm\u00f6bel<\/td>\n<\/tr>\n<tr style=\"height: 14.40pt;\">\n<td class=\"et2\" style=\"height: 14.40pt; width: 96.55pt;\" width=\"160\" height=\"24\">Produktname<\/td>\n<td class=\"et3\" style=\"width: 354.40pt;\" width=\"590\">Bibliotheksm\u00f6bel-Set<\/td>\n<\/tr>\n<tr style=\"height: 28.80pt;\">\n<td class=\"et2\" style=\"height: 28.80pt; width: 96.55pt;\" width=\"160\" height=\"48\">Anpassungsoptionen<\/td>\n<td class=\"et3\" style=\"width: 354.40pt;\" width=\"590\">Stil\/Farbe\/Gr\u00f6\u00dfe\/Material<\/td>\n<\/tr>\n<tr style=\"height: 28.80pt;\">\n<td class=\"et2\" style=\"height: 28.80pt; width: 96.55pt;\" width=\"160\" height=\"48\">Anwendung Szene<\/td>\n<td class=\"et3\" style=\"width: 354.40pt;\" width=\"590\">Bibliothek\/Freizeiteinrichtungen<\/td>\n<\/tr>\n<tr style=\"height: 14.40pt;\">\n<td class=\"et2\" style=\"height: 14.40pt; width: 96.55pt;\" width=\"160\" height=\"24\">Farbe<\/td>\n<td class=\"et3\" style=\"width: 354.40pt;\" width=\"590\">Holzton (anpassbar)<\/td>\n<\/tr>\n<tr style=\"height: 14.40pt;\">\n<td class=\"et2\" style=\"height: 14.40pt; width: 96.55pt;\" width=\"160\" height=\"24\">Material<\/td>\n<td class=\"et3\" style=\"width: 354.40pt;\" width=\"590\">Holz-\/Hartwaren-Zubeh\u00f6r<\/td>\n<\/tr>\n<\/tbody>\n<\/table>\n<p><script src=\"chrome-extension:\/\/fpelahbljekknahkcaegamhcndkfpfnc\/iFrame.js\" type=\"text\/javascript\"><\/script><\/p>\n<p>\n<script src=\"chrome-extension:\/\/fpelahbljekknahkcaegamhcndkfpfnc\/iFrame.js\" type=\"text\/javascript\"><\/script><\/p>","protected":false},"featured_media":915,"comment_status":"closed","ping_status":"closed","template":"","meta":{"_acf_changed":true},"product_brand":[],"product_cat":[18],"product_tag":[],"class_list":{"0":"post-912","1":"product","2":"type-product","3":"status-publish","4":"has-post-thumbnail","6":"product_cat-wholesale-library-furniture","8":"first","9":"instock","10":"shipping-taxable","11":"product-type-simple"},"acf":[],"_links":{"self":[{"href":"https:\/\/www.youmushiguang.com\/de\/wp-json\/wp\/v2\/product\/912","targetHints":{"allow":["GET"]}}],"collection":[{"href":"https:\/\/www.youmushiguang.com\/de\/wp-json\/wp\/v2\/product"}],"about":[{"href":"https:\/\/www.youmushiguang.com\/de\/wp-json\/wp\/v2\/types\/product"}],"replies":[{"embeddable":true,"href":"https:\/\/www.youmushiguang.com\/de\/wp-json\/wp\/v2\/comments?post=912"}],"wp:featuredmedia":[{"embeddable":true,"href":"https:\/\/www.youmushiguang.com\/de\/wp-json\/wp\/v2\/media\/915"}],"wp:attachment":[{"href":"https:\/\/www.youmushiguang.com\/de\/wp-json\/wp\/v2\/media?parent=912"}],"wp:term":[{"taxonomy":"product_brand","embeddable":true,"href":"https:\/\/www.youmushiguang.com\/de\/wp-json\/wp\/v2\/product_brand?post=912"},{"taxonomy":"product_cat","embeddable":true,"href":"https:\/\/www.youmushiguang.com\/de\/wp-json\/wp\/v2\/product_cat?post=912"},{"taxonomy":"product_tag","embeddable":true,"href":"https:\/\/www.youmushiguang.com\/de\/wp-json\/wp\/v2\/product_tag?post=912"}],"curies":[{"name":"wp","href":"https:\/\/api.w.org\/{rel}","templated":true}]}}