{"id":931,"date":"2025-10-16T12:27:39","date_gmt":"2025-10-16T12:27:39","guid":{"rendered":"https:\/\/www.youmushiguang.com\/?post_type=product&#038;p=931"},"modified":"2025-10-17T08:10:25","modified_gmt":"2025-10-17T08:10:25","slug":"wholesale-club-ktv-bar-furniture-set","status":"publish","type":"product","link":"https:\/\/www.youmushiguang.com\/de\/product\/wholesale-club-ktv-bar-furniture-set\/","title":{"rendered":"Gro\u00dfhandel Club und KTV Lounge Bar M\u00f6bel Set, Leder Sofas, LED Couchtische - f\u00fcr KTVs, Nachtclubs, Bars"},"content":{"rendered":"<div class=\"wp-block-columns is-layout-flex wp-container-core-columns-is-layout-9d6595d7 wp-block-columns-is-layout-flex\">\n<div class=\"wp-block-column is-layout-flow wp-block-column-is-layout-flow\" style=\"flex-basis:25%\"><\/div>\n\n\n\n<div class=\"wp-block-column is-layout-flow wp-block-column-is-layout-flow\" style=\"flex-basis:50%\">\n<figure class=\"wp-block-image size-full\"><img decoding=\"async\" width=\"750\" height=\"1765\" src=\"https:\/\/www.youmushiguang.com\/wp-content\/uploads\/2025\/10\/wholesale-KTV-bar-furniture-set-details-1.webp\" alt=\"\" class=\"wp-image-937\" srcset=\"https:\/\/www.youmushiguang.com\/wp-content\/uploads\/2025\/10\/wholesale-KTV-bar-furniture-set-details-1.webp 750w, https:\/\/www.youmushiguang.com\/wp-content\/uploads\/2025\/10\/wholesale-KTV-bar-furniture-set-details-1-127x300.webp 127w, https:\/\/www.youmushiguang.com\/wp-content\/uploads\/2025\/10\/wholesale-KTV-bar-furniture-set-details-1-600x1412.webp 600w\" sizes=\"(max-width: 750px) 100vw, 750px\" \/><\/figure>\n\n\n\n<figure class=\"wp-block-image size-full\"><img decoding=\"async\" width=\"750\" height=\"1786\" src=\"https:\/\/www.youmushiguang.com\/wp-content\/uploads\/2025\/10\/wholesale-KTV-bar-furniture-set-details-2.webp\" alt=\"\" class=\"wp-image-938\" srcset=\"https:\/\/www.youmushiguang.com\/wp-content\/uploads\/2025\/10\/wholesale-KTV-bar-furniture-set-details-2.webp 750w, https:\/\/www.youmushiguang.com\/wp-content\/uploads\/2025\/10\/wholesale-KTV-bar-furniture-set-details-2-126x300.webp 126w, https:\/\/www.youmushiguang.com\/wp-content\/uploads\/2025\/10\/wholesale-KTV-bar-furniture-set-details-2-600x1429.webp 600w\" sizes=\"(max-width: 750px) 100vw, 750px\" \/><\/figure>\n\n\n\n<figure class=\"wp-block-image size-full\"><img decoding=\"async\" width=\"750\" height=\"1316\" src=\"https:\/\/www.youmushiguang.com\/wp-content\/uploads\/2025\/10\/wholesale-KTV-bar-furniture-set-details-3.webp\" alt=\"\" class=\"wp-image-939\" srcset=\"https:\/\/www.youmushiguang.com\/wp-content\/uploads\/2025\/10\/wholesale-KTV-bar-furniture-set-details-3.webp 750w, https:\/\/www.youmushiguang.com\/wp-content\/uploads\/2025\/10\/wholesale-KTV-bar-furniture-set-details-3-171x300.webp 171w, https:\/\/www.youmushiguang.com\/wp-content\/uploads\/2025\/10\/wholesale-KTV-bar-furniture-set-details-3-600x1053.webp 600w\" sizes=\"(max-width: 750px) 100vw, 750px\" \/><\/figure>\n\n\n\n<figure class=\"wp-block-image size-full\"><img decoding=\"async\" width=\"750\" height=\"1822\" src=\"https:\/\/www.youmushiguang.com\/wp-content\/uploads\/2025\/10\/wholesale-KTV-bar-furniture-set-details-4.webp\" alt=\"\" class=\"wp-image-940\" srcset=\"https:\/\/www.youmushiguang.com\/wp-content\/uploads\/2025\/10\/wholesale-KTV-bar-furniture-set-details-4.webp 750w, https:\/\/www.youmushiguang.com\/wp-content\/uploads\/2025\/10\/wholesale-KTV-bar-furniture-set-details-4-123x300.webp 123w, https:\/\/www.youmushiguang.com\/wp-content\/uploads\/2025\/10\/wholesale-KTV-bar-furniture-set-details-4-600x1458.webp 600w\" sizes=\"(max-width: 750px) 100vw, 750px\" \/><\/figure>\n\n\n\n<figure class=\"wp-block-image size-full\"><img decoding=\"async\" width=\"750\" height=\"1646\" src=\"https:\/\/www.youmushiguang.com\/wp-content\/uploads\/2025\/10\/wholesale-KTV-bar-furniture-set-details-5.webp\" alt=\"Gro\u00dfhandel KTV Bar M\u00f6bel Set Details (5)\" class=\"wp-image-941\" srcset=\"https:\/\/www.youmushiguang.com\/wp-content\/uploads\/2025\/10\/wholesale-KTV-bar-furniture-set-details-5.webp 750w, https:\/\/www.youmushiguang.com\/wp-content\/uploads\/2025\/10\/wholesale-KTV-bar-furniture-set-details-5-137x300.webp 137w, https:\/\/www.youmushiguang.com\/wp-content\/uploads\/2025\/10\/wholesale-KTV-bar-furniture-set-details-5-600x1317.webp 600w\" sizes=\"(max-width: 750px) 100vw, 750px\" \/><\/figure>\n<\/div>\n\n\n\n<div class=\"wp-block-column is-layout-flow wp-block-column-is-layout-flow\" style=\"flex-basis:25%\"><\/div>\n<\/div>","protected":false},"excerpt":{"rendered":"<p>Gro\u00dfhandel KTV-Barm\u00f6bel-Set. Diese M\u00f6belkollektion wurde f\u00fcr Bars, KTVs, Nachtclubs und Themenrestaurants entwickelt und verbindet luxuri\u00f6se Lederverarbeitung mit dynamischer Beleuchtung und moderner \u00c4sthetik. Mit langlebigen Materialien, hoher Anpassungsflexibilit\u00e4t sowie wasserfesten und hitzebest\u00e4ndigen Merkmalen ist es so gebaut, dass es sowohl den Stil als auch den Komfort in jedem Unterhaltungsraum verbessert.<\/p>\n<h2>Spezifikationen f\u00fcr KTV-Barm\u00f6bel-Set<\/h2>\n<table style=\"border-collapse: collapse; width: 700px; height: 215px;\" border=\"0\" width=\"751\" cellspacing=\"0\" cellpadding=\"0\">\n<tbody>\n<tr style=\"height: 14.40pt;\">\n<td class=\"et2\" style=\"height: 14.40pt; width: 96.55pt;\" width=\"160\" height=\"24\">Modell<\/td>\n<td class=\"et3\" style=\"width: 354.40pt;\" width=\"590\">1988<\/td>\n<\/tr>\n<tr style=\"height: 14.40pt;\">\n<td class=\"et2\" style=\"height: 14.40pt; width: 96.55pt;\" width=\"160\" height=\"24\">Kategorie<\/td>\n<td class=\"et3\" style=\"width: 354.40pt;\" width=\"590\">Bar-M\u00f6bel<\/td>\n<\/tr>\n<tr style=\"height: 14.40pt;\">\n<td class=\"et2\" style=\"height: 14.40pt; width: 96.55pt;\" width=\"160\" height=\"24\">Produktname<\/td>\n<td class=\"et3\" style=\"width: 354.40pt;\" width=\"590\">KTV-Barm\u00f6bel-Set<\/td>\n<\/tr>\n<tr style=\"height: 28.80pt;\">\n<td class=\"et2\" style=\"height: 28.80pt; width: 96.55pt;\" width=\"160\" height=\"48\">Anpassungsoptionen<\/td>\n<td class=\"et3\" style=\"width: 354.40pt;\" width=\"590\">Stil\/Farbe\/Gr\u00f6\u00dfe\/Material<\/td>\n<\/tr>\n<tr style=\"height: 28.80pt;\">\n<td class=\"et2\" style=\"height: 28.80pt; width: 96.55pt;\" width=\"160\" height=\"48\">Anwendung Szene<\/td>\n<td class=\"et3\" style=\"width: 354.40pt;\" width=\"590\">KTV\/Nachtclub\/Bar<\/td>\n<\/tr>\n<tr style=\"height: 14.40pt;\">\n<td class=\"et2\" style=\"height: 14.40pt; width: 96.55pt;\" width=\"160\" height=\"24\">Farbe<\/td>\n<td class=\"et3\" style=\"width: 354.40pt;\" width=\"590\">anpassbar<\/td>\n<\/tr>\n<tr style=\"height: 14.40pt;\">\n<td class=\"et2\" style=\"height: 14.40pt; width: 96.55pt;\" width=\"160\" height=\"24\">Material<\/td>\n<td class=\"et3\" style=\"width: 354.40pt;\" width=\"590\">Holz\/Leder\/Hardware-Zubeh\u00f6r<\/td>\n<\/tr>\n<\/tbody>\n<\/table>\n<p><script src=\"chrome-extension:\/\/fpelahbljekknahkcaegamhcndkfpfnc\/iFrame.js\" type=\"text\/javascript\"><\/script><\/p>\n<p><script src=\"chrome-extension:\/\/fpelahbljekknahkcaegamhcndkfpfnc\/iFrame.js\" type=\"text\/javascript\"><\/script><\/p>\n<p>\n<script src=\"chrome-extension:\/\/fpelahbljekknahkcaegamhcndkfpfnc\/iFrame.js\" type=\"text\/javascript\"><\/script><\/p>","protected":false},"featured_media":932,"comment_status":"closed","ping_status":"closed","template":"","meta":{"_acf_changed":true},"product_brand":[],"product_cat":[17],"product_tag":[],"class_list":{"0":"post-931","1":"product","2":"type-product","3":"status-publish","4":"has-post-thumbnail","6":"product_cat-wholesale-bar-furniture","8":"first","9":"instock","10":"shipping-taxable","11":"product-type-simple"},"acf":[],"_links":{"self":[{"href":"https:\/\/www.youmushiguang.com\/de\/wp-json\/wp\/v2\/product\/931","targetHints":{"allow":["GET"]}}],"collection":[{"href":"https:\/\/www.youmushiguang.com\/de\/wp-json\/wp\/v2\/product"}],"about":[{"href":"https:\/\/www.youmushiguang.com\/de\/wp-json\/wp\/v2\/types\/product"}],"replies":[{"embeddable":true,"href":"https:\/\/www.youmushiguang.com\/de\/wp-json\/wp\/v2\/comments?post=931"}],"wp:featuredmedia":[{"embeddable":true,"href":"https:\/\/www.youmushiguang.com\/de\/wp-json\/wp\/v2\/media\/932"}],"wp:attachment":[{"href":"https:\/\/www.youmushiguang.com\/de\/wp-json\/wp\/v2\/media?parent=931"}],"wp:term":[{"taxonomy":"product_brand","embeddable":true,"href":"https:\/\/www.youmushiguang.com\/de\/wp-json\/wp\/v2\/product_brand?post=931"},{"taxonomy":"product_cat","embeddable":true,"href":"https:\/\/www.youmushiguang.com\/de\/wp-json\/wp\/v2\/product_cat?post=931"},{"taxonomy":"product_tag","embeddable":true,"href":"https:\/\/www.youmushiguang.com\/de\/wp-json\/wp\/v2\/product_tag?post=931"}],"curies":[{"name":"wp","href":"https:\/\/api.w.org\/{rel}","templated":true}]}}