{"id":1266,"date":"2025-10-16T12:30:44","date_gmt":"2025-10-16T12:30:44","guid":{"rendered":"https:\/\/www.youmushiguang.com\/?post_type=product&#038;p=1266"},"modified":"2026-03-26T03:27:35","modified_gmt":"2026-03-26T03:27:35","slug":"bulk-cafe-furniture","status":"publish","type":"product","link":"https:\/\/www.youmushiguang.com\/es\/product\/bulk-cafe-furniture\/","title":{"rendered":"Juego de muebles de cafeter\u00eda directo de f\u00e1brica, perfecto para cafeter\u00edas de barrio"},"content":{"rendered":"<div class=\"wp-block-columns is-layout-flex wp-container-core-columns-is-layout-9d6595d7 wp-block-columns-is-layout-flex\">\n<div class=\"wp-block-column is-layout-flow wp-block-column-is-layout-flow\" style=\"flex-basis:25%\"><\/div>\n\n\n\n<div class=\"wp-block-column is-layout-flow wp-block-column-is-layout-flow\" style=\"flex-basis:50%\">\n<figure class=\"wp-block-image size-full\"><img decoding=\"async\" width=\"750\" height=\"2043\" src=\"https:\/\/www.youmushiguang.com\/wp-content\/uploads\/2025\/10\/details-of-cafe-furniture-1.webp\" alt=\"detalles del mobiliario de cafeter\u00eda (1)\" class=\"wp-image-1295\" srcset=\"https:\/\/www.youmushiguang.com\/wp-content\/uploads\/2025\/10\/details-of-cafe-furniture-1.webp 750w, https:\/\/www.youmushiguang.com\/wp-content\/uploads\/2025\/10\/details-of-cafe-furniture-1-110x300.webp 110w, https:\/\/www.youmushiguang.com\/wp-content\/uploads\/2025\/10\/details-of-cafe-furniture-1-4x12.webp 4w, https:\/\/www.youmushiguang.com\/wp-content\/uploads\/2025\/10\/details-of-cafe-furniture-1-600x1634.webp 600w\" sizes=\"(max-width: 750px) 100vw, 750px\" \/><\/figure>\n\n\n\n<figure class=\"wp-block-image size-full\"><img decoding=\"async\" width=\"750\" height=\"2191\" src=\"https:\/\/www.youmushiguang.com\/wp-content\/uploads\/2025\/10\/details-of-cafe-furniture-2.webp\" alt=\"detalles del mobiliario de cafeter\u00eda (2)\" class=\"wp-image-1296\" srcset=\"https:\/\/www.youmushiguang.com\/wp-content\/uploads\/2025\/10\/details-of-cafe-furniture-2.webp 750w, https:\/\/www.youmushiguang.com\/wp-content\/uploads\/2025\/10\/details-of-cafe-furniture-2-103x300.webp 103w, https:\/\/www.youmushiguang.com\/wp-content\/uploads\/2025\/10\/details-of-cafe-furniture-2-4x12.webp 4w, https:\/\/www.youmushiguang.com\/wp-content\/uploads\/2025\/10\/details-of-cafe-furniture-2-600x1753.webp 600w\" sizes=\"(max-width: 750px) 100vw, 750px\" \/><\/figure>\n\n\n\n<figure class=\"wp-block-image size-full\"><img decoding=\"async\" width=\"750\" height=\"1173\" src=\"https:\/\/www.youmushiguang.com\/wp-content\/uploads\/2025\/10\/details-of-cafe-furniture-3.webp\" alt=\"detalles del mobiliario de cafeter\u00eda (3)\" class=\"wp-image-1297\" srcset=\"https:\/\/www.youmushiguang.com\/wp-content\/uploads\/2025\/10\/details-of-cafe-furniture-3.webp 750w, https:\/\/www.youmushiguang.com\/wp-content\/uploads\/2025\/10\/details-of-cafe-furniture-3-192x300.webp 192w, https:\/\/www.youmushiguang.com\/wp-content\/uploads\/2025\/10\/details-of-cafe-furniture-3-8x12.webp 8w, https:\/\/www.youmushiguang.com\/wp-content\/uploads\/2025\/10\/details-of-cafe-furniture-3-600x938.webp 600w\" sizes=\"(max-width: 750px) 100vw, 750px\" \/><\/figure>\n\n\n\n<figure class=\"wp-block-image size-full\"><img decoding=\"async\" width=\"750\" height=\"2458\" src=\"https:\/\/www.youmushiguang.com\/wp-content\/uploads\/2025\/10\/details-of-cafe-furniture-4.webp\" alt=\"detalles del mobiliario de la cafeter\u00eda (4)\" class=\"wp-image-1298\" srcset=\"https:\/\/www.youmushiguang.com\/wp-content\/uploads\/2025\/10\/details-of-cafe-furniture-4.webp 750w, https:\/\/www.youmushiguang.com\/wp-content\/uploads\/2025\/10\/details-of-cafe-furniture-4-4x12.webp 4w, https:\/\/www.youmushiguang.com\/wp-content\/uploads\/2025\/10\/details-of-cafe-furniture-4-600x1966.webp 600w\" sizes=\"(max-width: 750px) 100vw, 750px\" \/><\/figure>\n\n\n\n<figure class=\"wp-block-image size-full\"><img decoding=\"async\" width=\"750\" height=\"2447\" src=\"https:\/\/www.youmushiguang.com\/wp-content\/uploads\/2025\/10\/details-of-cafe-furniture-5.webp\" alt=\"detalles del mobiliario de la cafeter\u00eda (5)\" class=\"wp-image-1299\" srcset=\"https:\/\/www.youmushiguang.com\/wp-content\/uploads\/2025\/10\/details-of-cafe-furniture-5.webp 750w, https:\/\/www.youmushiguang.com\/wp-content\/uploads\/2025\/10\/details-of-cafe-furniture-5-92x300.webp 92w, https:\/\/www.youmushiguang.com\/wp-content\/uploads\/2025\/10\/details-of-cafe-furniture-5-4x12.webp 4w, https:\/\/www.youmushiguang.com\/wp-content\/uploads\/2025\/10\/details-of-cafe-furniture-5-600x1958.webp 600w\" sizes=\"(max-width: 750px) 100vw, 750px\" \/><\/figure>\n\n\n\n<figure class=\"wp-block-image size-full\"><img decoding=\"async\" width=\"750\" height=\"1001\" src=\"https:\/\/www.youmushiguang.com\/wp-content\/uploads\/2025\/10\/details-of-cafe-furniture-6.webp\" alt=\"detalles del mobiliario de la cafeter\u00eda (6)\" class=\"wp-image-1300\" srcset=\"https:\/\/www.youmushiguang.com\/wp-content\/uploads\/2025\/10\/details-of-cafe-furniture-6.webp 750w, https:\/\/www.youmushiguang.com\/wp-content\/uploads\/2025\/10\/details-of-cafe-furniture-6-225x300.webp 225w, https:\/\/www.youmushiguang.com\/wp-content\/uploads\/2025\/10\/details-of-cafe-furniture-6-9x12.webp 9w, https:\/\/www.youmushiguang.com\/wp-content\/uploads\/2025\/10\/details-of-cafe-furniture-6-600x801.webp 600w\" sizes=\"(max-width: 750px) 100vw, 750px\" \/><\/figure>\n<\/div>\n\n\n\n<div class=\"wp-block-column is-layout-flow wp-block-column-is-layout-flow\" style=\"flex-basis:25%\"><\/div>\n<\/div>","protected":false},"excerpt":{"rendered":"<p>Create a warm and inviting atmosphere for your neighborhood caf\u00e9 with this factory-direct caf\u00e9 furniture set. Thoughtfully designed for cozy layouts, it blends seamlessly into residential areas, making it perfect for local coffee shops looking to welcome customers with comfort, style, and easy-to-arrange seating.\u00a0\u00a0<\/p>\n<p>Como <a href=\"https:\/\/www.youmushiguang.com\/es\/product-category\/wholesale-cafe-furniture\/\" target=\"_blank\" rel=\"noopener\"><strong>wholesale caf\u00e9 furniture factory<\/strong><\/a>, we provide solutions and competitive pricing for various types of coffee shops. We welcome you to contact us.<\/p>\n<h2>Especificaciones de los muebles de cafeter\u00eda<\/h2>\n<table>\n<tbody>\n<tr>\n<td width=\"226\">Art\u00edculo<\/td>\n<td width=\"294\">Detalles<\/td>\n<\/tr>\n<tr>\n<td width=\"226\">Categor\u00eda<\/td>\n<td width=\"294\">Caf\u00e9<\/td>\n<\/tr>\n<tr>\n<td width=\"226\">Nombre del producto<\/td>\n<td width=\"294\">Mesas y sillas de caf\u00e9 vintage<\/td>\n<\/tr>\n<tr>\n<td width=\"226\">Cuadro<\/td>\n<td width=\"294\">Tablero macizo multicapa con tablero de chapa de madera + patas met\u00e1licas de hierro<\/td>\n<\/tr>\n<tr>\n<td width=\"226\">Silla<\/td>\n<td width=\"294\">Estructura met\u00e1lica + tablero curvado + tapicer\u00eda de piel napa + relleno de esponja de alta densidad<\/td>\n<\/tr>\n<tr>\n<td width=\"226\">Stand<\/td>\n<td width=\"294\">Tablero macizo multicapa con armaz\u00f3n de chapa de madera + tapicer\u00eda de tela + z\u00f3calo de acero inoxidable + relleno de esponja de alta densidad<\/td>\n<\/tr>\n<tr>\n<td width=\"226\">Color<\/td>\n<td width=\"294\">Madera de nogal claro, cuero negro (personalizable)<\/td>\n<\/tr>\n<tr>\n<td width=\"226\">Material<\/td>\n<td width=\"294\">Contrachapado \/ Metal \/ Cuero \/ Esponja<\/td>\n<\/tr>\n<tr>\n<td width=\"226\">Estilo<\/td>\n<td width=\"294\">Vintage<\/td>\n<\/tr>\n<tr>\n<td width=\"226\">Escenarios de aplicaci\u00f3n<\/td>\n<td width=\"294\">Cafeter\u00edas \/ Pasteler\u00edas \/ Teter\u00edas con leche<\/td>\n<\/tr>\n<\/tbody>\n<\/table>\n<p>&nbsp;<\/p>\n<p>\n<script src=\"chrome-extension:\/\/fpelahbljekknahkcaegamhcndkfpfnc\/iFrame.js\" type=\"text\/javascript\"><\/script><\/p>","protected":false},"featured_media":356,"comment_status":"closed","ping_status":"closed","template":"","meta":{"_acf_changed":true},"product_brand":[],"product_cat":[20],"product_tag":[],"class_list":{"0":"post-1266","1":"product","2":"type-product","3":"status-publish","4":"has-post-thumbnail","6":"product_cat-wholesale-cafe-furniture","8":"first","9":"instock","10":"shipping-taxable","11":"product-type-simple"},"acf":[],"_links":{"self":[{"href":"https:\/\/www.youmushiguang.com\/es\/wp-json\/wp\/v2\/product\/1266","targetHints":{"allow":["GET"]}}],"collection":[{"href":"https:\/\/www.youmushiguang.com\/es\/wp-json\/wp\/v2\/product"}],"about":[{"href":"https:\/\/www.youmushiguang.com\/es\/wp-json\/wp\/v2\/types\/product"}],"replies":[{"embeddable":true,"href":"https:\/\/www.youmushiguang.com\/es\/wp-json\/wp\/v2\/comments?post=1266"}],"wp:featuredmedia":[{"embeddable":true,"href":"https:\/\/www.youmushiguang.com\/es\/wp-json\/wp\/v2\/media\/356"}],"wp:attachment":[{"href":"https:\/\/www.youmushiguang.com\/es\/wp-json\/wp\/v2\/media?parent=1266"}],"wp:term":[{"taxonomy":"product_brand","embeddable":true,"href":"https:\/\/www.youmushiguang.com\/es\/wp-json\/wp\/v2\/product_brand?post=1266"},{"taxonomy":"product_cat","embeddable":true,"href":"https:\/\/www.youmushiguang.com\/es\/wp-json\/wp\/v2\/product_cat?post=1266"},{"taxonomy":"product_tag","embeddable":true,"href":"https:\/\/www.youmushiguang.com\/es\/wp-json\/wp\/v2\/product_tag?post=1266"}],"curies":[{"name":"wp","href":"https:\/\/api.w.org\/{rel}","templated":true}]}}