{"id":1680,"date":"2025-10-25T07:05:47","date_gmt":"2025-10-25T07:05:47","guid":{"rendered":"https:\/\/www.youmushiguang.com\/?post_type=product&#038;p=1680"},"modified":"2025-10-27T06:36:20","modified_gmt":"2025-10-27T06:36:20","slug":"wholesale-office-reception-furniture","status":"publish","type":"product","link":"https:\/\/www.youmushiguang.com\/es\/product\/wholesale-office-reception-furniture\/","title":{"rendered":"Mayorista Muebles de Recepci\u00f3n de Oficina, Sof\u00e1 de Alta Calidad para Recepci\u00f3n de Oficina"},"content":{"rendered":"<div class=\"wp-block-columns is-layout-flex wp-container-core-columns-is-layout-9d6595d7 wp-block-columns-is-layout-flex\">\n<div class=\"wp-block-column is-layout-flow wp-block-column-is-layout-flow\" style=\"flex-basis:25%\"><\/div>\n\n\n\n<div class=\"wp-block-column is-layout-flow wp-block-column-is-layout-flow\" style=\"flex-basis:50%\">\n<figure class=\"wp-block-image size-full\"><img decoding=\"async\" width=\"750\" height=\"2348\" src=\"https:\/\/www.youmushiguang.com\/wp-content\/uploads\/2025\/10\/details-of-office-reception-furniture-1-1.webp\" alt=\"detalles del mobiliario de recepci\u00f3n de oficina (1)\" class=\"wp-image-1711\" srcset=\"https:\/\/www.youmushiguang.com\/wp-content\/uploads\/2025\/10\/details-of-office-reception-furniture-1-1.webp 750w, https:\/\/www.youmushiguang.com\/wp-content\/uploads\/2025\/10\/details-of-office-reception-furniture-1-1-96x300.webp 96w, https:\/\/www.youmushiguang.com\/wp-content\/uploads\/2025\/10\/details-of-office-reception-furniture-1-1-4x12.webp 4w, https:\/\/www.youmushiguang.com\/wp-content\/uploads\/2025\/10\/details-of-office-reception-furniture-1-1-600x1878.webp 600w\" sizes=\"(max-width: 750px) 100vw, 750px\" \/><\/figure>\n\n\n\n<figure class=\"wp-block-image size-full\"><img decoding=\"async\" width=\"750\" height=\"2417\" src=\"https:\/\/www.youmushiguang.com\/wp-content\/uploads\/2025\/10\/details-of-office-reception-furniture-2-1.webp\" alt=\"detalles del mobiliario de recepci\u00f3n de oficina (2)\" class=\"wp-image-1712\" srcset=\"https:\/\/www.youmushiguang.com\/wp-content\/uploads\/2025\/10\/details-of-office-reception-furniture-2-1.webp 750w, https:\/\/www.youmushiguang.com\/wp-content\/uploads\/2025\/10\/details-of-office-reception-furniture-2-1-93x300.webp 93w, https:\/\/www.youmushiguang.com\/wp-content\/uploads\/2025\/10\/details-of-office-reception-furniture-2-1-4x12.webp 4w, https:\/\/www.youmushiguang.com\/wp-content\/uploads\/2025\/10\/details-of-office-reception-furniture-2-1-600x1934.webp 600w\" sizes=\"(max-width: 750px) 100vw, 750px\" \/><\/figure>\n\n\n\n<figure class=\"wp-block-image size-full\"><img decoding=\"async\" width=\"750\" height=\"2562\" src=\"https:\/\/www.youmushiguang.com\/wp-content\/uploads\/2025\/10\/details-of-office-reception-furniture-3-1.webp\" alt=\"detalles del mobiliario de recepci\u00f3n de oficina (3)\" class=\"wp-image-1713\" srcset=\"https:\/\/www.youmushiguang.com\/wp-content\/uploads\/2025\/10\/details-of-office-reception-furniture-3-1.webp 750w, https:\/\/www.youmushiguang.com\/wp-content\/uploads\/2025\/10\/details-of-office-reception-furniture-3-1-88x300.webp 88w, https:\/\/www.youmushiguang.com\/wp-content\/uploads\/2025\/10\/details-of-office-reception-furniture-3-1-600x2050.webp 600w\" sizes=\"(max-width: 750px) 100vw, 750px\" \/><\/figure>\n\n\n\n<figure class=\"wp-block-image size-full\"><img decoding=\"async\" width=\"750\" height=\"2827\" src=\"https:\/\/www.youmushiguang.com\/wp-content\/uploads\/2025\/10\/details-of-office-reception-furniture-4-1.webp\" alt=\"detalles del mobiliario de recepci\u00f3n de oficina (4)\" class=\"wp-image-1714\" srcset=\"https:\/\/www.youmushiguang.com\/wp-content\/uploads\/2025\/10\/details-of-office-reception-furniture-4-1.webp 750w, https:\/\/www.youmushiguang.com\/wp-content\/uploads\/2025\/10\/details-of-office-reception-furniture-4-1-3x12.webp 3w, https:\/\/www.youmushiguang.com\/wp-content\/uploads\/2025\/10\/details-of-office-reception-furniture-4-1-600x2262.webp 600w\" sizes=\"(max-width: 750px) 100vw, 750px\" \/><\/figure>\n<\/div>\n\n\n\n<div class=\"wp-block-column is-layout-flow wp-block-column-is-layout-flow\" style=\"flex-basis:25%\"><\/div>\n<\/div>\n\n\n\n<div class=\"wp-block-columns is-layout-flex wp-container-core-columns-is-layout-9d6595d7 wp-block-columns-is-layout-flex\">\n<div class=\"wp-block-column is-layout-flow wp-block-column-is-layout-flow\" style=\"flex-basis:25%\"><\/div>\n\n\n\n<div class=\"wp-block-column is-layout-flow wp-block-column-is-layout-flow\" style=\"flex-basis:50%\"><\/div>\n\n\n\n<div class=\"wp-block-column is-layout-flow wp-block-column-is-layout-flow\" style=\"flex-basis:25%\"><\/div>\n<\/div>","protected":false},"excerpt":{"rendered":"<p>Los modernos conjuntos de muebles de recepci\u00f3n de oficina al por mayor, que combinan estilo y comodidad, incluyen un c\u00f3modo sof\u00e1, una elegante mesa de centro y un sill\u00f3n. Las configuraciones flexibles permiten distribuciones flexibles para adaptarse a salas de distintos tama\u00f1os.<\/p>\n<p>Como f\u00e1brica directa <a href=\"https:\/\/www.youmushiguang.com\/es\/about-us\/\" target=\"_blank\" rel=\"noopener\"><strong>proveedor de mobiliario comercial<\/strong><\/a>Ofrecemos precios al por mayor y servicios completos de personalizaci\u00f3n OEM y ODM. Bienvenido a contactar con nosotros.<\/p>\n<h2>Especificaciones de los muebles de recepci\u00f3n de oficina<\/h2>\n<table style=\"border-collapse: collapse; width: 501.02pt;\" border=\"0\" width=\"668\" cellspacing=\"0\" cellpadding=\"0\">\n<tbody>\n<tr style=\"height: 13.50pt;\">\n<td class=\"et2\" style=\"height: 13.50pt; width: 107.25pt;\" width=\"143\" height=\"18\">Modelo<\/td>\n<td class=\"et3\" style=\"width: 393.75pt;\" width=\"525\">1264<\/td>\n<\/tr>\n<tr style=\"height: 15.00pt;\">\n<td class=\"et2\" style=\"height: 15.00pt; width: 107.25pt;\" width=\"143\" height=\"20\">Categor\u00eda<\/td>\n<td class=\"et3\" style=\"width: 393.75pt;\" width=\"525\">Mueble de vest\u00edbulo\/Mueble de recepci\u00f3n de oficina<\/td>\n<\/tr>\n<tr style=\"height: 13.50pt;\">\n<td class=\"et2\" style=\"height: 13.50pt; width: 107.25pt;\" width=\"143\" height=\"18\">Nombre del producto<\/td>\n<td class=\"et3\" style=\"width: 393.75pt;\" width=\"525\">Mesas y sillas del vest\u00edbulo de recepci\u00f3n<\/td>\n<\/tr>\n<tr style=\"height: 27.00pt;\">\n<td class=\"et2\" style=\"height: 27.00pt; width: 107.25pt;\" width=\"143\" height=\"36\">Opciones de personalizaci\u00f3n<\/td>\n<td class=\"et3\" style=\"width: 393.75pt;\" width=\"525\">Estilo\/Color\/Talla\/Material<\/td>\n<\/tr>\n<tr style=\"height: 27.00pt;\">\n<td class=\"et2\" style=\"height: 27.00pt; width: 107.25pt;\" width=\"143\" height=\"36\">Silla<\/td>\n<td class=\"et3\" style=\"width: 393.75pt;\" width=\"525\">Armaz\u00f3n estable de madera maciza + piel napa ecol\u00f3gica + esponja de rebote de alta densidad<\/td>\n<\/tr>\n<tr style=\"height: 13.50pt;\">\n<td class=\"et2\" style=\"height: 13.50pt; width: 107.25pt;\" width=\"143\" height=\"18\">Cuadro<\/td>\n<td class=\"et3\" style=\"width: 393.75pt;\" width=\"525\">Tablero de MDF + marco de MDF (moldura integrada)<\/td>\n<\/tr>\n<tr style=\"height: 27.00pt;\">\n<td class=\"et2\" style=\"height: 27.00pt; width: 107.25pt;\" width=\"143\" height=\"36\">Sof\u00e1 largo<\/td>\n<td class=\"et3\" style=\"width: 393.75pt;\" width=\"525\">Armaz\u00f3n estable de madera maciza + piel napa ecol\u00f3gica + esponja de rebote de alta densidad<\/td>\n<\/tr>\n<tr style=\"height: 27.00pt;\">\n<td class=\"et2\" style=\"height: 27.00pt; width: 107.25pt;\" width=\"143\" height=\"36\">Escenario de aplicaci\u00f3n<\/td>\n<td class=\"et3\" style=\"width: 393.75pt;\" width=\"525\">Vest\u00edbulo del hotel\/sala de recepci\u00f3n\/4S Tienda\/zona de recepci\u00f3n\/oficina de ventas Zona de estar<\/td>\n<\/tr>\n<tr style=\"height: 13.50pt;\">\n<td class=\"et2\" style=\"height: 13.50pt; width: 107.25pt;\" width=\"143\" height=\"18\">Color<\/td>\n<td class=\"et3\" style=\"width: 393.75pt;\" width=\"525\">Blanco roto\/Gris (personalizable)<\/td>\n<\/tr>\n<tr style=\"height: 13.50pt;\">\n<td class=\"et2\" style=\"height: 13.50pt; width: 107.25pt;\" width=\"143\" height=\"18\">Material<\/td>\n<td class=\"et3\" style=\"width: 393.75pt;\" width=\"525\">MDF\/Piel\/Esponja<\/td>\n<\/tr>\n<tr style=\"height: 13.50pt;\">\n<td class=\"et2\" style=\"height: 13.50pt; width: 107.25pt;\" width=\"143\" height=\"18\">Estilo<\/td>\n<td class=\"et3\" style=\"width: 393.75pt;\" width=\"525\">Moderno y sencillo<\/td>\n<\/tr>\n<\/tbody>\n<\/table>\n<h2>\u00a0<\/h2>\n<p>\n<script src=\"chrome-extension:\/\/fpelahbljekknahkcaegamhcndkfpfnc\/iFrame.js\" type=\"text\/javascript\"><\/script><\/p>","protected":false},"featured_media":1701,"comment_status":"closed","ping_status":"closed","template":"","meta":{"_acf_changed":true},"product_brand":[],"product_cat":[23],"product_tag":[],"class_list":{"0":"post-1680","1":"product","2":"type-product","3":"status-publish","4":"has-post-thumbnail","6":"product_cat-wholesale-lobby-furniture","8":"first","9":"instock","10":"shipping-taxable","11":"product-type-simple"},"acf":[],"_links":{"self":[{"href":"https:\/\/www.youmushiguang.com\/es\/wp-json\/wp\/v2\/product\/1680","targetHints":{"allow":["GET"]}}],"collection":[{"href":"https:\/\/www.youmushiguang.com\/es\/wp-json\/wp\/v2\/product"}],"about":[{"href":"https:\/\/www.youmushiguang.com\/es\/wp-json\/wp\/v2\/types\/product"}],"replies":[{"embeddable":true,"href":"https:\/\/www.youmushiguang.com\/es\/wp-json\/wp\/v2\/comments?post=1680"}],"wp:featuredmedia":[{"embeddable":true,"href":"https:\/\/www.youmushiguang.com\/es\/wp-json\/wp\/v2\/media\/1701"}],"wp:attachment":[{"href":"https:\/\/www.youmushiguang.com\/es\/wp-json\/wp\/v2\/media?parent=1680"}],"wp:term":[{"taxonomy":"product_brand","embeddable":true,"href":"https:\/\/www.youmushiguang.com\/es\/wp-json\/wp\/v2\/product_brand?post=1680"},{"taxonomy":"product_cat","embeddable":true,"href":"https:\/\/www.youmushiguang.com\/es\/wp-json\/wp\/v2\/product_cat?post=1680"},{"taxonomy":"product_tag","embeddable":true,"href":"https:\/\/www.youmushiguang.com\/es\/wp-json\/wp\/v2\/product_tag?post=1680"}],"curies":[{"name":"wp","href":"https:\/\/api.w.org\/{rel}","templated":true}]}}