{"id":1841,"date":"2025-10-27T13:55:55","date_gmt":"2025-10-27T13:55:55","guid":{"rendered":"https:\/\/www.youmushiguang.com\/?post_type=product&#038;p=1841"},"modified":"2026-01-23T06:18:46","modified_gmt":"2026-01-23T06:18:46","slug":"bulk-restaurant-tables-and-chairs","status":"publish","type":"product","link":"https:\/\/www.youmushiguang.com\/es\/product\/bulk-restaurant-tables-and-chairs\/","title":{"rendered":"Venta al por mayor de sillas y mesas de restaurante - Fabricante y proveedor de mobiliario de restaurante"},"content":{"rendered":"<div class=\"wp-block-columns is-layout-flex wp-container-core-columns-is-layout-9d6595d7 wp-block-columns-is-layout-flex\">\n<div class=\"wp-block-column is-layout-flow wp-block-column-is-layout-flow\" style=\"flex-basis:25%\"><\/div>\n\n\n\n<div class=\"wp-block-column is-layout-flow wp-block-column-is-layout-flow\" style=\"flex-basis:50%\">\n<figure class=\"wp-block-image size-full\"><img decoding=\"async\" width=\"790\" height=\"380\" src=\"https:\/\/www.youmushiguang.com\/wp-content\/uploads\/2025\/10\/details-of-restaurant-tables-and-chairs-1.webp\" alt=\"detalles de mesas y sillas de restaurante (1)\" class=\"wp-image-1848\" srcset=\"https:\/\/www.youmushiguang.com\/wp-content\/uploads\/2025\/10\/details-of-restaurant-tables-and-chairs-1.webp 790w, https:\/\/www.youmushiguang.com\/wp-content\/uploads\/2025\/10\/details-of-restaurant-tables-and-chairs-1-300x144.webp 300w, https:\/\/www.youmushiguang.com\/wp-content\/uploads\/2025\/10\/details-of-restaurant-tables-and-chairs-1-768x369.webp 768w, https:\/\/www.youmushiguang.com\/wp-content\/uploads\/2025\/10\/details-of-restaurant-tables-and-chairs-1-18x9.webp 18w, https:\/\/www.youmushiguang.com\/wp-content\/uploads\/2025\/10\/details-of-restaurant-tables-and-chairs-1-600x289.webp 600w\" sizes=\"(max-width: 790px) 100vw, 790px\" \/><\/figure>\n\n\n\n<figure class=\"wp-block-image size-full\"><img decoding=\"async\" width=\"790\" height=\"1090\" src=\"https:\/\/www.youmushiguang.com\/wp-content\/uploads\/2025\/10\/details-of-restaurant-tables-and-chairs-2.webp\" alt=\"detalles de mesas y sillas de restaurante (2)\" class=\"wp-image-1849\" srcset=\"https:\/\/www.youmushiguang.com\/wp-content\/uploads\/2025\/10\/details-of-restaurant-tables-and-chairs-2.webp 790w, https:\/\/www.youmushiguang.com\/wp-content\/uploads\/2025\/10\/details-of-restaurant-tables-and-chairs-2-217x300.webp 217w, https:\/\/www.youmushiguang.com\/wp-content\/uploads\/2025\/10\/details-of-restaurant-tables-and-chairs-2-768x1060.webp 768w, https:\/\/www.youmushiguang.com\/wp-content\/uploads\/2025\/10\/details-of-restaurant-tables-and-chairs-2-9x12.webp 9w, https:\/\/www.youmushiguang.com\/wp-content\/uploads\/2025\/10\/details-of-restaurant-tables-and-chairs-2-600x828.webp 600w\" sizes=\"(max-width: 790px) 100vw, 790px\" \/><\/figure>\n\n\n\n<figure class=\"wp-block-image size-full\"><img decoding=\"async\" width=\"790\" height=\"1646\" src=\"https:\/\/www.youmushiguang.com\/wp-content\/uploads\/2025\/10\/details-of-restaurant-tables-and-chairs-3.webp\" alt=\"detalles de mesas y sillas de restaurante (3)\" class=\"wp-image-1850\" srcset=\"https:\/\/www.youmushiguang.com\/wp-content\/uploads\/2025\/10\/details-of-restaurant-tables-and-chairs-3.webp 790w, https:\/\/www.youmushiguang.com\/wp-content\/uploads\/2025\/10\/details-of-restaurant-tables-and-chairs-3-144x300.webp 144w, https:\/\/www.youmushiguang.com\/wp-content\/uploads\/2025\/10\/details-of-restaurant-tables-and-chairs-3-768x1600.webp 768w, https:\/\/www.youmushiguang.com\/wp-content\/uploads\/2025\/10\/details-of-restaurant-tables-and-chairs-3-6x12.webp 6w, https:\/\/www.youmushiguang.com\/wp-content\/uploads\/2025\/10\/details-of-restaurant-tables-and-chairs-3-600x1250.webp 600w\" sizes=\"(max-width: 790px) 100vw, 790px\" \/><\/figure>\n\n\n\n<figure class=\"wp-block-image size-full\"><img decoding=\"async\" width=\"790\" height=\"1013\" src=\"https:\/\/www.youmushiguang.com\/wp-content\/uploads\/2025\/10\/details-of-restaurant-tables-and-chairs-4.webp\" alt=\"detalles de mesas y sillas de restaurante (4)\" class=\"wp-image-1851\" srcset=\"https:\/\/www.youmushiguang.com\/wp-content\/uploads\/2025\/10\/details-of-restaurant-tables-and-chairs-4.webp 790w, https:\/\/www.youmushiguang.com\/wp-content\/uploads\/2025\/10\/details-of-restaurant-tables-and-chairs-4-234x300.webp 234w, https:\/\/www.youmushiguang.com\/wp-content\/uploads\/2025\/10\/details-of-restaurant-tables-and-chairs-4-768x985.webp 768w, https:\/\/www.youmushiguang.com\/wp-content\/uploads\/2025\/10\/details-of-restaurant-tables-and-chairs-4-9x12.webp 9w, https:\/\/www.youmushiguang.com\/wp-content\/uploads\/2025\/10\/details-of-restaurant-tables-and-chairs-4-600x769.webp 600w\" sizes=\"(max-width: 790px) 100vw, 790px\" \/><\/figure>\n\n\n\n<figure class=\"wp-block-image size-full\"><img decoding=\"async\" width=\"790\" height=\"2656\" src=\"https:\/\/www.youmushiguang.com\/wp-content\/uploads\/2025\/10\/details-of-restaurant-tables-and-chairs-5.webp\" alt=\"detalles de mesas y sillas de restaurante (5)\" class=\"wp-image-1852\" srcset=\"https:\/\/www.youmushiguang.com\/wp-content\/uploads\/2025\/10\/details-of-restaurant-tables-and-chairs-5.webp 790w, https:\/\/www.youmushiguang.com\/wp-content\/uploads\/2025\/10\/details-of-restaurant-tables-and-chairs-5-89x300.webp 89w, https:\/\/www.youmushiguang.com\/wp-content\/uploads\/2025\/10\/details-of-restaurant-tables-and-chairs-5-768x2582.webp 768w, https:\/\/www.youmushiguang.com\/wp-content\/uploads\/2025\/10\/details-of-restaurant-tables-and-chairs-5-4x12.webp 4w, https:\/\/www.youmushiguang.com\/wp-content\/uploads\/2025\/10\/details-of-restaurant-tables-and-chairs-5-600x2017.webp 600w\" sizes=\"(max-width: 790px) 100vw, 790px\" \/><\/figure>\n\n\n\n<figure class=\"wp-block-image size-full\"><img decoding=\"async\" width=\"790\" height=\"1043\" src=\"https:\/\/www.youmushiguang.com\/wp-content\/uploads\/2025\/10\/details-of-restaurant-tables-and-chairs-6.webp\" alt=\"detalles de mesas y sillas de restaurante (6)\" class=\"wp-image-1853\" srcset=\"https:\/\/www.youmushiguang.com\/wp-content\/uploads\/2025\/10\/details-of-restaurant-tables-and-chairs-6.webp 790w, https:\/\/www.youmushiguang.com\/wp-content\/uploads\/2025\/10\/details-of-restaurant-tables-and-chairs-6-227x300.webp 227w, https:\/\/www.youmushiguang.com\/wp-content\/uploads\/2025\/10\/details-of-restaurant-tables-and-chairs-6-768x1014.webp 768w, https:\/\/www.youmushiguang.com\/wp-content\/uploads\/2025\/10\/details-of-restaurant-tables-and-chairs-6-9x12.webp 9w, https:\/\/www.youmushiguang.com\/wp-content\/uploads\/2025\/10\/details-of-restaurant-tables-and-chairs-6-600x792.webp 600w\" sizes=\"(max-width: 790px) 100vw, 790px\" \/><\/figure>\n\n\n\n<figure class=\"wp-block-image size-full\"><img decoding=\"async\" width=\"790\" height=\"438\" src=\"https:\/\/www.youmushiguang.com\/wp-content\/uploads\/2025\/10\/details-of-restaurant-tables-and-chairs-7.webp\" alt=\"detalles de mesas y sillas de restaurante (7)\" class=\"wp-image-1854\" srcset=\"https:\/\/www.youmushiguang.com\/wp-content\/uploads\/2025\/10\/details-of-restaurant-tables-and-chairs-7.webp 790w, https:\/\/www.youmushiguang.com\/wp-content\/uploads\/2025\/10\/details-of-restaurant-tables-and-chairs-7-300x166.webp 300w, https:\/\/www.youmushiguang.com\/wp-content\/uploads\/2025\/10\/details-of-restaurant-tables-and-chairs-7-768x426.webp 768w, https:\/\/www.youmushiguang.com\/wp-content\/uploads\/2025\/10\/details-of-restaurant-tables-and-chairs-7-18x10.webp 18w, https:\/\/www.youmushiguang.com\/wp-content\/uploads\/2025\/10\/details-of-restaurant-tables-and-chairs-7-600x333.webp 600w\" sizes=\"(max-width: 790px) 100vw, 790px\" \/><\/figure>\n\n\n\n<figure class=\"wp-block-image size-full\"><img decoding=\"async\" width=\"790\" height=\"1034\" src=\"https:\/\/www.youmushiguang.com\/wp-content\/uploads\/2025\/10\/details-of-restaurant-tables-and-chairs-8.webp\" alt=\"detalles de mesas y sillas de restaurante (8)\" class=\"wp-image-1855\" srcset=\"https:\/\/www.youmushiguang.com\/wp-content\/uploads\/2025\/10\/details-of-restaurant-tables-and-chairs-8.webp 790w, https:\/\/www.youmushiguang.com\/wp-content\/uploads\/2025\/10\/details-of-restaurant-tables-and-chairs-8-229x300.webp 229w, https:\/\/www.youmushiguang.com\/wp-content\/uploads\/2025\/10\/details-of-restaurant-tables-and-chairs-8-768x1005.webp 768w, https:\/\/www.youmushiguang.com\/wp-content\/uploads\/2025\/10\/details-of-restaurant-tables-and-chairs-8-9x12.webp 9w, https:\/\/www.youmushiguang.com\/wp-content\/uploads\/2025\/10\/details-of-restaurant-tables-and-chairs-8-600x785.webp 600w\" sizes=\"(max-width: 790px) 100vw, 790px\" \/><\/figure>\n\n\n\n<figure class=\"wp-block-image size-full\"><img decoding=\"async\" width=\"790\" height=\"1425\" src=\"https:\/\/www.youmushiguang.com\/wp-content\/uploads\/2025\/10\/details-of-restaurant-tables-and-chairs-9.webp\" alt=\"detalles de mesas y sillas de restaurante (9)\" class=\"wp-image-1856\" srcset=\"https:\/\/www.youmushiguang.com\/wp-content\/uploads\/2025\/10\/details-of-restaurant-tables-and-chairs-9.webp 790w, https:\/\/www.youmushiguang.com\/wp-content\/uploads\/2025\/10\/details-of-restaurant-tables-and-chairs-9-166x300.webp 166w, https:\/\/www.youmushiguang.com\/wp-content\/uploads\/2025\/10\/details-of-restaurant-tables-and-chairs-9-768x1385.webp 768w, https:\/\/www.youmushiguang.com\/wp-content\/uploads\/2025\/10\/details-of-restaurant-tables-and-chairs-9-7x12.webp 7w, https:\/\/www.youmushiguang.com\/wp-content\/uploads\/2025\/10\/details-of-restaurant-tables-and-chairs-9-600x1082.webp 600w\" sizes=\"(max-width: 790px) 100vw, 790px\" \/><\/figure>\n<\/div>\n\n\n\n<div class=\"wp-block-column is-layout-flow wp-block-column-is-layout-flow\" style=\"flex-basis:25%\"><\/div>\n<\/div>","protected":false},"excerpt":{"rendered":"<p>Bienvenido a comprar muebles de restaurante al por mayor al por mayor. Como fabricante profesional de muebles de restaurante, ofrecemos mesas y sillas de restaurante de madera de alta calidad dise\u00f1adas espec\u00edficamente para espacios de comedor modernos. Este conjunto de muebles combina un dise\u00f1o minimalista, construcci\u00f3n de madera maciza duradera y comodidad ergon\u00f3mica, creando un ambiente c\u00e1lido y acogedor que mejora la experiencia gastron\u00f3mica de sus clientes.<\/p>\n<p>Nuestra <strong><a href=\"https:\/\/www.youmushiguang.com\/es\/product-category\/wholesale-restaurant-furniture\/\" target=\"_blank\" rel=\"noopener\">Mobiliario para restaurantes al por mayor<\/a><\/strong> est\u00e1 disponible en una gran variedad de tama\u00f1os, acabados y configuraciones para adaptarse a los distintos dise\u00f1os de interior y necesidades de marca. Ofrecemos servicios de mobiliario personalizado OEM y ODM para distintos tipos de restaurantes. P\u00f3ngase en contacto con nosotros hoy mismo.<\/p>\n<h2>Especificaciones de las mesas y sillas de restaurante<\/h2>\n<table style=\"border-collapse: collapse; width: 501.02pt;\" border=\"0\" width=\"668\" cellspacing=\"0\" cellpadding=\"0\">\n<tbody>\n<tr style=\"height: 13.50pt;\">\n<td class=\"et2\" style=\"height: 13.50pt; width: 107.25pt;\" width=\"143\" height=\"18\">Modelo<\/td>\n<td class=\"et3\" style=\"width: 393.75pt;\" width=\"525\">1212<\/td>\n<\/tr>\n<tr style=\"height: 13.50pt;\">\n<td class=\"et2\" style=\"height: 13.50pt; width: 107.25pt;\" width=\"143\" height=\"18\">Categor\u00eda<\/td>\n<td class=\"et3\" style=\"width: 393.75pt;\" width=\"525\">Mobiliario de restaurante<\/td>\n<\/tr>\n<tr style=\"height: 13.50pt;\">\n<td class=\"et2\" style=\"height: 13.50pt; width: 107.25pt;\" width=\"143\" height=\"18\">Nombre del producto<\/td>\n<td class=\"et3\" style=\"width: 393.75pt;\" width=\"525\">Sillas y mesas de restaurante de madera maciza de estilo industrial<\/td>\n<\/tr>\n<tr style=\"height: 27.00pt;\">\n<td class=\"et2\" style=\"height: 27.00pt; width: 107.25pt;\" width=\"143\" height=\"36\">Opciones de personalizaci\u00f3n<\/td>\n<td class=\"et3\" style=\"width: 393.75pt;\" width=\"525\">Estilo\/Color\/Talla\/Material<\/td>\n<\/tr>\n<tr style=\"height: 27.00pt;\">\n<td class=\"et2\" style=\"height: 27.00pt; width: 107.25pt;\" width=\"143\" height=\"36\">Silla<\/td>\n<td class=\"et3\" style=\"width: 393.75pt;\" width=\"525\">Armaz\u00f3n de madera maciza + piel napa respetuosa con la piel + esponja de rebote de alta densidad<\/td>\n<\/tr>\n<tr style=\"height: 13.50pt;\">\n<td class=\"et2\" style=\"height: 13.50pt; width: 107.25pt;\" width=\"143\" height=\"18\">Cuadro<\/td>\n<td class=\"et3\" style=\"width: 393.75pt;\" width=\"525\">Marco de madera maciza multicapa + herrajes engrosados de alta calidad<\/td>\n<\/tr>\n<tr style=\"height: 27.00pt;\">\n<td class=\"et2\" style=\"height: 27.00pt; width: 107.25pt;\" width=\"143\" height=\"36\">Escenario de aplicaci\u00f3n<\/td>\n<td class=\"et3\" style=\"width: 393.75pt;\" width=\"525\">Restaurante tem\u00e1tico\/taberna\/restaurante occidental\/restaurante sencillo<\/td>\n<\/tr>\n<tr style=\"height: 13.50pt;\">\n<td class=\"et2\" style=\"height: 13.50pt; width: 107.25pt;\" width=\"143\" height=\"18\">Color<\/td>\n<td class=\"et3\" style=\"width: 393.75pt;\" width=\"525\">Nogal claro\/Negro (personalizable)<\/td>\n<\/tr>\n<tr style=\"height: 13.50pt;\">\n<td class=\"et2\" style=\"height: 13.50pt; width: 107.25pt;\" width=\"143\" height=\"18\">Material<\/td>\n<td class=\"et3\" style=\"width: 393.75pt;\" width=\"525\">Contrachapado\/Metal\/Cuero\/Esponja<\/td>\n<\/tr>\n<tr style=\"height: 13.50pt;\">\n<td class=\"et2\" style=\"height: 13.50pt; width: 107.25pt;\" width=\"143\" height=\"18\">Estilo<\/td>\n<td class=\"et3\" style=\"width: 393.75pt;\" width=\"525\">Estilo industrial<\/td>\n<\/tr>\n<\/tbody>\n<\/table>\n<p>&nbsp;<\/p>\n<p>\n<script src=\"chrome-extension:\/\/fpelahbljekknahkcaegamhcndkfpfnc\/iFrame.js\" type=\"text\/javascript\"><\/script><\/p>","protected":false},"featured_media":1842,"comment_status":"closed","ping_status":"closed","template":"","meta":{"_acf_changed":true},"product_brand":[],"product_cat":[24,40],"product_tag":[],"class_list":{"0":"post-1841","1":"product","2":"type-product","3":"status-publish","4":"has-post-thumbnail","6":"product_cat-wholesale-restaurant-furniture","7":"product_cat-wholesale-southeast-asian-style-restaurant-furniture","9":"first","10":"instock","11":"shipping-taxable","12":"product-type-simple"},"acf":[],"_links":{"self":[{"href":"https:\/\/www.youmushiguang.com\/es\/wp-json\/wp\/v2\/product\/1841","targetHints":{"allow":["GET"]}}],"collection":[{"href":"https:\/\/www.youmushiguang.com\/es\/wp-json\/wp\/v2\/product"}],"about":[{"href":"https:\/\/www.youmushiguang.com\/es\/wp-json\/wp\/v2\/types\/product"}],"replies":[{"embeddable":true,"href":"https:\/\/www.youmushiguang.com\/es\/wp-json\/wp\/v2\/comments?post=1841"}],"wp:featuredmedia":[{"embeddable":true,"href":"https:\/\/www.youmushiguang.com\/es\/wp-json\/wp\/v2\/media\/1842"}],"wp:attachment":[{"href":"https:\/\/www.youmushiguang.com\/es\/wp-json\/wp\/v2\/media?parent=1841"}],"wp:term":[{"taxonomy":"product_brand","embeddable":true,"href":"https:\/\/www.youmushiguang.com\/es\/wp-json\/wp\/v2\/product_brand?post=1841"},{"taxonomy":"product_cat","embeddable":true,"href":"https:\/\/www.youmushiguang.com\/es\/wp-json\/wp\/v2\/product_cat?post=1841"},{"taxonomy":"product_tag","embeddable":true,"href":"https:\/\/www.youmushiguang.com\/es\/wp-json\/wp\/v2\/product_tag?post=1841"}],"curies":[{"name":"wp","href":"https:\/\/api.w.org\/{rel}","templated":true}]}}