{"id":1904,"date":"2025-10-28T02:37:36","date_gmt":"2025-10-28T02:37:36","guid":{"rendered":"https:\/\/www.youmushiguang.com\/?post_type=product&#038;p=1904"},"modified":"2026-01-23T06:17:56","modified_gmt":"2026-01-23T06:17:56","slug":"wholesale-commercial-restaurant-table-and-chair-set","status":"publish","type":"product","link":"https:\/\/www.youmushiguang.com\/es\/product\/wholesale-commercial-restaurant-table-and-chair-set\/","title":{"rendered":"Conjunto de mesa y sillas para restaurante comercial al por mayor: estructura de madera maciza, respaldo de rat\u00e1n y tablero de m\u00e1rmol."},"content":{"rendered":"<div class=\"wp-block-columns is-layout-flex wp-container-core-columns-is-layout-9d6595d7 wp-block-columns-is-layout-flex\">\n<div class=\"wp-block-column is-layout-flow wp-block-column-is-layout-flow\" style=\"flex-basis:25%\"><\/div>\n\n\n\n<div class=\"wp-block-column is-layout-flow wp-block-column-is-layout-flow\" style=\"flex-basis:50%\">\n<figure class=\"wp-block-image size-full\"><img decoding=\"async\" width=\"750\" height=\"2451\" src=\"https:\/\/www.youmushiguang.com\/wp-content\/uploads\/2025\/10\/details-of-restaurant-furniture-1.webp\" alt=\"detalles del mobiliario del restaurante (1)\" class=\"wp-image-1923\" srcset=\"https:\/\/www.youmushiguang.com\/wp-content\/uploads\/2025\/10\/details-of-restaurant-furniture-1.webp 750w, https:\/\/www.youmushiguang.com\/wp-content\/uploads\/2025\/10\/details-of-restaurant-furniture-1-92x300.webp 92w, https:\/\/www.youmushiguang.com\/wp-content\/uploads\/2025\/10\/details-of-restaurant-furniture-1-4x12.webp 4w, https:\/\/www.youmushiguang.com\/wp-content\/uploads\/2025\/10\/details-of-restaurant-furniture-1-600x1961.webp 600w\" sizes=\"(max-width: 750px) 100vw, 750px\" \/><\/figure>\n\n\n\n<figure class=\"wp-block-image size-full\"><img decoding=\"async\" width=\"750\" height=\"2422\" src=\"https:\/\/www.youmushiguang.com\/wp-content\/uploads\/2025\/10\/details-of-restaurant-furniture-2.webp\" alt=\"detalles del mobiliario del restaurante (2)\" class=\"wp-image-1924\" srcset=\"https:\/\/www.youmushiguang.com\/wp-content\/uploads\/2025\/10\/details-of-restaurant-furniture-2.webp 750w, https:\/\/www.youmushiguang.com\/wp-content\/uploads\/2025\/10\/details-of-restaurant-furniture-2-93x300.webp 93w, https:\/\/www.youmushiguang.com\/wp-content\/uploads\/2025\/10\/details-of-restaurant-furniture-2-4x12.webp 4w, https:\/\/www.youmushiguang.com\/wp-content\/uploads\/2025\/10\/details-of-restaurant-furniture-2-600x1938.webp 600w\" sizes=\"(max-width: 750px) 100vw, 750px\" \/><\/figure>\n\n\n\n<figure class=\"wp-block-image size-full\"><img decoding=\"async\" width=\"750\" height=\"2589\" src=\"https:\/\/www.youmushiguang.com\/wp-content\/uploads\/2025\/10\/details-of-restaurant-furniture-3.webp\" alt=\"detalles del mobiliario del restaurante (3)\" class=\"wp-image-1925\" srcset=\"https:\/\/www.youmushiguang.com\/wp-content\/uploads\/2025\/10\/details-of-restaurant-furniture-3.webp 750w, https:\/\/www.youmushiguang.com\/wp-content\/uploads\/2025\/10\/details-of-restaurant-furniture-3-87x300.webp 87w, https:\/\/www.youmushiguang.com\/wp-content\/uploads\/2025\/10\/details-of-restaurant-furniture-3-600x2071.webp 600w\" sizes=\"(max-width: 750px) 100vw, 750px\" \/><\/figure>\n\n\n\n<figure class=\"wp-block-image size-full\"><img decoding=\"async\" width=\"750\" height=\"2784\" src=\"https:\/\/www.youmushiguang.com\/wp-content\/uploads\/2025\/10\/details-of-restaurant-furniture-4.webp\" alt=\"detalles del mobiliario del restaurante (4)\" class=\"wp-image-1926\" srcset=\"https:\/\/www.youmushiguang.com\/wp-content\/uploads\/2025\/10\/details-of-restaurant-furniture-4.webp 750w, https:\/\/www.youmushiguang.com\/wp-content\/uploads\/2025\/10\/details-of-restaurant-furniture-4-81x300.webp 81w, https:\/\/www.youmushiguang.com\/wp-content\/uploads\/2025\/10\/details-of-restaurant-furniture-4-3x12.webp 3w, https:\/\/www.youmushiguang.com\/wp-content\/uploads\/2025\/10\/details-of-restaurant-furniture-4-600x2227.webp 600w\" sizes=\"(max-width: 750px) 100vw, 750px\" \/><\/figure>\n\n\n\n<figure class=\"wp-block-image size-full\"><img decoding=\"async\" width=\"750\" height=\"1032\" src=\"https:\/\/www.youmushiguang.com\/wp-content\/uploads\/2025\/10\/details-of-restaurant-furniture-5.webp\" alt=\"detalles del mobiliario del restaurante (5)\" class=\"wp-image-1927\" srcset=\"https:\/\/www.youmushiguang.com\/wp-content\/uploads\/2025\/10\/details-of-restaurant-furniture-5.webp 750w, https:\/\/www.youmushiguang.com\/wp-content\/uploads\/2025\/10\/details-of-restaurant-furniture-5-218x300.webp 218w, https:\/\/www.youmushiguang.com\/wp-content\/uploads\/2025\/10\/details-of-restaurant-furniture-5-9x12.webp 9w, https:\/\/www.youmushiguang.com\/wp-content\/uploads\/2025\/10\/details-of-restaurant-furniture-5-600x826.webp 600w\" sizes=\"(max-width: 750px) 100vw, 750px\" \/><\/figure>\n<\/div>\n\n\n\n<div class=\"wp-block-column is-layout-flow wp-block-column-is-layout-flow\" style=\"flex-basis:25%\"><\/div>\n<\/div>","protected":false},"excerpt":{"rendered":"<p>Este vers\u00e1til juego de comedor comercial, con un elegante, <strong>tablero de m\u00e1rmol<\/strong> emparejado con naturales <strong>sillas de madera con respaldo de rat\u00e1n<\/strong> y asientos acolchados, es ideal para establecimientos que buscan una est\u00e9tica ligera, contempor\u00e1nea y acogedora. Adecuado para restaurantes de desayunos, casas de postres y t\u00e9, tiendas de t\u00e9 con leche y cafeter\u00edas, etc.<\/p>\n<p>Como fabricante profesional de muebles para restaurantes, ofrecemos presupuestos de f\u00e1brica y prestamos servicios de OEM y ODM. Le invitamos a ponerse en contacto con nosotros.<\/p>\n<h2>Especificaciones del juego de mesa y silla para restaurante comercial\u00a0<\/h2>\n<table style=\"border-collapse: collapse; width: 501.02pt;\" border=\"0\" width=\"668\" cellspacing=\"0\" cellpadding=\"0\">\n<tbody>\n<tr style=\"height: 13.50pt;\">\n<td class=\"et2\" style=\"height: 13.50pt; width: 107.25pt;\" width=\"143\" height=\"18\">Modelo<\/td>\n<td class=\"et3\" style=\"width: 393.75pt;\" width=\"525\">1389<\/td>\n<\/tr>\n<tr style=\"height: 13.50pt;\">\n<td class=\"et2\" style=\"height: 13.50pt; width: 107.25pt;\" width=\"143\" height=\"18\">Categor\u00eda<\/td>\n<td class=\"et3\" style=\"width: 393.75pt;\" width=\"525\">Mobiliario de restaurante<\/td>\n<\/tr>\n<tr style=\"height: 13.50pt;\">\n<td class=\"et2\" style=\"height: 13.50pt; width: 107.25pt;\" width=\"143\" height=\"18\">Nombre del producto<\/td>\n<td class=\"et3\" style=\"width: 393.75pt;\" width=\"525\">Mesas y sillas de rat\u00e1n para restaurantes de estilo tailand\u00e9s<\/td>\n<\/tr>\n<tr style=\"height: 27.00pt;\">\n<td class=\"et2\" style=\"height: 27.00pt; width: 107.25pt;\" width=\"143\" height=\"36\">Opciones de personalizaci\u00f3n<\/td>\n<td class=\"et3\" style=\"width: 393.75pt;\" width=\"525\">Estilo\/Color\/Talla\/Material<\/td>\n<\/tr>\n<tr style=\"height: 27.00pt;\">\n<td class=\"et2\" style=\"height: 27.00pt; width: 107.25pt;\" width=\"143\" height=\"36\">Silla<\/td>\n<td class=\"et3\" style=\"width: 393.75pt;\" width=\"525\">Estructura de madera maciza + cuero napa respetuoso con el medio ambiente + esponja de rebote de alta densidad + rat\u00e1n PE respetuoso con el medio ambiente<\/td>\n<\/tr>\n<tr style=\"height: 27.00pt;\">\n<td class=\"et2\" style=\"height: 27.00pt; width: 107.25pt;\" width=\"143\" height=\"36\">Cuadro<\/td>\n<td class=\"et3\" style=\"width: 393.75pt;\" width=\"525\">Escritorio de tablero de roca de alta dureza envuelto en madera maciza + marco met\u00e1lico de alta calidad<\/td>\n<\/tr>\n<tr style=\"height: 27.00pt;\">\n<td class=\"et2\" style=\"height: 27.00pt; width: 107.25pt;\" width=\"143\" height=\"36\">Stand<\/td>\n<td class=\"et3\" style=\"width: 393.75pt;\" width=\"525\">Estructura de madera maciza + cuero napa respetuoso con el medio ambiente + esponja de rebote de alta densidad + rat\u00e1n PE respetuoso con el medio ambiente<\/td>\n<\/tr>\n<tr style=\"height: 27.00pt;\">\n<td class=\"et2\" style=\"height: 27.00pt; width: 107.25pt;\" width=\"143\" height=\"36\">Escenario de aplicaci\u00f3n<\/td>\n<td class=\"et3\" style=\"width: 393.75pt;\" width=\"525\">Restaurante tailand\u00e9s \/ Restaurante tem\u00e1tico \/ Restaurante de t\u00e9 \/ Restaurante occidental<\/td>\n<\/tr>\n<tr style=\"height: 13.50pt;\">\n<td class=\"et2\" style=\"height: 13.50pt; width: 107.25pt;\" width=\"143\" height=\"18\">Color<\/td>\n<td class=\"et3\" style=\"width: 393.75pt;\" width=\"525\">Tono marr\u00f3n c\u00e1lido \/ blanco roto (personalizable)<\/td>\n<\/tr>\n<tr style=\"height: 13.50pt;\">\n<td class=\"et2\" style=\"height: 13.50pt; width: 107.25pt;\" width=\"143\" height=\"18\">Material<\/td>\n<td class=\"et3\" style=\"width: 393.75pt;\" width=\"525\">Madera maciza \/ Metal \/ Cuero \/ Esponja<\/td>\n<\/tr>\n<tr style=\"height: 13.50pt;\">\n<td class=\"et2\" style=\"height: 13.50pt; width: 107.25pt;\" width=\"143\" height=\"18\">Estilo<\/td>\n<td class=\"et3\" style=\"width: 393.75pt;\" width=\"525\">Estilo del sudeste asi\u00e1tico<\/td>\n<\/tr>\n<\/tbody>\n<\/table>\n<p>&nbsp;<\/p>\n<p>\n<script src=\"chrome-extension:\/\/fpelahbljekknahkcaegamhcndkfpfnc\/iFrame.js\" type=\"text\/javascript\"><\/script><\/p>","protected":false},"featured_media":1911,"comment_status":"closed","ping_status":"closed","template":"","meta":{"_acf_changed":true},"product_brand":[],"product_cat":[24,40],"product_tag":[],"class_list":{"0":"post-1904","1":"product","2":"type-product","3":"status-publish","4":"has-post-thumbnail","6":"product_cat-wholesale-restaurant-furniture","7":"product_cat-wholesale-southeast-asian-style-restaurant-furniture","9":"first","10":"instock","11":"shipping-taxable","12":"product-type-simple"},"acf":[],"_links":{"self":[{"href":"https:\/\/www.youmushiguang.com\/es\/wp-json\/wp\/v2\/product\/1904","targetHints":{"allow":["GET"]}}],"collection":[{"href":"https:\/\/www.youmushiguang.com\/es\/wp-json\/wp\/v2\/product"}],"about":[{"href":"https:\/\/www.youmushiguang.com\/es\/wp-json\/wp\/v2\/types\/product"}],"replies":[{"embeddable":true,"href":"https:\/\/www.youmushiguang.com\/es\/wp-json\/wp\/v2\/comments?post=1904"}],"wp:featuredmedia":[{"embeddable":true,"href":"https:\/\/www.youmushiguang.com\/es\/wp-json\/wp\/v2\/media\/1911"}],"wp:attachment":[{"href":"https:\/\/www.youmushiguang.com\/es\/wp-json\/wp\/v2\/media?parent=1904"}],"wp:term":[{"taxonomy":"product_brand","embeddable":true,"href":"https:\/\/www.youmushiguang.com\/es\/wp-json\/wp\/v2\/product_brand?post=1904"},{"taxonomy":"product_cat","embeddable":true,"href":"https:\/\/www.youmushiguang.com\/es\/wp-json\/wp\/v2\/product_cat?post=1904"},{"taxonomy":"product_tag","embeddable":true,"href":"https:\/\/www.youmushiguang.com\/es\/wp-json\/wp\/v2\/product_tag?post=1904"}],"curies":[{"name":"wp","href":"https:\/\/api.w.org\/{rel}","templated":true}]}}