{"id":2462,"date":"2025-12-05T05:53:59","date_gmt":"2025-12-05T05:53:59","guid":{"rendered":"https:\/\/www.youmushiguang.com\/?post_type=product&#038;p=2462"},"modified":"2026-01-23T06:13:43","modified_gmt":"2026-01-23T06:13:43","slug":"wholesale-restaurant-furniture-booths-tables-chairs-2","status":"publish","type":"product","link":"https:\/\/www.youmushiguang.com\/es\/product\/wholesale-restaurant-furniture-booths-tables-chairs-2\/","title":{"rendered":"Venta al por mayor de muebles para restaurantes - Servicio integral de asistencia OEM y ODM"},"content":{"rendered":"<div class=\"wp-block-columns is-layout-flex wp-container-core-columns-is-layout-9d6595d7 wp-block-columns-is-layout-flex\">\n<div class=\"wp-block-column is-layout-flow wp-block-column-is-layout-flow\" style=\"flex-basis:25%\"><\/div>\n\n\n\n<div class=\"wp-block-column is-layout-flow wp-block-column-is-layout-flow\" style=\"flex-basis:50%\">\n<figure class=\"wp-block-image size-full\"><img decoding=\"async\" width=\"750\" height=\"2534\" src=\"https:\/\/www.youmushiguang.com\/wp-content\/uploads\/2025\/12\/Details-of-Restaurant-furniture-1-1.webp\" alt=\"\" class=\"wp-image-2464\" srcset=\"https:\/\/www.youmushiguang.com\/wp-content\/uploads\/2025\/12\/Details-of-Restaurant-furniture-1-1.webp 750w, https:\/\/www.youmushiguang.com\/wp-content\/uploads\/2025\/12\/Details-of-Restaurant-furniture-1-1-89x300.webp 89w, https:\/\/www.youmushiguang.com\/wp-content\/uploads\/2025\/12\/Details-of-Restaurant-furniture-1-1-600x2027.webp 600w\" sizes=\"(max-width: 750px) 100vw, 750px\" \/><\/figure>\n\n\n\n<figure class=\"wp-block-image size-full\"><img decoding=\"async\" width=\"750\" height=\"2412\" src=\"https:\/\/www.youmushiguang.com\/wp-content\/uploads\/2025\/12\/Details-of-Restaurant-furniture-2-1.webp\" alt=\"\" class=\"wp-image-2465\" srcset=\"https:\/\/www.youmushiguang.com\/wp-content\/uploads\/2025\/12\/Details-of-Restaurant-furniture-2-1.webp 750w, https:\/\/www.youmushiguang.com\/wp-content\/uploads\/2025\/12\/Details-of-Restaurant-furniture-2-1-93x300.webp 93w, https:\/\/www.youmushiguang.com\/wp-content\/uploads\/2025\/12\/Details-of-Restaurant-furniture-2-1-4x12.webp 4w, https:\/\/www.youmushiguang.com\/wp-content\/uploads\/2025\/12\/Details-of-Restaurant-furniture-2-1-600x1930.webp 600w\" sizes=\"(max-width: 750px) 100vw, 750px\" \/><\/figure>\n\n\n\n<figure class=\"wp-block-image size-full\"><img decoding=\"async\" width=\"750\" height=\"2551\" src=\"https:\/\/www.youmushiguang.com\/wp-content\/uploads\/2025\/12\/Details-of-Restaurant-furniture-3-1.webp\" alt=\"\" class=\"wp-image-2466\" srcset=\"https:\/\/www.youmushiguang.com\/wp-content\/uploads\/2025\/12\/Details-of-Restaurant-furniture-3-1.webp 750w, https:\/\/www.youmushiguang.com\/wp-content\/uploads\/2025\/12\/Details-of-Restaurant-furniture-3-1-88x300.webp 88w, https:\/\/www.youmushiguang.com\/wp-content\/uploads\/2025\/12\/Details-of-Restaurant-furniture-3-1-600x2041.webp 600w\" sizes=\"(max-width: 750px) 100vw, 750px\" \/><\/figure>\n\n\n\n<figure class=\"wp-block-image size-full\"><img decoding=\"async\" width=\"750\" height=\"1369\" src=\"https:\/\/www.youmushiguang.com\/wp-content\/uploads\/2025\/12\/Details-of-Restaurant-furniture-4-1.webp\" alt=\"\" class=\"wp-image-2467\" srcset=\"https:\/\/www.youmushiguang.com\/wp-content\/uploads\/2025\/12\/Details-of-Restaurant-furniture-4-1.webp 750w, https:\/\/www.youmushiguang.com\/wp-content\/uploads\/2025\/12\/Details-of-Restaurant-furniture-4-1-164x300.webp 164w, https:\/\/www.youmushiguang.com\/wp-content\/uploads\/2025\/12\/Details-of-Restaurant-furniture-4-1-7x12.webp 7w, https:\/\/www.youmushiguang.com\/wp-content\/uploads\/2025\/12\/Details-of-Restaurant-furniture-4-1-600x1095.webp 600w\" sizes=\"(max-width: 750px) 100vw, 750px\" \/><\/figure>\n<\/div>\n\n\n\n<div class=\"wp-block-column is-layout-flow wp-block-column-is-layout-flow\" style=\"flex-basis:25%\"><\/div>\n<\/div>\n\n\n\n<p><\/p>","protected":false},"excerpt":{"rendered":"<p>Como <a href=\"https:\/\/www.youmushiguang.com\/es\/product-category\/wholesale-restaurant-furniture\/\"><strong>fabricante profesional de muebles para restaurantes<\/strong><\/a>, Ofrecemos una l\u00ednea completa de muebles de restaurante al por mayor, incluyendo cabinas, mesas de comedor y sillas. Nuestros muebles combinan la est\u00e9tica moderna, la comodidad ergon\u00f3mica y la durabilidad comercial, por lo que son ideales tanto para restaurantes peque\u00f1os como para grandes cadenas de restaurantes. Tambi\u00e9n disponemos de servicios OEM y ODM, que le permiten personalizar materiales, colores, tama\u00f1os y dise\u00f1os para adaptarlos a la tem\u00e1tica y la marca de su restaurante. P\u00f3ngase en contacto con nosotros hoy mismo.<\/p>\n<h2>Especificaciones del mobiliario para restaurantes<\/h2>\n<table style=\"border-collapse: collapse; width: 501.02pt;\" border=\"0\" width=\"668\" cellspacing=\"0\" cellpadding=\"0\">\n<tbody>\n<tr style=\"height: 13.50pt;\">\n<td class=\"et2\" style=\"height: 13.50pt; width: 107.25pt;\" width=\"143\" height=\"18\">Modelo<\/td>\n<td class=\"et3\" style=\"width: 393.75pt;\" width=\"525\">1618<\/td>\n<\/tr>\n<tr style=\"height: 13.50pt;\">\n<td class=\"et2\" style=\"height: 13.50pt; width: 107.25pt;\" width=\"143\" height=\"18\">Categor\u00eda<\/td>\n<td class=\"et3\" style=\"width: 393.75pt;\" width=\"525\">mobiliario de restaurante<\/td>\n<\/tr>\n<tr style=\"height: 13.50pt;\">\n<td class=\"et2\" style=\"height: 13.50pt; width: 107.25pt;\" width=\"143\" height=\"18\">Nombre del producto<\/td>\n<td class=\"et3\" style=\"width: 393.75pt;\" width=\"525\">juegos de mesa y silla para restaurante<\/td>\n<\/tr>\n<tr style=\"height: 27.00pt;\">\n<td class=\"et2\" style=\"height: 27.00pt; width: 107.25pt;\" width=\"143\" height=\"36\">Opciones de personalizaci\u00f3n<\/td>\n<td class=\"et3\" style=\"width: 393.75pt;\" width=\"525\">Estilo\/Color\/Talla\/Material<\/td>\n<\/tr>\n<tr style=\"height: 13.50pt;\">\n<td class=\"et2\" style=\"height: 13.50pt; width: 107.25pt;\" width=\"143\" height=\"18\">Cuadro<\/td>\n<td class=\"et3\" style=\"width: 393.75pt;\" width=\"525\">Tablero contrachapado multicapa + patas de metal<\/td>\n<\/tr>\n<tr style=\"height: 13.50pt;\">\n<td class=\"et2\" style=\"height: 13.50pt; width: 107.25pt;\" width=\"143\" height=\"18\">Silla<\/td>\n<td class=\"et3\" style=\"width: 393.75pt;\" width=\"525\">Madera maciza + rat\u00e1n tejido<\/td>\n<\/tr>\n<tr style=\"height: 27.00pt;\">\n<td class=\"et2\" style=\"height: 27.00pt; width: 107.25pt;\" width=\"143\" height=\"36\">Stand<\/td>\n<td class=\"et3\" style=\"width: 393.75pt;\" width=\"525\">Estructura de madera maciza multicapa + piel napa ecol\u00f3gica + espuma el\u00e1stica de alta densidad<\/td>\n<\/tr>\n<tr style=\"height: 27.00pt;\">\n<td class=\"et2\" style=\"height: 27.00pt; width: 107.25pt;\" width=\"143\" height=\"36\">Escenario de aplicaci\u00f3n<\/td>\n<td class=\"et3\" style=\"width: 393.75pt;\" width=\"525\">Restaurantes\/ restaurante de comida r\u00e1pida\/ tienda de fideos<\/td>\n<\/tr>\n<tr style=\"height: 13.50pt;\">\n<td class=\"et2\" style=\"height: 13.50pt; width: 107.25pt;\" width=\"143\" height=\"18\">Color<\/td>\n<td class=\"et3\" style=\"width: 393.75pt;\" width=\"525\">Nogal\/Blanco roto (personalizable)<\/td>\n<\/tr>\n<tr style=\"height: 13.50pt;\">\n<td class=\"et2\" style=\"height: 13.50pt; width: 107.25pt;\" width=\"143\" height=\"18\">Material<\/td>\n<td class=\"et3\" style=\"width: 393.75pt;\" width=\"525\">Madera maciza\/contrachapado\/metal\/cuero\/esponja<\/td>\n<\/tr>\n<tr style=\"height: 13.50pt;\">\n<td class=\"et2\" style=\"height: 13.50pt; width: 107.25pt;\" width=\"143\" height=\"18\">Estilo<\/td>\n<td class=\"et3\" style=\"width: 393.75pt;\" width=\"525\">Estilo del sudeste asi\u00e1tico<\/td>\n<\/tr>\n<\/tbody>\n<\/table>\n<p>\n<script src=\"chrome-extension:\/\/fpelahbljekknahkcaegamhcndkfpfnc\/iFrame.js\" type=\"text\/javascript\"><\/script><\/p>","protected":false},"featured_media":2463,"comment_status":"closed","ping_status":"closed","template":"","meta":{"_acf_changed":false},"product_brand":[],"product_cat":[24,37,45],"product_tag":[],"class_list":{"0":"post-2462","1":"product","2":"type-product","3":"status-publish","4":"has-post-thumbnail","6":"product_cat-wholesale-restaurant-furniture","7":"product_cat-wholesale-fast-food-restaurant-furniture","8":"product_cat-chinese-restaurant-furniture","10":"first","11":"instock","12":"shipping-taxable","13":"product-type-simple"},"acf":[],"_links":{"self":[{"href":"https:\/\/www.youmushiguang.com\/es\/wp-json\/wp\/v2\/product\/2462","targetHints":{"allow":["GET"]}}],"collection":[{"href":"https:\/\/www.youmushiguang.com\/es\/wp-json\/wp\/v2\/product"}],"about":[{"href":"https:\/\/www.youmushiguang.com\/es\/wp-json\/wp\/v2\/types\/product"}],"replies":[{"embeddable":true,"href":"https:\/\/www.youmushiguang.com\/es\/wp-json\/wp\/v2\/comments?post=2462"}],"wp:featuredmedia":[{"embeddable":true,"href":"https:\/\/www.youmushiguang.com\/es\/wp-json\/wp\/v2\/media\/2463"}],"wp:attachment":[{"href":"https:\/\/www.youmushiguang.com\/es\/wp-json\/wp\/v2\/media?parent=2462"}],"wp:term":[{"taxonomy":"product_brand","embeddable":true,"href":"https:\/\/www.youmushiguang.com\/es\/wp-json\/wp\/v2\/product_brand?post=2462"},{"taxonomy":"product_cat","embeddable":true,"href":"https:\/\/www.youmushiguang.com\/es\/wp-json\/wp\/v2\/product_cat?post=2462"},{"taxonomy":"product_tag","embeddable":true,"href":"https:\/\/www.youmushiguang.com\/es\/wp-json\/wp\/v2\/product_tag?post=2462"}],"curies":[{"name":"wp","href":"https:\/\/api.w.org\/{rel}","templated":true}]}}