{"id":2921,"date":"2025-12-26T09:39:10","date_gmt":"2025-12-26T09:39:10","guid":{"rendered":"https:\/\/www.youmushiguang.com\/?post_type=product&#038;p=2921"},"modified":"2026-01-23T02:48:59","modified_gmt":"2026-01-23T02:48:59","slug":"wholesale-restaurant-booth-sofa-chair-table","status":"publish","type":"product","link":"https:\/\/www.youmushiguang.com\/es\/product\/wholesale-restaurant-booth-sofa-chair-table\/","title":{"rendered":"Mayorista Restaurante Booth Sof\u00e1, Silla, Mesa Para Fusi\u00f3n, Restaurantes Modernos"},"content":{"rendered":"<div class=\"wp-block-columns is-layout-flex wp-container-core-columns-is-layout-9d6595d7 wp-block-columns-is-layout-flex\">\n<div class=\"wp-block-column is-layout-flow wp-block-column-is-layout-flow\" style=\"flex-basis:25%\"><\/div>\n\n\n\n<div class=\"wp-block-column is-layout-flow wp-block-column-is-layout-flow\" style=\"flex-basis:50%\">\n<figure class=\"wp-block-image size-full\"><img decoding=\"async\" width=\"750\" height=\"2391\" src=\"https:\/\/www.youmushiguang.com\/wp-content\/uploads\/2025\/12\/1591-1-1.webp\" alt=\"\" class=\"wp-image-5094\" srcset=\"https:\/\/www.youmushiguang.com\/wp-content\/uploads\/2025\/12\/1591-1-1.webp 750w, https:\/\/www.youmushiguang.com\/wp-content\/uploads\/2025\/12\/1591-1-1-94x300.webp 94w, https:\/\/www.youmushiguang.com\/wp-content\/uploads\/2025\/12\/1591-1-1-4x12.webp 4w, https:\/\/www.youmushiguang.com\/wp-content\/uploads\/2025\/12\/1591-1-1-600x1913.webp 600w\" sizes=\"(max-width: 750px) 100vw, 750px\" \/><\/figure>\n\n\n\n<figure class=\"wp-block-image size-full\"><img decoding=\"async\" width=\"750\" height=\"2570\" src=\"https:\/\/www.youmushiguang.com\/wp-content\/uploads\/2025\/12\/1591-3-1.webp\" alt=\"\" class=\"wp-image-5096\" srcset=\"https:\/\/www.youmushiguang.com\/wp-content\/uploads\/2025\/12\/1591-3-1.webp 750w, https:\/\/www.youmushiguang.com\/wp-content\/uploads\/2025\/12\/1591-3-1-600x2056.webp 600w\" sizes=\"(max-width: 750px) 100vw, 750px\" \/><\/figure>\n\n\n\n<figure class=\"wp-block-image size-full\"><img decoding=\"async\" width=\"750\" height=\"1350\" src=\"https:\/\/www.youmushiguang.com\/wp-content\/uploads\/2025\/12\/1591-4-1.webp\" alt=\"\" class=\"wp-image-5097\" srcset=\"https:\/\/www.youmushiguang.com\/wp-content\/uploads\/2025\/12\/1591-4-1.webp 750w, https:\/\/www.youmushiguang.com\/wp-content\/uploads\/2025\/12\/1591-4-1-167x300.webp 167w, https:\/\/www.youmushiguang.com\/wp-content\/uploads\/2025\/12\/1591-4-1-7x12.webp 7w, https:\/\/www.youmushiguang.com\/wp-content\/uploads\/2025\/12\/1591-4-1-600x1080.webp 600w\" sizes=\"(max-width: 750px) 100vw, 750px\" \/><\/figure>\n\n\n\n<figure class=\"wp-block-image size-full\"><img decoding=\"async\" width=\"750\" height=\"1723\" src=\"https:\/\/www.youmushiguang.com\/wp-content\/uploads\/2025\/12\/1591-5-1.webp\" alt=\"\" class=\"wp-image-5098\" srcset=\"https:\/\/www.youmushiguang.com\/wp-content\/uploads\/2025\/12\/1591-5-1.webp 750w, https:\/\/www.youmushiguang.com\/wp-content\/uploads\/2025\/12\/1591-5-1-131x300.webp 131w, https:\/\/www.youmushiguang.com\/wp-content\/uploads\/2025\/12\/1591-5-1-5x12.webp 5w, https:\/\/www.youmushiguang.com\/wp-content\/uploads\/2025\/12\/1591-5-1-600x1378.webp 600w\" sizes=\"(max-width: 750px) 100vw, 750px\" \/><\/figure>\n<\/div>\n\n\n\n<div class=\"wp-block-column is-layout-flow wp-block-column-is-layout-flow\" style=\"flex-basis:25%\"><\/div>\n<\/div>","protected":false},"excerpt":{"rendered":"<div id=\"tw-container\" class=\"nev7se\" data-cp=\"1\" data-nnttsvi=\"1\" data-sletp=\"false\" data-sm=\"1\" data-ssbp=\"false\" data-sugg-time=\"500\" data-sugg-url=\"https:\/\/clients1.google.com\/complete\/search\" data-uilc=\"zh-CN\" data-vil=\",af,af-ZA,am,am-ET,ar-EG,ar-AE,ar-KW,ar-QA,ar,ar-IL,ar-JO,ar-LB,ar-PS,az,az-AZ,bg,bg-BG,bn,bn-BD,bn-IN,ca,ca-es,cs,cs-CZ,de,de-DE,de-CH,de-AT,de-LI,en,en-US,en-CA,en-AU,en-NZ,en-GB,en-IN,en-KE,en-TZ,en-NG,en-GH,en-PH,en-ZA,es,es-ES,es-AR,es-UY,es-419,es-BO,es-CL,es-CR,es-CO,es-DO,es-EC,es-GT,es-HN,es-NI,es-PA,es-PE,es-PR,es-PY,es-SV,es-VE,es-MX,es-US,eu,eu-ES,fi,fi-FI,fr,fr-FR,fr-CH,fr-BE,gl,gl-ES,gu,gu-IN,he,he-IL,iw,iw-IL,hu,hu-HU,hy,hy-AM,id,id-ID,is,is-IS,it,it-IT,it-CH,ja,ja-JP,jv,jv-ID,ka,ka-GE,km,km-KH,kn,kn-IN,ko,ko-KR,la,lo,lo-LA,lv,lv-LV,ml,ml-IN,mr,mr-IN,ms,ms-MY,nl,nl-NL,nb,nb-NO,ne,ne-NP,pl,pl-PL,pt,pt-BR,pt-PT,ro,ro-RO,ru,ru-RU,si-LK,sk,sk-SK,sr,sr-RS,su,su-ID,sv,sv-SE,sw,sw-TZ,sw-KE,ta,ta-IN,ta-SG,ta-LK,ta-MY,te,te-IN,tr,tr-TR,ur,ur-PK,ur-IN,yue,yue-HK,yue-Hant-HK,zh-HK,zh,zh-CN,zh-cmn,zh-cmn-CN,zh-Hans,zh-Hans-CN,zh-cmn-Hans,zh-cmn-Hans-CN,cmn-CN,cmn-Hans,cmn-Hans-CN,zh-TW,zh-Hant-TW,cmn-TW,cmn-Hant-TW,zh-cmn-TW,zh-cmn-Hant-TW,zu,zu-ZA,hi,hi-IN,tl,tl-PH,pa,pa-IN\">\n<div id=\"tw-ob\" class=\"tw-src-ltr\">\n<div class=\"oSioSc\">\n<div id=\"tw-target\">\n<div id=\"kAz1tf\" class=\"g9WsWb PZPZlf\" data-attrid=\"tw-targetArea\" data-entityname=\"Google Translate\">\n<div id=\"tw-target-text-container\" class=\"tw-ta-container tw-nfl\" role=\"text\">\n<p>Venta al por mayor de sof\u00e1s, sillas y mesas para cabinas de restaurante. Este plan reconfigura los espacios de los comedores comerciales mediante una ergonom\u00eda curvada extrema. Desde el dise\u00f1o abrazador del respaldo de las sillas hasta el sof\u00e1 booth con soporte de madera, todo ello para proporcionar a los clientes una c\u00f3moda experiencia gastron\u00f3mica. Especialmente adecuado para restaurantes modernos que buscan un estilo natural y se centran en la experiencia del cliente. Se aceptan pedidos al por mayor. P\u00f3ngase en contacto con nosotros.<\/p>\n<\/div>\n<\/div>\n<\/div>\n<\/div>\n<\/div>\n<\/div>\n<h2>Especificaciones de la cabina de restaurante Sof\u00e1, silla, mesa<\/h2>\n<table width=\"668\">\n<tbody>\n<tr>\n<td width=\"143\">Modelo<\/td>\n<td width=\"525\">1591<\/td>\n<\/tr>\n<tr>\n<td width=\"143\">Categor\u00eda<\/td>\n<td width=\"525\">restaurante Mobiliario<\/td>\n<\/tr>\n<tr>\n<td width=\"143\">Nombre del producto<\/td>\n<td width=\"525\">Mesas y sillas de restaurante<\/td>\n<\/tr>\n<tr>\n<td width=\"143\">Opciones de personalizaci\u00f3n<\/td>\n<td width=\"525\">Estilo\/Color\/Talla\/Material<\/td>\n<\/tr>\n<tr>\n<td width=\"143\">Cuadro<\/td>\n<td width=\"525\">Tablero de piedra sinterizada chapado en madera maciza +Patas de la mesa contrachapadas de madera maciza multicapa<\/td>\n<\/tr>\n<tr>\n<td width=\"143\">Silla<\/td>\n<td width=\"525\">Estructura de madera maciza + tapicer\u00eda de tela<\/td>\n<\/tr>\n<tr>\n<td width=\"143\">Stand<\/td>\n<td width=\"525\">Estructura de madera maciza + tapicer\u00eda de tela + lateral de rat\u00e1n tejido<\/td>\n<\/tr>\n<tr>\n<td width=\"143\">Escenario de aplicaci\u00f3n<\/td>\n<td width=\"525\">Restaurante\/Restaurante tem\u00e1tico\u00a0<\/td>\n<\/tr>\n<tr>\n<td width=\"143\">Color<\/td>\n<td width=\"525\">Nogal\/Blanco roto (personalizable)<\/td>\n<\/tr>\n<tr>\n<td width=\"143\">Material<\/td>\n<td width=\"525\">Madera maciza\/contrachapado\/metal\/cuero\/esponja<\/td>\n<\/tr>\n<tr>\n<td width=\"143\">estilo<\/td>\n<td width=\"525\">Moderno<\/td>\n<\/tr>\n<\/tbody>\n<\/table>\n<p>\n<script src=\"chrome-extension:\/\/fpelahbljekknahkcaegamhcndkfpfnc\/iFrame.js\" type=\"text\/javascript\"><\/script><\/p>","protected":false},"featured_media":2963,"comment_status":"closed","ping_status":"closed","template":"","meta":{"_acf_changed":false},"product_brand":[],"product_cat":[24,39],"product_tag":[],"class_list":{"0":"post-2921","1":"product","2":"type-product","3":"status-publish","4":"has-post-thumbnail","6":"product_cat-wholesale-restaurant-furniture","7":"product_cat-wholesale-western-restaurant-furniture","9":"first","10":"instock","11":"shipping-taxable","12":"product-type-simple"},"acf":[],"_links":{"self":[{"href":"https:\/\/www.youmushiguang.com\/es\/wp-json\/wp\/v2\/product\/2921","targetHints":{"allow":["GET"]}}],"collection":[{"href":"https:\/\/www.youmushiguang.com\/es\/wp-json\/wp\/v2\/product"}],"about":[{"href":"https:\/\/www.youmushiguang.com\/es\/wp-json\/wp\/v2\/types\/product"}],"replies":[{"embeddable":true,"href":"https:\/\/www.youmushiguang.com\/es\/wp-json\/wp\/v2\/comments?post=2921"}],"wp:featuredmedia":[{"embeddable":true,"href":"https:\/\/www.youmushiguang.com\/es\/wp-json\/wp\/v2\/media\/2963"}],"wp:attachment":[{"href":"https:\/\/www.youmushiguang.com\/es\/wp-json\/wp\/v2\/media?parent=2921"}],"wp:term":[{"taxonomy":"product_brand","embeddable":true,"href":"https:\/\/www.youmushiguang.com\/es\/wp-json\/wp\/v2\/product_brand?post=2921"},{"taxonomy":"product_cat","embeddable":true,"href":"https:\/\/www.youmushiguang.com\/es\/wp-json\/wp\/v2\/product_cat?post=2921"},{"taxonomy":"product_tag","embeddable":true,"href":"https:\/\/www.youmushiguang.com\/es\/wp-json\/wp\/v2\/product_tag?post=2921"}],"curies":[{"name":"wp","href":"https:\/\/api.w.org\/{rel}","templated":true}]}}