{"id":3598,"date":"2026-02-24T04:20:23","date_gmt":"2026-02-24T04:20:23","guid":{"rendered":"https:\/\/www.youmushiguang.com\/?post_type=product&#038;p=3598"},"modified":"2026-02-24T04:24:20","modified_gmt":"2026-02-24T04:24:20","slug":"wholesale-lobby-sectional-sofa-chair","status":"publish","type":"product","link":"https:\/\/www.youmushiguang.com\/es\/product\/wholesale-lobby-sectional-sofa-chair\/","title":{"rendered":"Suministro de f\u00e1brica comercial Lobby Muebles, Hotel Lobby Sof\u00e1 y Silla Set - Compra directa de nuestra f\u00e1brica"},"content":{"rendered":"<div class=\"wp-block-columns is-layout-flex wp-container-core-columns-is-layout-9d6595d7 wp-block-columns-is-layout-flex\">\n<div class=\"wp-block-column is-layout-flow wp-block-column-is-layout-flow\" style=\"flex-basis:25%\"><\/div>\n\n\n\n<div class=\"wp-block-column is-layout-flow wp-block-column-is-layout-flow\" style=\"flex-basis:50%\">\n<figure class=\"wp-block-image size-full\"><img decoding=\"async\" width=\"1008\" height=\"1375\" src=\"https:\/\/www.youmushiguang.com\/wp-content\/uploads\/2025\/12\/71-1-1.webp\" alt=\"\" class=\"wp-image-3610\" srcset=\"https:\/\/www.youmushiguang.com\/wp-content\/uploads\/2025\/12\/71-1-1.webp 1008w, https:\/\/www.youmushiguang.com\/wp-content\/uploads\/2025\/12\/71-1-1-220x300.webp 220w, https:\/\/www.youmushiguang.com\/wp-content\/uploads\/2025\/12\/71-1-1-768x1048.webp 768w, https:\/\/www.youmushiguang.com\/wp-content\/uploads\/2025\/12\/71-1-1-9x12.webp 9w, https:\/\/www.youmushiguang.com\/wp-content\/uploads\/2025\/12\/71-1-1-600x818.webp 600w\" sizes=\"(max-width: 1008px) 100vw, 1008px\" \/><\/figure>\n\n\n\n<figure class=\"wp-block-image size-full\"><img decoding=\"async\" width=\"750\" height=\"1496\" src=\"https:\/\/www.youmushiguang.com\/wp-content\/uploads\/2025\/12\/71-1-1_1.webp\" alt=\"\" class=\"wp-image-3611\" srcset=\"https:\/\/www.youmushiguang.com\/wp-content\/uploads\/2025\/12\/71-1-1_1.webp 750w, https:\/\/www.youmushiguang.com\/wp-content\/uploads\/2025\/12\/71-1-1_1-150x300.webp 150w, https:\/\/www.youmushiguang.com\/wp-content\/uploads\/2025\/12\/71-1-1_1-6x12.webp 6w, https:\/\/www.youmushiguang.com\/wp-content\/uploads\/2025\/12\/71-1-1_1-600x1197.webp 600w\" sizes=\"(max-width: 750px) 100vw, 750px\" \/><\/figure>\n\n\n\n<figure class=\"wp-block-image size-full\"><img decoding=\"async\" width=\"750\" height=\"1939\" src=\"https:\/\/www.youmushiguang.com\/wp-content\/uploads\/2025\/12\/71-1-2.webp\" alt=\"\" class=\"wp-image-3614\" srcset=\"https:\/\/www.youmushiguang.com\/wp-content\/uploads\/2025\/12\/71-1-2.webp 750w, https:\/\/www.youmushiguang.com\/wp-content\/uploads\/2025\/12\/71-1-2-116x300.webp 116w, https:\/\/www.youmushiguang.com\/wp-content\/uploads\/2025\/12\/71-1-2-5x12.webp 5w, https:\/\/www.youmushiguang.com\/wp-content\/uploads\/2025\/12\/71-1-2-600x1551.webp 600w\" sizes=\"(max-width: 750px) 100vw, 750px\" \/><\/figure>\n\n\n\n<figure class=\"wp-block-image size-full\"><img decoding=\"async\" width=\"750\" height=\"1235\" src=\"https:\/\/www.youmushiguang.com\/wp-content\/uploads\/2025\/12\/71-1-3-1.webp\" alt=\"\" class=\"wp-image-3615\" srcset=\"https:\/\/www.youmushiguang.com\/wp-content\/uploads\/2025\/12\/71-1-3-1.webp 750w, https:\/\/www.youmushiguang.com\/wp-content\/uploads\/2025\/12\/71-1-3-1-182x300.webp 182w, https:\/\/www.youmushiguang.com\/wp-content\/uploads\/2025\/12\/71-1-3-1-7x12.webp 7w, https:\/\/www.youmushiguang.com\/wp-content\/uploads\/2025\/12\/71-1-3-1-600x988.webp 600w\" sizes=\"(max-width: 750px) 100vw, 750px\" \/><\/figure>\n<\/div>\n\n\n\n<div class=\"wp-block-column is-layout-flow wp-block-column-is-layout-flow\" style=\"flex-basis:25%\"><\/div>\n<\/div>\n\n\n\n<div class=\"wp-block-columns is-layout-flex wp-container-core-columns-is-layout-9d6595d7 wp-block-columns-is-layout-flex\">\n<div class=\"wp-block-column is-layout-flow wp-block-column-is-layout-flow\" style=\"flex-basis:25%\"><\/div>\n\n\n\n<div class=\"wp-block-column is-layout-flow wp-block-column-is-layout-flow\" style=\"flex-basis:50%\">\n<figure class=\"wp-block-image size-full\"><img decoding=\"async\" width=\"750\" height=\"1249\" src=\"https:\/\/www.youmushiguang.com\/wp-content\/uploads\/2025\/12\/71-1-4.webp\" alt=\"\" class=\"wp-image-3616\" srcset=\"https:\/\/www.youmushiguang.com\/wp-content\/uploads\/2025\/12\/71-1-4.webp 750w, https:\/\/www.youmushiguang.com\/wp-content\/uploads\/2025\/12\/71-1-4-180x300.webp 180w, https:\/\/www.youmushiguang.com\/wp-content\/uploads\/2025\/12\/71-1-4-7x12.webp 7w, https:\/\/www.youmushiguang.com\/wp-content\/uploads\/2025\/12\/71-1-4-600x999.webp 600w\" sizes=\"(max-width: 750px) 100vw, 750px\" \/><\/figure>\n\n\n\n<figure class=\"wp-block-image size-full\"><img decoding=\"async\" width=\"750\" height=\"1435\" src=\"https:\/\/www.youmushiguang.com\/wp-content\/uploads\/2025\/12\/71-1-5.webp\" alt=\"\" class=\"wp-image-3617\" srcset=\"https:\/\/www.youmushiguang.com\/wp-content\/uploads\/2025\/12\/71-1-5.webp 750w, https:\/\/www.youmushiguang.com\/wp-content\/uploads\/2025\/12\/71-1-5-157x300.webp 157w, https:\/\/www.youmushiguang.com\/wp-content\/uploads\/2025\/12\/71-1-5-6x12.webp 6w, https:\/\/www.youmushiguang.com\/wp-content\/uploads\/2025\/12\/71-1-5-600x1148.webp 600w\" sizes=\"(max-width: 750px) 100vw, 750px\" \/><\/figure>\n\n\n\n<figure class=\"wp-block-image size-full\"><img decoding=\"async\" width=\"750\" height=\"1454\" src=\"https:\/\/www.youmushiguang.com\/wp-content\/uploads\/2025\/12\/71-1-6.webp\" alt=\"\" class=\"wp-image-3618\" srcset=\"https:\/\/www.youmushiguang.com\/wp-content\/uploads\/2025\/12\/71-1-6.webp 750w, https:\/\/www.youmushiguang.com\/wp-content\/uploads\/2025\/12\/71-1-6-155x300.webp 155w, https:\/\/www.youmushiguang.com\/wp-content\/uploads\/2025\/12\/71-1-6-6x12.webp 6w, https:\/\/www.youmushiguang.com\/wp-content\/uploads\/2025\/12\/71-1-6-600x1163.webp 600w\" sizes=\"(max-width: 750px) 100vw, 750px\" \/><\/figure>\n\n\n\n<figure class=\"wp-block-image size-full\"><img decoding=\"async\" width=\"750\" height=\"1423\" src=\"https:\/\/www.youmushiguang.com\/wp-content\/uploads\/2025\/12\/71-1-7.webp\" alt=\"\" class=\"wp-image-3619\" srcset=\"https:\/\/www.youmushiguang.com\/wp-content\/uploads\/2025\/12\/71-1-7.webp 750w, https:\/\/www.youmushiguang.com\/wp-content\/uploads\/2025\/12\/71-1-7-158x300.webp 158w, https:\/\/www.youmushiguang.com\/wp-content\/uploads\/2025\/12\/71-1-7-6x12.webp 6w, https:\/\/www.youmushiguang.com\/wp-content\/uploads\/2025\/12\/71-1-7-600x1138.webp 600w\" sizes=\"(max-width: 750px) 100vw, 750px\" \/><\/figure>\n<\/div>\n\n\n\n<div class=\"wp-block-column is-layout-flow wp-block-column-is-layout-flow\" style=\"flex-basis:25%\"><\/div>\n<\/div>\n\n\n\n<p><\/p>","protected":false},"excerpt":{"rendered":"<p>Modern hotel lobby furniture set featuring sleek black sofas, stylish armchairs, and elegant marble-top tables. Perfect for creating a luxurious, comfortable, and welcoming space in hotels, lounges, and commercial areas. As a <a href=\"https:\/\/www.youmushiguang.com\/es\/product-category\/wholesale-lobby-furniture\/\" target=\"_blank\" rel=\"noopener\"><strong>commercial lobby furniture manufacturer<\/strong><\/a>, we provide factory quotes that offer significant cost savings for hotels, office buildings, and large commercial projects. Importers, traders, hotels, and project contractors are welcome to contact us.<\/p>\n<h2>Especificaciones del conjunto de sof\u00e1 seccional Lobby moderno<\/h2>\n<table style=\"border-collapse: collapse; width: 630px; height: 368px;\" border=\"0\" width=\"668\" cellspacing=\"0\" cellpadding=\"0\">\n<tbody>\n<tr style=\"height: 13.50pt;\">\n<td class=\"et2\" style=\"height: 13.50pt; width: 107.25pt;\" width=\"143\" height=\"18\">Modelo<\/td>\n<td class=\"et3\" style=\"width: 393.75pt;\" width=\"525\">71<\/td>\n<\/tr>\n<tr style=\"height: 15.00pt;\">\n<td class=\"et2\" style=\"height: 15.00pt; width: 107.25pt;\" width=\"143\" height=\"20\">Categor\u00eda<\/td>\n<td class=\"et3\" style=\"width: 393.75pt;\" width=\"525\">Mueble de vest\u00edbulo\/Mueble de recepci\u00f3n de oficina<\/td>\n<\/tr>\n<tr style=\"height: 13.50pt;\">\n<td class=\"et2\" style=\"height: 13.50pt; width: 107.25pt;\" width=\"143\" height=\"18\">Nombre del producto<\/td>\n<td class=\"et3\" style=\"width: 393.75pt;\" width=\"525\">Mesas y sillas del vest\u00edbulo de recepci\u00f3n<\/td>\n<\/tr>\n<tr style=\"height: 27.00pt;\">\n<td class=\"et2\" style=\"height: 27.00pt; width: 107.25pt;\" width=\"143\" height=\"36\">Opciones de personalizaci\u00f3n<\/td>\n<td class=\"et3\" style=\"width: 393.75pt;\" width=\"525\">Estilo\/Color\/Talla\/Material<\/td>\n<\/tr>\n<tr style=\"height: 27.00pt;\">\n<td class=\"et2\" style=\"height: 27.00pt; width: 107.25pt;\" width=\"143\" height=\"36\">Silla<\/td>\n<td class=\"et3\" style=\"width: 393.75pt;\" width=\"525\">Armaz\u00f3n estable de madera maciza + piel napa ecol\u00f3gica + esponja de rebote de alta densidad<\/td>\n<\/tr>\n<tr style=\"height: 13.50pt;\">\n<td class=\"et2\" style=\"height: 13.50pt; width: 107.25pt;\" width=\"143\" height=\"18\">Cuadro<\/td>\n<td class=\"et3\" style=\"width: 393.75pt;\" width=\"525\">Tablero de cristal de alta calidad + marco de madera maciza<\/td>\n<\/tr>\n<tr style=\"height: 27.00pt;\">\n<td class=\"et2\" style=\"height: 27.00pt; width: 107.25pt;\" width=\"143\" height=\"36\">Sof\u00e1 largo<\/td>\n<td class=\"et3\" style=\"width: 393.75pt;\" width=\"525\">Armaz\u00f3n estable de madera maciza + piel napa ecol\u00f3gica + esponja de rebote de alta densidad<\/td>\n<\/tr>\n<tr style=\"height: 27.00pt;\">\n<td class=\"et2\" style=\"height: 27.00pt; width: 107.25pt;\" width=\"143\" height=\"36\">Escenario de aplicaci\u00f3n<\/td>\n<td class=\"et3\" style=\"width: 393.75pt;\" width=\"525\">Vest\u00edbulo del hotel\/sala de recepci\u00f3n\/4S Tienda\/zona de recepci\u00f3n\/oficina de ventas Zona de estar<\/td>\n<\/tr>\n<tr style=\"height: 13.50pt;\">\n<td class=\"et2\" style=\"height: 13.50pt; width: 107.25pt;\" width=\"143\" height=\"18\">Color<\/td>\n<td class=\"et3\" style=\"width: 393.75pt;\" width=\"525\">Naranja\/blanco roto\/negro (personalizable)<\/td>\n<\/tr>\n<tr style=\"height: 13.50pt;\">\n<td class=\"et2\" style=\"height: 13.50pt; width: 107.25pt;\" width=\"143\" height=\"18\">Material<\/td>\n<td class=\"et3\" style=\"width: 393.75pt;\" width=\"525\">Madera contrachapada\/vidrio\/madera maciza\/cuero\/esponja<\/td>\n<\/tr>\n<tr style=\"height: 13.50pt;\">\n<td class=\"et2\" style=\"height: 13.50pt; width: 107.25pt;\" width=\"143\" height=\"18\">Estilo<\/td>\n<td class=\"et3\" style=\"width: 393.75pt;\" width=\"525\">Moderno y sencillo<\/td>\n<\/tr>\n<\/tbody>\n<\/table>\n<p>&nbsp;<\/p>\n<p>&nbsp;<\/p>\n<p>\n<script src=\"chrome-extension:\/\/fpelahbljekknahkcaegamhcndkfpfnc\/iFrame.js\" type=\"text\/javascript\"><\/script><\/p>","protected":false},"featured_media":3599,"comment_status":"closed","ping_status":"closed","template":"","meta":{"_acf_changed":true},"product_brand":[],"product_cat":[23],"product_tag":[],"class_list":{"0":"post-3598","1":"product","2":"type-product","3":"status-publish","4":"has-post-thumbnail","6":"product_cat-wholesale-lobby-furniture","8":"first","9":"instock","10":"shipping-taxable","11":"product-type-simple"},"acf":[],"_links":{"self":[{"href":"https:\/\/www.youmushiguang.com\/es\/wp-json\/wp\/v2\/product\/3598","targetHints":{"allow":["GET"]}}],"collection":[{"href":"https:\/\/www.youmushiguang.com\/es\/wp-json\/wp\/v2\/product"}],"about":[{"href":"https:\/\/www.youmushiguang.com\/es\/wp-json\/wp\/v2\/types\/product"}],"replies":[{"embeddable":true,"href":"https:\/\/www.youmushiguang.com\/es\/wp-json\/wp\/v2\/comments?post=3598"}],"wp:featuredmedia":[{"embeddable":true,"href":"https:\/\/www.youmushiguang.com\/es\/wp-json\/wp\/v2\/media\/3599"}],"wp:attachment":[{"href":"https:\/\/www.youmushiguang.com\/es\/wp-json\/wp\/v2\/media?parent=3598"}],"wp:term":[{"taxonomy":"product_brand","embeddable":true,"href":"https:\/\/www.youmushiguang.com\/es\/wp-json\/wp\/v2\/product_brand?post=3598"},{"taxonomy":"product_cat","embeddable":true,"href":"https:\/\/www.youmushiguang.com\/es\/wp-json\/wp\/v2\/product_cat?post=3598"},{"taxonomy":"product_tag","embeddable":true,"href":"https:\/\/www.youmushiguang.com\/es\/wp-json\/wp\/v2\/product_tag?post=3598"}],"curies":[{"name":"wp","href":"https:\/\/api.w.org\/{rel}","templated":true}]}}