{"id":4708,"date":"2025-12-29T03:38:54","date_gmt":"2025-12-29T03:38:54","guid":{"rendered":"https:\/\/www.youmushiguang.com\/?post_type=product&#038;p=4708"},"modified":"2025-12-29T03:41:53","modified_gmt":"2025-12-29T03:41:53","slug":"customized-hot-pot-restaurant-themed-furniture-set-wholesale","status":"publish","type":"product","link":"https:\/\/www.youmushiguang.com\/es\/product\/customized-hot-pot-restaurant-themed-furniture-set-wholesale\/","title":{"rendered":"Personalizado Hot Pot Restaurante tem\u00e1tica de mesa, silla, y la cabina Sof\u00e1 Conjuntos - Venta directa de f\u00e1brica al por mayor, servicio de ventanilla \u00fanica"},"content":{"rendered":"<div class=\"wp-block-columns is-layout-flex wp-container-core-columns-is-layout-9d6595d7 wp-block-columns-is-layout-flex\">\n<div class=\"wp-block-column is-layout-flow wp-block-column-is-layout-flow\" style=\"flex-basis:25%\"><\/div>\n\n\n\n<div class=\"wp-block-column is-layout-flow wp-block-column-is-layout-flow\" style=\"flex-basis:50%\">\n<p><\/p>\n\n\n\n<figure class=\"wp-block-image size-full\"><img decoding=\"async\" width=\"790\" height=\"2750\" src=\"https:\/\/www.youmushiguang.com\/wp-content\/uploads\/2025\/12\/1-74.webp\" alt=\"\" class=\"wp-image-4719\" srcset=\"https:\/\/www.youmushiguang.com\/wp-content\/uploads\/2025\/12\/1-74.webp 790w, https:\/\/www.youmushiguang.com\/wp-content\/uploads\/2025\/12\/1-74-86x300.webp 86w, https:\/\/www.youmushiguang.com\/wp-content\/uploads\/2025\/12\/1-74-768x2673.webp 768w, https:\/\/www.youmushiguang.com\/wp-content\/uploads\/2025\/12\/1-74-600x2089.webp 600w\" sizes=\"(max-width: 790px) 100vw, 790px\" \/><\/figure>\n\n\n\n<figure class=\"wp-block-image size-full\"><img decoding=\"async\" width=\"790\" height=\"1461\" src=\"https:\/\/www.youmushiguang.com\/wp-content\/uploads\/2025\/12\/2-81.webp\" alt=\"\" class=\"wp-image-4720\" srcset=\"https:\/\/www.youmushiguang.com\/wp-content\/uploads\/2025\/12\/2-81.webp 790w, https:\/\/www.youmushiguang.com\/wp-content\/uploads\/2025\/12\/2-81-162x300.webp 162w, https:\/\/www.youmushiguang.com\/wp-content\/uploads\/2025\/12\/2-81-768x1420.webp 768w, https:\/\/www.youmushiguang.com\/wp-content\/uploads\/2025\/12\/2-81-6x12.webp 6w, https:\/\/www.youmushiguang.com\/wp-content\/uploads\/2025\/12\/2-81-600x1110.webp 600w\" sizes=\"(max-width: 790px) 100vw, 790px\" \/><\/figure>\n\n\n\n<figure class=\"wp-block-image size-full\"><img decoding=\"async\" width=\"790\" height=\"1803\" src=\"https:\/\/www.youmushiguang.com\/wp-content\/uploads\/2025\/12\/3-75.webp\" alt=\"\" class=\"wp-image-4721\" srcset=\"https:\/\/www.youmushiguang.com\/wp-content\/uploads\/2025\/12\/3-75.webp 790w, https:\/\/www.youmushiguang.com\/wp-content\/uploads\/2025\/12\/3-75-131x300.webp 131w, https:\/\/www.youmushiguang.com\/wp-content\/uploads\/2025\/12\/3-75-768x1753.webp 768w, https:\/\/www.youmushiguang.com\/wp-content\/uploads\/2025\/12\/3-75-5x12.webp 5w, https:\/\/www.youmushiguang.com\/wp-content\/uploads\/2025\/12\/3-75-600x1369.webp 600w\" sizes=\"(max-width: 790px) 100vw, 790px\" \/><\/figure>\n\n\n\n<figure class=\"wp-block-image size-full\"><img decoding=\"async\" width=\"790\" height=\"2852\" src=\"https:\/\/www.youmushiguang.com\/wp-content\/uploads\/2025\/12\/4-71.webp\" alt=\"\" class=\"wp-image-4722\" srcset=\"https:\/\/www.youmushiguang.com\/wp-content\/uploads\/2025\/12\/4-71.webp 790w, https:\/\/www.youmushiguang.com\/wp-content\/uploads\/2025\/12\/4-71-83x300.webp 83w, https:\/\/www.youmushiguang.com\/wp-content\/uploads\/2025\/12\/4-71-768x2773.webp 768w, https:\/\/www.youmushiguang.com\/wp-content\/uploads\/2025\/12\/4-71-3x12.webp 3w, https:\/\/www.youmushiguang.com\/wp-content\/uploads\/2025\/12\/4-71-600x2166.webp 600w\" sizes=\"(max-width: 790px) 100vw, 790px\" \/><\/figure>\n\n\n\n<figure class=\"wp-block-image size-full\"><img decoding=\"async\" width=\"790\" height=\"1871\" src=\"https:\/\/www.youmushiguang.com\/wp-content\/uploads\/2025\/12\/5-41.webp\" alt=\"\" class=\"wp-image-4723\" srcset=\"https:\/\/www.youmushiguang.com\/wp-content\/uploads\/2025\/12\/5-41.webp 790w, https:\/\/www.youmushiguang.com\/wp-content\/uploads\/2025\/12\/5-41-127x300.webp 127w, https:\/\/www.youmushiguang.com\/wp-content\/uploads\/2025\/12\/5-41-768x1819.webp 768w, https:\/\/www.youmushiguang.com\/wp-content\/uploads\/2025\/12\/5-41-5x12.webp 5w, https:\/\/www.youmushiguang.com\/wp-content\/uploads\/2025\/12\/5-41-600x1421.webp 600w\" sizes=\"(max-width: 790px) 100vw, 790px\" \/><\/figure>\n\n\n\n<figure class=\"wp-block-image size-full\"><img decoding=\"async\" width=\"790\" height=\"1461\" src=\"https:\/\/www.youmushiguang.com\/wp-content\/uploads\/2025\/12\/6-23.webp\" alt=\"\" class=\"wp-image-4724\" srcset=\"https:\/\/www.youmushiguang.com\/wp-content\/uploads\/2025\/12\/6-23.webp 790w, https:\/\/www.youmushiguang.com\/wp-content\/uploads\/2025\/12\/6-23-162x300.webp 162w, https:\/\/www.youmushiguang.com\/wp-content\/uploads\/2025\/12\/6-23-768x1420.webp 768w, https:\/\/www.youmushiguang.com\/wp-content\/uploads\/2025\/12\/6-23-6x12.webp 6w, https:\/\/www.youmushiguang.com\/wp-content\/uploads\/2025\/12\/6-23-600x1110.webp 600w\" sizes=\"(max-width: 790px) 100vw, 790px\" \/><\/figure>\n<\/div>\n\n\n\n<div class=\"wp-block-column is-layout-flow wp-block-column-is-layout-flow\" style=\"flex-basis:25%\"><\/div>\n<\/div>\n\n\n\n<p><\/p>","protected":false},"excerpt":{"rendered":"<p>Our premium all-in-one barbecue and hot pot tables will transform your dining space. We offer comprehensive OEM\/ODM customization services, allowing us to precisely tailor the size, color, grill configuration, and branding of your restaurant furniture to match your restaurant&#8217;s unique concept.<\/p>\n<h2>Especificaciones de los muebles para restaurante Hot Pot<\/h2>\n<table style=\"border-collapse: collapse; width: 501.02pt;\" border=\"0\" width=\"668\" cellspacing=\"0\" cellpadding=\"0\">\n<tbody>\n<tr style=\"height: 13.50pt;\">\n<td class=\"et2\" style=\"height: 13.50pt; width: 107.25pt;\" width=\"143\" height=\"18\">Modelo<\/td>\n<td class=\"et3\" style=\"width: 393.75pt;\" width=\"525\">1235<\/td>\n<\/tr>\n<tr style=\"height: 13.50pt;\">\n<td class=\"et2\" style=\"height: 13.50pt; width: 107.25pt;\" width=\"143\" height=\"18\">Categor\u00eda<\/td>\n<td class=\"et3\" style=\"width: 393.75pt;\" width=\"525\">Restaurante de ollas calientes<\/td>\n<\/tr>\n<tr style=\"height: 13.50pt;\">\n<td class=\"et2\" style=\"height: 13.50pt; width: 107.25pt;\" width=\"143\" height=\"18\">Nombre del producto<\/td>\n<td class=\"et3\" style=\"width: 393.75pt;\" width=\"525\">Nuevas mesas y sillas para restaurante de ollas calientes a la barbacoa china<\/td>\n<\/tr>\n<tr style=\"height: 27.00pt;\">\n<td class=\"et2\" style=\"height: 27.00pt; width: 107.25pt;\" width=\"143\" height=\"36\">Opciones de personalizaci\u00f3n<\/td>\n<td class=\"et3\" style=\"width: 393.75pt;\" width=\"525\">Estilo\/Color\/Talla\/Material<\/td>\n<\/tr>\n<tr style=\"height: 27.00pt;\">\n<td class=\"et2\" style=\"height: 27.00pt; width: 107.25pt;\" width=\"143\" height=\"36\">Stand<\/td>\n<td class=\"et3\" style=\"width: 393.75pt;\" width=\"525\">Multi-layer solid wood frame + skin-friendly Nappa leather wrapping + high-density rebound sponge+Metal fittings<\/td>\n<\/tr>\n<tr style=\"height: 27.00pt;\">\n<td class=\"et2\" style=\"height: 27.00pt; width: 107.25pt;\" width=\"143\" height=\"36\">Silla<\/td>\n<td class=\"et3\" style=\"width: 393.75pt;\" width=\"525\">Metal frame\u00a0+ skin-friendly Nappa leather wrap + high-density rebound sponge<\/td>\n<\/tr>\n<tr style=\"height: 27.00pt;\">\n<td class=\"et2\" style=\"height: 27.00pt; width: 107.25pt;\" width=\"143\" height=\"36\">Cuadro<\/td>\n<td class=\"et3\" style=\"width: 393.75pt;\" width=\"525\">Metal frame clad stone tabletop + high-quality hardware legs<\/td>\n<\/tr>\n<tr style=\"height: 27.00pt;\">\n<td class=\"et2\" style=\"height: 27.00pt; width: 107.25pt;\" width=\"143\" height=\"36\">Escenario de aplicaci\u00f3n<\/td>\n<td class=\"et3\" style=\"width: 393.75pt;\" width=\"525\">Restaurante de ollas calientes\/Restaurante de barbacoa\/Restaurante tem\u00e1tico\/Restaurante de t\u00e9\/Restaurante h\u00fangaro<\/td>\n<\/tr>\n<tr style=\"height: 13.50pt;\">\n<td class=\"et2\" style=\"height: 13.50pt; width: 107.25pt;\" width=\"143\" height=\"18\">Color<\/td>\n<td class=\"et3\" style=\"width: 393.75pt;\" width=\"525\">Nogal\/Verde (personalizable)<\/td>\n<\/tr>\n<tr style=\"height: 13.50pt;\">\n<td class=\"et2\" style=\"height: 13.50pt; width: 107.25pt;\" width=\"143\" height=\"18\">Material<\/td>\n<td class=\"et3\" style=\"width: 393.75pt;\" width=\"525\">Contrachapado\/Madera maciza\/Metal\/Cuero\/Esponja<\/td>\n<\/tr>\n<tr style=\"height: 13.50pt;\">\n<td class=\"et2\" style=\"height: 13.50pt; width: 107.25pt;\" width=\"143\" height=\"18\">Estilo<\/td>\n<td class=\"et3\" style=\"width: 393.75pt;\" width=\"525\">Nuevo estilo chino<\/td>\n<\/tr>\n<\/tbody>\n<\/table>\n<p>&nbsp;<\/p>\n<p>&nbsp;<\/p>\n<p>\n<script src=\"chrome-extension:\/\/fpelahbljekknahkcaegamhcndkfpfnc\/iFrame.js\" type=\"text\/javascript\"><\/script><\/p>","protected":false},"featured_media":4709,"comment_status":"closed","ping_status":"closed","template":"","meta":{"_acf_changed":true},"product_brand":[],"product_cat":[24,35],"product_tag":[],"class_list":{"0":"post-4708","1":"product","2":"type-product","3":"status-publish","4":"has-post-thumbnail","6":"product_cat-wholesale-restaurant-furniture","7":"product_cat-wholesale-hot-pot-restaurant-furniture","9":"first","10":"instock","11":"shipping-taxable","12":"product-type-simple"},"acf":[],"_links":{"self":[{"href":"https:\/\/www.youmushiguang.com\/es\/wp-json\/wp\/v2\/product\/4708","targetHints":{"allow":["GET"]}}],"collection":[{"href":"https:\/\/www.youmushiguang.com\/es\/wp-json\/wp\/v2\/product"}],"about":[{"href":"https:\/\/www.youmushiguang.com\/es\/wp-json\/wp\/v2\/types\/product"}],"replies":[{"embeddable":true,"href":"https:\/\/www.youmushiguang.com\/es\/wp-json\/wp\/v2\/comments?post=4708"}],"wp:featuredmedia":[{"embeddable":true,"href":"https:\/\/www.youmushiguang.com\/es\/wp-json\/wp\/v2\/media\/4709"}],"wp:attachment":[{"href":"https:\/\/www.youmushiguang.com\/es\/wp-json\/wp\/v2\/media?parent=4708"}],"wp:term":[{"taxonomy":"product_brand","embeddable":true,"href":"https:\/\/www.youmushiguang.com\/es\/wp-json\/wp\/v2\/product_brand?post=4708"},{"taxonomy":"product_cat","embeddable":true,"href":"https:\/\/www.youmushiguang.com\/es\/wp-json\/wp\/v2\/product_cat?post=4708"},{"taxonomy":"product_tag","embeddable":true,"href":"https:\/\/www.youmushiguang.com\/es\/wp-json\/wp\/v2\/product_tag?post=4708"}],"curies":[{"name":"wp","href":"https:\/\/api.w.org\/{rel}","templated":true}]}}