{"id":5577,"date":"2026-01-27T01:42:29","date_gmt":"2026-01-27T01:42:29","guid":{"rendered":"https:\/\/www.youmushiguang.com\/?post_type=product&#038;p=5577"},"modified":"2026-01-27T01:42:32","modified_gmt":"2026-01-27T01:42:32","slug":"modern-nightclub-ktv-booth-sofa-table-and-chair-set","status":"publish","type":"product","link":"https:\/\/www.youmushiguang.com\/es\/product\/modern-nightclub-ktv-booth-sofa-table-and-chair-set\/","title":{"rendered":"Moderno club nocturno KTV Modular Sof\u00e1s, VIP Club Private Room Booth Sof\u00e1s, Personalizable en forma de L y en forma de U."},"content":{"rendered":"<div class=\"wp-block-columns is-layout-flex wp-container-core-columns-is-layout-9d6595d7 wp-block-columns-is-layout-flex\">\n<div class=\"wp-block-column is-layout-flow wp-block-column-is-layout-flow\" style=\"flex-basis:25%\"><\/div>\n\n\n\n<div class=\"wp-block-column is-layout-flow wp-block-column-is-layout-flow\" style=\"flex-basis:50%\">\n<figure class=\"wp-block-image size-full\"><img decoding=\"async\" width=\"750\" height=\"2414\" src=\"https:\/\/www.youmushiguang.com\/wp-content\/uploads\/2026\/01\/1-13.webp\" alt=\"\" class=\"wp-image-5580\" srcset=\"https:\/\/www.youmushiguang.com\/wp-content\/uploads\/2026\/01\/1-13.webp 750w, https:\/\/www.youmushiguang.com\/wp-content\/uploads\/2026\/01\/1-13-93x300.webp 93w, https:\/\/www.youmushiguang.com\/wp-content\/uploads\/2026\/01\/1-13-4x12.webp 4w, https:\/\/www.youmushiguang.com\/wp-content\/uploads\/2026\/01\/1-13-600x1931.webp 600w\" sizes=\"(max-width: 750px) 100vw, 750px\" \/><\/figure>\n\n\n\n<figure class=\"wp-block-image size-full\"><img decoding=\"async\" width=\"750\" height=\"2165\" src=\"https:\/\/www.youmushiguang.com\/wp-content\/uploads\/2026\/01\/2-14.webp\" alt=\"\" class=\"wp-image-5581\" srcset=\"https:\/\/www.youmushiguang.com\/wp-content\/uploads\/2026\/01\/2-14.webp 750w, https:\/\/www.youmushiguang.com\/wp-content\/uploads\/2026\/01\/2-14-104x300.webp 104w, https:\/\/www.youmushiguang.com\/wp-content\/uploads\/2026\/01\/2-14-4x12.webp 4w, https:\/\/www.youmushiguang.com\/wp-content\/uploads\/2026\/01\/2-14-600x1732.webp 600w\" sizes=\"(max-width: 750px) 100vw, 750px\" \/><\/figure>\n\n\n\n<figure class=\"wp-block-image size-full\"><img decoding=\"async\" width=\"750\" height=\"2474\" src=\"https:\/\/www.youmushiguang.com\/wp-content\/uploads\/2026\/01\/3-11.webp\" alt=\"\" class=\"wp-image-5582\" srcset=\"https:\/\/www.youmushiguang.com\/wp-content\/uploads\/2026\/01\/3-11.webp 750w, https:\/\/www.youmushiguang.com\/wp-content\/uploads\/2026\/01\/3-11-91x300.webp 91w, https:\/\/www.youmushiguang.com\/wp-content\/uploads\/2026\/01\/3-11-4x12.webp 4w, https:\/\/www.youmushiguang.com\/wp-content\/uploads\/2026\/01\/3-11-600x1979.webp 600w\" sizes=\"(max-width: 750px) 100vw, 750px\" \/><\/figure>\n\n\n\n<figure class=\"wp-block-image size-full\"><img decoding=\"async\" width=\"750\" height=\"1135\" src=\"https:\/\/www.youmushiguang.com\/wp-content\/uploads\/2026\/01\/4-13.webp\" alt=\"\" class=\"wp-image-5583\" srcset=\"https:\/\/www.youmushiguang.com\/wp-content\/uploads\/2026\/01\/4-13.webp 750w, https:\/\/www.youmushiguang.com\/wp-content\/uploads\/2026\/01\/4-13-198x300.webp 198w, https:\/\/www.youmushiguang.com\/wp-content\/uploads\/2026\/01\/4-13-8x12.webp 8w, https:\/\/www.youmushiguang.com\/wp-content\/uploads\/2026\/01\/4-13-600x908.webp 600w\" sizes=\"(max-width: 750px) 100vw, 750px\" \/><\/figure>\n\n\n\n<figure class=\"wp-block-image size-full\"><img decoding=\"async\" width=\"750\" height=\"2157\" src=\"https:\/\/www.youmushiguang.com\/wp-content\/uploads\/2026\/01\/5-12.webp\" alt=\"\" class=\"wp-image-5584\" srcset=\"https:\/\/www.youmushiguang.com\/wp-content\/uploads\/2026\/01\/5-12.webp 750w, https:\/\/www.youmushiguang.com\/wp-content\/uploads\/2026\/01\/5-12-104x300.webp 104w, https:\/\/www.youmushiguang.com\/wp-content\/uploads\/2026\/01\/5-12-4x12.webp 4w, https:\/\/www.youmushiguang.com\/wp-content\/uploads\/2026\/01\/5-12-600x1726.webp 600w\" sizes=\"(max-width: 750px) 100vw, 750px\" \/><\/figure>\n<\/div>\n\n\n\n<div class=\"wp-block-column is-layout-flow wp-block-column-is-layout-flow\" style=\"flex-basis:25%\"><\/div>\n<\/div>","protected":false},"excerpt":{"rendered":"<p>Venta al por mayor de muebles para KTV y muebles para bares. Este sof\u00e1 modular cuenta con un amplio dise\u00f1o en forma de U o en forma de L, maximizando los asientos al tiempo que crea un ambiente c\u00e1lido y social, por lo que es una opci\u00f3n ideal para salas de karaoke, salones de entretenimiento, clubes y hoteles de alta gama.<\/p>\n<h2>Specifications of KTV &amp; Bar Furniture Set<\/h2>\n<table style=\"border-collapse: collapse; width: 700px; height: 215px;\" border=\"0\" width=\"751\" cellspacing=\"0\" cellpadding=\"0\">\n<tbody>\n<tr style=\"height: 14.40pt;\">\n<td class=\"et2\" style=\"height: 14.40pt; width: 96.55pt;\" width=\"160\" height=\"24\">Modelo<\/td>\n<td class=\"et3\" style=\"width: 354.40pt;\" width=\"590\">1991<\/td>\n<\/tr>\n<tr style=\"height: 14.40pt;\">\n<td class=\"et2\" style=\"height: 14.40pt; width: 96.55pt;\" width=\"160\" height=\"24\">Categor\u00eda<\/td>\n<td class=\"et3\" style=\"width: 354.40pt;\" width=\"590\">Mueble bar<\/td>\n<\/tr>\n<tr style=\"height: 14.40pt;\">\n<td class=\"et2\" style=\"height: 14.40pt; width: 96.55pt;\" width=\"160\" height=\"24\">Nombre del producto<\/td>\n<td class=\"et3\" style=\"width: 354.40pt;\" width=\"590\">Juego de muebles de bar KTV<\/td>\n<\/tr>\n<tr style=\"height: 28.80pt;\">\n<td class=\"et2\" style=\"height: 28.80pt; width: 96.55pt;\" width=\"160\" height=\"48\">Opciones de personalizaci\u00f3n<\/td>\n<td class=\"et3\" style=\"width: 354.40pt;\" width=\"590\">Estilo\/Color\/Talla\/Material<\/td>\n<\/tr>\n<tr style=\"height: 28.80pt;\">\n<td class=\"et2\" style=\"height: 28.80pt; width: 96.55pt;\" width=\"160\" height=\"48\">Escenario de aplicaci\u00f3n<\/td>\n<td class=\"et3\" style=\"width: 354.40pt;\" width=\"590\">KTV\/club nocturno\/bar<\/td>\n<\/tr>\n<tr style=\"height: 14.40pt;\">\n<td class=\"et2\" style=\"height: 14.40pt; width: 96.55pt;\" width=\"160\" height=\"24\">Color<\/td>\n<td class=\"et3\" style=\"width: 354.40pt;\" width=\"590\">personalizable<\/td>\n<\/tr>\n<tr style=\"height: 14.40pt;\">\n<td class=\"et2\" style=\"height: 14.40pt; width: 96.55pt;\" width=\"160\" height=\"24\">Material<\/td>\n<td class=\"et3\" style=\"width: 354.40pt;\" width=\"590\">Madera\/cuero\/accesorios de ferreter\u00eda<\/td>\n<\/tr>\n<\/tbody>\n<\/table>\n<p>&nbsp;<\/p>\n<p>&nbsp;<\/p>\n<p>&nbsp;<\/p>\n<p>\n<script src=\"chrome-extension:\/\/fpelahbljekknahkcaegamhcndkfpfnc\/iFrame.js\" type=\"text\/javascript\"><\/script><\/p>","protected":false},"featured_media":5579,"comment_status":"closed","ping_status":"closed","template":"","meta":{"_acf_changed":false},"product_brand":[],"product_cat":[17],"product_tag":[],"class_list":{"0":"post-5577","1":"product","2":"type-product","3":"status-publish","4":"has-post-thumbnail","6":"product_cat-wholesale-bar-furniture","8":"first","9":"instock","10":"shipping-taxable","11":"product-type-simple"},"acf":[],"_links":{"self":[{"href":"https:\/\/www.youmushiguang.com\/es\/wp-json\/wp\/v2\/product\/5577","targetHints":{"allow":["GET"]}}],"collection":[{"href":"https:\/\/www.youmushiguang.com\/es\/wp-json\/wp\/v2\/product"}],"about":[{"href":"https:\/\/www.youmushiguang.com\/es\/wp-json\/wp\/v2\/types\/product"}],"replies":[{"embeddable":true,"href":"https:\/\/www.youmushiguang.com\/es\/wp-json\/wp\/v2\/comments?post=5577"}],"wp:featuredmedia":[{"embeddable":true,"href":"https:\/\/www.youmushiguang.com\/es\/wp-json\/wp\/v2\/media\/5579"}],"wp:attachment":[{"href":"https:\/\/www.youmushiguang.com\/es\/wp-json\/wp\/v2\/media?parent=5577"}],"wp:term":[{"taxonomy":"product_brand","embeddable":true,"href":"https:\/\/www.youmushiguang.com\/es\/wp-json\/wp\/v2\/product_brand?post=5577"},{"taxonomy":"product_cat","embeddable":true,"href":"https:\/\/www.youmushiguang.com\/es\/wp-json\/wp\/v2\/product_cat?post=5577"},{"taxonomy":"product_tag","embeddable":true,"href":"https:\/\/www.youmushiguang.com\/es\/wp-json\/wp\/v2\/product_tag?post=5577"}],"curies":[{"name":"wp","href":"https:\/\/api.w.org\/{rel}","templated":true}]}}