{"id":622,"date":"2025-10-14T01:02:22","date_gmt":"2025-10-14T01:02:22","guid":{"rendered":"https:\/\/www.youmushiguang.com\/?post_type=product&#038;p=622"},"modified":"2025-10-17T08:08:27","modified_gmt":"2025-10-17T08:08:27","slug":"wholesale-lobby-furniture-for-hotel-and-reception-areas","status":"publish","type":"product","link":"https:\/\/www.youmushiguang.com\/es\/product\/wholesale-lobby-furniture-for-hotel-and-reception-areas\/","title":{"rendered":"Venta al Mayor de Muebles de Vest\u00edbulo - Sof\u00e1s, Mesas y Sillas, Aptos para Salas de Estar, \u00c1reas de Recepci\u00f3n"},"content":{"rendered":"<div class=\"wp-block-columns is-layout-flex wp-container-core-columns-is-layout-9d6595d7 wp-block-columns-is-layout-flex\">\n<div class=\"wp-block-column is-layout-flow wp-block-column-is-layout-flow\" style=\"flex-basis:25%\"><\/div>\n\n\n\n<div class=\"wp-block-column is-layout-flow wp-block-column-is-layout-flow\" style=\"flex-basis:50%\">\n<figure class=\"wp-block-image size-full\"><img decoding=\"async\" width=\"750\" height=\"2412\" src=\"https:\/\/www.youmushiguang.com\/wp-content\/uploads\/2025\/10\/commercial-lobby-furniture-details-1.webp\" alt=\"detalles de mobiliario comercial para vest\u00edbulos (1)\" class=\"wp-image-628\" srcset=\"https:\/\/www.youmushiguang.com\/wp-content\/uploads\/2025\/10\/commercial-lobby-furniture-details-1.webp 750w, https:\/\/www.youmushiguang.com\/wp-content\/uploads\/2025\/10\/commercial-lobby-furniture-details-1-93x300.webp 93w, https:\/\/www.youmushiguang.com\/wp-content\/uploads\/2025\/10\/commercial-lobby-furniture-details-1-600x1930.webp 600w\" sizes=\"(max-width: 750px) 100vw, 750px\" \/><\/figure>\n\n\n\n<figure class=\"wp-block-image size-full\"><img decoding=\"async\" width=\"750\" height=\"2423\" src=\"https:\/\/www.youmushiguang.com\/wp-content\/uploads\/2025\/10\/commercial-lobby-furniture-details-2.webp\" alt=\"detalles de mobiliario para vest\u00edbulos comerciales (2)\" class=\"wp-image-629\" srcset=\"https:\/\/www.youmushiguang.com\/wp-content\/uploads\/2025\/10\/commercial-lobby-furniture-details-2.webp 750w, https:\/\/www.youmushiguang.com\/wp-content\/uploads\/2025\/10\/commercial-lobby-furniture-details-2-93x300.webp 93w, https:\/\/www.youmushiguang.com\/wp-content\/uploads\/2025\/10\/commercial-lobby-furniture-details-2-600x1938.webp 600w\" sizes=\"(max-width: 750px) 100vw, 750px\" \/><\/figure>\n\n\n\n<figure class=\"wp-block-image size-full\"><img decoding=\"async\" width=\"750\" height=\"2587\" src=\"https:\/\/www.youmushiguang.com\/wp-content\/uploads\/2025\/10\/commercial-lobby-furniture-details-3.webp\" alt=\"detalles de mobiliario comercial para vest\u00edbulos (3)\" class=\"wp-image-630\" srcset=\"https:\/\/www.youmushiguang.com\/wp-content\/uploads\/2025\/10\/commercial-lobby-furniture-details-3.webp 750w, https:\/\/www.youmushiguang.com\/wp-content\/uploads\/2025\/10\/commercial-lobby-furniture-details-3-87x300.webp 87w, https:\/\/www.youmushiguang.com\/wp-content\/uploads\/2025\/10\/commercial-lobby-furniture-details-3-600x2070.webp 600w\" sizes=\"(max-width: 750px) 100vw, 750px\" \/><\/figure>\n\n\n\n<figure class=\"wp-block-image size-full\"><img decoding=\"async\" width=\"750\" height=\"2741\" src=\"https:\/\/www.youmushiguang.com\/wp-content\/uploads\/2025\/10\/commercial-lobby-furniture-details-4.webp\" alt=\"detalles de mobiliario comercial para vest\u00edbulos (4)\" class=\"wp-image-631\" srcset=\"https:\/\/www.youmushiguang.com\/wp-content\/uploads\/2025\/10\/commercial-lobby-furniture-details-4.webp 750w, https:\/\/www.youmushiguang.com\/wp-content\/uploads\/2025\/10\/commercial-lobby-furniture-details-4-82x300.webp 82w, https:\/\/www.youmushiguang.com\/wp-content\/uploads\/2025\/10\/commercial-lobby-furniture-details-4-600x2193.webp 600w\" sizes=\"(max-width: 750px) 100vw, 750px\" \/><\/figure>\n<\/div>\n\n\n\n<div class=\"wp-block-column is-layout-flow wp-block-column-is-layout-flow\" style=\"flex-basis:25%\"><\/div>\n<\/div>","protected":false},"excerpt":{"rendered":"<p>Venta al por mayor de muebles para vest\u00edbulos comerciales. Hecho a mano de madera de primera calidad y envuelto en suave cuero de Napa, este moderno conjunto de muebles de vest\u00edbulo comercial minimalista combina durabilidad, comodidad y elegancia. Ideal para salones, cafeterias o zonas de recepcion, crea un ambiente calido y refinado. P\u00f3ngase en contacto con nosotros para solicitar un presupuesto.<\/p>\n<h2>Especificaciones del mobiliario para vest\u00edbulos comerciales<\/h2>\n<table style=\"border-collapse: collapse; width: 698px; height: 395px;\" border=\"0\" width=\"751\" cellspacing=\"0\" cellpadding=\"0\">\n<tbody>\n<tr style=\"height: 14.40pt;\">\n<td class=\"et2\" style=\"height: 14.40pt; width: 96.55pt;\" width=\"160\" height=\"24\">Modelo<\/td>\n<td class=\"et3\" style=\"width: 354.40pt;\" width=\"590\">1246<\/td>\n<\/tr>\n<tr style=\"height: 14.40pt;\">\n<td class=\"et2\" style=\"height: 14.40pt; width: 96.55pt;\" width=\"160\" height=\"24\">Categor\u00eda<\/td>\n<td class=\"et3\" style=\"width: 354.40pt;\" width=\"590\">Mobiliario del vest\u00edbulo<\/td>\n<\/tr>\n<tr style=\"height: 14.40pt;\">\n<td class=\"et2\" style=\"height: 14.40pt; width: 96.55pt;\" width=\"160\" height=\"24\">Nombre del producto<\/td>\n<td class=\"et3\" style=\"width: 354.40pt;\" width=\"590\">Mueble de negociaci\u00f3n para el vest\u00edbulo del hotel<\/td>\n<\/tr>\n<tr style=\"height: 28.80pt;\">\n<td class=\"et2\" style=\"height: 28.80pt; width: 96.55pt;\" width=\"160\" height=\"48\">Opciones de personalizaci\u00f3n<\/td>\n<td class=\"et3\" style=\"width: 354.40pt;\" width=\"590\">Estilo\/Color\/Talla\/Material<\/td>\n<\/tr>\n<tr style=\"height: 28.80pt;\">\n<td class=\"et2\" style=\"height: 28.80pt; width: 96.55pt;\" width=\"160\" height=\"48\">Cuadro<\/td>\n<td class=\"et3\" style=\"width: 354.40pt;\" width=\"590\">Losa de piedra\/roca sinterizada de gran dureza + Base de hierro forjado de gran calidad<\/td>\n<\/tr>\n<tr style=\"height: 14.40pt;\">\n<td class=\"et2\" style=\"height: 14.40pt; width: 96.55pt;\" width=\"160\" height=\"24\">Silla<\/td>\n<td>Estructura de hierro forjado + Piel napa + Espuma\/esponja de alta densidad<\/td>\n<\/tr>\n<tr style=\"height: 43.20pt;\">\n<td class=\"et2\" style=\"height: 43.20pt; width: 96.55pt;\" width=\"160\" height=\"72\">Sof\u00e1<\/td>\n<td class=\"et3\" style=\"width: 354.40pt;\" width=\"590\">Estructura de madera maciza multicapa + Tapizado\/envoltura de piel napa ecol\u00f3gica + Espuma\/esponja de alta densidad resistente\/rebote<\/td>\n<\/tr>\n<tr style=\"height: 28.80pt;\">\n<td class=\"et2\" style=\"height: 28.80pt; width: 96.55pt;\" width=\"160\" height=\"48\">Escenario de aplicaci\u00f3n<\/td>\n<td class=\"et3\" style=\"width: 354.40pt;\" width=\"590\">Vest\u00edbulo del hotel\/sala de recepci\u00f3n\/tienda\/4S\/zona de recepci\u00f3n\/zona de estar de la oficina de ventas<\/td>\n<\/tr>\n<tr style=\"height: 14.40pt;\">\n<td class=\"et2\" style=\"height: 14.40pt; width: 96.55pt;\" width=\"160\" height=\"24\">Color<\/td>\n<td class=\"et3\" style=\"width: 354.40pt;\" width=\"590\">Blanco roto + naranja (personalizable)<\/td>\n<\/tr>\n<tr style=\"height: 14.40pt;\">\n<td class=\"et2\" style=\"height: 14.40pt; width: 96.55pt;\" width=\"160\" height=\"24\">Material<\/td>\n<td class=\"et3\" style=\"width: 354.40pt;\" width=\"590\">Contrachapado\/tablero de roca\/metal\/cuero\/esponja<\/td>\n<\/tr>\n<tr style=\"height: 14.40pt;\">\n<td class=\"et2\" style=\"height: 14.40pt; width: 96.55pt;\" width=\"160\" height=\"24\">Estilo<\/td>\n<td class=\"et3\" style=\"width: 354.40pt;\" width=\"590\">Estilo sencillo y contempor\u00e1neo<\/td>\n<\/tr>\n<\/tbody>\n<\/table>\n<p><script src=\"chrome-extension:\/\/fpelahbljekknahkcaegamhcndkfpfnc\/iFrame.js\" type=\"text\/javascript\"><\/script><\/p>\n<p><script src=\"chrome-extension:\/\/fpelahbljekknahkcaegamhcndkfpfnc\/iFrame.js\" type=\"text\/javascript\"><\/script><\/p>\n<p>\n<script src=\"chrome-extension:\/\/fpelahbljekknahkcaegamhcndkfpfnc\/iFrame.js\" type=\"text\/javascript\"><\/script><\/p>","protected":false},"featured_media":624,"comment_status":"closed","ping_status":"closed","template":"","meta":{"_acf_changed":true},"product_brand":[],"product_cat":[23],"product_tag":[],"class_list":{"0":"post-622","1":"product","2":"type-product","3":"status-publish","4":"has-post-thumbnail","6":"product_cat-wholesale-lobby-furniture","8":"first","9":"instock","10":"shipping-taxable","11":"product-type-simple"},"acf":[],"_links":{"self":[{"href":"https:\/\/www.youmushiguang.com\/es\/wp-json\/wp\/v2\/product\/622","targetHints":{"allow":["GET"]}}],"collection":[{"href":"https:\/\/www.youmushiguang.com\/es\/wp-json\/wp\/v2\/product"}],"about":[{"href":"https:\/\/www.youmushiguang.com\/es\/wp-json\/wp\/v2\/types\/product"}],"replies":[{"embeddable":true,"href":"https:\/\/www.youmushiguang.com\/es\/wp-json\/wp\/v2\/comments?post=622"}],"wp:featuredmedia":[{"embeddable":true,"href":"https:\/\/www.youmushiguang.com\/es\/wp-json\/wp\/v2\/media\/624"}],"wp:attachment":[{"href":"https:\/\/www.youmushiguang.com\/es\/wp-json\/wp\/v2\/media?parent=622"}],"wp:term":[{"taxonomy":"product_brand","embeddable":true,"href":"https:\/\/www.youmushiguang.com\/es\/wp-json\/wp\/v2\/product_brand?post=622"},{"taxonomy":"product_cat","embeddable":true,"href":"https:\/\/www.youmushiguang.com\/es\/wp-json\/wp\/v2\/product_cat?post=622"},{"taxonomy":"product_tag","embeddable":true,"href":"https:\/\/www.youmushiguang.com\/es\/wp-json\/wp\/v2\/product_tag?post=622"}],"curies":[{"name":"wp","href":"https:\/\/api.w.org\/{rel}","templated":true}]}}