{"id":654,"date":"2025-10-14T02:43:57","date_gmt":"2025-10-14T02:43:57","guid":{"rendered":"https:\/\/www.youmushiguang.com\/?post_type=product&#038;p=654"},"modified":"2025-10-24T08:52:03","modified_gmt":"2025-10-24T08:52:03","slug":"wholesale-commercial-lobby-furniture","status":"publish","type":"product","link":"https:\/\/www.youmushiguang.com\/es\/product\/wholesale-commercial-lobby-furniture\/","title":{"rendered":"Mayorista de Muebles de Vest\u00edbulo de Hotel - Sof\u00e1s, Mesas y Sillas, Para Sala de Estar, \u00c1rea de Negociaci\u00f3n"},"content":{"rendered":"<div class=\"wp-block-columns is-layout-flex wp-container-core-columns-is-layout-9d6595d7 wp-block-columns-is-layout-flex\">\n<div class=\"wp-block-column is-layout-flow wp-block-column-is-layout-flow\" style=\"flex-basis:25%\"><\/div>\n\n\n\n<div class=\"wp-block-column is-layout-flow wp-block-column-is-layout-flow\" style=\"flex-basis:50%\">\n<figure class=\"wp-block-image size-full\"><img decoding=\"async\" width=\"750\" height=\"2482\" src=\"https:\/\/www.youmushiguang.com\/wp-content\/uploads\/2025\/10\/commercial-hall-furniture-details-1.webp\" alt=\"commercial hall furniture details (1)\" class=\"wp-image-660\" srcset=\"https:\/\/www.youmushiguang.com\/wp-content\/uploads\/2025\/10\/commercial-hall-furniture-details-1.webp 750w, https:\/\/www.youmushiguang.com\/wp-content\/uploads\/2025\/10\/commercial-hall-furniture-details-1-91x300.webp 91w, https:\/\/www.youmushiguang.com\/wp-content\/uploads\/2025\/10\/commercial-hall-furniture-details-1-600x1986.webp 600w\" sizes=\"(max-width: 750px) 100vw, 750px\" \/><\/figure>\n\n\n\n<figure class=\"wp-block-image size-full\"><img decoding=\"async\" width=\"750\" height=\"2834\" src=\"https:\/\/www.youmushiguang.com\/wp-content\/uploads\/2025\/10\/commercial-hall-furniture-details-2.webp\" alt=\"commercial hall furniture details (2)\" class=\"wp-image-661\" srcset=\"https:\/\/www.youmushiguang.com\/wp-content\/uploads\/2025\/10\/commercial-hall-furniture-details-2.webp 750w, https:\/\/www.youmushiguang.com\/wp-content\/uploads\/2025\/10\/commercial-hall-furniture-details-2-79x300.webp 79w, https:\/\/www.youmushiguang.com\/wp-content\/uploads\/2025\/10\/commercial-hall-furniture-details-2-600x2267.webp 600w\" sizes=\"(max-width: 750px) 100vw, 750px\" \/><\/figure>\n\n\n\n<figure class=\"wp-block-image size-full\"><img decoding=\"async\" width=\"750\" height=\"2751\" src=\"https:\/\/www.youmushiguang.com\/wp-content\/uploads\/2025\/10\/commercial-hall-furniture-details-3.webp\" alt=\"commercial hall furniture details (3)\" class=\"wp-image-662\" srcset=\"https:\/\/www.youmushiguang.com\/wp-content\/uploads\/2025\/10\/commercial-hall-furniture-details-3.webp 750w, https:\/\/www.youmushiguang.com\/wp-content\/uploads\/2025\/10\/commercial-hall-furniture-details-3-82x300.webp 82w, https:\/\/www.youmushiguang.com\/wp-content\/uploads\/2025\/10\/commercial-hall-furniture-details-3-600x2201.webp 600w\" sizes=\"(max-width: 750px) 100vw, 750px\" \/><\/figure>\n<\/div>\n\n\n\n<div class=\"wp-block-column is-layout-flow wp-block-column-is-layout-flow\" style=\"flex-basis:25%\"><\/div>\n<\/div>","protected":false},"excerpt":{"rendered":"<p>Wholesale commercial hall furniture. Crafted for modern offices, caf\u00e9s, and lounge spaces, this commercial hall furniture collection blends premium Napa leather, solid wood, and iron frameworks. With minimalist curves, warm tones, and ergonomic comfort, it creates a refined yet inviting atmosphere for commercial interiors.<\/p>\n<h2>Specifications of Commercial Hall Furniture<\/h2>\n<table style=\"border-collapse: collapse; width: 700px; height: 417px;\" border=\"0\" width=\"751\" cellspacing=\"0\" cellpadding=\"0\">\n<tbody>\n<tr style=\"height: 14.40pt;\">\n<td class=\"et2\" style=\"height: 14.40pt; width: 96.55pt;\" width=\"160\" height=\"24\">Modelo<\/td>\n<td class=\"et3\" style=\"width: 354.40pt;\" width=\"590\">1256<\/td>\n<\/tr>\n<tr style=\"height: 14.40pt;\">\n<td class=\"et2\" style=\"height: 14.40pt; width: 96.55pt;\" width=\"160\" height=\"24\">Categor\u00eda<\/td>\n<td class=\"et3\" style=\"width: 354.40pt;\" width=\"590\">Mobiliario del vest\u00edbulo<\/td>\n<\/tr>\n<tr style=\"height: 14.40pt;\">\n<td class=\"et2\" style=\"height: 14.40pt; width: 96.55pt;\" width=\"160\" height=\"24\">Nombre del producto<\/td>\n<td class=\"et3\" style=\"width: 354.40pt;\" width=\"590\">Commercial hall furniture<\/td>\n<\/tr>\n<tr style=\"height: 28.80pt;\">\n<td class=\"et2\" style=\"height: 28.80pt; width: 96.55pt;\" width=\"160\" height=\"48\">Opciones de personalizaci\u00f3n<\/td>\n<td class=\"et3\" style=\"width: 354.40pt;\" width=\"590\">Estilo\/Color\/Talla\/Material<\/td>\n<\/tr>\n<tr style=\"height: 28.80pt;\">\n<td class=\"et2\" style=\"height: 28.80pt; width: 96.55pt;\" width=\"160\" height=\"48\">Cuadro<\/td>\n<td class=\"et3\" style=\"width: 354.40pt;\" width=\"590\">Multi-layer solid wood veneer tabletop + high-quality iron base<\/td>\n<\/tr>\n<tr style=\"height: 14.40pt;\">\n<td class=\"et2\" style=\"height: 14.40pt; width: 96.55pt;\" width=\"160\" height=\"24\">Silla<\/td>\n<td>Armaz\u00f3n de hierro+Envoltorio de cuero napa respetuoso con el medio ambiente+Esponja de rebote de alta densidad<\/td>\n<\/tr>\n<tr style=\"height: 43.20pt;\">\n<td class=\"et2\" style=\"height: 43.20pt; width: 96.55pt;\" width=\"160\" height=\"72\">Sof\u00e1<\/td>\n<td class=\"et3\" style=\"width: 354.40pt;\" width=\"590\">Estructura de madera maciza multicapa + Tapizado\/envoltura de piel napa ecol\u00f3gica + Espuma\/esponja de alta densidad resistente\/rebote<\/td>\n<\/tr>\n<tr style=\"height: 28.80pt;\">\n<td class=\"et2\" style=\"height: 28.80pt; width: 96.55pt;\" width=\"160\" height=\"48\">Escenario de aplicaci\u00f3n<\/td>\n<td class=\"et3\" style=\"width: 354.40pt;\" width=\"590\">Vest\u00edbulo del hotel\/sala de recepci\u00f3n\/tienda\/4S\/zona de recepci\u00f3n\/zona de estar de la oficina de ventas<\/td>\n<\/tr>\n<tr style=\"height: 14.40pt;\">\n<td class=\"et2\" style=\"height: 14.40pt; width: 96.55pt;\" width=\"160\" height=\"24\">Color<\/td>\n<td class=\"et3\" style=\"width: 354.40pt;\" width=\"590\">orange + light grey(customizable)<\/td>\n<\/tr>\n<tr style=\"height: 14.40pt;\">\n<td class=\"et2\" style=\"height: 14.40pt; width: 96.55pt;\" width=\"160\" height=\"24\">Material<\/td>\n<td class=\"et3\" style=\"width: 354.40pt;\" width=\"590\">Contrachapado\/tablero de roca\/metal\/cuero\/esponja<\/td>\n<\/tr>\n<tr style=\"height: 14.40pt;\">\n<td class=\"et2\" style=\"height: 14.40pt; width: 96.55pt;\" width=\"160\" height=\"24\">Estilo<\/td>\n<td class=\"et3\" style=\"width: 354.40pt;\" width=\"590\">Estilo sencillo y contempor\u00e1neo<\/td>\n<\/tr>\n<\/tbody>\n<\/table>\n<p><script src=\"chrome-extension:\/\/fpelahbljekknahkcaegamhcndkfpfnc\/iFrame.js\" type=\"text\/javascript\"><\/script><\/p>\n<p><script src=\"chrome-extension:\/\/fpelahbljekknahkcaegamhcndkfpfnc\/iFrame.js\" type=\"text\/javascript\"><\/script><\/p>\n<p>\n<script src=\"chrome-extension:\/\/fpelahbljekknahkcaegamhcndkfpfnc\/iFrame.js\" type=\"text\/javascript\"><\/script><\/p>","protected":false},"featured_media":659,"comment_status":"closed","ping_status":"closed","template":"","meta":{"_acf_changed":false},"product_brand":[],"product_cat":[23],"product_tag":[],"class_list":{"0":"post-654","1":"product","2":"type-product","3":"status-publish","4":"has-post-thumbnail","6":"product_cat-wholesale-lobby-furniture","8":"first","9":"instock","10":"shipping-taxable","11":"product-type-simple"},"acf":[],"_links":{"self":[{"href":"https:\/\/www.youmushiguang.com\/es\/wp-json\/wp\/v2\/product\/654","targetHints":{"allow":["GET"]}}],"collection":[{"href":"https:\/\/www.youmushiguang.com\/es\/wp-json\/wp\/v2\/product"}],"about":[{"href":"https:\/\/www.youmushiguang.com\/es\/wp-json\/wp\/v2\/types\/product"}],"replies":[{"embeddable":true,"href":"https:\/\/www.youmushiguang.com\/es\/wp-json\/wp\/v2\/comments?post=654"}],"wp:featuredmedia":[{"embeddable":true,"href":"https:\/\/www.youmushiguang.com\/es\/wp-json\/wp\/v2\/media\/659"}],"wp:attachment":[{"href":"https:\/\/www.youmushiguang.com\/es\/wp-json\/wp\/v2\/media?parent=654"}],"wp:term":[{"taxonomy":"product_brand","embeddable":true,"href":"https:\/\/www.youmushiguang.com\/es\/wp-json\/wp\/v2\/product_brand?post=654"},{"taxonomy":"product_cat","embeddable":true,"href":"https:\/\/www.youmushiguang.com\/es\/wp-json\/wp\/v2\/product_cat?post=654"},{"taxonomy":"product_tag","embeddable":true,"href":"https:\/\/www.youmushiguang.com\/es\/wp-json\/wp\/v2\/product_tag?post=654"}],"curies":[{"name":"wp","href":"https:\/\/api.w.org\/{rel}","templated":true}]}}