{"id":671,"date":"2025-10-14T03:16:44","date_gmt":"2025-10-14T03:16:44","guid":{"rendered":"https:\/\/www.youmushiguang.com\/?post_type=product&#038;p=671"},"modified":"2025-10-17T06:30:34","modified_gmt":"2025-10-17T06:30:34","slug":"wholesale-hospitality-lobby-furniture","status":"publish","type":"product","link":"https:\/\/www.youmushiguang.com\/es\/product\/wholesale-hospitality-lobby-furniture\/","title":{"rendered":"Venta al por mayor de muebles de hosteler\u00eda - Soporte OEM&amp;ODM"},"content":{"rendered":"<div class=\"wp-block-columns is-layout-flex wp-container-core-columns-is-layout-9d6595d7 wp-block-columns-is-layout-flex\">\n<div class=\"wp-block-column is-layout-flow wp-block-column-is-layout-flow\" style=\"flex-basis:25%\"><\/div>\n\n\n\n<div class=\"wp-block-column is-layout-flow wp-block-column-is-layout-flow\" style=\"flex-basis:50%\">\n<figure class=\"wp-block-image size-full\"><img decoding=\"async\" width=\"750\" height=\"2402\" src=\"https:\/\/www.youmushiguang.com\/wp-content\/uploads\/2025\/10\/hospitality-furniture-details-1.webp\" alt=\"mobiliario de hosteler\u00eda detalles (1)\" class=\"wp-image-679\" srcset=\"https:\/\/www.youmushiguang.com\/wp-content\/uploads\/2025\/10\/hospitality-furniture-details-1.webp 750w, https:\/\/www.youmushiguang.com\/wp-content\/uploads\/2025\/10\/hospitality-furniture-details-1-94x300.webp 94w, https:\/\/www.youmushiguang.com\/wp-content\/uploads\/2025\/10\/hospitality-furniture-details-1-600x1922.webp 600w\" sizes=\"(max-width: 750px) 100vw, 750px\" \/><\/figure>\n\n\n\n<figure class=\"wp-block-image size-full\"><img decoding=\"async\" width=\"750\" height=\"2398\" src=\"https:\/\/www.youmushiguang.com\/wp-content\/uploads\/2025\/10\/hospitality-furniture-details-2.webp\" alt=\"detalles del mobiliario de hosteler\u00eda (2)\" class=\"wp-image-680\" srcset=\"https:\/\/www.youmushiguang.com\/wp-content\/uploads\/2025\/10\/hospitality-furniture-details-2.webp 750w, https:\/\/www.youmushiguang.com\/wp-content\/uploads\/2025\/10\/hospitality-furniture-details-2-94x300.webp 94w, https:\/\/www.youmushiguang.com\/wp-content\/uploads\/2025\/10\/hospitality-furniture-details-2-600x1918.webp 600w\" sizes=\"(max-width: 750px) 100vw, 750px\" \/><\/figure>\n\n\n\n<figure class=\"wp-block-image size-full\"><img decoding=\"async\" width=\"750\" height=\"2595\" src=\"https:\/\/www.youmushiguang.com\/wp-content\/uploads\/2025\/10\/hospitality-furniture-details-3.webp\" alt=\"detalles del mobiliario de hosteler\u00eda (3)\" class=\"wp-image-681\" srcset=\"https:\/\/www.youmushiguang.com\/wp-content\/uploads\/2025\/10\/hospitality-furniture-details-3.webp 750w, https:\/\/www.youmushiguang.com\/wp-content\/uploads\/2025\/10\/hospitality-furniture-details-3-87x300.webp 87w, https:\/\/www.youmushiguang.com\/wp-content\/uploads\/2025\/10\/hospitality-furniture-details-3-600x2076.webp 600w\" sizes=\"(max-width: 750px) 100vw, 750px\" \/><\/figure>\n\n\n\n<figure class=\"wp-block-image size-full\"><img decoding=\"async\" width=\"750\" height=\"2775\" src=\"https:\/\/www.youmushiguang.com\/wp-content\/uploads\/2025\/10\/hospitality-furniture-details-4.webp\" alt=\"detalles del mobiliario de hosteler\u00eda (4)\" class=\"wp-image-682\" srcset=\"https:\/\/www.youmushiguang.com\/wp-content\/uploads\/2025\/10\/hospitality-furniture-details-4.webp 750w, https:\/\/www.youmushiguang.com\/wp-content\/uploads\/2025\/10\/hospitality-furniture-details-4-81x300.webp 81w, https:\/\/www.youmushiguang.com\/wp-content\/uploads\/2025\/10\/hospitality-furniture-details-4-600x2220.webp 600w\" sizes=\"(max-width: 750px) 100vw, 750px\" \/><\/figure>\n<\/div>\n\n\n\n<div class=\"wp-block-column is-layout-flow wp-block-column-is-layout-flow\" style=\"flex-basis:25%\"><\/div>\n<\/div>","protected":false},"excerpt":{"rendered":"<p>Muebles de vest\u00edbulo al por mayor. Esta colecci\u00f3n de muebles para vest\u00edbulos comerciales est\u00e1 dise\u00f1ada para oficinas modernas, cafeter\u00edas y salones. Los sof\u00e1s combinan piel napa de primera calidad con estructuras de madera maciza. Las mesas tienen encimeras de m\u00e1rmol y estructuras de hierro. Con curvas minimalistas, tonos c\u00e1lidos y comodidad ergon\u00f3mica, esta colecci\u00f3n de muebles crea un ambiente sofisticado y acogedor para interiores comerciales. P\u00f3ngase en contacto con nosotros para solicitar un presupuesto.<\/p>\n<h2>Especificaciones del mobiliario para vest\u00edbulos de hosteler\u00eda<\/h2>\n<table style=\"border-collapse: collapse; width: 702px; height: 423px;\" border=\"0\" width=\"751\" cellspacing=\"0\" cellpadding=\"0\">\n<tbody>\n<tr style=\"height: 14.40pt;\">\n<td class=\"et2\" style=\"height: 14.40pt; width: 96.55pt;\" width=\"160\" height=\"24\">Modelo<\/td>\n<td class=\"et3\" style=\"width: 354.40pt;\" width=\"590\">1256<\/td>\n<\/tr>\n<tr style=\"height: 14.40pt;\">\n<td class=\"et2\" style=\"height: 14.40pt; width: 96.55pt;\" width=\"160\" height=\"24\">Categor\u00eda<\/td>\n<td class=\"et3\" style=\"width: 354.40pt;\" width=\"590\">Mobiliario del vest\u00edbulo<\/td>\n<\/tr>\n<tr style=\"height: 14.40pt;\">\n<td class=\"et2\" style=\"height: 14.40pt; width: 96.55pt;\" width=\"160\" height=\"24\">Nombre del producto<\/td>\n<td class=\"et3\" style=\"width: 354.40pt;\" width=\"590\">Mobiliario de hosteler\u00eda<\/td>\n<\/tr>\n<tr style=\"height: 28.80pt;\">\n<td class=\"et2\" style=\"height: 28.80pt; width: 96.55pt;\" width=\"160\" height=\"48\">Opciones de personalizaci\u00f3n<\/td>\n<td class=\"et3\" style=\"width: 354.40pt;\" width=\"590\">Estilo\/Color\/Talla\/Material<\/td>\n<\/tr>\n<tr style=\"height: 28.80pt;\">\n<td class=\"et2\" style=\"height: 28.80pt; width: 96.55pt;\" width=\"160\" height=\"48\">Cuadro<\/td>\n<td class=\"et3\" style=\"width: 354.40pt;\" width=\"590\">Contrachapado de madera maciza multicapa + Base de hierro forjado de alta calidad<\/td>\n<\/tr>\n<tr style=\"height: 14.40pt;\">\n<td class=\"et2\" style=\"height: 14.40pt; width: 96.55pt;\" width=\"160\" height=\"24\">Silla<\/td>\n<td>Armaz\u00f3n de hierro+Envoltorio de cuero napa respetuoso con el medio ambiente+Esponja de rebote de alta densidad<\/td>\n<\/tr>\n<tr style=\"height: 43.20pt;\">\n<td class=\"et2\" style=\"height: 43.20pt; width: 96.55pt;\" width=\"160\" height=\"72\">Sof\u00e1<\/td>\n<td class=\"et3\" style=\"width: 354.40pt;\" width=\"590\">Estructura de madera maciza multicapa + Tapizado\/envoltura de piel napa ecol\u00f3gica + Espuma\/esponja de alta densidad resistente\/rebote<\/td>\n<\/tr>\n<tr style=\"height: 28.80pt;\">\n<td class=\"et2\" style=\"height: 28.80pt; width: 96.55pt;\" width=\"160\" height=\"48\">Escenario de aplicaci\u00f3n<\/td>\n<td class=\"et3\" style=\"width: 354.40pt;\" width=\"590\">Vest\u00edbulo del hotel\/sala de recepci\u00f3n\/tienda\/4S\/zona de recepci\u00f3n\/zona de estar de la oficina de ventas<\/td>\n<\/tr>\n<tr style=\"height: 14.40pt;\">\n<td class=\"et2\" style=\"height: 14.40pt; width: 96.55pt;\" width=\"160\" height=\"24\">Color<\/td>\n<td class=\"et3\" style=\"width: 354.40pt;\" width=\"590\">Naranja + gris claro (personalizable)<\/td>\n<\/tr>\n<tr style=\"height: 14.40pt;\">\n<td class=\"et2\" style=\"height: 14.40pt; width: 96.55pt;\" width=\"160\" height=\"24\">Material<\/td>\n<td class=\"et3\" style=\"width: 354.40pt;\" width=\"590\">Contrachapado\/metal\/cuero\/esponja<\/td>\n<\/tr>\n<tr style=\"height: 14.40pt;\">\n<td class=\"et2\" style=\"height: 14.40pt; width: 96.55pt;\" width=\"160\" height=\"24\">Estilo<\/td>\n<td class=\"et3\" style=\"width: 354.40pt;\" width=\"590\">Estilo sencillo y contempor\u00e1neo<\/td>\n<\/tr>\n<\/tbody>\n<\/table>\n<p><script src=\"chrome-extension:\/\/fpelahbljekknahkcaegamhcndkfpfnc\/iFrame.js\" type=\"text\/javascript\"><\/script><\/p>\n<p>\n<script src=\"chrome-extension:\/\/fpelahbljekknahkcaegamhcndkfpfnc\/iFrame.js\" type=\"text\/javascript\"><\/script><\/p>","protected":false},"featured_media":673,"comment_status":"closed","ping_status":"closed","template":"","meta":{"_acf_changed":false},"product_brand":[],"product_cat":[23],"product_tag":[],"class_list":{"0":"post-671","1":"product","2":"type-product","3":"status-publish","4":"has-post-thumbnail","6":"product_cat-wholesale-lobby-furniture","8":"first","9":"instock","10":"shipping-taxable","11":"product-type-simple"},"acf":[],"_links":{"self":[{"href":"https:\/\/www.youmushiguang.com\/es\/wp-json\/wp\/v2\/product\/671","targetHints":{"allow":["GET"]}}],"collection":[{"href":"https:\/\/www.youmushiguang.com\/es\/wp-json\/wp\/v2\/product"}],"about":[{"href":"https:\/\/www.youmushiguang.com\/es\/wp-json\/wp\/v2\/types\/product"}],"replies":[{"embeddable":true,"href":"https:\/\/www.youmushiguang.com\/es\/wp-json\/wp\/v2\/comments?post=671"}],"wp:featuredmedia":[{"embeddable":true,"href":"https:\/\/www.youmushiguang.com\/es\/wp-json\/wp\/v2\/media\/673"}],"wp:attachment":[{"href":"https:\/\/www.youmushiguang.com\/es\/wp-json\/wp\/v2\/media?parent=671"}],"wp:term":[{"taxonomy":"product_brand","embeddable":true,"href":"https:\/\/www.youmushiguang.com\/es\/wp-json\/wp\/v2\/product_brand?post=671"},{"taxonomy":"product_cat","embeddable":true,"href":"https:\/\/www.youmushiguang.com\/es\/wp-json\/wp\/v2\/product_cat?post=671"},{"taxonomy":"product_tag","embeddable":true,"href":"https:\/\/www.youmushiguang.com\/es\/wp-json\/wp\/v2\/product_tag?post=671"}],"curies":[{"name":"wp","href":"https:\/\/api.w.org\/{rel}","templated":true}]}}