{"id":754,"date":"2025-10-14T08:15:29","date_gmt":"2025-10-14T08:15:29","guid":{"rendered":"https:\/\/www.youmushiguang.com\/?post_type=product&#038;p=754"},"modified":"2026-04-22T07:58:50","modified_gmt":"2026-04-22T07:58:50","slug":"wholesale-restaurant-booth-sofa","status":"publish","type":"product","link":"https:\/\/www.youmushiguang.com\/es\/product\/wholesale-restaurant-booth-sofa\/","title":{"rendered":"Mayorista de Muebles de Restaurante al Estilo del Sudeste Asi\u00e1tico - con Cabinas, Mesas y Sillas"},"content":{"rendered":"<div class=\"wp-block-columns is-layout-flex wp-container-core-columns-is-layout-9d6595d7 wp-block-columns-is-layout-flex\">\n<div class=\"wp-block-column is-layout-flow wp-block-column-is-layout-flow\" style=\"flex-basis:25%\"><\/div>\n\n\n\n<div class=\"wp-block-column is-layout-flow wp-block-column-is-layout-flow\" style=\"flex-basis:50%\">\n<figure class=\"wp-block-image size-full\"><img decoding=\"async\" width=\"790\" height=\"376\" src=\"https:\/\/www.youmushiguang.com\/wp-content\/uploads\/2025\/10\/restaurant-booth-sofa-details1.webp\" alt=\"detalles del sof\u00e1 de la cabina del restaurante(1)\" class=\"wp-image-760\" srcset=\"https:\/\/www.youmushiguang.com\/wp-content\/uploads\/2025\/10\/restaurant-booth-sofa-details1.webp 790w, https:\/\/www.youmushiguang.com\/wp-content\/uploads\/2025\/10\/restaurant-booth-sofa-details1-300x143.webp 300w, https:\/\/www.youmushiguang.com\/wp-content\/uploads\/2025\/10\/restaurant-booth-sofa-details1-768x366.webp 768w, https:\/\/www.youmushiguang.com\/wp-content\/uploads\/2025\/10\/restaurant-booth-sofa-details1-600x286.webp 600w\" sizes=\"(max-width: 790px) 100vw, 790px\" \/><\/figure>\n\n\n\n<figure class=\"wp-block-image size-full\"><img decoding=\"async\" width=\"790\" height=\"1090\" src=\"https:\/\/www.youmushiguang.com\/wp-content\/uploads\/2025\/10\/restaurant-booth-sofa-details2.webp\" alt=\"detalles del sof\u00e1 de la cabina del restaurante(2)\" class=\"wp-image-761\" srcset=\"https:\/\/www.youmushiguang.com\/wp-content\/uploads\/2025\/10\/restaurant-booth-sofa-details2.webp 790w, https:\/\/www.youmushiguang.com\/wp-content\/uploads\/2025\/10\/restaurant-booth-sofa-details2-217x300.webp 217w, https:\/\/www.youmushiguang.com\/wp-content\/uploads\/2025\/10\/restaurant-booth-sofa-details2-768x1060.webp 768w, https:\/\/www.youmushiguang.com\/wp-content\/uploads\/2025\/10\/restaurant-booth-sofa-details2-600x828.webp 600w\" sizes=\"(max-width: 790px) 100vw, 790px\" \/><\/figure>\n\n\n\n<figure class=\"wp-block-image size-full\"><img decoding=\"async\" width=\"790\" height=\"1641\" src=\"https:\/\/www.youmushiguang.com\/wp-content\/uploads\/2025\/10\/restaurant-booth-sofa-details3.webp\" alt=\"detalles del sof\u00e1 de la cabina del restaurante(3)\" class=\"wp-image-762\" srcset=\"https:\/\/www.youmushiguang.com\/wp-content\/uploads\/2025\/10\/restaurant-booth-sofa-details3.webp 790w, https:\/\/www.youmushiguang.com\/wp-content\/uploads\/2025\/10\/restaurant-booth-sofa-details3-144x300.webp 144w, https:\/\/www.youmushiguang.com\/wp-content\/uploads\/2025\/10\/restaurant-booth-sofa-details3-768x1595.webp 768w, https:\/\/www.youmushiguang.com\/wp-content\/uploads\/2025\/10\/restaurant-booth-sofa-details3-600x1246.webp 600w\" sizes=\"(max-width: 790px) 100vw, 790px\" \/><\/figure>\n\n\n\n<figure class=\"wp-block-image size-full\"><img decoding=\"async\" width=\"790\" height=\"1033\" src=\"https:\/\/www.youmushiguang.com\/wp-content\/uploads\/2025\/10\/restaurant-booth-sofa-details4.webp\" alt=\"detalles del sof\u00e1 de la cabina del restaurante(4)\" class=\"wp-image-763\" srcset=\"https:\/\/www.youmushiguang.com\/wp-content\/uploads\/2025\/10\/restaurant-booth-sofa-details4.webp 790w, https:\/\/www.youmushiguang.com\/wp-content\/uploads\/2025\/10\/restaurant-booth-sofa-details4-229x300.webp 229w, https:\/\/www.youmushiguang.com\/wp-content\/uploads\/2025\/10\/restaurant-booth-sofa-details4-768x1004.webp 768w, https:\/\/www.youmushiguang.com\/wp-content\/uploads\/2025\/10\/restaurant-booth-sofa-details4-600x785.webp 600w\" sizes=\"(max-width: 790px) 100vw, 790px\" \/><\/figure>\n\n\n\n<figure class=\"wp-block-image size-full\"><img decoding=\"async\" width=\"790\" height=\"1038\" src=\"https:\/\/www.youmushiguang.com\/wp-content\/uploads\/2025\/10\/restaurant-booth-sofa-details6-1.webp\" alt=\"detalles del sof\u00e1 de la cabina del restaurante(6)\" class=\"wp-image-766\" srcset=\"https:\/\/www.youmushiguang.com\/wp-content\/uploads\/2025\/10\/restaurant-booth-sofa-details6-1.webp 790w, https:\/\/www.youmushiguang.com\/wp-content\/uploads\/2025\/10\/restaurant-booth-sofa-details6-1-228x300.webp 228w, https:\/\/www.youmushiguang.com\/wp-content\/uploads\/2025\/10\/restaurant-booth-sofa-details6-1-768x1009.webp 768w, https:\/\/www.youmushiguang.com\/wp-content\/uploads\/2025\/10\/restaurant-booth-sofa-details6-1-600x788.webp 600w\" sizes=\"(max-width: 790px) 100vw, 790px\" \/><\/figure>\n\n\n\n<figure class=\"wp-block-image size-full\"><img decoding=\"async\" width=\"790\" height=\"443\" src=\"https:\/\/www.youmushiguang.com\/wp-content\/uploads\/2025\/10\/restaurant-booth-sofa-details7.webp\" alt=\"detalles del sof\u00e1 de la cabina del restaurante(7)\" class=\"wp-image-767\" srcset=\"https:\/\/www.youmushiguang.com\/wp-content\/uploads\/2025\/10\/restaurant-booth-sofa-details7.webp 790w, https:\/\/www.youmushiguang.com\/wp-content\/uploads\/2025\/10\/restaurant-booth-sofa-details7-300x168.webp 300w, https:\/\/www.youmushiguang.com\/wp-content\/uploads\/2025\/10\/restaurant-booth-sofa-details7-768x431.webp 768w, https:\/\/www.youmushiguang.com\/wp-content\/uploads\/2025\/10\/restaurant-booth-sofa-details7-600x336.webp 600w\" sizes=\"(max-width: 790px) 100vw, 790px\" \/><\/figure>\n\n\n\n<figure class=\"wp-block-image size-full\"><img decoding=\"async\" width=\"790\" height=\"1065\" src=\"https:\/\/www.youmushiguang.com\/wp-content\/uploads\/2025\/10\/restaurant-booth-sofa-details8.webp\" alt=\"detalles del sof\u00e1 de la cabina del restaurante(8)\" class=\"wp-image-768\" srcset=\"https:\/\/www.youmushiguang.com\/wp-content\/uploads\/2025\/10\/restaurant-booth-sofa-details8.webp 790w, https:\/\/www.youmushiguang.com\/wp-content\/uploads\/2025\/10\/restaurant-booth-sofa-details8-223x300.webp 223w, https:\/\/www.youmushiguang.com\/wp-content\/uploads\/2025\/10\/restaurant-booth-sofa-details8-768x1035.webp 768w, https:\/\/www.youmushiguang.com\/wp-content\/uploads\/2025\/10\/restaurant-booth-sofa-details8-600x809.webp 600w\" sizes=\"(max-width: 790px) 100vw, 790px\" \/><\/figure>\n\n\n\n<figure class=\"wp-block-image size-full\"><img decoding=\"async\" width=\"790\" height=\"394\" src=\"https:\/\/www.youmushiguang.com\/wp-content\/uploads\/2025\/10\/restaurant-booth-sofa-details9.webp\" alt=\"detalles del sof\u00e1 de la cabina del restaurante(9)\" class=\"wp-image-769\" srcset=\"https:\/\/www.youmushiguang.com\/wp-content\/uploads\/2025\/10\/restaurant-booth-sofa-details9.webp 790w, https:\/\/www.youmushiguang.com\/wp-content\/uploads\/2025\/10\/restaurant-booth-sofa-details9-300x150.webp 300w, https:\/\/www.youmushiguang.com\/wp-content\/uploads\/2025\/10\/restaurant-booth-sofa-details9-768x383.webp 768w, https:\/\/www.youmushiguang.com\/wp-content\/uploads\/2025\/10\/restaurant-booth-sofa-details9-600x299.webp 600w\" sizes=\"(max-width: 790px) 100vw, 790px\" \/><\/figure>\n\n\n\n<figure class=\"wp-block-image size-full\"><img decoding=\"async\" width=\"790\" height=\"1063\" src=\"https:\/\/www.youmushiguang.com\/wp-content\/uploads\/2025\/10\/restaurant-booth-sofa-details10.webp\" alt=\"detalles del sof\u00e1 de la cabina del restaurante(10)\" class=\"wp-image-770\" srcset=\"https:\/\/www.youmushiguang.com\/wp-content\/uploads\/2025\/10\/restaurant-booth-sofa-details10.webp 790w, https:\/\/www.youmushiguang.com\/wp-content\/uploads\/2025\/10\/restaurant-booth-sofa-details10-223x300.webp 223w, https:\/\/www.youmushiguang.com\/wp-content\/uploads\/2025\/10\/restaurant-booth-sofa-details10-768x1033.webp 768w, https:\/\/www.youmushiguang.com\/wp-content\/uploads\/2025\/10\/restaurant-booth-sofa-details10-600x807.webp 600w\" sizes=\"(max-width: 790px) 100vw, 790px\" \/><\/figure>\n<\/div>\n\n\n\n<div class=\"wp-block-column is-layout-flow wp-block-column-is-layout-flow\" style=\"flex-basis:25%\"><\/div>\n<\/div>","protected":false},"excerpt":{"rendered":"<p>Venta al por mayor de sof\u00e1s, mesas y sillas de restaurante de estilo del sudeste asi\u00e1tico. Nuestros muebles para restaurantes presentan dise\u00f1os originales, materiales ecol\u00f3gicos y una exquisita artesan\u00eda, y ofrecen un confort moderno. Cada pieza est\u00e1 fabricada con madera maciza de fresno de calidad FAS, cuero Nappa y rat\u00e1n PE tejido a mano, combinando la calidez natural con un estilo minimalista moderno. Los restaurantes y cadenas de tiendas pueden ponerse en contacto con nosotros para solicitar un presupuesto.<\/p>\n<h2>Especificaciones de los muebles para restaurante de estilo del sudeste asi\u00e1tico<\/h2>\n<table style=\"height: 420px;\" width=\"700\">\n<tbody>\n<tr>\n<td width=\"160\">Modelo<\/td>\n<td width=\"590\">1202<\/td>\n<\/tr>\n<tr>\n<td width=\"160\">Categor\u00eda<\/td>\n<td width=\"590\">Mobiliario de restaurante<\/td>\n<\/tr>\n<tr>\n<td width=\"160\">Nombre del producto<\/td>\n<td width=\"590\">Sof\u00e1 cabina para restaurante en el sudeste asi\u00e1tico<\/td>\n<\/tr>\n<tr>\n<td width=\"160\">Opciones de personalizaci\u00f3n<\/td>\n<td width=\"590\">Estilo\/Color\/Talla\/Material<\/td>\n<\/tr>\n<tr>\n<td width=\"160\">Cuadro<\/td>\n<td width=\"590\">Tablero de azulejos cer\u00e1micos revestidos de madera maciza+marco de chapa de acero engrosada de alta calidad<\/td>\n<\/tr>\n<tr>\n<td width=\"160\">Silla<\/td>\n<td width=\"590\">\u00a0Estructura de madera maciza + rat\u00e1n PE respetuoso con el medio ambiente + envoltura de cuero napa agradable a la piel + esponja de rebote de alta densidad.<\/td>\n<\/tr>\n<tr>\n<td width=\"160\">Sof\u00e1<\/td>\n<td width=\"590\">\u00a0Estructura de madera maciza + rat\u00e1n PE respetuoso con el medio ambiente + envoltura de cuero napa agradable a la piel + esponja de rebote de alta densidad.<\/td>\n<\/tr>\n<tr>\n<td width=\"160\">Escenario de aplicaci\u00f3n<\/td>\n<td width=\"590\">Restaurante\/Restaurante tem\u00e1tico\/Restaurante occidental<\/td>\n<\/tr>\n<tr>\n<td width=\"160\">Color<\/td>\n<td width=\"590\">Madera color nogal\/verde claro(personalizable)<\/td>\n<\/tr>\n<tr>\n<td width=\"160\">Material<\/td>\n<td width=\"590\">Baldosas de cer\u00e1mica\/art\u00edculos de ferreter\u00eda\/cuero\/esponja\/rat\u00e1n tejido<\/td>\n<\/tr>\n<tr>\n<td width=\"160\">Estilo<\/td>\n<td width=\"590\">Al estilo del sudeste asi\u00e1tico<\/td>\n<\/tr>\n<\/tbody>\n<\/table>\n<p><script src=\"chrome-extension:\/\/fpelahbljekknahkcaegamhcndkfpfnc\/iFrame.js\" type=\"text\/javascript\"><\/script><\/p>\n<p>\n<script src=\"chrome-extension:\/\/fpelahbljekknahkcaegamhcndkfpfnc\/iFrame.js\" type=\"text\/javascript\"><\/script><\/p>","protected":false},"featured_media":758,"comment_status":"closed","ping_status":"closed","template":"","meta":{"_acf_changed":true},"product_brand":[],"product_cat":[24,48],"product_tag":[],"class_list":{"0":"post-754","1":"product","2":"type-product","3":"status-publish","4":"has-post-thumbnail","6":"product_cat-wholesale-restaurant-furniture","7":"product_cat-themed-restaurant-furniture","9":"first","10":"instock","11":"shipping-taxable","12":"product-type-simple"},"acf":[],"_links":{"self":[{"href":"https:\/\/www.youmushiguang.com\/es\/wp-json\/wp\/v2\/product\/754","targetHints":{"allow":["GET"]}}],"collection":[{"href":"https:\/\/www.youmushiguang.com\/es\/wp-json\/wp\/v2\/product"}],"about":[{"href":"https:\/\/www.youmushiguang.com\/es\/wp-json\/wp\/v2\/types\/product"}],"replies":[{"embeddable":true,"href":"https:\/\/www.youmushiguang.com\/es\/wp-json\/wp\/v2\/comments?post=754"}],"wp:featuredmedia":[{"embeddable":true,"href":"https:\/\/www.youmushiguang.com\/es\/wp-json\/wp\/v2\/media\/758"}],"wp:attachment":[{"href":"https:\/\/www.youmushiguang.com\/es\/wp-json\/wp\/v2\/media?parent=754"}],"wp:term":[{"taxonomy":"product_brand","embeddable":true,"href":"https:\/\/www.youmushiguang.com\/es\/wp-json\/wp\/v2\/product_brand?post=754"},{"taxonomy":"product_cat","embeddable":true,"href":"https:\/\/www.youmushiguang.com\/es\/wp-json\/wp\/v2\/product_cat?post=754"},{"taxonomy":"product_tag","embeddable":true,"href":"https:\/\/www.youmushiguang.com\/es\/wp-json\/wp\/v2\/product_tag?post=754"}],"curies":[{"name":"wp","href":"https:\/\/api.w.org\/{rel}","templated":true}]}}