{"id":854,"date":"2025-10-16T10:49:51","date_gmt":"2025-10-16T10:49:51","guid":{"rendered":"https:\/\/www.youmushiguang.com\/?post_type=product&#038;p=854"},"modified":"2025-10-17T08:09:28","modified_gmt":"2025-10-17T08:09:28","slug":"tavern-pub-furniture-wholesale","status":"publish","type":"product","link":"https:\/\/www.youmushiguang.com\/es\/product\/tavern-pub-furniture-wholesale\/","title":{"rendered":"Mayorista Juego de Muebles de Taberna - Sofas Ergonomicos, Mesas, Para Tabernas, Bares, Cafes"},"content":{"rendered":"<div class=\"wp-block-columns is-layout-flex wp-container-core-columns-is-layout-9d6595d7 wp-block-columns-is-layout-flex\">\n<div class=\"wp-block-column is-layout-flow wp-block-column-is-layout-flow\" style=\"flex-basis:25%\"><\/div>\n\n\n\n<div class=\"wp-block-column is-layout-flow wp-block-column-is-layout-flow\" style=\"flex-basis:50%\">\n<figure class=\"wp-block-image size-full\"><img decoding=\"async\" width=\"750\" height=\"941\" src=\"https:\/\/www.youmushiguang.com\/wp-content\/uploads\/2025\/10\/wholesale-tavern-pub-furniture-details-1.webp\" alt=\"venta al por mayor detalles de muebles de taberna pub (1)\" class=\"wp-image-865\" srcset=\"https:\/\/www.youmushiguang.com\/wp-content\/uploads\/2025\/10\/wholesale-tavern-pub-furniture-details-1.webp 750w, https:\/\/www.youmushiguang.com\/wp-content\/uploads\/2025\/10\/wholesale-tavern-pub-furniture-details-1-239x300.webp 239w, https:\/\/www.youmushiguang.com\/wp-content\/uploads\/2025\/10\/wholesale-tavern-pub-furniture-details-1-600x753.webp 600w\" sizes=\"(max-width: 750px) 100vw, 750px\" \/><\/figure>\n\n\n\n<figure class=\"wp-block-image size-full\"><img decoding=\"async\" width=\"750\" height=\"1723\" src=\"https:\/\/www.youmushiguang.com\/wp-content\/uploads\/2025\/10\/wholesale-tavern-pub-furniture-details-2.webp\" alt=\"venta al por mayor detalles de muebles de taberna pub (2)\" class=\"wp-image-867\" srcset=\"https:\/\/www.youmushiguang.com\/wp-content\/uploads\/2025\/10\/wholesale-tavern-pub-furniture-details-2.webp 750w, https:\/\/www.youmushiguang.com\/wp-content\/uploads\/2025\/10\/wholesale-tavern-pub-furniture-details-2-131x300.webp 131w, https:\/\/www.youmushiguang.com\/wp-content\/uploads\/2025\/10\/wholesale-tavern-pub-furniture-details-2-600x1378.webp 600w\" sizes=\"(max-width: 750px) 100vw, 750px\" \/><\/figure>\n\n\n\n<figure class=\"wp-block-image size-full\"><img decoding=\"async\" width=\"750\" height=\"1594\" src=\"https:\/\/www.youmushiguang.com\/wp-content\/uploads\/2025\/10\/wholesale-tavern-pub-furniture-details-3.webp\" alt=\"venta al por mayor detalles de muebles de taberna pub (3)\" class=\"wp-image-868\" srcset=\"https:\/\/www.youmushiguang.com\/wp-content\/uploads\/2025\/10\/wholesale-tavern-pub-furniture-details-3.webp 750w, https:\/\/www.youmushiguang.com\/wp-content\/uploads\/2025\/10\/wholesale-tavern-pub-furniture-details-3-141x300.webp 141w, https:\/\/www.youmushiguang.com\/wp-content\/uploads\/2025\/10\/wholesale-tavern-pub-furniture-details-3-600x1275.webp 600w\" sizes=\"(max-width: 750px) 100vw, 750px\" \/><\/figure>\n\n\n\n<figure class=\"wp-block-image size-full\"><img decoding=\"async\" width=\"750\" height=\"2350\" src=\"https:\/\/www.youmushiguang.com\/wp-content\/uploads\/2025\/10\/wholesale-tavern-pub-furniture-details-4.webp\" alt=\"venta al por mayor detalles de muebles de taberna pub (4)\" class=\"wp-image-870\" srcset=\"https:\/\/www.youmushiguang.com\/wp-content\/uploads\/2025\/10\/wholesale-tavern-pub-furniture-details-4.webp 750w, https:\/\/www.youmushiguang.com\/wp-content\/uploads\/2025\/10\/wholesale-tavern-pub-furniture-details-4-96x300.webp 96w, https:\/\/www.youmushiguang.com\/wp-content\/uploads\/2025\/10\/wholesale-tavern-pub-furniture-details-4-600x1880.webp 600w\" sizes=\"(max-width: 750px) 100vw, 750px\" \/><\/figure>\n\n\n\n<figure class=\"wp-block-image size-full\"><img decoding=\"async\" width=\"750\" height=\"2214\" src=\"https:\/\/www.youmushiguang.com\/wp-content\/uploads\/2025\/10\/wholesale-tavern-pub-furniture-details-5.webp\" alt=\"venta al por mayor detalles de muebles de taberna pub (5)\" class=\"wp-image-871\" srcset=\"https:\/\/www.youmushiguang.com\/wp-content\/uploads\/2025\/10\/wholesale-tavern-pub-furniture-details-5.webp 750w, https:\/\/www.youmushiguang.com\/wp-content\/uploads\/2025\/10\/wholesale-tavern-pub-furniture-details-5-102x300.webp 102w, https:\/\/www.youmushiguang.com\/wp-content\/uploads\/2025\/10\/wholesale-tavern-pub-furniture-details-5-600x1771.webp 600w\" sizes=\"(max-width: 750px) 100vw, 750px\" \/><\/figure>\n\n\n\n<figure class=\"wp-block-image size-full\"><img decoding=\"async\" width=\"750\" height=\"1849\" src=\"https:\/\/www.youmushiguang.com\/wp-content\/uploads\/2025\/10\/wholesale-tavern-pub-furniture-details-6.webp\" alt=\"venta al por mayor detalles de muebles de taberna pub (6)\" class=\"wp-image-872\" srcset=\"https:\/\/www.youmushiguang.com\/wp-content\/uploads\/2025\/10\/wholesale-tavern-pub-furniture-details-6.webp 750w, https:\/\/www.youmushiguang.com\/wp-content\/uploads\/2025\/10\/wholesale-tavern-pub-furniture-details-6-122x300.webp 122w, https:\/\/www.youmushiguang.com\/wp-content\/uploads\/2025\/10\/wholesale-tavern-pub-furniture-details-6-600x1479.webp 600w\" sizes=\"(max-width: 750px) 100vw, 750px\" \/><\/figure>\n\n\n\n<figure class=\"wp-block-image size-full\"><img decoding=\"async\" width=\"750\" height=\"687\" src=\"https:\/\/www.youmushiguang.com\/wp-content\/uploads\/2025\/10\/wholesale-tavern-pub-furniture-details-8.webp\" alt=\"venta al por mayor detalles de muebles de taberna pub (8)\" class=\"wp-image-874\" srcset=\"https:\/\/www.youmushiguang.com\/wp-content\/uploads\/2025\/10\/wholesale-tavern-pub-furniture-details-8.webp 750w, https:\/\/www.youmushiguang.com\/wp-content\/uploads\/2025\/10\/wholesale-tavern-pub-furniture-details-8-300x275.webp 300w, https:\/\/www.youmushiguang.com\/wp-content\/uploads\/2025\/10\/wholesale-tavern-pub-furniture-details-8-600x550.webp 600w\" sizes=\"(max-width: 750px) 100vw, 750px\" \/><\/figure>\n<\/div>\n\n\n\n<div class=\"wp-block-column is-layout-flow wp-block-column-is-layout-flow\" style=\"flex-basis:25%\"><\/div>\n<\/div>","protected":false},"excerpt":{"rendered":"<p>Muebles de taberna al por mayor. Esta colecci\u00f3n tiene un dise\u00f1o elegante con muebles de cuero y madera maciza. Cada pieza esta hecha para la versatilidad, comodidad y durabilidad - perfecto para restaurantes, caf\u00e9s, bares, hoteles y espacios boutique. Con opciones personalizadas en color, tama\u00f1o, material y forma, cada dise\u00f1o refleja el ambiente \u00fanico de su marca. P\u00f3ngase en contacto con nosotros para solicitar un presupuesto.<\/p>\n<h2>Especificaciones de los muebles de taberna<\/h2>\n<table style=\"height: 229px;\" border=\"0\" width=\"700\" cellspacing=\"0\" cellpadding=\"0\">\n<tbody>\n<tr>\n<td class=\"et2\" width=\"160\" height=\"24\">Modelo<\/td>\n<td class=\"et3\" width=\"590\">36<\/td>\n<\/tr>\n<tr>\n<td class=\"et2\" width=\"160\" height=\"24\">Categor\u00eda<\/td>\n<td class=\"et3\" width=\"590\">Mobiliario de pub<\/td>\n<\/tr>\n<tr>\n<td class=\"et2\" width=\"160\" height=\"24\">Nombre del producto<\/td>\n<td class=\"et3\" width=\"590\">Muebles de taberna<\/td>\n<\/tr>\n<tr>\n<td class=\"et2\" width=\"160\" height=\"48\">Opciones de personalizaci\u00f3n<\/td>\n<td class=\"et3\" width=\"590\">Estilo\/Color\/Talla\/Material<\/td>\n<\/tr>\n<tr>\n<td class=\"et2\" width=\"160\" height=\"48\">Escenario de aplicaci\u00f3n<\/td>\n<td class=\"et3\" width=\"590\">Whisky bar\/cafeter\u00eda\/taberna\/tienda de t\u00e9 con burbujas<\/td>\n<\/tr>\n<tr>\n<td class=\"et2\" width=\"160\" height=\"24\">Color<\/td>\n<td class=\"et3\" width=\"590\">Negro\/marr\u00f3n (personalizable)<\/td>\n<\/tr>\n<tr>\n<td class=\"et2\" width=\"160\" height=\"24\">Material<\/td>\n<td class=\"et3\" width=\"590\">Madera\/cuero\/materiales de ferreter\u00eda<\/td>\n<\/tr>\n<\/tbody>\n<\/table>\n<p><script src=\"chrome-extension:\/\/fpelahbljekknahkcaegamhcndkfpfnc\/iFrame.js\" type=\"text\/javascript\"><\/script><\/p>\n<p><script src=\"chrome-extension:\/\/fpelahbljekknahkcaegamhcndkfpfnc\/iFrame.js\" type=\"text\/javascript\"><\/script><\/p>\n<p>\n<script src=\"chrome-extension:\/\/fpelahbljekknahkcaegamhcndkfpfnc\/iFrame.js\" type=\"text\/javascript\"><\/script><\/p>","protected":false},"featured_media":859,"comment_status":"closed","ping_status":"closed","template":"","meta":{"_acf_changed":false},"product_brand":[],"product_cat":[21],"product_tag":[],"class_list":{"0":"post-854","1":"product","2":"type-product","3":"status-publish","4":"has-post-thumbnail","6":"product_cat-wholesale-pub-furniture","8":"first","9":"instock","10":"shipping-taxable","11":"product-type-simple"},"acf":[],"_links":{"self":[{"href":"https:\/\/www.youmushiguang.com\/es\/wp-json\/wp\/v2\/product\/854","targetHints":{"allow":["GET"]}}],"collection":[{"href":"https:\/\/www.youmushiguang.com\/es\/wp-json\/wp\/v2\/product"}],"about":[{"href":"https:\/\/www.youmushiguang.com\/es\/wp-json\/wp\/v2\/types\/product"}],"replies":[{"embeddable":true,"href":"https:\/\/www.youmushiguang.com\/es\/wp-json\/wp\/v2\/comments?post=854"}],"wp:featuredmedia":[{"embeddable":true,"href":"https:\/\/www.youmushiguang.com\/es\/wp-json\/wp\/v2\/media\/859"}],"wp:attachment":[{"href":"https:\/\/www.youmushiguang.com\/es\/wp-json\/wp\/v2\/media?parent=854"}],"wp:term":[{"taxonomy":"product_brand","embeddable":true,"href":"https:\/\/www.youmushiguang.com\/es\/wp-json\/wp\/v2\/product_brand?post=854"},{"taxonomy":"product_cat","embeddable":true,"href":"https:\/\/www.youmushiguang.com\/es\/wp-json\/wp\/v2\/product_cat?post=854"},{"taxonomy":"product_tag","embeddable":true,"href":"https:\/\/www.youmushiguang.com\/es\/wp-json\/wp\/v2\/product_tag?post=854"}],"curies":[{"name":"wp","href":"https:\/\/api.w.org\/{rel}","templated":true}]}}