{"id":1680,"date":"2025-10-25T07:05:47","date_gmt":"2025-10-25T07:05:47","guid":{"rendered":"https:\/\/www.youmushiguang.com\/?post_type=product&#038;p=1680"},"modified":"2025-10-27T06:36:20","modified_gmt":"2025-10-27T06:36:20","slug":"wholesale-office-reception-furniture","status":"publish","type":"product","link":"https:\/\/www.youmushiguang.com\/fr\/product\/wholesale-office-reception-furniture\/","title":{"rendered":"Wholesale Office Reception Furniture, High Quality Sofa for Office Reception (Mobilier de r\u00e9ception de bureau en gros)"},"content":{"rendered":"<div class=\"wp-block-columns is-layout-flex wp-container-core-columns-is-layout-9d6595d7 wp-block-columns-is-layout-flex\">\n<div class=\"wp-block-column is-layout-flow wp-block-column-is-layout-flow\" style=\"flex-basis:25%\"><\/div>\n\n\n\n<div class=\"wp-block-column is-layout-flow wp-block-column-is-layout-flow\" style=\"flex-basis:50%\">\n<figure class=\"wp-block-image size-full\"><img decoding=\"async\" width=\"750\" height=\"2348\" src=\"https:\/\/www.youmushiguang.com\/wp-content\/uploads\/2025\/10\/details-of-office-reception-furniture-1-1.webp\" alt=\"d\u00e9tails du mobilier de r\u00e9ception (1)\" class=\"wp-image-1711\" srcset=\"https:\/\/www.youmushiguang.com\/wp-content\/uploads\/2025\/10\/details-of-office-reception-furniture-1-1.webp 750w, https:\/\/www.youmushiguang.com\/wp-content\/uploads\/2025\/10\/details-of-office-reception-furniture-1-1-96x300.webp 96w, https:\/\/www.youmushiguang.com\/wp-content\/uploads\/2025\/10\/details-of-office-reception-furniture-1-1-4x12.webp 4w, https:\/\/www.youmushiguang.com\/wp-content\/uploads\/2025\/10\/details-of-office-reception-furniture-1-1-600x1878.webp 600w\" sizes=\"(max-width: 750px) 100vw, 750px\" \/><\/figure>\n\n\n\n<figure class=\"wp-block-image size-full\"><img decoding=\"async\" width=\"750\" height=\"2417\" src=\"https:\/\/www.youmushiguang.com\/wp-content\/uploads\/2025\/10\/details-of-office-reception-furniture-2-1.webp\" alt=\"d\u00e9tails du mobilier de r\u00e9ception (2)\" class=\"wp-image-1712\" srcset=\"https:\/\/www.youmushiguang.com\/wp-content\/uploads\/2025\/10\/details-of-office-reception-furniture-2-1.webp 750w, https:\/\/www.youmushiguang.com\/wp-content\/uploads\/2025\/10\/details-of-office-reception-furniture-2-1-93x300.webp 93w, https:\/\/www.youmushiguang.com\/wp-content\/uploads\/2025\/10\/details-of-office-reception-furniture-2-1-4x12.webp 4w, https:\/\/www.youmushiguang.com\/wp-content\/uploads\/2025\/10\/details-of-office-reception-furniture-2-1-600x1934.webp 600w\" sizes=\"(max-width: 750px) 100vw, 750px\" \/><\/figure>\n\n\n\n<figure class=\"wp-block-image size-full\"><img decoding=\"async\" width=\"750\" height=\"2562\" src=\"https:\/\/www.youmushiguang.com\/wp-content\/uploads\/2025\/10\/details-of-office-reception-furniture-3-1.webp\" alt=\"d\u00e9tails du mobilier de r\u00e9ception (3)\" class=\"wp-image-1713\" srcset=\"https:\/\/www.youmushiguang.com\/wp-content\/uploads\/2025\/10\/details-of-office-reception-furniture-3-1.webp 750w, https:\/\/www.youmushiguang.com\/wp-content\/uploads\/2025\/10\/details-of-office-reception-furniture-3-1-88x300.webp 88w, https:\/\/www.youmushiguang.com\/wp-content\/uploads\/2025\/10\/details-of-office-reception-furniture-3-1-600x2050.webp 600w\" sizes=\"(max-width: 750px) 100vw, 750px\" \/><\/figure>\n\n\n\n<figure class=\"wp-block-image size-full\"><img decoding=\"async\" width=\"750\" height=\"2827\" src=\"https:\/\/www.youmushiguang.com\/wp-content\/uploads\/2025\/10\/details-of-office-reception-furniture-4-1.webp\" alt=\"d\u00e9tails du mobilier de r\u00e9ception (4)\" class=\"wp-image-1714\" srcset=\"https:\/\/www.youmushiguang.com\/wp-content\/uploads\/2025\/10\/details-of-office-reception-furniture-4-1.webp 750w, https:\/\/www.youmushiguang.com\/wp-content\/uploads\/2025\/10\/details-of-office-reception-furniture-4-1-3x12.webp 3w, https:\/\/www.youmushiguang.com\/wp-content\/uploads\/2025\/10\/details-of-office-reception-furniture-4-1-600x2262.webp 600w\" sizes=\"(max-width: 750px) 100vw, 750px\" \/><\/figure>\n<\/div>\n\n\n\n<div class=\"wp-block-column is-layout-flow wp-block-column-is-layout-flow\" style=\"flex-basis:25%\"><\/div>\n<\/div>\n\n\n\n<div class=\"wp-block-columns is-layout-flex wp-container-core-columns-is-layout-9d6595d7 wp-block-columns-is-layout-flex\">\n<div class=\"wp-block-column is-layout-flow wp-block-column-is-layout-flow\" style=\"flex-basis:25%\"><\/div>\n\n\n\n<div class=\"wp-block-column is-layout-flow wp-block-column-is-layout-flow\" style=\"flex-basis:50%\"><\/div>\n\n\n\n<div class=\"wp-block-column is-layout-flow wp-block-column-is-layout-flow\" style=\"flex-basis:25%\"><\/div>\n<\/div>","protected":false},"excerpt":{"rendered":"<p>Les ensembles de mobilier de r\u00e9ception de bureau moderne en gros, alliant style et confort, comprennent un canap\u00e9 confortable, une table basse \u00e9l\u00e9gante et un fauteuil. Les configurations flexibles permettent de s'adapter \u00e0 des pi\u00e8ces de diff\u00e9rentes tailles.<\/p>\n<p>En tant qu'usine directe <a href=\"https:\/\/www.youmushiguang.com\/fr\/about-us\/\" target=\"_blank\" rel=\"noopener\"><strong>fournisseur de mobilier commercial<\/strong><\/a>Nous proposons des prix de gros et des services de personnalisation OEM et ODM. N'h\u00e9sitez pas \u00e0 nous contacter.<\/p>\n<h2>Sp\u00e9cifications du mobilier d'accueil de bureau<\/h2>\n<table style=\"border-collapse: collapse; width: 501.02pt;\" border=\"0\" width=\"668\" cellspacing=\"0\" cellpadding=\"0\">\n<tbody>\n<tr style=\"height: 13.50pt;\">\n<td class=\"et2\" style=\"height: 13.50pt; width: 107.25pt;\" width=\"143\" height=\"18\">Mod\u00e8le<\/td>\n<td class=\"et3\" style=\"width: 393.75pt;\" width=\"525\">1264<\/td>\n<\/tr>\n<tr style=\"height: 15.00pt;\">\n<td class=\"et2\" style=\"height: 15.00pt; width: 107.25pt;\" width=\"143\" height=\"20\">Cat\u00e9gorie<\/td>\n<td class=\"et3\" style=\"width: 393.75pt;\" width=\"525\">Mobilier de hall d'entr\u00e9e \/ Mobilier de r\u00e9ception de bureau<\/td>\n<\/tr>\n<tr style=\"height: 13.50pt;\">\n<td class=\"et2\" style=\"height: 13.50pt; width: 107.25pt;\" width=\"143\" height=\"18\">Nom du produit<\/td>\n<td class=\"et3\" style=\"width: 393.75pt;\" width=\"525\">Tables et chaises pour la zone de r\u00e9ception du hall d'entr\u00e9e<\/td>\n<\/tr>\n<tr style=\"height: 27.00pt;\">\n<td class=\"et2\" style=\"height: 27.00pt; width: 107.25pt;\" width=\"143\" height=\"36\">Options de personnalisation<\/td>\n<td class=\"et3\" style=\"width: 393.75pt;\" width=\"525\">Style\/couleur\/taille\/mati\u00e8re<\/td>\n<\/tr>\n<tr style=\"height: 27.00pt;\">\n<td class=\"et2\" style=\"height: 27.00pt; width: 107.25pt;\" width=\"143\" height=\"36\">Pr\u00e9sident<\/td>\n<td class=\"et3\" style=\"width: 393.75pt;\" width=\"525\">Cadre stable en bois massif + cuir Nappa respectueux de l'environnement + \u00e9ponge de rebond haute densit\u00e9<\/td>\n<\/tr>\n<tr style=\"height: 13.50pt;\">\n<td class=\"et2\" style=\"height: 13.50pt; width: 107.25pt;\" width=\"143\" height=\"18\">Tableau<\/td>\n<td class=\"et3\" style=\"width: 393.75pt;\" width=\"525\">Plateau MDF + cadre MDF (moulure int\u00e9gr\u00e9e)<\/td>\n<\/tr>\n<tr style=\"height: 27.00pt;\">\n<td class=\"et2\" style=\"height: 27.00pt; width: 107.25pt;\" width=\"143\" height=\"36\">Canap\u00e9 long<\/td>\n<td class=\"et3\" style=\"width: 393.75pt;\" width=\"525\">Cadre stable en bois massif + cuir Nappa respectueux de l'environnement + \u00e9ponge de rebond haute densit\u00e9<\/td>\n<\/tr>\n<tr style=\"height: 27.00pt;\">\n<td class=\"et2\" style=\"height: 27.00pt; width: 107.25pt;\" width=\"143\" height=\"36\">Sc\u00e8ne d'application<\/td>\n<td class=\"et3\" style=\"width: 393.75pt;\" width=\"525\">Hall d'entr\u00e9e d'un h\u00f4tel\/salle de r\u00e9ception\/magasin 4S\/zone de r\u00e9ception\/bureau de vente Espace lounge<\/td>\n<\/tr>\n<tr style=\"height: 13.50pt;\">\n<td class=\"et2\" style=\"height: 13.50pt; width: 107.25pt;\" width=\"143\" height=\"18\">Couleur<\/td>\n<td class=\"et3\" style=\"width: 393.75pt;\" width=\"525\">Blanc cass\u00e9\/Gris (personnalisable)<\/td>\n<\/tr>\n<tr style=\"height: 13.50pt;\">\n<td class=\"et2\" style=\"height: 13.50pt; width: 107.25pt;\" width=\"143\" height=\"18\">Mat\u00e9riau<\/td>\n<td class=\"et3\" style=\"width: 393.75pt;\" width=\"525\">MDF\/cuir\/\u00e9ponge<\/td>\n<\/tr>\n<tr style=\"height: 13.50pt;\">\n<td class=\"et2\" style=\"height: 13.50pt; width: 107.25pt;\" width=\"143\" height=\"18\">Style<\/td>\n<td class=\"et3\" style=\"width: 393.75pt;\" width=\"525\">Moderne et simple<\/td>\n<\/tr>\n<\/tbody>\n<\/table>\n<h2>\u00a0<\/h2>\n<p>\n<script src=\"chrome-extension:\/\/fpelahbljekknahkcaegamhcndkfpfnc\/iFrame.js\" type=\"text\/javascript\"><\/script><\/p>","protected":false},"featured_media":1701,"comment_status":"closed","ping_status":"closed","template":"","meta":{"_acf_changed":true},"product_brand":[],"product_cat":[23],"product_tag":[],"class_list":{"0":"post-1680","1":"product","2":"type-product","3":"status-publish","4":"has-post-thumbnail","6":"product_cat-wholesale-lobby-furniture","8":"first","9":"instock","10":"shipping-taxable","11":"product-type-simple"},"acf":[],"_links":{"self":[{"href":"https:\/\/www.youmushiguang.com\/fr\/wp-json\/wp\/v2\/product\/1680","targetHints":{"allow":["GET"]}}],"collection":[{"href":"https:\/\/www.youmushiguang.com\/fr\/wp-json\/wp\/v2\/product"}],"about":[{"href":"https:\/\/www.youmushiguang.com\/fr\/wp-json\/wp\/v2\/types\/product"}],"replies":[{"embeddable":true,"href":"https:\/\/www.youmushiguang.com\/fr\/wp-json\/wp\/v2\/comments?post=1680"}],"wp:featuredmedia":[{"embeddable":true,"href":"https:\/\/www.youmushiguang.com\/fr\/wp-json\/wp\/v2\/media\/1701"}],"wp:attachment":[{"href":"https:\/\/www.youmushiguang.com\/fr\/wp-json\/wp\/v2\/media?parent=1680"}],"wp:term":[{"taxonomy":"product_brand","embeddable":true,"href":"https:\/\/www.youmushiguang.com\/fr\/wp-json\/wp\/v2\/product_brand?post=1680"},{"taxonomy":"product_cat","embeddable":true,"href":"https:\/\/www.youmushiguang.com\/fr\/wp-json\/wp\/v2\/product_cat?post=1680"},{"taxonomy":"product_tag","embeddable":true,"href":"https:\/\/www.youmushiguang.com\/fr\/wp-json\/wp\/v2\/product_tag?post=1680"}],"curies":[{"name":"wp","href":"https:\/\/api.w.org\/{rel}","templated":true}]}}