{"id":1808,"date":"2025-10-27T10:12:58","date_gmt":"2025-10-27T10:12:58","guid":{"rendered":"https:\/\/www.youmushiguang.com\/?post_type=product&#038;p=1808"},"modified":"2026-03-26T04:11:13","modified_gmt":"2026-03-26T04:11:13","slug":"wholesale-modern-lobby-sectional-sofa-set","status":"publish","type":"product","link":"https:\/\/www.youmushiguang.com\/fr\/product\/wholesale-modern-lobby-sectional-sofa-set\/","title":{"rendered":"Factory Supply Modern Lobby Sectional Sofa Set \u2013 1297, Suitable for Boutique Hotel Lobbies, Large Corporate Reception Areas, VIP Lounges"},"content":{"rendered":"<div class=\"wp-block-columns is-layout-flex wp-container-core-columns-is-layout-9d6595d7 wp-block-columns-is-layout-flex\">\n<div class=\"wp-block-column is-layout-flow wp-block-column-is-layout-flow\" style=\"flex-basis:25%\"><\/div>\n\n\n\n<div class=\"wp-block-column is-layout-flow wp-block-column-is-layout-flow\" style=\"flex-basis:50%\">\n<figure class=\"wp-block-image size-full\"><img decoding=\"async\" width=\"750\" height=\"2360\" src=\"https:\/\/www.youmushiguang.com\/wp-content\/uploads\/2025\/10\/details-of-sectional-sofa-set-1.webp\" alt=\"d\u00e9tails de l&#039;ensemble de canap\u00e9 sectionnel (1)\" class=\"wp-image-1809\" srcset=\"https:\/\/www.youmushiguang.com\/wp-content\/uploads\/2025\/10\/details-of-sectional-sofa-set-1.webp 750w, https:\/\/www.youmushiguang.com\/wp-content\/uploads\/2025\/10\/details-of-sectional-sofa-set-1-95x300.webp 95w, https:\/\/www.youmushiguang.com\/wp-content\/uploads\/2025\/10\/details-of-sectional-sofa-set-1-4x12.webp 4w, https:\/\/www.youmushiguang.com\/wp-content\/uploads\/2025\/10\/details-of-sectional-sofa-set-1-600x1888.webp 600w\" sizes=\"(max-width: 750px) 100vw, 750px\" \/><\/figure>\n\n\n\n<figure class=\"wp-block-image size-full\"><img decoding=\"async\" width=\"750\" height=\"2423\" src=\"https:\/\/www.youmushiguang.com\/wp-content\/uploads\/2025\/10\/details-of-sectional-sofa-set-2.webp\" alt=\"d\u00e9tails du canap\u00e9 sectionnel (2)\" class=\"wp-image-1810\" srcset=\"https:\/\/www.youmushiguang.com\/wp-content\/uploads\/2025\/10\/details-of-sectional-sofa-set-2.webp 750w, https:\/\/www.youmushiguang.com\/wp-content\/uploads\/2025\/10\/details-of-sectional-sofa-set-2-93x300.webp 93w, https:\/\/www.youmushiguang.com\/wp-content\/uploads\/2025\/10\/details-of-sectional-sofa-set-2-4x12.webp 4w, https:\/\/www.youmushiguang.com\/wp-content\/uploads\/2025\/10\/details-of-sectional-sofa-set-2-600x1938.webp 600w\" sizes=\"(max-width: 750px) 100vw, 750px\" \/><\/figure>\n\n\n\n<figure class=\"wp-block-image size-full\"><img decoding=\"async\" width=\"750\" height=\"2595\" src=\"https:\/\/www.youmushiguang.com\/wp-content\/uploads\/2025\/10\/details-of-sectional-sofa-set-3.webp\" alt=\"d\u00e9tails du canap\u00e9 sectionnel (3)\" class=\"wp-image-1811\" srcset=\"https:\/\/www.youmushiguang.com\/wp-content\/uploads\/2025\/10\/details-of-sectional-sofa-set-3.webp 750w, https:\/\/www.youmushiguang.com\/wp-content\/uploads\/2025\/10\/details-of-sectional-sofa-set-3-87x300.webp 87w, https:\/\/www.youmushiguang.com\/wp-content\/uploads\/2025\/10\/details-of-sectional-sofa-set-3-600x2076.webp 600w\" sizes=\"(max-width: 750px) 100vw, 750px\" \/><\/figure>\n\n\n\n<figure class=\"wp-block-image size-full\"><img decoding=\"async\" width=\"750\" height=\"2789\" src=\"https:\/\/www.youmushiguang.com\/wp-content\/uploads\/2025\/10\/details-of-sectional-sofa-set-4.webp\" alt=\"d\u00e9tails du canap\u00e9 sectionnel (4)\" class=\"wp-image-1812\" srcset=\"https:\/\/www.youmushiguang.com\/wp-content\/uploads\/2025\/10\/details-of-sectional-sofa-set-4.webp 750w, https:\/\/www.youmushiguang.com\/wp-content\/uploads\/2025\/10\/details-of-sectional-sofa-set-4-81x300.webp 81w, https:\/\/www.youmushiguang.com\/wp-content\/uploads\/2025\/10\/details-of-sectional-sofa-set-4-3x12.webp 3w, https:\/\/www.youmushiguang.com\/wp-content\/uploads\/2025\/10\/details-of-sectional-sofa-set-4-600x2231.webp 600w\" sizes=\"(max-width: 750px) 100vw, 750px\" \/><\/figure>\n<\/div>\n\n\n\n<div class=\"wp-block-column is-layout-flow wp-block-column-is-layout-flow\" style=\"flex-basis:25%\"><\/div>\n<\/div>\n\n\n\n<div class=\"wp-block-columns is-layout-flex wp-container-core-columns-is-layout-9d6595d7 wp-block-columns-is-layout-flex\">\n<div class=\"wp-block-column is-layout-flow wp-block-column-is-layout-flow\" style=\"flex-basis:25%\"><\/div>\n\n\n\n<div class=\"wp-block-column is-layout-flow wp-block-column-is-layout-flow\" style=\"flex-basis:50%\"><\/div>\n\n\n\n<div class=\"wp-block-column is-layout-flow wp-block-column-is-layout-flow\" style=\"flex-basis:25%\"><\/div>\n<\/div>","protected":false},"excerpt":{"rendered":"<p>Canap\u00e9 sectionnel modulaire moderne en gros. Nos canap\u00e9s en gros sont dot\u00e9s de coussins \u00e0 haute densit\u00e9, de cadres durables et de tissus de premi\u00e8re qualit\u00e9, offrant un confort et une r\u00e9silience durables pour les espaces tr\u00e8s fr\u00e9quent\u00e9s. En tant que fabricant de mobilier commercial, nous proposons des devis d'usine, ce qui permet aux h\u00f4tels, aux immeubles de bureaux et aux grands projets commerciaux de r\u00e9aliser d'importantes \u00e9conomies. Les importateurs, les n\u00e9gociants, les h\u00f4tels et les entrepreneurs sont invit\u00e9s \u00e0 nous contacter.<\/p>\n<h2>Sp\u00e9cifications de l'ensemble canap\u00e9 sectionnel Lobby moderne<\/h2>\n<table style=\"border-collapse: collapse; width: 501.02pt;\" border=\"0\" width=\"668\" cellspacing=\"0\" cellpadding=\"0\">\n<tbody>\n<tr style=\"height: 13.50pt;\">\n<td class=\"et2\" style=\"height: 13.50pt; width: 107.25pt;\" width=\"143\" height=\"18\">Mod\u00e8le<\/td>\n<td class=\"et3\" style=\"width: 393.75pt;\" width=\"525\">1297<\/td>\n<\/tr>\n<tr style=\"height: 15.00pt;\">\n<td class=\"et2\" style=\"height: 15.00pt; width: 107.25pt;\" width=\"143\" height=\"20\">Cat\u00e9gorie<\/td>\n<td class=\"et3\" style=\"width: 393.75pt;\" width=\"525\">Mobilier de hall d'entr\u00e9e \/ Mobilier de r\u00e9ception de bureau<\/td>\n<\/tr>\n<tr style=\"height: 13.50pt;\">\n<td class=\"et2\" style=\"height: 13.50pt; width: 107.25pt;\" width=\"143\" height=\"18\">Nom du produit<\/td>\n<td class=\"et3\" style=\"width: 393.75pt;\" width=\"525\">Tables et chaises pour la zone de r\u00e9ception du hall d'entr\u00e9e<\/td>\n<\/tr>\n<tr style=\"height: 27.00pt;\">\n<td class=\"et2\" style=\"height: 27.00pt; width: 107.25pt;\" width=\"143\" height=\"36\">Options de personnalisation<\/td>\n<td class=\"et3\" style=\"width: 393.75pt;\" width=\"525\">Style\/couleur\/taille\/mati\u00e8re<\/td>\n<\/tr>\n<tr style=\"height: 27.00pt;\">\n<td class=\"et2\" style=\"height: 27.00pt; width: 107.25pt;\" width=\"143\" height=\"36\">Pr\u00e9sident<\/td>\n<td class=\"et3\" style=\"width: 393.75pt;\" width=\"525\">Cadre stable en bois massif + cuir Nappa respectueux de l'environnement + \u00e9ponge de rebond haute densit\u00e9<\/td>\n<\/tr>\n<tr style=\"height: 13.50pt;\">\n<td class=\"et2\" style=\"height: 13.50pt; width: 107.25pt;\" width=\"143\" height=\"18\">Tableau<\/td>\n<td class=\"et3\" style=\"width: 393.75pt;\" width=\"525\">Plateau en verre de haute qualit\u00e9 + cadre en bois massif<\/td>\n<\/tr>\n<tr style=\"height: 27.00pt;\">\n<td class=\"et2\" style=\"height: 27.00pt; width: 107.25pt;\" width=\"143\" height=\"36\">Canap\u00e9 long<\/td>\n<td class=\"et3\" style=\"width: 393.75pt;\" width=\"525\">Cadre stable en bois massif + cuir Nappa respectueux de l'environnement + \u00e9ponge de rebond haute densit\u00e9<\/td>\n<\/tr>\n<tr style=\"height: 27.00pt;\">\n<td class=\"et2\" style=\"height: 27.00pt; width: 107.25pt;\" width=\"143\" height=\"36\">Sc\u00e8ne d'application<\/td>\n<td class=\"et3\" style=\"width: 393.75pt;\" width=\"525\">Hall d'entr\u00e9e d'un h\u00f4tel\/salle de r\u00e9ception\/magasin 4S\/zone de r\u00e9ception\/bureau de vente Espace lounge<\/td>\n<\/tr>\n<tr style=\"height: 13.50pt;\">\n<td class=\"et2\" style=\"height: 13.50pt; width: 107.25pt;\" width=\"143\" height=\"18\">Couleur<\/td>\n<td class=\"et3\" style=\"width: 393.75pt;\" width=\"525\">Orange\/blanc cass\u00e9\/noir (personnalisable)<\/td>\n<\/tr>\n<tr style=\"height: 13.50pt;\">\n<td class=\"et2\" style=\"height: 13.50pt; width: 107.25pt;\" width=\"143\" height=\"18\">Mat\u00e9riau<\/td>\n<td class=\"et3\" style=\"width: 393.75pt;\" width=\"525\">Contreplaqu\u00e9\/verre\/bois massif\/cuir\/\u00e9ponge<\/td>\n<\/tr>\n<tr style=\"height: 13.50pt;\">\n<td class=\"et2\" style=\"height: 13.50pt; width: 107.25pt;\" width=\"143\" height=\"18\">Style<\/td>\n<td class=\"et3\" style=\"width: 393.75pt;\" width=\"525\">Moderne et simple<\/td>\n<\/tr>\n<\/tbody>\n<\/table>\n<p>&nbsp;<\/p>\n<p><script src=\"chrome-extension:\/\/fpelahbljekknahkcaegamhcndkfpfnc\/iFrame.js\" type=\"text\/javascript\"><\/script><\/p>\n<p>\n<script src=\"chrome-extension:\/\/fpelahbljekknahkcaegamhcndkfpfnc\/iFrame.js\" type=\"text\/javascript\"><\/script><\/p>","protected":false},"featured_media":1813,"comment_status":"closed","ping_status":"closed","template":"","meta":{"_acf_changed":true},"product_brand":[],"product_cat":[23],"product_tag":[],"class_list":{"0":"post-1808","1":"product","2":"type-product","3":"status-publish","4":"has-post-thumbnail","6":"product_cat-wholesale-lobby-furniture","8":"first","9":"instock","10":"shipping-taxable","11":"product-type-simple"},"acf":[],"_links":{"self":[{"href":"https:\/\/www.youmushiguang.com\/fr\/wp-json\/wp\/v2\/product\/1808","targetHints":{"allow":["GET"]}}],"collection":[{"href":"https:\/\/www.youmushiguang.com\/fr\/wp-json\/wp\/v2\/product"}],"about":[{"href":"https:\/\/www.youmushiguang.com\/fr\/wp-json\/wp\/v2\/types\/product"}],"replies":[{"embeddable":true,"href":"https:\/\/www.youmushiguang.com\/fr\/wp-json\/wp\/v2\/comments?post=1808"}],"wp:featuredmedia":[{"embeddable":true,"href":"https:\/\/www.youmushiguang.com\/fr\/wp-json\/wp\/v2\/media\/1813"}],"wp:attachment":[{"href":"https:\/\/www.youmushiguang.com\/fr\/wp-json\/wp\/v2\/media?parent=1808"}],"wp:term":[{"taxonomy":"product_brand","embeddable":true,"href":"https:\/\/www.youmushiguang.com\/fr\/wp-json\/wp\/v2\/product_brand?post=1808"},{"taxonomy":"product_cat","embeddable":true,"href":"https:\/\/www.youmushiguang.com\/fr\/wp-json\/wp\/v2\/product_cat?post=1808"},{"taxonomy":"product_tag","embeddable":true,"href":"https:\/\/www.youmushiguang.com\/fr\/wp-json\/wp\/v2\/product_tag?post=1808"}],"curies":[{"name":"wp","href":"https:\/\/api.w.org\/{rel}","templated":true}]}}